{"id":15516,"date":"2023-12-28T18:05:36","date_gmt":"2023-12-28T21:05:36","guid":{"rendered":"https:\/\/com-automotive.com\/estator-24v-100a-f00m130113-para-alternador-scania-0124655026-0124655007\/"},"modified":"2023-12-28T18:05:36","modified_gmt":"2023-12-28T21:05:36","slug":"estator-24v-100a-f00m130113-para-alternador-scania-0124655026-0124655007","status":"publish","type":"product","link":"https:\/\/com-automotive.com\/es\/estator-24v-100a-f00m130113-para-alternador-scania-0124655026-0124655007\/","title":{"rendered":"Estator 24V 100A F00M130113 para alternador Scania 0124655026 0124655007<span class=\"product-sku\" style=\"display: block; font-size: 0.85em; color: #777; margin-top: 5px; margin-bottom: 5px;\">SKU: 8200.0113-COM<\/span>"},"content":{"rendered":"<h1><strong>COM-AUTOMOTIVE, calidad de dise\u00f1o original.<\/strong><\/h1>\n<p>&gt; Scania 1763035 1763036 114 124 2006 GPR Alternador 0124655026 0124655007 MAN 51261060006 DAF 1600347<\/p>\n<h2>Preguntas m\u00e1s frecuentes<\/h2>\n<h3><strong>\u00bfCu\u00e1les son las referencias cruzadas?<\/strong><\/h3>\n<p>1763036, 1763035, 51261060006, 1600347, 1763035, 1763036, ZM 9010607<\/p>\n<h2><strong>Tabla de aplicaci\u00f3n<\/strong><\/h2>\n<p>Estator 24V 100Amp Alternador Scania 0124655026 0124655007<\/p>\n<div><\/div>\n<div>ATENCI\u00d3N:<\/div>\n<div>Recomendamos que la instalaci\u00f3n la realice un profesional formado y especializado.<\/div>\n<div>S\u00f3lo compra este producto si est\u00e1s seguro de que es compatible con tu veh\u00edculo. Si tienes alguna duda, no dudes en ponerte en contacto con nosotros. Nuestro horario de apertura es de lunes a viernes de 8 a 18 h.<\/div>\n<div><\/div>\n<div>Sobre nosotros<\/div>\n<div>COM Automotive est\u00e1 especializada en piezas de autom\u00f3vil de dise\u00f1o original para el sector de la reparaci\u00f3n posventa, clientes industriales y fabricantes de veh\u00edculos especiales OEM.<\/div>\n<div>Nuestro equipo tiene m\u00e1s de 28 a\u00f1os de experiencia en la fabricaci\u00f3n y el suministro de piezas de automoci\u00f3n a escala mundial.<\/div>\n<div>Nuestra MISI\u00d3N es ofrecer productos de dise\u00f1o original con una calidad impecable y una sustituci\u00f3n personalizada.<\/div>\n<div>\n<p>Nuestra VISI\u00d3N es promover el crecimiento y un valor inigualable para nuestros clientes.&lt;\/div<\/p>\n<\/div>\n","protected":false},"excerpt":{"rendered":"<p>F00M130113-COM. En stock. Ref: F00M130113, F00M130113, 1763036, 1763035, 51261060006, 1600347, ZM 9010607 &#8211; compatible con: MAN. Marca: COM Automotive &#8211; Producto con calidad y dise\u00f1o originales. Compatible con Bosch<\/p>\n","protected":false},"featured_media":19348,"comment_status":"open","ping_status":"closed","template":"","meta":[],"product_brand":[],"product_cat":[8109],"product_tag":[11537,10436,11529,11535,11531,11530,11539],"class_list":{"0":"post-15516","1":"product","2":"type-product","3":"status-publish","4":"has-post-thumbnail","6":"product_cat-alternador-es-2","7":"product_tag-1600347-es","8":"product_tag-1763035-es","9":"product_tag-1763036-es","10":"product_tag-51261060006-es","11":"product_tag-f00m130113-es","12":"product_tag-f00m130113-com-es","13":"product_tag-zm-9010607-es","15":"first","16":"instock","17":"taxable","18":"shipping-taxable","19":"purchasable","20":"product-type-simple"},"_links":{"self":[{"href":"https:\/\/com-automotive.com\/es\/wp-json\/wp\/v2\/product\/15516","targetHints":{"allow":["GET"]}}],"collection":[{"href":"https:\/\/com-automotive.com\/es\/wp-json\/wp\/v2\/product"}],"about":[{"href":"https:\/\/com-automotive.com\/es\/wp-json\/wp\/v2\/types\/product"}],"replies":[{"embeddable":true,"href":"https:\/\/com-automotive.com\/es\/wp-json\/wp\/v2\/comments?post=15516"}],"wp:featuredmedia":[{"embeddable":true,"href":"https:\/\/com-automotive.com\/es\/wp-json\/wp\/v2\/media\/19348"}],"wp:attachment":[{"href":"https:\/\/com-automotive.com\/es\/wp-json\/wp\/v2\/media?parent=15516"}],"wp:term":[{"taxonomy":"product_brand","embeddable":true,"href":"https:\/\/com-automotive.com\/es\/wp-json\/wp\/v2\/product_brand?post=15516"},{"taxonomy":"product_cat","embeddable":true,"href":"https:\/\/com-automotive.com\/es\/wp-json\/wp\/v2\/product_cat?post=15516"},{"taxonomy":"product_tag","embeddable":true,"href":"https:\/\/com-automotive.com\/es\/wp-json\/wp\/v2\/product_tag?post=15516"}],"curies":[{"name":"wp","href":"https:\/\/api.w.org\/{rel}","templated":true}]}}