{"id":15497,"date":"2023-12-28T17:56:06","date_gmt":"2023-12-28T20:56:06","guid":{"rendered":"https:\/\/com-automotive.com\/alternador-12v-50amp-0124110010-john-deere-volvo-mini-skidder\/"},"modified":"2023-12-28T17:56:06","modified_gmt":"2023-12-28T20:56:06","slug":"alternador-12v-50amp-0124110010-john-deere-volvo-mini-skidder","status":"publish","type":"product","link":"https:\/\/com-automotive.com\/es\/alternador-12v-50amp-0124110010-john-deere-volvo-mini-skidder\/","title":{"rendered":"Alternador 12V 50Amp 0124110010 JOHN DEERE VOLVO MINI SKIDDER<span class=\"product-sku\" style=\"display: block; font-size: 0.85em; color: #777; margin-top: 5px; margin-bottom: 5px;\">SKU: 0124110010-COM<\/span>"},"content":{"rendered":"<h1><strong>COM-AUTOMOTIVE, calidad de dise\u00f1o original.<\/strong><\/h1>\n<p>MINIEXCAVADORA JOHN DEERE 4020 4475 VOLVO EC55 YANMAR 3TN84\/MD 50008<\/p>\n<h2>Preguntas m\u00e1s frecuentes<\/h2>\n<h3><strong>\u00bfCu\u00e1les son las referencias cruzadas?<\/strong><\/h3>\n<p>0124110010, 0124110008, RE234714, 11983677200, 11983677201, 11983677202, 11983677203, 12993077210, 11983677200, 11983677201, 11983677202, 11983677203, 12993077210<\/p>\n<h2><strong>Tabla de aplicaci\u00f3n<\/strong><\/h2>\n<p>Alternador 12V 50Amp 0124110010 JOHN DEERE VOLVO MINI SKIDDER<\/p>\n<div><\/div>\n<div>ATENCI\u00d3N:<\/div>\n<div>Recomendamos que la instalaci\u00f3n de 0001192105 la realice un profesional formado y especializado.<\/div>\n<div>S\u00f3lo adquiera este producto en 0001192105 si est\u00e1 seguro de que es compatible con su veh\u00edculo. Si tiene alguna duda, no dude en ponerse en contacto con nosotros. Nuestro horario de apertura es de lunes a viernes de 8 a 18 h.<\/div>\n<div><\/div>\n<div>Sobre nosotros<\/div>\n<div>COM Automotive est\u00e1 especializada en piezas de autom\u00f3vil de dise\u00f1o original para el sector de la reparaci\u00f3n posventa, clientes industriales y fabricantes de veh\u00edculos especiales OEM.<\/div>\n<div>Nuestro equipo tiene m\u00e1s de 28 a\u00f1os de experiencia en la fabricaci\u00f3n y el suministro de piezas de automoci\u00f3n a escala mundial.<\/div>\n<div>Nuestra MISI\u00d3N es ofrecer productos de dise\u00f1o original con una calidad impecable y una sustituci\u00f3n personalizada.<\/div>\n<div>Nuestra VISI\u00d3N es promover el crecimiento y un valor inigualable para nuestros clientes.<\/div>\n","protected":false},"excerpt":{"rendered":"<p>0124110010-COM. En stock. Producto de calidad de dise\u00f1o original, Marca: COM Automotive, ref. cruzada: 0124110010-COM, 0124110010, 0124110008, RE234714, 11983677200, 11983677201, 11983677202, 11983677203, 12993077210, 11983677200, 11983677201, 11983677202, 11983677203, 12993077210, &#8211; Ref. dise\u00f1o: BOSCH &#8211; OEM: John Deere<\/p>\n","protected":false},"featured_media":13414,"comment_status":"closed","ping_status":"closed","template":"","meta":[],"product_brand":[],"product_cat":[8109,8542],"product_tag":[11452,11451,11450,11455,11456,11458,11459,11460,11454],"class_list":{"0":"post-15497","1":"product","2":"type-product","3":"status-publish","4":"has-post-thumbnail","6":"product_cat-alternador-es-2","7":"product_cat-sempreco-es","8":"product_tag-0124110008-es","9":"product_tag-0124110010-es","10":"product_tag-0124110010-com-es","11":"product_tag-11983677200-es","12":"product_tag-11983677201-es","13":"product_tag-11983677202-es","14":"product_tag-11983677203-es","15":"product_tag-12993077210-es","16":"product_tag-re234714-es","18":"first","19":"instock","20":"taxable","21":"shipping-taxable","22":"purchasable","23":"product-type-simple"},"_links":{"self":[{"href":"https:\/\/com-automotive.com\/es\/wp-json\/wp\/v2\/product\/15497","targetHints":{"allow":["GET"]}}],"collection":[{"href":"https:\/\/com-automotive.com\/es\/wp-json\/wp\/v2\/product"}],"about":[{"href":"https:\/\/com-automotive.com\/es\/wp-json\/wp\/v2\/types\/product"}],"replies":[{"embeddable":true,"href":"https:\/\/com-automotive.com\/es\/wp-json\/wp\/v2\/comments?post=15497"}],"wp:featuredmedia":[{"embeddable":true,"href":"https:\/\/com-automotive.com\/es\/wp-json\/wp\/v2\/media\/13414"}],"wp:attachment":[{"href":"https:\/\/com-automotive.com\/es\/wp-json\/wp\/v2\/media?parent=15497"}],"wp:term":[{"taxonomy":"product_brand","embeddable":true,"href":"https:\/\/com-automotive.com\/es\/wp-json\/wp\/v2\/product_brand?post=15497"},{"taxonomy":"product_cat","embeddable":true,"href":"https:\/\/com-automotive.com\/es\/wp-json\/wp\/v2\/product_cat?post=15497"},{"taxonomy":"product_tag","embeddable":true,"href":"https:\/\/com-automotive.com\/es\/wp-json\/wp\/v2\/product_tag?post=15497"}],"curies":[{"name":"wp","href":"https:\/\/api.w.org\/{rel}","templated":true}]}}