{"id":15490,"date":"2023-12-28T17:32:53","date_gmt":"2023-12-28T20:32:53","guid":{"rendered":"https:\/\/com-automotive.com\/alternador-12v-140a-tg14c068-w-oap-para-vw-amarok-tdi-2010\/"},"modified":"2024-08-20T14:10:03","modified_gmt":"2024-08-20T17:10:03","slug":"alternador-12v-140a-tg14c068-w-oap-para-vw-amarok-tdi-2010","status":"publish","type":"product","link":"https:\/\/com-automotive.com\/es\/alternador-12v-140a-tg14c068-w-oap-para-vw-amarok-tdi-2010\/","title":{"rendered":"Alternador 12V 140A TG14C068 W\/ OAP para VW Amarok TDI 2010&gt;<span class=\"product-sku\" style=\"display: block; font-size: 0.85em; color: #777; margin-top: 5px; margin-bottom: 5px;\">SKU: 8000.C068-COM<\/span>"},"content":{"rendered":"<h1><strong>COM-AUTOMOTIVE, calidad de dise\u00f1o original.<\/strong><\/h1>\n<p>&nbsp;<\/p>\n<h2>Preguntas m\u00e1s frecuentes<\/h2>\n<h3><strong>\u00bfCu\u00e1les son las referencias cruzadas?<\/strong><\/h3>\n<p>TG14C068, 03L 903 024 S, 03L903024S, 03L 903 024S, 2620766A, 439862, 440602, 03L903023P, 03L903023PX, 03L903024B, 03L903024S, 03L903023A, 03L903023C, &#8216;0124.525.091, 0124.525.525, TG14C023, TG14C034, TG14C050, TG14C069, TG14C068, TG14C068, TG14C011, TG14C012, TG15C165<\/p>\n<h2><strong>Tabla de aplicaci\u00f3n<\/strong><\/h2>\n<p>Alternador 12V 140A TG14C068 W\/ OAP VW AMAROK<\/p>\n<div><\/div>\n<div>ATENCI\u00d3N:<\/div>\n<div>Recomendamos que la instalaci\u00f3n la realice un profesional formado y especializado.<\/div>\n<div>S\u00f3lo compra este producto si est\u00e1s seguro de que es compatible con tu veh\u00edculo. Si tienes alguna duda, no dudes en ponerte en contacto con nosotros. Nuestro horario de apertura es de lunes a viernes de 8 a 18 h.<\/div>\n<div><\/div>\n<div>Sobre nosotros<\/div>\n<div>COM Automotive est\u00e1 especializada en piezas de autom\u00f3vil de dise\u00f1o original para el sector de la reparaci\u00f3n posventa, clientes industriales y fabricantes de veh\u00edculos especiales OEM.<\/div>\n<div>Nuestro equipo tiene m\u00e1s de 28 a\u00f1os de experiencia en la fabricaci\u00f3n y el suministro de piezas de automoci\u00f3n a escala mundial.<\/div>\n<div>Nuestra MISI\u00d3N es ofrecer productos de dise\u00f1o original con una calidad impecable y una sustituci\u00f3n personalizada.<\/div>\n<div>Nuestra VISI\u00d3N es promover el crecimiento y un valor inigualable para nuestros clientes.<\/div>\n","protected":false},"excerpt":{"rendered":"<p>TG14C068-COM. En stock. Ref: TG14C068, 03L 903 024 S, 03L903024S, 03L 903 024S, 2620766A, 439862, 440602, 03L903023P, 03L903023PX, 03L903024B, 03L903023A, 03L903023C, TG14C023, TG14C034, TG14C050, TG14C069, TG14C068, TG14C068, TG14C011, TG14C012, TG15C165, TG14C027, 50003VLP &#8211; compatible con: Volkswagen. Marca: COM Automotive &#8211; Producto con calidad y dise\u00f1o originales. Compatible con Valeo<\/p>\n","protected":false},"featured_media":21665,"comment_status":"open","ping_status":"closed","template":"","meta":[],"product_brand":[],"product_cat":[8109],"product_tag":[11418,11421,11433,11435,11428,11430,11432,11420,11422,11424,11426,11442,11443,11438,11439,11440,11416,11441,11444],"class_list":{"0":"post-15490","1":"product","2":"type-product","3":"status-publish","4":"has-post-thumbnail","6":"product_cat-alternador-es-2","7":"product_tag-03l-903-024-s-es","8":"product_tag-03l-903-024s-es","9":"product_tag-03l903023a-es","10":"product_tag-03l903023c-es","11":"product_tag-03l903023p-es","12":"product_tag-03l903023px-es","13":"product_tag-03l903024b-es","14":"product_tag-03l903024s-es","15":"product_tag-2620766a-es","16":"product_tag-439862-es","17":"product_tag-440602-es","18":"product_tag-tg14c011-es","19":"product_tag-tg14c012-es","20":"product_tag-tg14c023-es","21":"product_tag-tg14c034-es","22":"product_tag-tg14c050-es","23":"product_tag-tg14c068-es","24":"product_tag-tg14c069-es","25":"product_tag-tg15c165-es","27":"first","28":"instock","29":"taxable","30":"shipping-taxable","31":"purchasable","32":"product-type-simple"},"_links":{"self":[{"href":"https:\/\/com-automotive.com\/es\/wp-json\/wp\/v2\/product\/15490","targetHints":{"allow":["GET"]}}],"collection":[{"href":"https:\/\/com-automotive.com\/es\/wp-json\/wp\/v2\/product"}],"about":[{"href":"https:\/\/com-automotive.com\/es\/wp-json\/wp\/v2\/types\/product"}],"replies":[{"embeddable":true,"href":"https:\/\/com-automotive.com\/es\/wp-json\/wp\/v2\/comments?post=15490"}],"wp:featuredmedia":[{"embeddable":true,"href":"https:\/\/com-automotive.com\/es\/wp-json\/wp\/v2\/media\/21665"}],"wp:attachment":[{"href":"https:\/\/com-automotive.com\/es\/wp-json\/wp\/v2\/media?parent=15490"}],"wp:term":[{"taxonomy":"product_brand","embeddable":true,"href":"https:\/\/com-automotive.com\/es\/wp-json\/wp\/v2\/product_brand?post=15490"},{"taxonomy":"product_cat","embeddable":true,"href":"https:\/\/com-automotive.com\/es\/wp-json\/wp\/v2\/product_cat?post=15490"},{"taxonomy":"product_tag","embeddable":true,"href":"https:\/\/com-automotive.com\/es\/wp-json\/wp\/v2\/product_tag?post=15490"}],"curies":[{"name":"wp","href":"https:\/\/api.w.org\/{rel}","templated":true}]}}