{"id":15483,"date":"2023-12-28T17:32:51","date_gmt":"2023-12-28T20:32:51","guid":{"rendered":"https:\/\/com-automotive.com\/alternador-12v-110a-35215150-para-ford-ranger-2-3-duratech-20112009\/"},"modified":"2024-10-08T10:48:59","modified_gmt":"2024-10-08T13:48:59","slug":"alternador-12v-110a-35215150-para-ford-ranger-2-3-duratech-20112009","status":"publish","type":"product","link":"https:\/\/com-automotive.com\/es\/alternador-12v-110a-35215150-para-ford-ranger-2-3-duratech-20112009\/","title":{"rendered":"Alternador 12V 110A compatible 35215150 F000BL04D0 para Ford Ranger 2.3 Duratech a\u00f1o01&gt;09<span class=\"product-sku\" style=\"display: block; font-size: 0.85em; color: #777; margin-top: 5px; margin-bottom: 5px;\">SKU: 8000.5150-COM<\/span>"},"content":{"rendered":"<h1><strong>COM-AUTOMOTIVE, producto con Calidad y Dise\u00f1o Original.<\/strong><\/h1>\n<p>Alternador 12V 110A compatible con 35215150 F000BL04D0 para Ford Ranger 2.3 Duratech 2001&gt;2009<\/p>\n<h2>Preguntas m\u00e1s frecuentes<\/h2>\n<h3><strong>\u00bfCu\u00e1les son las referencias cruzadas de este producto de la marca COM Automotive?<\/strong><\/h3>\n<p>35215150, 5L410300AA, AVI12814, AL060116, 3L5410300AA, 5L4-10300-AA, 3L54-10300-AA, 0986UN0512, 0986CN0512, 0986UN0096, F000BL04D0, 0124325120, F000BL0419, EURO 70126, 8265N, 1L5U10300AB, 1L5U10300AC, 1L5U10300AD, 1L5U100109, 303 00AE, 1L5Z10346AA, 1L5Z10346AARM, 1L5Z10V346AARM, 1L5Z10V346ABRM, 6L5T10300AA, 6L5Z10346AA, 6L5Z10346AARM, 6L5Z10346ABRM, 1L5UAB, 1L5UAC, 1L5UAD, 1L5UAE, 1F7018300, 1F7018300A, 1F7018300R00<\/p>\n<h2><strong>Tabla de aplicaci\u00f3n<\/strong><\/h2>\n<p>Alternador 12V 110A 35215150 Ford Ranger 2.3 Duratech Prestolite<\/p>\n<div><strong>ATENCI\u00d3N:<\/strong><\/div>\n<div>Recomendamos que el producto sea instalado por un profesional formado y especializado.<\/div>\n<div>S\u00f3lo compra este producto si est\u00e1s seguro de que es compatible con tu veh\u00edculo. Si tienes alguna duda, no dudes en ponerte en contacto con nosotros. Nuestro horario de apertura es de lunes a viernes de 8 a 18 h.<\/div>\n<div><\/div>\n<div><strong>SOBRE NOSOTROS:<\/strong><\/div>\n<div>COM Automotive est\u00e1 especializada en piezas de autom\u00f3vil de dise\u00f1o original para el sector de la reparaci\u00f3n posventa, clientes industriales y fabricantes de veh\u00edculos especiales OEM.<\/div>\n<div>Nuestro equipo tiene m\u00e1s de 28 a\u00f1os de experiencia en la fabricaci\u00f3n y el suministro de piezas de automoci\u00f3n a escala mundial.<\/div>\n<div>Nuestra <strong>MISI\u00d3N <\/strong> es ofrecer productos de dise\u00f1o original con una calidad impecable y una sustituci\u00f3n personalizada.<\/div>\n<div>Nuestra <strong>VISI\u00d3N<\/strong> es promover el crecimiento y un valor inigualable para nuestros clientes.<\/div>\n<div><\/div>\n<div><strong>DISE\u00d1O ORIGINAL<\/strong><\/div>\n<div>El t\u00e9rmino \u00abDise\u00f1o Original\u00bb se refiere a la percepci\u00f3n \u00fanica e innovadora y a la propuesta de valor de los productos de COM Automotive, as\u00ed como a la experiencia ofrecida durante su compra. Esto abarca no solo el empaque y la est\u00e9tica del producto, sino tambi\u00e9n la autenticidad y creatividad de la marca. COM Automotive busca ofrecer productos de alta calidad que satisfagan las necesidades de la industria del mercado de repuestos, aline\u00e1ndose con su Visi\u00f3n, Misi\u00f3n y Valores.  <\/div>\n<div><\/div>\n<div><strong>NOTAR:<\/strong><\/div>\n<div>C\u00f3digo de Protecci\u00f3n al Consumidor (CDC): La Ley N\u00b0 8.078, de 11 de septiembre de 1990, establece que la informaci\u00f3n proporcionada al consumidor debe ser clara y precisa. El art\u00edculo 31 del CDC exige que la publicidad y el etiquetado de los productos y servicios sean veraces y no induzcan a error al consumidor. Esto incluye garantizar que la informaci\u00f3n sobre la compatibilidad, la marca y las caracter\u00edsticas se describa correctamente para evitar malentendidos. El uso del t\u00e9rmino \u00abcompatible\u00bb tambi\u00e9n est\u00e1 regulado por los grandes mercados en el mercado para la catalogaci\u00f3n adecuada de productos y aplicaciones automotrices.   <\/div>\n","protected":false},"excerpt":{"rendered":"<p>8000. 5150-COM. Compatible con: 35215150, 5L410300AA, AVI12814, AL060116, 3L5410300AA, 5L4-10300-AA, 3L54-10300-AA, 0986UN0512, 0986CN0512, 0986UN0096, F000BL04D0, 0124325120, F000BL0419, EURO 70126, 8265N, 1L5U10300AB, 1L5U10300AC, 1L5U10300AD, 110300AD, 132 L5U10300AD 5U10300AE, 1L5Z10346AA, 1L5Z10346AARM, 1L5Z10V346AARM, 1L5Z10V346ABRM, 6L5T10300AA, 6L5Z10346AA, 6L5Z10346AARM, 6L5Z10346ABRM, 1L5UAB, 1L5UAC, 1L5UAD, 1L5UAE, 1F7018300A, 1F7018300R00.  Marca: COM Automotive &#8211; Producto con calidad y dise\u00f1o originales.<\/p>\n","protected":false},"featured_media":20217,"comment_status":"open","ping_status":"closed","template":"","meta":[],"product_brand":[],"product_cat":[8109],"product_tag":[33035,20819,20821,20817,33024,20860,33025,20856,20825,20827,20829,20831,20850,20852,20854,20833,20835,20838,20840,11370,11368,33033,33031,33032,11372,20842,20844,20846,20848,33028,33030,33029,20824,11376,11374,33026,33027,33037,33036,33034],"class_list":{"0":"post-15483","1":"product","2":"type-product","3":"status-publish","4":"has-post-thumbnail","6":"product_cat-alternador-es-2","7":"product_tag-0124325120-es","8":"product_tag-0986cn0512-es","9":"product_tag-0986un0096-es","10":"product_tag-0986un0512-es","11":"product_tag-1f7018300-es","12":"product_tag-1f7018300a-es","13":"product_tag-1f7018300r00-es","14":"product_tag-1l5emiratos-arabes-unidos","15":"product_tag-1l5u10300ab-es","16":"product_tag-1l5u10300ac-es","17":"product_tag-1l5u10300ad-es","18":"product_tag-1l5u10300ae-es","19":"product_tag-1l5uab-es","20":"product_tag-1l5uac-es","21":"product_tag-1l5uad-es","22":"product_tag-1l5z10346aa-es","23":"product_tag-1l5z10346aarm-es","24":"product_tag-1l5z10v346aarm-es","25":"product_tag-1l5z10v346abrm-es","26":"product_tag-35215150-es","27":"product_tag-35215150-com-es","28":"product_tag-3l54-10300-aa-es","29":"product_tag-3l5410300aa-es","30":"product_tag-5l4-10300-aa-es","31":"product_tag-5l410300aa-es","32":"product_tag-6l5t10300aa-es","33":"product_tag-6l5z10346aa-es","34":"product_tag-6l5z10346aarm-es","35":"product_tag-6l5z10346abrm-es","36":"product_tag-8000-5150-com-es","37":"product_tag-80005150-es","38":"product_tag-80005150-com-es","39":"product_tag-8265n-es","40":"product_tag-al060116-es","41":"product_tag-avi12814-es","42":"product_tag-dn-es","43":"product_tag-euro-70126-es","44":"product_tag-f000-bl0-4d0-es","45":"product_tag-f000bl0419-es","46":"product_tag-f000bl04d0-es","48":"first","49":"instock","50":"taxable","51":"shipping-taxable","52":"purchasable","53":"product-type-simple"},"_links":{"self":[{"href":"https:\/\/com-automotive.com\/es\/wp-json\/wp\/v2\/product\/15483","targetHints":{"allow":["GET"]}}],"collection":[{"href":"https:\/\/com-automotive.com\/es\/wp-json\/wp\/v2\/product"}],"about":[{"href":"https:\/\/com-automotive.com\/es\/wp-json\/wp\/v2\/types\/product"}],"replies":[{"embeddable":true,"href":"https:\/\/com-automotive.com\/es\/wp-json\/wp\/v2\/comments?post=15483"}],"wp:featuredmedia":[{"embeddable":true,"href":"https:\/\/com-automotive.com\/es\/wp-json\/wp\/v2\/media\/20217"}],"wp:attachment":[{"href":"https:\/\/com-automotive.com\/es\/wp-json\/wp\/v2\/media?parent=15483"}],"wp:term":[{"taxonomy":"product_brand","embeddable":true,"href":"https:\/\/com-automotive.com\/es\/wp-json\/wp\/v2\/product_brand?post=15483"},{"taxonomy":"product_cat","embeddable":true,"href":"https:\/\/com-automotive.com\/es\/wp-json\/wp\/v2\/product_cat?post=15483"},{"taxonomy":"product_tag","embeddable":true,"href":"https:\/\/com-automotive.com\/es\/wp-json\/wp\/v2\/product_tag?post=15483"}],"curies":[{"name":"wp","href":"https:\/\/api.w.org\/{rel}","templated":true}]}}