{"id":15462,"date":"2023-12-28T17:13:49","date_gmt":"2023-12-28T20:13:49","guid":{"rendered":"https:\/\/com-automotive.com\/alternador-12v-90a-0124325268-al166645-para-tractores-jdeere-line-6j-6e\/"},"modified":"2023-12-28T17:13:49","modified_gmt":"2023-12-28T20:13:49","slug":"alternador-12v-90a-0124325268-al166645-para-tractores-jdeere-line-6j-6e","status":"publish","type":"product","link":"https:\/\/com-automotive.com\/es\/alternador-12v-90a-0124325268-al166645-para-tractores-jdeere-line-6j-6e\/","title":{"rendered":"Alternador 12V 90A 0124325268 AL166645 para tractores JDeere Line 6J 6E<span class=\"product-sku\" style=\"display: block; font-size: 0.85em; color: #777; margin-top: 5px; margin-bottom: 5px;\">SKU: 8000.0268-COM<\/span>"},"content":{"rendered":"<h1><strong>COM-AUTOMOTIVE, calidad de dise\u00f1o original.<\/strong><\/h1>\n<p>Tractores John Deere L\u00ednea 6110J 6145J 6125J 6150J<\/p>\n<h2>Preguntas m\u00e1s frecuentes<\/h2>\n<h3><strong>\u00bfCu\u00e1les son las referencias cruzadas?<\/strong><\/h3>\n<p>AL166645, SE501829, RE537507, AL219434, AL114093, AL166646, DQ59039, F000BL04H7, F000BL04H8, 0124325249, 0124325207, 0124325265, 0124325225, 0124325166<br \/>\n&gt; Dise\u00f1o original Alemania &#8211; Sustituye a los alternadores de la versi\u00f3n latinoamericana: F000BL04H7, F000BL04H8<\/p>\n<h2><strong>Tabla de aplicaci\u00f3n<\/strong><\/h2>\n<p>Compatible con John Deere<\/p>\n<div>\n<table style=\"height: 480px;\" width=\"1013\">\n<tbody>\n<tr>\n<td width=\"70\">Modelo<\/td>\n<td width=\"129\">Modelo<\/td>\n<td width=\"124\">Modelo<\/td>\n<td width=\"124\">Modelo<\/td>\n<td width=\"66\">Modelo<\/td>\n<\/tr>\n<tr>\n<td>1165<\/td>\n<td>6130 J<\/td>\n<td>7210 J<\/td>\n<td>9460 R<\/td>\n<td>S 550<\/td>\n<\/tr>\n<tr>\n<td>1175<\/td>\n<td>6130J 4X4 DV 130CV<\/td>\n<td>7225 J<\/td>\n<td>9470<\/td>\n<td>S 660<\/td>\n<\/tr>\n<tr>\n<td>1185<\/td>\n<td>6135 J<\/td>\n<td>7500 4X4<\/td>\n<td>9510 4X4 DV 510CV<\/td>\n<td>S 670<\/td>\n<\/tr>\n<tr>\n<td>1450<\/td>\n<td>6145 J<\/td>\n<td>7505 4X4<\/td>\n<td>CP690<\/td>\n<td>S 680<\/td>\n<\/tr>\n<tr>\n<td>1470<\/td>\n<td>6150 J<\/td>\n<td>7515 4X4<\/td>\n<td>JD 1650 CTS<\/td>\n<td>S540<\/td>\n<\/tr>\n<tr>\n<td>5085 E<\/td>\n<td>6165 J<\/td>\n<td>7715 4\u00d74<\/td>\n<td>JD 8100<\/td>\n<td>S550<\/td>\n<\/tr>\n<tr>\n<td>5090 E<\/td>\n<td>6170 J<\/td>\n<td>7810 4X4<\/td>\n<td>JD 8230\/4<\/td>\n<td>S660<\/td>\n<\/tr>\n<tr>\n<td>5403 F<\/td>\n<td>6180 J<\/td>\n<td>7815 4X4<\/td>\n<td>JD 8245\/4<\/td>\n<td>S670<\/td>\n<\/tr>\n<tr>\n<td>5403 F 4X4<\/td>\n<td>6205 J<\/td>\n<td>8260 4X4 DV 260CV<\/td>\n<td>JD 8300<\/td>\n<td><\/td>\n<\/tr>\n<tr>\n<td>6100 E<\/td>\n<td>6415 4X4<\/td>\n<td>8270 R<\/td>\n<td>JD 8320\/4<\/td>\n<td><\/td>\n<\/tr>\n<tr>\n<td>6100 J<\/td>\n<td>6600 4X4<\/td>\n<td>8295 R<\/td>\n<td>JD 8420\/4<\/td>\n<td><\/td>\n<\/tr>\n<tr>\n<td>6110 E<\/td>\n<td>6605 4X4<\/td>\n<td>8320 R<\/td>\n<td>JD 8430\/4<\/td>\n<td><\/td>\n<\/tr>\n<tr>\n<td>6115 J<\/td>\n<td>6615 4\u00d74<\/td>\n<td>8335 4X4 DV 335CV<\/td>\n<td>JD 8500<\/td>\n<td><\/td>\n<\/tr>\n<tr>\n<td>6125 E<\/td>\n<td>71854\u00d74<\/td>\n<td>8345 R<\/td>\n<td>JD 9430<\/td>\n<td><\/td>\n<\/tr>\n<tr>\n<td>6125 J<\/td>\n<td>7195 J<\/td>\n<td>8370 R<\/td>\n<td>JD 9660 CTS<\/td>\n<td><\/td>\n<\/tr>\n<tr>\n<td>6125J 4X4<\/td>\n<td>7205 4X4<\/td>\n<td>9460 4X4 DV 460CV<\/td>\n<td>S540<\/td>\n<td><\/td>\n<\/tr>\n<\/tbody>\n<\/table>\n<p>&nbsp;<\/p>\n<\/div>\n<div>ATENCI\u00d3N:<\/div>\n<div>Recomendamos que la instalaci\u00f3n de 0124325268 la realice un profesional formado y especializado.<\/div>\n<div>S\u00f3lo adquiera este producto en 0124325268 si est\u00e1 seguro de que es compatible con su veh\u00edculo. Si tiene alguna duda, no dude en ponerse en contacto con nosotros. Nuestro horario de apertura es de lunes a viernes de 8 a 18 h.<\/div>\n<div><\/div>\n<div>Sobre nosotros<\/div>\n<div>COM Automotive est\u00e1 especializada en piezas de autom\u00f3vil de dise\u00f1o original para el sector de la reparaci\u00f3n posventa, clientes industriales y fabricantes de veh\u00edculos especiales OEM.<\/div>\n<div>Nuestro equipo tiene m\u00e1s de 28 a\u00f1os de experiencia en la fabricaci\u00f3n y el suministro de piezas de automoci\u00f3n a escala mundial.<\/div>\n<div>Nuestra MISI\u00d3N es ofrecer productos de dise\u00f1o original con una calidad impecable y una sustituci\u00f3n personalizada.<\/div>\n<div>Nuestra VISI\u00d3N es promover el crecimiento y un valor inigualable para nuestros clientes.<\/div>\n","protected":false},"excerpt":{"rendered":"<p>0124325268-COM. En stock. Ref: AL166645, SE501829, RE537507, AL219434, AL114093, AL166646, DQ59039, F000BL04H7, F000BL04H8, 0124325249, 0124325207, 0124325265, 0124325225, 0124325166 &#8211; compatible con: John Deere. Marca: COM Automotive &#8211; Producto con calidad y dise\u00f1o originales. Compatible con Bosch<\/p>\n","protected":false},"featured_media":21397,"comment_status":"open","ping_status":"closed","template":"","meta":[],"product_brand":[],"product_cat":[8109],"product_tag":[11122,10369,10376,10365,10373,10356,10350,10360,10349,10344,10346,10348,10354,10352],"class_list":{"0":"post-15462","1":"product","2":"type-product","3":"status-publish","4":"has-post-thumbnail","6":"product_cat-alternador-es-2","7":"product_tag-0124325166-es","8":"product_tag-0124325207-es","9":"product_tag-0124325225-es","10":"product_tag-0124325249-es","11":"product_tag-0124325265-es","12":"product_tag-al114093-es","13":"product_tag-al166645-es","14":"product_tag-al166646-es","15":"product_tag-al219434-es","16":"product_tag-dq59039-es","17":"product_tag-f000bl04h7-es","18":"product_tag-f000bl04h8-es","19":"product_tag-re537507-es","20":"product_tag-se501829-es","22":"first","23":"instock","24":"taxable","25":"shipping-taxable","26":"purchasable","27":"product-type-simple"},"_links":{"self":[{"href":"https:\/\/com-automotive.com\/es\/wp-json\/wp\/v2\/product\/15462","targetHints":{"allow":["GET"]}}],"collection":[{"href":"https:\/\/com-automotive.com\/es\/wp-json\/wp\/v2\/product"}],"about":[{"href":"https:\/\/com-automotive.com\/es\/wp-json\/wp\/v2\/types\/product"}],"replies":[{"embeddable":true,"href":"https:\/\/com-automotive.com\/es\/wp-json\/wp\/v2\/comments?post=15462"}],"wp:featuredmedia":[{"embeddable":true,"href":"https:\/\/com-automotive.com\/es\/wp-json\/wp\/v2\/media\/21397"}],"wp:attachment":[{"href":"https:\/\/com-automotive.com\/es\/wp-json\/wp\/v2\/media?parent=15462"}],"wp:term":[{"taxonomy":"product_brand","embeddable":true,"href":"https:\/\/com-automotive.com\/es\/wp-json\/wp\/v2\/product_brand?post=15462"},{"taxonomy":"product_cat","embeddable":true,"href":"https:\/\/com-automotive.com\/es\/wp-json\/wp\/v2\/product_cat?post=15462"},{"taxonomy":"product_tag","embeddable":true,"href":"https:\/\/com-automotive.com\/es\/wp-json\/wp\/v2\/product_tag?post=15462"}],"curies":[{"name":"wp","href":"https:\/\/api.w.org\/{rel}","templated":true}]}}