{"id":15447,"date":"2023-11-15T20:29:20","date_gmt":"2023-11-15T23:29:20","guid":{"rendered":"https:\/\/com-automotive.com\/alternador-12v-90a-0124325015-0124325025-para-polo-1-0-1-6l16v-s-ar-ano09\/"},"modified":"2023-11-15T20:29:20","modified_gmt":"2023-11-15T23:29:20","slug":"alternador-12v-90a-0124325015-0124325025-para-polo-1-0-1-6l16v-s-ar-ano09","status":"publish","type":"product","link":"https:\/\/com-automotive.com\/es\/alternador-12v-90a-0124325015-0124325025-para-polo-1-0-1-6l16v-s-ar-ano09\/","title":{"rendered":"Alternador 12V 90A 0124325015 0124325025 para Polo 1.0 1.6L16v S\/Ar a\u00f1o09&gt;<span class=\"product-sku\" style=\"display: block; font-size: 0.85em; color: #777; margin-top: 5px; margin-bottom: 5px;\">SKU: 8000.5015-COM<\/span>"},"content":{"rendered":"<h1><strong>COM-AUTOMOTIVE, calidad de dise\u00f1o original.<\/strong><\/h1>\n<p>Alternador 0124325015 12V 90Amp con polea sin aire acondicionado &#8211; Design Ref: BOSCH SEG &#8211; OEM: VOLKSWAGEN<\/p>\n<h2>Preguntas m\u00e1s frecuentes<\/h2>\n<h3><strong>\u00bfCu\u00e1les son las referencias cruzadas?<\/strong><\/h3>\n<p>0124325015-COM, 0124325025, 0124325015, 037903025H, 037903025H, 038903018C, 038903018CX, 059903015H, 036903024L, 036903024LX, 036903024L, 036903024LX, 036903024L, 036903024L, 036903024LX<\/p>\n<h2><strong>Tabla de aplicaci\u00f3n<\/strong><\/h2>\n<table width=\"1055\">\n<tbody>\n<tr>\n<td width=\"1055\">VOLKSWAGEN FOX NUEVO TOTAL FLEX G-2, EA111 VHT CCRA 1.6 L 8V SOHC L4 FLEX, 2009-2013. SIN AIRE ACONDICIONADO<\/td>\n<\/tr>\n<tr>\n<td>VOLKSWAGEN SAVEIRO CL CE G-5, EA111 VHT CCRA 1.6 L 8V SOHC L4 FLEX, 2009-2013. SIN AIRE ACONDICIONADO<\/td>\n<\/tr>\n<tr>\n<td>VOLKSWAGEN VOYAGE COMFORTLINE G-3, EA111 VHT CCRA 1.6 L 8V SOHC L4 FLEX, 2008-2014. SIN AIRE ACONDICIONADO<\/td>\n<\/tr>\n<tr>\n<td>VOLKSWAGEN SAVEIRO ROBUSTO CS G-7, EA111 VHT CCRA 1.6 L 8V SOHC L4 FLEX, 2016-2023. SIN AIRE ACONDICIONADO<\/td>\n<\/tr>\n<tr>\n<td>VOLKSWAGEN GOL TOTAL FLEX G-6, EA111 VHT CCRA 1.6 L 8V SOHC L4 FLEX, 2008-2013. SIN AIRE ACONDICIONADO<\/td>\n<\/tr>\n<tr>\n<td>VOLKSWAGEN GOL TOTAL FLEX G-5, EA111 VHT CCRA 1.6 L 8V SOHC L4 FLEX, 2008-2014. SIN AIRE ACONDICIONADO<\/td>\n<\/tr>\n<tr>\n<td>VOLKSWAGEN GOL POWER TOTAL FLEX G-6, EA111 VHT CCRA 1.6 L 8V SOHC L4 FLEX, 2008-2012. SIN AIRE ACONDICIONADO<\/td>\n<\/tr>\n<tr>\n<td>VOLKSWAGEN GOL CITY TOTAL FLEX G-5, EA111 VHT CCRA 1.6 L 8V SOHC L4 FLEX, 2008-2013. SIN AIRE ACONDICIONADO<\/td>\n<\/tr>\n<tr>\n<td>VOLKSWAGEN VOYAGE MSI G-4, EA111 VHT CCRA 1.6 L 8V SOHC L4 FLEX, 2019-2023. SIN AIRE ACONDICIONADO<\/td>\n<\/tr>\n<tr>\n<td>VOLKSWAGEN FOX NEW CROSSFOX G-2, EA111 VHT CCRA 1.6 L 8V SOHC L4 FLEX, 2009-2013. SIN AIRE ACONDICIONADO<\/td>\n<\/tr>\n<tr>\n<td>VOLKSWAGEN VOYAGE HIGHLINE G-4, EA111 VHT CCRA 1.6 L 8V SOHC L4 FLEX, 2012-2018. SIN AIRE ACONDICIONADO<\/td>\n<\/tr>\n<tr>\n<td>VOLKSWAGEN SAVEIRO SURF CS G-6, EA111 VHT CCRA 1.6 L 8V SOHC L4 FLEX, 2014-2016. SIN AIRE ACONDICIONADO<\/td>\n<\/tr>\n<tr>\n<td>VOLKSWAGEN SAVEIRO CROSS CE G-5, EA111 VHT CCRA 1.6 L 8V SOHC L4 FLEX, 2010-2013. SIN AIRE ACONDICIONADO<\/td>\n<\/tr>\n<tr>\n<td>VOLKSWAGEN FOX NEW PRIME G-2, EA111 VHT CCRA 1.6 L 8V SOHC L4 FLEX, 2009-2013. SIN AIRE ACONDICIONADO<\/td>\n<\/tr>\n<tr>\n<td>VOLKSWAGEN FOX CONNECT G-3, EA111 VHT CCRA 1.6 L 8V SOHC L4 FLEX, 2017-2023. SIN AIRE ACONDICIONADO<\/td>\n<\/tr>\n<tr>\n<td>VOLKSWAGEN POLO SEDAN TOTAL FLEX , EA111 BPA 1.6 L 8V SOHC L4 FLEX, 2004-2008. SIN AIRE ACONDICIONADO<\/td>\n<\/tr>\n<tr>\n<td>VOLKSWAGEN POLO SEDAN TOTAL FLEX , EA111 VHT CCRA 1.6 L 8V SOHC L4 FLEX, 2009-2014. SIN AIRE ACONDICIONADO<\/td>\n<\/tr>\n<tr>\n<td>VOLKSWAGEN FOX CROSSFOX TOTAL FLEX G-1, EA111 BPA 1.6 L 8V SOHC L4 FLEX, 2005-2007. SIN AIRE ACONDICIONADO<\/td>\n<\/tr>\n<tr>\n<td>VOLKSWAGEN VOYAGE PRUEBAS G-3, EA111 VHT CCRA 1.6 L 8V SOHC L4 FLEX, 2014-2015. SIN AIRE ACONDICIONADO 0124325015<\/td>\n<\/tr>\n<tr>\n<td>VOLKSWAGEN GOL POWER TOTAL FLEX G-5, EA111 VHT CCRA 1.6 L 8V SOHC L4 FLEX, 2008-2014. SIN AIRE ACONDICIONADO<\/td>\n<\/tr>\n<tr>\n<td>VOLKSWAGEN GOLF SPORTLINE TOTAL FLEX G-4, EA111 VHT CCRA 1.6 L 8V SOHC L4 FLEX, 2009-2019. SIN AIRE ACONDICIONADO<\/td>\n<\/tr>\n<tr>\n<td>VOLKSWAGEN FOX CROSSFOX TOTAL FLEX G-1, EA111 VHT CCRA 1.6 L 8V SOHC L4 FLEX, 2008-2009. SIN AIRE ACONDICIONADO<\/td>\n<\/tr>\n<tr>\n<td>VOLKSWAGEN FOX ROCK IN RIO TOTALFLEX II G-2, EA111 VHT CCRA 1.6 L 8V SOHC L4 FLEX, 2011-2015. SIN AIRE ACONDICIONADO<\/td>\n<\/tr>\n<tr>\n<td>VOLKSWAGEN FOX PLUS TOTAL FLEX G-1, EA111 BPA 1.6 L 8V SOHC L4 FLEX, 2005-2010. SIN AIRE ACONDICIONADO<\/td>\n<\/tr>\n<tr>\n<td>VOLKSWAGEN SAVEIRO TRENDLINE CS G-7, EA111 VHT CCRA 1.6 L 8V SOHC L4 FLEX, 2016-2023. SIN AIRE ACONDICIONADO<\/td>\n<\/tr>\n<tr>\n<td>VOLKSWAGEN POLO TOTAL FLEX , EA111 BPA 1.6 L 8V SOHC L4 FLEX, 2005-2008. SIN AIRE ACONDICIONADO<\/td>\n<\/tr>\n<tr>\n<td>VOLKSWAGEN FOX XTREME G-3, EA111 VHT CCRA 1.6 L 8V SOHC L4 FLEX, 2017-2023. SIN AIRE ACONDICIONADO<\/td>\n<\/tr>\n<tr>\n<td>VOLKSWAGEN VOYAGE HIGHLINE I-MOTION G-4, EA111 VHT CCRA 1.6 L 8V SOHC L4 FLEX, 2012-2018. SIN AIRE ACONDICIONADO<\/td>\n<\/tr>\n<tr>\n<td>VOLKSWAGEN SPACEFOX TREND I-MOTION , EA111 VHT CCRA 1.6 L 8V SOHC L4 FLEX, 2011-2014. SIN AIRE ACONDICIONADO<\/td>\n<\/tr>\n<tr>\n<td>VOLKSWAGEN SPACEFOX PLUS TOTAL FLEX , EA111 VHT CCRA 1.6 L 8V SOHC L4 FLEX, 2008-2010. SIN AIRE ACONDICIONADO<\/td>\n<\/tr>\n<tr>\n<td>VOLKSWAGEN SPACEFOX TOTAL FLEX , EA111 VHT CCRA 1.6 L 8V SOHC L4 FLEX, 2010-2014. SIN AIRE ACONDICIONADO<\/td>\n<\/tr>\n<tr>\n<td>VOLKSWAGEN SAVEIRO CS G-5, EA111 VHT CCRA 1.6 L 8V SOHC L4 FLEX, 2013-2013. SIN AIRE ACONDICIONADO<\/td>\n<\/tr>\n<tr>\n<td>VOLKSWAGEN GOL COMFORTLINE G-6, EA111 VHT CCRA 1.6 L 8V SOHC L4 FLEX, 2014-2015. SIN AIRE ACONDICIONADO<\/td>\n<\/tr>\n<tr>\n<td>VOLKSWAGEN VOYAGE TRENDLINE G-3, EA111 VHT CCRA 1.6 L 8V SOHC L4 FLEX, 2008-2014. SIN AIRE ACONDICIONADO<\/td>\n<\/tr>\n<tr>\n<td>VOLKSWAGEN SAVEIRO TROOPER CE G-5, EA111 VHT CCRA 1.6 L 8V SOHC L4 FLEX, 2009-2013. SIN AIRE ACONDICIONADO 0124325015<\/td>\n<\/tr>\n<tr>\n<td>VOLKSWAGEN SPACEFOX COMFORTLINE , EA111 BPA 1.6 L 8V SOHC L4 FLEX, 2006-2008. SIN AIRE ACONDICIONADO<\/td>\n<\/tr>\n<tr>\n<td>VOLKSWAGEN GOL COMFORTLINE G-7, EA111 VHT CCRA 1.6 L 8V SOHC L4 FLEX, 2016-2019. SIN AIRE ACONDICIONADO<\/td>\n<\/tr>\n<tr>\n<td>VOLKSWAGEN GOL COMFORTLINE I-MOTION G-7, EA111 VHT CCRA 1.6 L 8V SOHC L4 FLEX, 2016-2018. SIN AIRE ACONDICIONADO<\/td>\n<\/tr>\n<tr>\n<td>VOLKSWAGEN POLO TOTAL FLEX , EA111 VHT CCRA 1.6 L 8V SOHC L4 FLEX, 2009-2011. SIN AIRE ACONDICIONADO<\/td>\n<\/tr>\n<tr>\n<td>VOLKSWAGEN SAVEIRO HIGHLINE CD G-6, EA111 VHT CCRA 1.6 L 8V SOHC L4 FLEX, 2014-2016. SIN AIRE ACONDICIONADO<\/td>\n<\/tr>\n<tr>\n<td>VOLKSWAGEN SAVEIRO TRENDLINE CE G-6, EA111 VHT CCRA 1.6 L 8V SOHC L4 FLEX, 2014-2016. SIN AIRE ACONDICIONADO<\/td>\n<\/tr>\n<tr>\n<td>VOLKSWAGEN SAVEIRO ROBUSTO CD G-7, EA111 VHT CCRA 1.6 L 8V SOHC L4 FLEX, 2019-2023. SIN AIRE ACONDICIONADO<\/td>\n<\/tr>\n<tr>\n<td>VOLKSWAGEN POLO MI , EA111 BAH 1.6 L 8V SOHC L4 GASOLINA, 2002-2005. SIN AIRE ACONDICIONADO<\/td>\n<\/tr>\n<tr>\n<td>VOLKSWAGEN GOL TRENDLINE G-6, EA111 VHT CCRA 1.6 L 8V SOHC L4 FLEX, 2014-2015. SIN AIRE ACONDICIONADO<\/td>\n<\/tr>\n<tr>\n<td>VOLKSWAGEN VOYAGE COMFORTLINE I-MOTION G-3, EA111 VHT CCRA 1.6 L 8V SOHC L4 FLEX, 2012-2014. SIN AIRE ACONDICIONADO<\/td>\n<\/tr>\n<tr>\n<td>VOLKSWAGEN GOL TRENDLINE G-7, EA111 VHT CCRA 1.6 L 8V SOHC L4 FLEX, 2016-2019. SIN AIRE ACONDICIONADO<\/td>\n<\/tr>\n<tr>\n<td>VOLKSWAGEN FOX TRENDLINE G-3, EA111 VHT CCRA 1.6 L 8V SOHC L4 FLEX, 2014-2019. SIN AIRE ACONDICIONADO<\/td>\n<\/tr>\n<tr>\n<td>VOLKSWAGEN SPACEFOX SPORTLINE , EA111 VHT CCRA 1.6 L 8V SOHC L4 FLEX, 2010-2014. SIN AIRE ACONDICIONADO<\/td>\n<\/tr>\n<tr>\n<td>VOLKSWAGEN GOLF SPORTLINE TOTAL FLEX G-4, EA111 BPA 1.6 L 8V SOHC L4 FLEX, 2007-2008. SIN AIRE ACONDICIONADO<\/td>\n<\/tr>\n<tr>\n<td>VOLKSWAGEN POLO SEDAN COMFORTLINE TOTAL FLEX , EA111 VHT CCRA 1.6 L 8V SOHC L4 FLEX, 2009-2013. SIN AIRE ACONDICIONADO<\/td>\n<\/tr>\n<tr>\n<td>VOLKSWAGEN GOL HIGHLINE G-7, EA111 VHT CCRA 1.6 L 8V SOHC L4 FLEX, 2016-2018. SIN AIRE ACONDICIONADO<\/td>\n<\/tr>\n<tr>\n<td>VOLKSWAGEN SPACEFOX PLUS TOTAL FLEX , EA111 BPA 1.6 L 8V SOHC L4 FLEX, 2006-2007. SIN AIRE ACONDICIONADO<\/td>\n<\/tr>\n<tr>\n<td>VOLKSWAGEN VOYAGE I-MOTION G-3, EA111 VHT CCRA 1.6 L 8V SOHC L4 FLEX, 2012-2013. SIN AIRE ACONDICIONADO<\/td>\n<\/tr>\n<tr>\n<td>VOLKSWAGEN SAVEIRO HIGHLINE CD G-7, EA111 VHT CCRA 1.6 L 8V SOHC L4 FLEX, 2016-2019. SIN AIRE ACONDICIONADO<\/td>\n<\/tr>\n<tr>\n<td>VOLKSWAGEN POLO SPORTLINE TOTAL FLEX , EA111 VHT CCRA 1.6 L 8V SOHC L4 FLEX, 2009-2015. SIN AIRE ACONDICIONADO<\/td>\n<\/tr>\n<tr>\n<td>VOLKSWAGEN GOLF COMFORTLINE G-4, EA111 BAH 1.6 L 8V SOHC L4 GASOLINA, 2002-2006. SIN AIRE ACONDICIONADO<\/td>\n<\/tr>\n<tr>\n<td>VOLKSWAGEN SAVEIRO TRENDLINE CS G-6, EA111 VHT CCRA 1.6 L 8V SOHC L4 FLEX, 2014-2016. SIN AIRE ACONDICIONADO<\/td>\n<\/tr>\n<tr>\n<td>VOLKSWAGEN FOX PLUS TOTAL FLEX G-1, EA111 VHT CCRA 1.6 L 8V SOHC L4 FLEX, 2008-2009. SIN AIRE ACONDICIONADO<\/td>\n<\/tr>\n<tr>\n<td>VOLKSWAGEN GOL RALLYE TOTAL FLEX G-6, EA111 VHT CCRA 1.6 L 8V SOHC L4 FLEX, 2010-2013. SIN AIRE ACONDICIONADO<\/td>\n<\/tr>\n<tr>\n<td>VOLKSWAGEN VOYAGE COMFORTLINE G-4, EA111 VHT CCRA 1.6 L 8V SOHC L4 FLEX, 2016-2019. SIN AIRE ACONDICIONADO<\/td>\n<\/tr>\n<tr>\n<td>VOLKSWAGEN SAVEIRO CE G-5, EA111 VHT CCRA 1.6 L 8V SOHC L4 FLEX, 2013-2013. SIN AIRE ACONDICIONADO<\/td>\n<\/tr>\n<tr>\n<td>VOLKSWAGEN SAVEIRO STARTLINE CS G-6, EA111 VHT CCRA 1.6 L 8V SOHC L4 FLEX, 2014-2016. SIN AIRE ACONDICIONADO<\/td>\n<\/tr>\n<tr>\n<td>VOLKSWAGEN SAVEIRO TRENDLINE CD G-7, EA111 VHT CCRA 1.6 L 8V SOHC L4 FLEX, 2016-2018. SIN AIRE ACONDICIONADO<\/td>\n<\/tr>\n<tr>\n<td>VOLKSWAGEN POLO BLUEMOTION , EA111 VHT CCRA 1.6 L 8V SOHC L4 FLEX, 2008-2015. SIN AIRE ACONDICIONADO<\/td>\n<\/tr>\n<tr>\n<td>VOLKSWAGEN GOL HIGHLINE G-6, EA111 VHT CCRA 1.6 L 8V SOHC L4 FLEX, 2014-2014. SIN AIRE ACONDICIONADO<\/td>\n<\/tr>\n<tr>\n<td>VOLKSWAGEN SPACEFOX COMFORTLINE , EA111 VHT CCRA 1.6 L 8V SOHC L4 FLEX, 2009-2019. SIN AIRE ACONDICIONADO<\/td>\n<\/tr>\n<tr>\n<td>VOLKSWAGEN GOL HIGHLINE I-MOTION G-7, EA111 VHT CCRA 1.6 L 8V SOHC L4 FLEX, 2016-2018. SIN AIRE ACONDICIONADO<\/td>\n<\/tr>\n<tr>\n<td>VOLKSWAGEN GOL CONNECT G-7, EA111 VHT CCRA 1.6 L 8V SOHC L4 FLEX, 2016-2018. SIN AIRE ACONDICIONADO<\/td>\n<\/tr>\n<tr>\n<td>VOLKSWAGEN GOLF GENERACI\u00d3N G-4, EA111 BAH 1.6 L 8V SOHC L4 GASOLINA, 2002-2006. SIN AIRE ACONDICIONADO<\/td>\n<\/tr>\n<tr>\n<td>VOLKSWAGEN POLO SEDAN COMFORTLINE , EA111 BAH 1.6 L 8V SOHC L4 GASOLINA, 2002-2005. SIN AIRE ACONDICIONADO<\/td>\n<\/tr>\n<tr>\n<td>VOLKSWAGEN VOYAGE COMFORTLINE I-MOTION G-4, EA111 VHT CCRA 1.6 L 8V SOHC L4 FLEX, 2016-2018. SIN AIRE ACONDICIONADO<\/td>\n<\/tr>\n<tr>\n<td>VOLKSWAGEN SAVEIRO TRENDLINE CE G-7, EA111 VHT CCRA 1.6 L 8V SOHC L4 FLEX, 2016-2018. SIN AIRE ACONDICIONADO<\/td>\n<\/tr>\n<tr>\n<td>VOLKSWAGEN SPACECROSS I-MOTION , EA111 VHT CCRA 1.6 L 8V SOHC L4 FLEX, 2011-2013. SIN AIRE ACONDICIONADO<\/td>\n<\/tr>\n<tr>\n<td>VOLKSWAGEN POLO SPORTLINE TOTAL FLEX , EA111 BPA 1.6 L 8V SOHC L4 FLEX, 2006-2008. SIN AIRE ACONDICIONADO<\/td>\n<\/tr>\n<tr>\n<td>VOLKSWAGEN SPACEFOX ROUTE , EA111 VHT CCRA 1.6 L 8V SOHC L4 FLEX, 2009-2010. SIN AIRE ACONDICIONADO<\/td>\n<\/tr>\n<tr>\n<td>VOLKSWAGEN VOYAGE TRENDLINE G-4, EA111 VHT CCRA 1.6 L 8V SOHC L4 FLEX, 2016-2019. SIN AIRE ACONDICIONADO<\/td>\n<\/tr>\n<tr>\n<td>VOLKSWAGEN FOX RUTA TOTAL FLEX G-1, EA111 BPA 1.6 L 8V SOHC L4 FLEX, 2007-2009. SIN AIRE ACONDICIONADO<\/td>\n<\/tr>\n<tr>\n<td>VOLKSWAGEN POLO SEDAN COMFORTLINE TOTAL FLEX , EA111 BPA 1.6 L 8V SOHC L4 FLEX, 2004-2008. SIN AIRE ACONDICIONADO<\/td>\n<\/tr>\n<tr>\n<td>VOLKSWAGEN FOX RUN G-3, EA111 VHT CCRA 1.6 L 8V SOHC L4 FLEX, 2016-2019. SIN AIRE ACONDICIONADO<\/td>\n<\/tr>\n<tr>\n<td>VOLKSWAGEN GOL I-MOTION G-5, EA111 VHT CCRA 1.6 L 8V SOHC L4 FLEX, 2008-2014. SIN AIRE ACONDICIONADO<\/td>\n<\/tr>\n<tr>\n<td>VOLKSWAGEN SAVEIRO TRENDLINE CD G-6, EA111 VHT CCRA 1.6 L 8V SOHC L4 FLEX, 2014-2016. SIN AIRE ACONDICIONADO<\/td>\n<\/tr>\n<tr>\n<td>VOLKSWAGEN POLO COMFORTLINE , EA111 BAH 1.6 L 8V SOHC L4 GASOLINA, 2002-2005. SIN AIRE ACONDICIONADO<\/td>\n<\/tr>\n<tr>\n<td>VOLKSWAGEN POLO SPORT FLEX , EA111 BPA 1.6 L 8V SOHC L4 FLEX, 2004-2006. SIN AIRE ACONDICIONADO<\/td>\n<\/tr>\n<tr>\n<td>VOLKSWAGEN GOL HIGHLINE I-MOTION G-6, EA111 VHT CCRA 1.6 L 8V SOHC L4 FLEX, 2014-2014. SIN AIRE ACONDICIONADO<\/td>\n<\/tr>\n<tr>\n<td>VOLKSWAGEN POLO SEDAN MI , EA111 BAH 1.6 L 8V SOHC L4 GASOLINA, 2002-2004. SIN AIRE ACONDICIONADO<\/td>\n<\/tr>\n<tr>\n<td>VOLKSWAGEN FOX PLUS TOTAL FLEX G-2, EA111 VHT CCRA 1.6 L 8V SOHC L4 FLEX, 2013-2013. SIN AIRE ACONDICIONADO<\/td>\n<\/tr>\n<tr>\n<td>VOLKSWAGEN POLO I-MOTION , EA111 VHT CCRA 1.6 L 8V SOHC L4 FLEX, 2013-2015. SIN AIRE ACONDICIONADO 0124325015<\/td>\n<\/tr>\n<tr>\n<td>VOLKSWAGEN FOX I-MOTION G-2, EA111 VHT CCRA 1.6 L 8V SOHC L4 FLEX, 2012-2013. SIN AIRE ACONDICIONADO<\/td>\n<\/tr>\n<tr>\n<td>VOLKSWAGEN GOLF TOTAL FLEX G-4, EA111 BPA 1.6 L 8V SOHC L4 FLEX, 2007-2008. SIN AIRE ACONDICIONADO<\/td>\n<\/tr>\n<tr>\n<td>VOLKSWAGEN GOLF TOTAL FLEX G-4, EA111 VHT CCRA 1.6 L 8V SOHC L4 FLEX, 2009-2014. SIN AIRE ACONDICIONADO<\/td>\n<\/tr>\n<tr>\n<td>VOLKSWAGEN SPACECROSS VHT , EA111 VHT CCRA 1.6 L 8V SOHC L4 FLEX, 2013-2013. SIN AIRE ACONDICIONADO<\/td>\n<\/tr>\n<tr>\n<td>VOLKSWAGEN SPACEFOX COMFORTLINE I-MOTION , EA111 VHT CCRA 1.6 L 8V SOHC L4 FLEX, 2014-2018. SIN AIRE ACONDICIONADO<\/td>\n<\/tr>\n<tr>\n<td>VOLKSWAGEN POLO SPORT.I-MOTION , EA111 VHT CCRA 1.6 L 8V SOHC L4 FLEX, 2014-2015. SIN AIRE ACONDICIONADO<\/td>\n<\/tr>\n<tr>\n<td>VOLKSWAGEN SPACEFOX TRENDLINE , EA111 VHT CCRA 1.6 L 8V SOHC L4 FLEX, 2016-2020. SIN AIRE ACONDICIONADO<\/td>\n<\/tr>\n<tr>\n<td>VOLKSWAGEN FOX PLUS G-1, EA111 VHT CCRA 1.6 L 8V SOHC L4 FLEX, 2009-2010. SIN AIRE ACONDICIONADO<\/td>\n<\/tr>\n<tr>\n<td>VOLKSWAGEN GOLF TECH G-4, EA111 VHT CCRA 1.6 L 8V SOHC L4 FLEX, 2008-2009. SIN AIRE ACONDICIONADO<\/td>\n<\/tr>\n<tr>\n<td>VOLKSWAGEN GOL SELECTION I-MOTION G-4, EA111 VHT CCRA 1.6 L 8V SOHC L4 FLEX, 2013-2014. SIN AIRE ACONDICIONADO<\/td>\n<\/tr>\n<tr>\n<td>VOLKSWAGEN GOL SELECTION G-4, EA111 VHT CCRA 1.6 L 8V SOHC L4 FLEX, 2013-2013. SIN AIRE ACONDICIONADO<\/td>\n<\/tr>\n<tr>\n<td>VOLKSWAGEN FOX EXTREME G-1, EA111 VHT CCRA 1.6 L 8V SOHC L4 FLEX, 2008-2009. SIN AIRE ACONDICIONADO<\/td>\n<\/tr>\n<tr>\n<td>VOLKSWAGEN GOL RALLYE G-6, EA111 VHT CCRA 1.6 L 8V SOHC L4 FLEX, 2013-2013. SIN AIRE ACONDICIONADO<\/td>\n<\/tr>\n<tr>\n<td>VOLKSWAGEN POLO SPORT , EA111 BAH 1.6 L 8V SOHC L4 GASOLINA, 2003-2005. SIN AIRE ACONDICIONADO<\/td>\n<\/tr>\n<tr>\n<td>VOLKSWAGEN FOX SPORTLINE TOTAL FLEX G-1, EA111 BPA 1.6 L 8V SOHC L4 FLEX, 2005-2007. SIN AIRE ACONDICIONADO<\/td>\n<\/tr>\n<tr>\n<td>VOLKSWAGEN FOX RUTA G-1, EA111 VHT CCRA 1.6 L 8V SOHC L4 FLEX, 2009-2010. SIN AIRE ACONDICIONADO<\/td>\n<\/tr>\n<tr>\n<td>VOLKSWAGEN GOLF BLACK &amp; SILVER G-4, EA111 BAH 1.6 L 8V SOHC L4 GASOLINA, 2002-2002. SIN AIRE ACONDICIONADO<\/td>\n<\/tr>\n<tr>\n<td>VOLKSWAGEN GOL RALLYE I-MOTION G-6, EA111 VHT CCRA 1.6 L 8V SOHC L4 FLEX, 2013-2013. SIN AIRE ACONDICIONADO<\/td>\n<\/tr>\n<tr>\n<td>VOLKSWAGEN SPACEFOX TRENDLINE I-MOTION , EA111 VHT CCRA 1.6 L 8V SOHC L4 FLEX, 2016-2020. SIN AIRE ACONDICIONADO<\/td>\n<\/tr>\n<tr>\n<td>VOLKSWAGEN GOLF FLASH G-4, EA111 BAH 1.6 L 8V SOHC L4 GASOLINA, 2005-2006. SIN AIRE ACONDICIONADO<\/td>\n<\/tr>\n<tr>\n<td>VOLKSWAGEN FOX CONNECT I-MOTION G-3, EA111 VHT CCRA 1.6 L 8V SOHC L4 FLEX, 2019-2019. SIN AIRE ACONDICIONADO<\/td>\n<\/tr>\n<tr>\n<td>VOLKSWAGEN SAVEIRO TROOPER CS G-5, EA111 VHT CCRA 1.6 L 8V SOHC L4 FLEX, 2013-2013. SIN AIRE ACONDICIONADO<\/td>\n<\/tr>\n<tr>\n<td>SEAT IBIZA GL , EA111 AST 1.0 L 16V DOHC L4 GASOLINA, 2000-2002. SIN AIRE ACONDICIONADO<\/td>\n<\/tr>\n<tr>\n<td>VOLKSWAGEN GOL PATROL TOTAL FLEX G-6, EA111 VHT CCRA 1.6 L 8V SOHC L4 FLEX, 2009-2023. SIN AIRE ACONDICIONADO<\/td>\n<\/tr>\n<tr>\n<td>VOLKSWAGEN FOX RUTA TOTAL FLEX G-1, EA111 VHT CCRA 1.6 L 8V SOHC L4 FLEX, 2009-2010. SIN AIRE ACONDICIONADO<\/td>\n<\/tr>\n<tr>\n<td>VOLKSWAGEN FOX SPORTLINE G-1, EA111 BAH 1.6 L 8V SOHC L4 GASOLINA, 2003-2004. SIN AIRE ACONDICIONADO<\/td>\n<\/tr>\n<tr>\n<td>VOLKSWAGEN SAVEIRO PEPPER CD G-7, EA111 VHT CCRA 1.6 L 8V SOHC L4 FLEX, 2019-2023. SIN AIRE ACONDICIONADO<\/td>\n<\/tr>\n<tr>\n<td>VOLKSWAGEN POLO MID , EA111 VHT CCRA 1.6 L 8V SOHC L4 FLEX, 2009-2011. SIN AIRE ACONDICIONADO<\/td>\n<\/tr>\n<tr>\n<td>VOLKSWAGEN GOLF SPORT G-4, EA111 BAH 1.6 L 8V SOHC L4 GASOLINA, 2003-2004. SIN AIRE ACONDICIONADO<\/td>\n<\/tr>\n<tr>\n<td>VOLKSWAGEN POLO NEXT , EA111 BAH 1.6 L 8V SOHC L4 GASOLINA, 2003-2004. SIN AIRE ACONDICIONADO<\/td>\n<\/tr>\n<tr>\n<td>VOLKSWAGEN GOLF SPORTLINE G-4, EA111 VHT CCRA 1.6 L 8V SOHC L4 FLEX, 2012-2014. SIN AIRE ACONDICIONADO<\/td>\n<\/tr>\n<tr>\n<td>VOLKSWAGEN POLO CFL TOTAL FLEX , EA111 BPA 1.6 L 8V SOHC L4 FLEX, 2004-2005. SIN AIRE ACONDICIONADO<\/td>\n<\/tr>\n<tr>\n<td>VOLKSWAGEN SAVEIRO ROCK IN RIO CD G-6, EA111 VHT CCRA 1.6 L 8V SOHC L4 FLEX, 2015-2016. SIN AIRE ACONDICIONADO<\/td>\n<\/tr>\n<tr>\n<td>VOLKSWAGEN GOLF TRIP G-4, EA111 BAH 1.6 L 8V SOHC L4 GASOLINA, 2002-2003. SIN AIRE ACONDICIONADO<\/td>\n<\/tr>\n<tr>\n<td>VOLKSWAGEN POLO EVIDENCE TOTAL FLEX , EA111 BPA 1.6 L 8V SOHC L4 FLEX, 2005-2005. SIN AIRE ACONDICIONADO 0124325015<\/td>\n<\/tr>\n<tr>\n<td>VOLKSWAGEN SAVEIRO PEPPER CE G-7, EA111 VHT CCRA 1.6 L 8V SOHC L4 FLEX, 2019-2023. SIN AIRE ACONDICIONADO<\/td>\n<\/tr>\n<tr>\n<td>VOLKSWAGEN VOYAGE SELECTION G-3, EA111 VHT CCRA 1.6 L 8V SOHC L4 FLEX, 2013-2013. SIN AIRE ACONDICIONADO<\/td>\n<\/tr>\n<tr>\n<td>VOLKSWAGEN FOX SELECTION G-2, EA111 VHT CCRA 1.6 L 8V SOHC L4 FLEX, 2013-2013. SIN AIRE ACONDICIONADO<\/td>\n<\/tr>\n<tr>\n<td>VOLKSWAGEN FOX SELECTION I-MOTION G-2, EA111 VHT CCRA 1.6 L 8V SOHC L4 FLEX, 2013-2013. SIN AIRE ACONDICIONADO<\/td>\n<\/tr>\n<tr>\n<td>SEAT IBIZA GLX , AP BAH 1.6 L 8V SOHC L4 GASOLINA, 2004-2004. SIN AIRE ACONDICIONADO<\/td>\n<\/tr>\n<tr>\n<td>VOLKSWAGEN FOX MI G-1, EA111 BAH 1.6 L 8V SOHC L4 GASOLINA, 2003-2003. SIN AIRE ACONDICIONADO<\/td>\n<\/tr>\n<tr>\n<td>VOLKSWAGEN POLO CITY , EA111 BAH 1.6 L 8V SOHC L4 GASOLINA, 2003-2004. SIN AIRE ACONDICIONADO<\/td>\n<\/tr>\n<tr>\n<td>VOLKSWAGEN VOYAGE SELECTION I-MOTION G-3, EA111 VHT CCRA 1.6 L 8V SOHC L4 FLEX, 2013-2013. SIN AIRE ACONDICIONADO<\/td>\n<\/tr>\n<tr>\n<td>VOLKSWAGEN FOX COMFORTLINE G-3, EA111 VHT CCRA 1.6 L 8V SOHC L4 FLEX, 2019-2023. SIN AIRE ACONDICIONADO<\/td>\n<\/tr>\n<tr>\n<td>VOLKSWAGEN VOYAGE CITY G-3, EA111 VHT CCRA 1.6 L 8V SOHC L4 FLEX, 2020-2023. SIN AIRE ACONDICIONADO<\/td>\n<\/tr>\n<tr>\n<td>VOLKSWAGEN FOX PLUS G-1, EA111 BAH 1.6 L 8V SOHC L4 GASOLINA, 2003-2004. SIN AIRE ACONDICIONADO<\/td>\n<\/tr>\n<tr>\n<td>VOLKSWAGEN FOX COMFORTLINE I-MOTION G-3, EA111 VHT CCRA 1.6 L 8V SOHC L4 FLEX, 2019-2019. SIN AIRE ACONDICIONADO<\/p>\n<p>0124325015 0124325015 0124325015 0124325015 0124325015 0124325015 0124325015<\/td>\n<\/tr>\n<\/tbody>\n<\/table>\n<p>&nbsp;<\/p>\n<div>ATENCI\u00d3N:<\/div>\n<div>Recomendamos que la instalaci\u00f3n de 0124325015 la realice un profesional formado y especializado.<\/div>\n<div>S\u00f3lo adquiera este producto en 0124325015 si est\u00e1 seguro de que es compatible con su veh\u00edculo. Si tiene alguna duda, no dude en ponerse en contacto con nosotros. Nuestro horario de apertura es de lunes a viernes de 8 a 18 h.<\/div>\n<div><\/div>\n<div>Sobre nosotros<\/div>\n<div>COM Automotive est\u00e1 especializada en piezas de autom\u00f3vil de dise\u00f1o original para el sector de la reparaci\u00f3n posventa, clientes industriales y fabricantes de veh\u00edculos especiales OEM.<\/div>\n<div>Nuestro equipo tiene m\u00e1s de 28 a\u00f1os de experiencia en la fabricaci\u00f3n y el suministro de piezas de automoci\u00f3n a escala mundial.<\/div>\n<div>Nuestra MISI\u00d3N es ofrecer productos de dise\u00f1o original con una calidad impecable y una sustituci\u00f3n personalizada.<\/div>\n<div>Nuestra VISI\u00d3N es promover el crecimiento y un valor inigualable para nuestros clientes.<\/div>\n","protected":false},"excerpt":{"rendered":"<p>0124325015-COM. En stock. Ref: 0124325025, 0124325015, 037903025H, 038903018C, 038903018CX, 059903015H, 036903024L, 036903024LX &#8211; compatible con: VOLKSWAGEN. Marca: COM Automotive &#8211; Producto con calidad y dise\u00f1o originales. Compatible con Bosch<\/p>\n","protected":false},"featured_media":20437,"comment_status":"open","ping_status":"closed","template":"","meta":[],"product_brand":[],"product_cat":[8109],"product_tag":[10942,10956,10939,10952,10954,10944,10946,10948,10950],"class_list":{"0":"post-15447","1":"product","2":"type-product","3":"status-publish","4":"has-post-thumbnail","6":"product_cat-alternador-es-2","7":"product_tag-0124325015-es","8":"product_tag-0124325015-com-es","9":"product_tag-0124325025-es","10":"product_tag-036903024l-es","11":"product_tag-036903024lx-es","12":"product_tag-037903025h-es","13":"product_tag-038903018c-es","14":"product_tag-038903018cx-es","15":"product_tag-059903015h-es","17":"first","18":"instock","19":"taxable","20":"shipping-taxable","21":"purchasable","22":"product-type-simple"},"_links":{"self":[{"href":"https:\/\/com-automotive.com\/es\/wp-json\/wp\/v2\/product\/15447","targetHints":{"allow":["GET"]}}],"collection":[{"href":"https:\/\/com-automotive.com\/es\/wp-json\/wp\/v2\/product"}],"about":[{"href":"https:\/\/com-automotive.com\/es\/wp-json\/wp\/v2\/types\/product"}],"replies":[{"embeddable":true,"href":"https:\/\/com-automotive.com\/es\/wp-json\/wp\/v2\/comments?post=15447"}],"wp:featuredmedia":[{"embeddable":true,"href":"https:\/\/com-automotive.com\/es\/wp-json\/wp\/v2\/media\/20437"}],"wp:attachment":[{"href":"https:\/\/com-automotive.com\/es\/wp-json\/wp\/v2\/media?parent=15447"}],"wp:term":[{"taxonomy":"product_brand","embeddable":true,"href":"https:\/\/com-automotive.com\/es\/wp-json\/wp\/v2\/product_brand?post=15447"},{"taxonomy":"product_cat","embeddable":true,"href":"https:\/\/com-automotive.com\/es\/wp-json\/wp\/v2\/product_cat?post=15447"},{"taxonomy":"product_tag","embeddable":true,"href":"https:\/\/com-automotive.com\/es\/wp-json\/wp\/v2\/product_tag?post=15447"}],"curies":[{"name":"wp","href":"https:\/\/api.w.org\/{rel}","templated":true}]}}