{"id":15446,"date":"2023-10-23T15:17:55","date_gmt":"2023-10-23T18:17:55","guid":{"rendered":"https:\/\/com-automotive.com\/alternador-12v-100a-439427-corsa-1-0-1-6-astra-vectra-zafira-2-0-2-4-9412\/"},"modified":"2025-06-15T17:14:02","modified_gmt":"2025-06-15T20:14:02","slug":"alternador-12v-100a-439427-corsa-1-0-1-6-astra-vectra-zafira-2-0-2-4-9412","status":"publish","type":"product","link":"https:\/\/com-automotive.com\/es\/alternador-12v-100a-439427-corsa-1-0-1-6-astra-vectra-zafira-2-0-2-4-9412\/","title":{"rendered":"Alternador 12V 100A compatible 439427 para GM Astra Vectra Corsa c\/aire a\u00f1o93&gt;10<span class=\"product-sku\" style=\"display: block; font-size: 0.85em; color: #777; margin-top: 5px; margin-bottom: 5px;\">SKU: 8000.9427-COM<\/span>"},"content":{"rendered":"<h1>Calidad de dise\u00f1o original COM-AUTOMOTIVE.<\/h1>\n<p>Alternador 439427 12V 100A con polea &#8211; Dise\u00f1o: VALEO &#8211; OEM: CHEVROLET<\/p>\n<h2>Preguntas m\u00e1s frecuentes<\/h2>\n<h3><strong>\u00bfCu\u00e1les son las referencias cruzadas?<\/strong><\/h3>\n<p>T002000022, 439427, 439427, ZEN 42010, Euro 70004N<\/p>\n<h2><strong>TABLA DE APLICACI\u00d3N<\/strong><\/h2>\n<table style=\"height: 4188px;\" width=\"1086\">\n<tbody>\n<tr>\n<td width=\"623\">CHEVROLET CORSA NEW MAXX NLEV , ECONOFLEX X14YFH 1.4 L 8V SOHC L4 FLEX, 2009-2012.<\/td>\n<\/tr>\n<tr>\n<td>CHEVROLET CORSA NEW PREMIUM NLEV , ECONOFLEX X14YFH 1.4 L 8V SOHC L4 FLEX, 2008-2013.<\/td>\n<\/tr>\n<tr>\n<td>CHEVROLET SPIN LT G-1, NLEV N18XFH 1.8 L 8V SOHC L4 FLEX, 2012-2013.<\/td>\n<\/tr>\n<tr>\n<td>CHEVROLET SPIN LT G-1, NLEV N18XFH 1.8 L 8V SOHC L4 FLEX, 2014-2016.<\/td>\n<\/tr>\n<tr>\n<td>CHEVROLET CORSA SED\u00c1N NUEVO 1.0 8V MPFI , VHC C10YEH 1.0 L 8V SOHC L4 GASOLINA, 2002-2006.<\/td>\n<\/tr>\n<tr>\n<td>CHEVROLET COBALT LT G-1, NLEV N14YF 1.4 L 8V SOHC L4 FLEX, 2011-2013.<\/td>\n<\/tr>\n<tr>\n<td>CHEVROLET SPIN LTZ G-2, NLEV N18XFH 1.8 L 8V SOHC L4 FLEX, 2016-2019.<\/td>\n<\/tr>\n<tr>\n<td>CHEVROLET CORSA HATCH NUEVO 1.0 8V MPFI , VHC C10YEH 1.0 L 8V SOHC L4 GASOLINA, 2002-2007.<\/td>\n<\/tr>\n<tr>\n<td>CHEVROLET CORSA HATCH NEW JOY FLEX , VHC X10YFH 1.0 L 8V SOHC L4 FLEX, 2005-2007.<\/td>\n<\/tr>\n<tr>\n<td>CHEVROLET COBALT LTZ G-1, NLEV N14YF 1.4 L 8V SOHC L4 FLEX, 2011-2013.<\/td>\n<\/tr>\n<tr>\n<td>CHEVROLET CORSA HATCH NEW MAXX , VHC X10YFH 1.0 L 8V SOHC L4 FLEX, 2005-2007.<\/td>\n<\/tr>\n<tr>\n<td>CHEVROLET SPIN ADVANTAGE G-2, NLEV N18XFH 1.8 L 8V SOHC L4 FLEX, 2016-2019.<\/td>\n<\/tr>\n<tr>\n<td>CHEVROLET SPIN LS 1.8 G-2, NLEV N18XFH 1.8 L 8V SOHC L4 FLEX, 2016-2019.<\/td>\n<\/tr>\n<tr>\n<td>CHEVROLET CORSA SED\u00c1N NUEVO PREMIUM , X14YFH X14YFH 1.4 L 8V SOHC L4 FLEX, 2008-2009.<\/td>\n<\/tr>\n<tr>\n<td>CHEVROLET SPIN ACTIV G-1, NLEV N18XFH 1.8 L 8V SOHC L4 FLEX, 2015-2019.<\/td>\n<\/tr>\n<tr>\n<td>CHEVROLET COBALT LTZ G-1, NLEV N14YF 1.4 L 8V SOHC L4 FLEX, 2014-2015.<\/td>\n<\/tr>\n<tr>\n<td>CHEVROLET SPIN PREMIER EN G-2, NLEV N18XFH 1.8 L 8V SOHC L4 FLEX, 2020-2022.<\/td>\n<\/tr>\n<tr>\n<td>CHEVROLET COBALT LT G-1, NLEV N14YF 1.4 L 8V SOHC L4 FLEX, 2014-2015.<\/td>\n<\/tr>\n<tr>\n<td>CHEVROLET S10 STD EFI G-1, SOHC EFI B22NZ 2.2 L 8V SOHC L4 GASOLINA, 1995-1999.<\/td>\n<\/tr>\n<tr>\n<td>CHEVROLET CORSA HATCH NUEVO PREMIUM , ECONOFLEX X14YFH 1.4 L 8V SOHC L4 FLEX, 2008-2010.<\/td>\n<\/tr>\n<tr>\n<td>CHEVROLET S10 LUXE EFI G-1, SOHC EFI B22NZ 2.2 L 8V SOHC L4 GASOLINA, 1995-1998.<\/td>\n<\/tr>\n<tr>\n<td>CHEVROLET CORSA SEDAN NEW MAXX , FLEXPOWER X18XF 1.8 L 8V SOHC L4 FLEX, 2006-2007.<\/td>\n<\/tr>\n<tr>\n<td>CHEVROLET CORSA HATCH NEW JOY FLEX , VHC X10YFH 1.0 L 8V SOHC L4 FLEX, 2008-2010.<\/td>\n<\/tr>\n<tr>\n<td>CHEVROLET SPIN LT G-2, NLEV N18XFH 1.8 L 8V SOHC L4 FLEX, 2016-2019.<\/td>\n<\/tr>\n<tr>\n<td>CHEVROLET CORSA HATCH NEW MAXX , VHC X10YFH 1.0 L 8V SOHC L4 FLEX, 2008-2011.<\/td>\n<\/tr>\n<tr>\n<td>CHEVROLET CORSA SEDAN NEW MAXX , FLEXPOWER 4Y 1.8 L 8V SOHC L4 FLEX, 2004-2005.<\/td>\n<\/tr>\n<tr>\n<td>CHEVROLET COBALT LS G-1, NLEV N14YF 1.4 L 8V SOHC L4 FLEX, 2011-2013.<\/td>\n<\/tr>\n<tr>\n<td>CHEVROLET CORSA SED\u00c1N NEW MAXX , VHC X10YFH 1.0 L 8V SOHC L4 FLEX, 2005-2007.<\/td>\n<\/tr>\n<tr>\n<td>CHEVROLET SPIN ACTIV EN G-1, NLEV N18XFH 1.8 L 8V SOHC L4 FLEX, 2015-2016.<\/td>\n<\/tr>\n<tr>\n<td>CHEVROLET SPIN ACTIV EN G-2, NLEV N18XFH 1.8 L 8V SOHC L4 FLEX, 2016-2019.<\/td>\n<\/tr>\n<tr>\n<td>CHEVROLET COBALT LT G-2, NLEV N14YF 1.4 L 8V SOHC L4 FLEX, 2016-2018.<\/td>\n<\/tr>\n<tr>\n<td>CHEVROLET SPIN LTZ G-1, NLEV N18XFH 1.8 L 8V SOHC L4 FLEX, 2014-2016.<\/td>\n<\/tr>\n<tr>\n<td>CHEVROLET CORSA SED\u00c1N NEW JOY FLEX , VHC X10YFH 1.0 L 8V SOHC L4 FLEX, 2005-2007.<\/td>\n<\/tr>\n<tr>\n<td>CHEVROLET CORSA SED\u00c1N NUEVO PREMIUM , X14YFH X14YFH 1.4 L 8V SOHC L4 FLEX, 2007-2007.<\/td>\n<\/tr>\n<tr>\n<td>CHEVROLET CORSA HATCH NEW JOY , VHC C10YEH 1.0 L 8V SOHC L4 GASOLINA, 2004-2006.<\/td>\n<\/tr>\n<tr>\n<td>CHEVROLET SPIN LT AT G2 G-2, NLEV N18XFH 1.8 L 8V SOHC L4 FLEX, 2020-2022.<\/td>\n<\/tr>\n<tr>\n<td>CHEVROLET SPIN ACTIV7 EN G-2, NLEV N18XFH 1.8 L 8V SOHC L4 FLEX, 2020-2022.<\/td>\n<\/tr>\n<tr>\n<td>CHEVROLET SPIN ACTIV7 EN G-2, NLEV N18XFH 1.8 L 8V SOHC L4 FLEX, 2019-2019.<\/td>\n<\/tr>\n<tr>\n<td>CHEVROLET CORSA HATCH NEW MAXX , ECONOFLEX X14YFH 1.4 L 8V SOHC L4 FLEX, 2008-2010.<\/td>\n<\/tr>\n<tr>\n<td>CHEVROLET CORSA SED\u00c1N NEW MAXX , VHC C10YEH 1.0 L 8V SOHC L4 GASOLINA, 2004-2006.<\/td>\n<\/tr>\n<tr>\n<td>CHEVROLET CORSA SED\u00c1N NUEVO MAXX , X14YFH X14YFH 1.4 L 8V SOHC L4 FLEX, 2008-2009.<\/td>\n<\/tr>\n<tr>\n<td>CHEVROLET COBALT LTZ G-2, NLEV N14YF 1.4 L 8V SOHC L4 FLEX, 2016-2018.<\/td>\n<\/tr>\n<tr>\n<td>CHEVROLET CORSA SED\u00c1N NUEVO 1.8 8V , SOHC MPFI C18NE 1.8 L 8V SOHC L4 GASOLINA, 2002-2007.<\/td>\n<\/tr>\n<tr>\n<td>CHEVROLET CORSA HATCH NEW MAXX , FLEXPOWER 4Y 1.8 L 8V SOHC L4 FLEX, 2004-2005.<\/td>\n<\/tr>\n<tr>\n<td>CHEVROLET CORSA HATCH NEW MAXX , ECONOFLEX X14YFH 1.4 L 8V SOHC L4 FLEX, 2007-2007.<\/td>\n<\/tr>\n<tr>\n<td>CHEVROLET CORSA SEDAN NEW JOY , VHC C10YEH 1.0 L 8V SOHC L4 GASOLINA, 2004-2006.<\/td>\n<\/tr>\n<tr>\n<td>CHEVROLET CORSA HATCH NEW MAXX , VHC C10YEH 1.0 L 8V SOHC L4 GASOLINA, 2004-2006.<\/td>\n<\/tr>\n<tr>\n<td>CHEVROLET SPIN LTZ G-1, NLEV N18XFH 1.8 L 8V SOHC L4 FLEX, 2012-2013.<\/td>\n<\/tr>\n<tr>\n<td>CHEVROLET SPIN LT AT G2 G-2, NLEV N18XFH 1.8 L 8V SOHC L4 FLEX, 2019-2019.<\/td>\n<\/tr>\n<tr>\n<td>CHEVROLET CORSA SEDAN NUEVO FLEXPOWER , FLEXPOWER 4Y 1.8 L 8V SOHC L4 FLEX, 2003-2006.<\/td>\n<\/tr>\n<tr>\n<td>CHEVROLET CORSA HATCH NUEVO PREMIUM , ECONOFLEX X14YFH 1.4 L 8V SOHC L4 FLEX, 2007-2007.<\/td>\n<\/tr>\n<tr>\n<td>CHEVROLET SPIN PREMIER EN G-2, NLEV N18XFH 1.8 L 8V SOHC L4 FLEX, 2019-2019.<\/td>\n<\/tr>\n<tr>\n<td>CHEVROLET CORSA HATCH NUEVO 1.8 8V , SOHC MPFI CE18NE 1.8 L 8V SOHC L4 GASOLINA, 2002-2007.<\/td>\n<\/tr>\n<tr>\n<td>CHEVROLET SPIN ACTIV EN G-2, NLEV N18XFH 1.8 L 8V SOHC L4 FLEX, 2020-2022.<\/td>\n<\/tr>\n<tr>\n<td>CHEVROLET CORSA SED\u00c1N NEW MAXX , X14YFH X14YFH 1.4 L 8V SOHC L4 FLEX, 2007-2007.<\/td>\n<\/tr>\n<tr>\n<td>CHEVROLET BLAZER STD EFI , B22NZ B22NZ 2.2 L 8V SOHC L4 GASOLINA, 1995-2000.<\/td>\n<\/tr>\n<tr>\n<td>CHEVROLET BLAZER DLX EFI , B22NZ B22NZ 2.2 L 8V SOHC L4 GASOLINA, 1995-2005.<\/td>\n<\/tr>\n<tr>\n<td>CHEVROLET COBALT ADVANTAGE G-1, NLEV N14YF 1.4 L 8V SOHC L4 FLEX, 2013-2013.<\/td>\n<\/tr>\n<tr>\n<td>CHEVROLET CORSA HATCH NUEVO FLEXPOWER , FLEXPOWER 4Y 1.8 L 8V SOHC L4 FLEX, 2003-2006.<\/td>\n<\/tr>\n<tr>\n<td>CHEVROLET SPIN PREMIER G-2, NLEV N18XFH 1.8 L 8V SOHC L4 FLEX, 2020-2022.<\/td>\n<\/tr>\n<tr>\n<td>CHEVROLET SPIN LS 1.8 G-2, NLEV N18XFH 1.8 L 8V SOHC L4 FLEX, 2020-2022.<\/td>\n<\/tr>\n<tr>\n<td>CHEVROLET CORSA SED\u00c1N NUEVO PREMIUM , VHC C10YEH 1.0 L 8V SOHC L4 GASOLINA, 2004-2007.<\/td>\n<\/tr>\n<tr>\n<td>CHEVROLET SPIN PREMIER G-2, NLEV N18XFH 1.8 L 8V SOHC L4 FLEX, 2019-2019.<\/td>\n<\/tr>\n<tr>\n<td>CHEVROLET CORSA NEW PREMIUM NLEV , ECONOFLEX X14YFH 1.4 L 8V SOHC L4 FLEX, 2014-2014.<\/td>\n<\/tr>\n<tr>\n<td>CHEVROLET SPIN LT G-2, NLEV N18XFH 1.8 L 8V SOHC L4 FLEX, 2020-2022.<\/td>\n<\/tr>\n<tr>\n<td>CHEVROLET SPIN ADVANTAGE G-1, NLEV N18XFH 1.8 L 8V SOHC L4 FLEX, 2013-2013.<\/td>\n<\/tr>\n<tr>\n<td>CHEVROLET CORSA HATCH NEW PREMIUM , VHC C10YEH 1.0 L 8V SOHC L4 GASOLINA, 2004-2007.<\/td>\n<\/tr>\n<tr>\n<td>CHEVROLET SPIN ADVANTAGE G-1, NLEV N18XFH 1.8 L 8V SOHC L4 FLEX, 2014-2014.<\/td>\n<\/tr>\n<tr>\n<td>CHEVROLET COBALT LT FLEX G-2, NLEV N14YF 1.4 L 8V SOHC L4 FLEX, 2019-2019.<\/td>\n<\/tr>\n<tr>\n<td>CHEVROLET CORSA SEDAN NUEVO PREMIUM , FLEXPOWER 4Y 1.8 L 8V SOHC L4 FLEX, 2004-2005.<\/td>\n<\/tr>\n<tr>\n<td>CHEVROLET CORSA SEDAN NEW JOY FLEX , FLEXPOWER 4Y 1.8 L 8V SOHC L4 FLEX, 2004-2005.<\/td>\n<\/tr>\n<tr>\n<td>CHEVROLET VECTRA GSI , DOHC SFI C20XE 2.0 L 16V DOHC L4 GASOLINA, 1993-1997.<\/td>\n<\/tr>\n<tr>\n<td>CHEVROLET CORSA HATCH NUEVO FLEX SUPER SPORT , FLEXPOWER X18XF 1.8 L 8V SOHC L4 FLEX, 2005-2007.<\/td>\n<\/tr>\n<tr>\n<td>CHEVROLET CORSA SED\u00c1N NUEVO PREMIUM , VHC X10YFH 1.0 L 8V SOHC L4 FLEX, 2005-2007.<\/td>\n<\/tr>\n<tr>\n<td>CHEVROLET COBALT LTZ FLEX G-2, NLEV N14YF 1.4 L 8V SOHC L4 FLEX, 2019-2019.<\/td>\n<\/tr>\n<tr>\n<td>CHEVROLET CORSA SED\u00c1N NUEVO PREMIUM , NLEV N10YFH 1.0 L 8V SOHC L4 FLEX, 2010-2010.<\/td>\n<\/tr>\n<tr>\n<td>CHEVROLET CORSA HATCH NEW JOY FLEX , FLEXPOWER 4Y 1.8 L 8V SOHC L4 FLEX, 2004-2005.<\/td>\n<\/tr>\n<tr>\n<td>CHEVROLET CORSA HATCH NUEVO PREMIUM , VHC X10YFH 1.0 L 8V SOHC L4 FLEX, 2005-2007.<\/td>\n<\/tr>\n<tr>\n<td>CHEVROLET CORSA SED\u00c1N NUEVO PREMIUM , FLEXPOWER X18XF 1.8 L 8V SOHC L4 FLEX, 2006-2007.<\/td>\n<\/tr>\n<tr>\n<td>CHEVROLET CORSA SEDAN NEW MAXX , FLEXPOWER X18XF 1.8 L 8V SOHC L4 FLEX, 2008-2009.<\/td>\n<\/tr>\n<tr>\n<td>CHEVROLET CORSA HATCH NUEVO PREMIUM , FLEXPOWER 4Y 1.8 L 8V SOHC L4 FLEX, 2004-2005.<\/td>\n<\/tr>\n<tr>\n<td>CHEVROLET CORSA SEDAN NUEVO PREMIUM , FLEXPOWER X18XF 1.8 L 8V SOHC L4 FLEX, 2008-2009.<\/td>\n<\/tr>\n<tr>\n<td>CHEVROLET CORSA HATCH NUEVO FLEX SUPER SPORT , FLEXPOWER X18XF 1.8 L 8V SOHC L4 FLEX, 2008-2010.<\/td>\n<\/tr>\n<tr>\n<td>CHEVROLET CORSA SEDAN NEW JOY FLEX , FLEXPOWER X18XF 1.8 L 8V SOHC L4 FLEX, 2006-2007.<\/td>\n<\/tr>\n<tr>\n<td>CHEVROLET CORSA HATCH NEW JOY FLEX , FLEXPOWER X18XF 1.8 L 8V SOHC L4 FLEX, 2006-2007.<\/td>\n<\/tr>\n<tr>\n<td>CHEVROLET COBALT LT FLEX G-2, NLEV N14YF 1.4 L 8V SOHC L4 FLEX, 2020-2021.<\/td>\n<\/tr>\n<tr>\n<td>CHEVROLET CORSA HATCH NUEVO PREMIUM , FLEXPOWER X18XF 1.8 L 8V SOHC L4 FLEX, 2006-2007.<\/td>\n<\/tr>\n<tr>\n<td>CHEVROLET CORSA HATCH NEW MAXX , FLEXPOWER X18XF 1.8 L 8V SOHC L4 FLEX, 2006-2007.<\/td>\n<\/tr>\n<tr>\n<td>CHEVROLET COBALT LTZ FLEX G-2, NLEV N14YF 1.4 L 8V SOHC L4 FLEX, 2020-2021.<\/td>\n<\/tr>\n<tr>\n<td>CHEVROLET SPIN LTZ G-2, NLEV N18XFH 1.8 L 8V SOHC L4 FLEX, 2020-2022.<\/td>\n<\/tr>\n<tr>\n<td>CHEVROLET CORSA HATCH NUEVO PREMIUM , FLEXPOWER X18XF 1.8 L 8V SOHC L4 FLEX, 2008-2010.<\/td>\n<\/tr>\n<tr>\n<td>CHEVROLET CORSA SED\u00c1N NUEVO 1.8 8V , SOHC MPFI C18NE 1.8 L 8V SOHC L4 GASOLINA, 2009-2010.<\/td>\n<\/tr>\n<tr>\n<td>CHEVROLET CORSA NEW PREMIUM NLEV , ECONOFLEX X14YFH 1.4 L 8V SOHC L4 FLEX, 2007-2007.<\/td>\n<\/tr>\n<tr>\n<td>CHEVROLET CORSA SED\u00c1N NUEVO PREMIUM , VHC X10YFH 1.0 L 8V SOHC L4 FLEX, 2008-2008.<\/td>\n<\/tr>\n<tr>\n<td>CHEVROLET CORSA SED\u00c1N NEW JOY FLEX , VHC X10YFH 1.0 L 8V SOHC L4 FLEX, 2008-2008.<\/td>\n<\/tr>\n<tr>\n<td>CHEVROLET CORSA HATCH NUEVO 1.8 8V , SOHC MPFI CE18NE 1.8 L 8V SOHC L4 GASOLINA, 2008-2010.<\/td>\n<\/tr>\n<tr>\n<td>CHEVROLET CORSA HATCH NUEVO PREMIUM , VHC X10YFH 1.0 L 8V SOHC L4 FLEX, 2008-2008.<\/td>\n<\/tr>\n<tr>\n<td>CHEVROLET CORSA SED\u00c1N NEW MAXX , VHC X10YFH 1.0 L 8V SOHC L4 FLEX, 2008-2008.<\/td>\n<\/tr>\n<tr>\n<td>CHEVROLET CORSA SUPER , VHC X10YFH 1.0 L 8V SOHC L4 FLEX, 2007-2007.<\/td>\n<\/tr>\n<tr>\n<td>CHEVROLET CORSA GL , VHC C10YEH 1.0 L 8V SOHC L4 GASOLINA, 2005-2005.<\/td>\n<\/tr>\n<tr>\n<td>CHEVROLET CORSA HATCH NUEVO 1.0 8V MPFI , VHC C10YEH 1.0 L 8V SOHC L4 GASOLINA, 2009-2009.<\/td>\n<\/tr>\n<tr>\n<td>CHEVROLET CORSA HATCH NEW JOY FLEX , FLEXPOWER X18XF 1.8 L 8V SOHC L4 FLEX, 2008-2008.<\/td>\n<\/tr>\n<tr>\n<td>CHEVROLET CORSA HATCH NEW MAXX , FLEXPOWER X18XF 1.8 L 8V SOHC L4 FLEX, 2008-2008.<\/td>\n<\/tr>\n<tr>\n<td>CHEVROLET CORSA SEDAN NEW JOY FLEX , FLEXPOWER X18XF 1.8 L 8V SOHC L4 FLEX, 2008-2008.<\/td>\n<\/tr>\n<\/tbody>\n<\/table>\n<div><\/div>\n<div>ATENCI\u00d3N:<\/div>\n<div>Recomendamos que la instalaci\u00f3n la realice un profesional formado y especializado.<\/div>\n<div>Solo adquiere este producto con la certeza de que es compatible con tu veh\u00edculo, si tienes dudas, no dudes en buscarnos. Nuestro horario de apertura es de lunes a viernes de 8 a 18 h.<\/div>\n<div><\/div>\n<div>Sobre nosotros<\/div>\n<div>COM Automotive est\u00e1 especializada en piezas de autom\u00f3vil de dise\u00f1o original para el sector de la reparaci\u00f3n posventa, clientes industriales y fabricantes de veh\u00edculos especiales OEM.<\/div>\n<div>Nuestro equipo tiene m\u00e1s de 28 a\u00f1os de experiencia en la fabricaci\u00f3n y el suministro de piezas de automoci\u00f3n a escala mundial.<\/div>\n<div>Nuestra MISI\u00d3N es ofrecer productos de dise\u00f1o original con una calidad impecable y una sustituci\u00f3n personalizada.<\/div>\n<div>Nuestra VISI\u00d3N es promover el crecimiento y un valor inigualable para nuestros clientes.<\/div>\n","protected":false},"excerpt":{"rendered":"<p>8000.9427-COM. Compatible con: 70004N120A, 94721926, 0124515092, 0124515186, F042300146, T002000022, 439427, SSG10S012, CVS082421, SG10B012, 50010VLP, ZEN 42010, EURO 70004N120A, HAL0071, 8EL011710071, DITA 10139, 80009427.  Marca: COM Automotive &#8211; Producto con calidad y dise\u00f1o originales.<\/p>\n","protected":false},"featured_media":18502,"comment_status":"open","ping_status":"closed","template":"","meta":[],"product_brand":[],"product_cat":[8109],"product_tag":[36752,36755,36759,10933,10940,36760,36754,36763,36765,36764,36761,10404,36758,36756,36753,36757,10930,10935],"class_list":{"0":"post-15446","1":"product","2":"type-product","3":"status-publish","4":"has-post-thumbnail","6":"product_cat-alternador-es-2","7":"product_tag-0124515092-es","8":"product_tag-0124515186-es","9":"product_tag-10s012-es","10":"product_tag-439427-es","11":"product_tag-439427-com-es","12":"product_tag-50010vlp-es","13":"product_tag-70004n120a-es","14":"product_tag-8000-9427-com-es","15":"product_tag-80009427-es","16":"product_tag-80009427-com-es","17":"product_tag-8el011710071-es","18":"product_tag-94721926-es","19":"product_tag-cvs082421-es","20":"product_tag-f042300146-es","21":"product_tag-sg10b012-es","22":"product_tag-ssg10s012-es","23":"product_tag-t002000022-es","24":"product_tag-zen-42010-es","26":"first","27":"instock","28":"taxable","29":"shipping-taxable","30":"purchasable","31":"product-type-simple"},"_links":{"self":[{"href":"https:\/\/com-automotive.com\/es\/wp-json\/wp\/v2\/product\/15446","targetHints":{"allow":["GET"]}}],"collection":[{"href":"https:\/\/com-automotive.com\/es\/wp-json\/wp\/v2\/product"}],"about":[{"href":"https:\/\/com-automotive.com\/es\/wp-json\/wp\/v2\/types\/product"}],"replies":[{"embeddable":true,"href":"https:\/\/com-automotive.com\/es\/wp-json\/wp\/v2\/comments?post=15446"}],"wp:featuredmedia":[{"embeddable":true,"href":"https:\/\/com-automotive.com\/es\/wp-json\/wp\/v2\/media\/18502"}],"wp:attachment":[{"href":"https:\/\/com-automotive.com\/es\/wp-json\/wp\/v2\/media?parent=15446"}],"wp:term":[{"taxonomy":"product_brand","embeddable":true,"href":"https:\/\/com-automotive.com\/es\/wp-json\/wp\/v2\/product_brand?post=15446"},{"taxonomy":"product_cat","embeddable":true,"href":"https:\/\/com-automotive.com\/es\/wp-json\/wp\/v2\/product_cat?post=15446"},{"taxonomy":"product_tag","embeddable":true,"href":"https:\/\/com-automotive.com\/es\/wp-json\/wp\/v2\/product_tag?post=15446"}],"curies":[{"name":"wp","href":"https:\/\/api.w.org\/{rel}","templated":true}]}}