{"id":15442,"date":"2023-10-23T15:17:46","date_gmt":"2023-10-23T18:17:46","guid":{"rendered":"https:\/\/com-automotive.com\/alternador-24v-80a-0124555118-0124555117-1976291-para-daf-cf85-xf105-2013\/"},"modified":"2025-09-30T08:48:59","modified_gmt":"2025-09-30T11:48:59","slug":"alternador-24v-80a-0124555118-0124555117-1976291-para-daf-cf85-xf105-2013","status":"publish","type":"product","link":"https:\/\/com-automotive.com\/es\/alternador-24v-80a-0124555118-0124555117-1976291-para-daf-cf85-xf105-2013\/","title":{"rendered":"Alternador 24V 80A 8PK compatible 0124555118 para DAF XF105 CF85 Euro5 A\u00f1o13&gt;<span class=\"product-sku\" style=\"display: block; font-size: 0.85em; color: #777; margin-top: 5px; margin-bottom: 5px;\">SKU: 8000.5118-COM<\/span>"},"content":{"rendered":"<h1><strong>COM-AUTOMOTIVE, producto con Calidad y Dise\u00f1o Original.<\/strong><\/h1>\n<p>Alternador 24V 80A 8PK compatible 0124555118 para DAF XF105 CF85 Euro5 A\u00f1o13&gt;&gt;<\/p>\n<h2>Preguntas m\u00e1s frecuentes<\/h2>\n<h3><strong>\u00bfCu\u00e1les son las referencias cruzadas de este producto de la marca COM Automotive?<\/strong><\/h3>\n<p>124555117, 0124555118, 1976291, 1626130, 1927311, MB0124555117, 20126N<\/p>\n<h2><strong>Tabla de aplicaci\u00f3n<\/strong><\/h2>\n<table width=\"868\">\n<tbody>\n<tr>\n<td width=\"868\">DAF XF105 FTT 510 COMFORT CAB , PACCAR MX13 MX13 12.9 L 24V SOHV L6 DIESEL, 2015-2023.<\/td>\n<\/tr>\n<tr>\n<td>DAF XF105 FTS 460 COMFORT CAB , PACCAR MX13 MX13 12.9 L 24V SOHV L6 DIESEL, 2015-2023.<\/td>\n<\/tr>\n<tr>\n<td>DAF CF85 FTS 410 , PACCAR MX-13 MX-13 12,9 L 24V SOHV L6 DIESEL, 2015-2023.<\/td>\n<\/tr>\n<tr>\n<td>DAF XF FTT 480 SPACE CAB , PACCAR MX-13 MX-13 12.9 L 24V SOHV L6 DIESEL, 2020-2023.<\/td>\n<\/tr>\n<tr>\n<td>DAF XF FTS 480 SUPER SPACE CAB , PACCAR MX-13 MX-13 12.9 L 24V SOHV L6 DIESEL, 2020-2023.<\/td>\n<\/tr>\n<tr>\n<td>DAF XF105 FTS 460 , PACCAR MX340 MX13 12.9 L 24V SOHV L6 DIESEL, 2014-2018.<\/td>\n<\/tr>\n<tr>\n<td>DAF XF105 FTS 510 , PACCAR MX-13 MX-13 12,9 L 24V SOHV L6 DIESEL, 2017-2023.<\/td>\n<\/tr>\n<tr>\n<td>DAF XF105 FTT 460 COMFORT CAB , PACCAR MX340 MX13 12.9 L 24V SOHV L6 DIESEL, 2015-2018.<\/td>\n<\/tr>\n<tr>\n<td>DAF CF85 FT 410 , PACCAR MX-13 12,9 L 24V SOHV L6 DIESEL, 2017-2023.<\/td>\n<\/tr>\n<tr>\n<td>DAF XF105 FTT 460 , PACCAR MX340 MX13 12.9 L 24V SOHV L6 DIESEL, 2014-2020.<\/td>\n<\/tr>\n<tr>\n<td>DAF XF105 FTT 510 SPACE CAB , PACCAR MX13 MX13 12.9 L 24V SOHV L6 DIESEL, 2015-2018.<\/td>\n<\/tr>\n<tr>\n<td>DAF XF105 FTT 510 SUPER SPACE CAB , PACCAR MX13 MX13 12.9 L 24V SOHV L6 DIESEL, 2015-2018.<\/td>\n<\/tr>\n<tr>\n<td>DAF XF105 FTS 460 SPACE CAB , PACCAR MX13 MX13 12.9 L 24V SOHV L6 DIESEL, 2015-2018.<\/td>\n<\/tr>\n<tr>\n<td>DAF XF105 FTS 410 , PACCAR MX300 MX13 12.9 L 24V SOHV L6 DIESEL, 2013-2016.<\/td>\n<\/tr>\n<tr>\n<td>DAF XF105 FTS 460 SUPER SPACE CAB , PACCAR MX13 MX13 12.9 L 24V SOHV L6 DIESEL, 2015-2018.<\/td>\n<\/tr>\n<tr>\n<td>DAF XF105 FTT 460 SPACE CAB , PACCAR MX340 MX13 12.9 L 24V SOHV L6 DIESEL, 2015-2018.<\/td>\n<\/tr>\n<tr>\n<td>DAF CF85 OFF-ROAD , PACCAR MX-13 MX-13 12.9 L 24V SOHV L6 DIESEL, 2019-2023.<\/td>\n<\/tr>\n<tr>\n<td>DAF XF105 FT 460 , PACCAR MX-13 MX-13 12,9 L 24V SOHV L6 DIESEL, 2019-2023.<\/td>\n<\/tr>\n<tr>\n<td>DAF XF105 FTS 410 COMFORT CAB , PACCAR MX300 MX13 12.9 L 24V SOHV L6 DIESEL, 2015-2016.<\/td>\n<\/tr>\n<tr>\n<td>DAF XF105 FTT 460 SUPER SPACE CAB , PACCAR MX340 MX13 12.9 L 24V SOHV L6 DIESEL, 2015-2018.<\/td>\n<\/tr>\n<tr>\n<td>DAF XF105 FTT 410 , PACCAR MX300 MX13 12.9 L 24V SOHV L6 DIESEL, 2013-2013.<\/td>\n<\/tr>\n<tr>\n<td>DAF CF85 FT 360 , PACCAR MX-13 12,9 L 24V SOHV L6 DIESEL, 2017-2023.<\/td>\n<\/tr>\n<tr>\n<td>DAF CF85 FT 410 , PACCAR MX300 MX13 12.9 L 24V SOHV L6 DIESEL, 2005-2011.<\/td>\n<\/tr>\n<tr>\n<td>DAF XF105 FTS 410 SPACE CAB , PACCAR MX300 MX13 12.9 L 24V SOHV L6 DIESEL, 2015-2016.<\/td>\n<\/tr>\n<tr>\n<td>DAF XF FTS 530 SUPER SPACE CAB , PACCAR MX-13 MX-13 12.9 L 24V SOHV L6 DIESEL, 2020-2023.<\/td>\n<\/tr>\n<tr>\n<td>DAF XF105 FT 510 , PACCAR MX-13 MX-13 12,9 L 24V SOHV L6 DIESEL, 2020-2023.<\/td>\n<\/tr>\n<tr>\n<td>DAF XF105 FTS 410 SUPER SPACE CAB , PACCAR MX300 MX13 12.9 L 24V SOHV L6 DIESEL, 2015-2016.<\/td>\n<\/tr>\n<tr>\n<td>DAF XF FT 480 SUPER SPACE CAB , PACCAR MX-13 MX-13 12.9 L 24V SOHV L6 DIESEL, 2020-2023.<\/td>\n<\/tr>\n<tr>\n<td>DAF XF FT 530 SUPER SPACE CAB , PACCAR MX-13 MX-13 12.9 L 24V SOHV L6 DIESEL, 2020-2023.<\/td>\n<\/tr>\n<tr>\n<td>DAF XF FTT 480 SUPER SPACE CAB , PACCAR MX-13 MX-13 12.9 L 24V SOHV L6 DIESEL, 2020-2023.<\/td>\n<\/tr>\n<tr>\n<td>DAF XF105 FT 410 , PACCAR MX300 MX13 12.9 L 24V SOHV L6 DIESEL, 2014-2015.<\/td>\n<\/tr>\n<tr>\n<td>DAF CF85 FTS 360 , PACCAR MX-13 12.9 L 24V SOHV L6 DIESEL, 2017-2017.<\/td>\n<\/tr>\n<\/tbody>\n<\/table>\n<div><strong>ATENCI\u00d3N:<\/strong><\/div>\n<div>Recomendamos que la instalaci\u00f3n del producto sea realizada por un profesional capacitado y especializado.<\/div>\n<div>Solo realiza la compra de este producto con la certeza de que es compatible con tu veh\u00edculo, si tienes alguna duda, no dudes en ponerte en contacto con nosotros. Nuestro horario de apertura es de lunes a viernes de 8 a 18 h.<\/div>\n<div><\/div>\n<div><strong>SOBRE NOSOTROS:<\/strong><\/div>\n<div>COM Automotive est\u00e1 especializada en piezas de autom\u00f3vil de dise\u00f1o original para el sector de la reparaci\u00f3n posventa, clientes industriales y fabricantes de veh\u00edculos especiales OEM.<\/div>\n<div>Nuestro equipo tiene m\u00e1s de 28 a\u00f1os de experiencia en la fabricaci\u00f3n y el suministro de piezas de automoci\u00f3n a escala mundial.<\/div>\n<div>Nuestra <strong>MISI\u00d3N <\/strong> es ofrecer productos de dise\u00f1o original con una calidad impecable y una sustituci\u00f3n personalizada.<\/div>\n<div>Nuestra <strong>VISI\u00d3N<\/strong> es promover el crecimiento y un valor inigualable para nuestros clientes.<\/div>\n<div><\/div>\n<div><strong>DISE\u00d1O ORIGINAL<\/strong><\/div>\n<div>El t\u00e9rmino \u00abDise\u00f1o Original\u00bb se refiere a la percepci\u00f3n \u00fanica e innovadora y a la propuesta de valor de los productos de COM Automotive, as\u00ed como a la experiencia ofrecida durante su compra. Esto abarca no solo el empaque y la est\u00e9tica del producto, sino tambi\u00e9n la autenticidad y creatividad de la marca. COM Automotive busca ofrecer productos de alta calidad que satisfagan las necesidades de la industria del mercado de repuestos, aline\u00e1ndose con su Visi\u00f3n, Misi\u00f3n y Valores.  <\/div>\n<div><\/div>\n<div><strong>NOTAR:<\/strong><\/div>\n<div>C\u00f3digo de Protecci\u00f3n al Consumidor (CDC): La Ley N\u00b0 8.078, de 11 de septiembre de 1990, establece que la informaci\u00f3n proporcionada al consumidor debe ser clara y precisa. El art\u00edculo 31 del CDC exige que la publicidad y el etiquetado de los productos y servicios sean veraces y no induzcan a error al consumidor. Esto incluye asegurarse de que la informaci\u00f3n sobre la compatibilidad, la marca y las caracter\u00edsticas se describa correctamente para evitar malentendidos. El uso del t\u00e9rmino \u00abcompatible\u00bb tambi\u00e9n est\u00e1 regulado por los grandes mercados en el mercado para la catalogaci\u00f3n adecuada de productos y la aplicaci\u00f3n automotriz.   <\/div>\n","protected":false},"excerpt":{"rendered":"<p>8000.5118-COM. Compatible con: 1976291, 1626130, 1927311, 0124555581, 0124555117, 0124555118, 20126N, 80005118.  Marca: COM Automotive &#8211; Producto con calidad y dise\u00f1o originales.<\/p>\n","protected":false},"featured_media":18880,"comment_status":"open","ping_status":"closed","template":"","meta":[],"product_brand":[],"product_cat":[8109],"product_tag":[33054,33055,33059,33057,33058,33056,33060,33061,33063,33062],"class_list":{"0":"post-15442","1":"product","2":"type-product","3":"status-publish","4":"has-post-thumbnail","6":"product_cat-alternador-es-2","7":"product_tag-0124555117-es","8":"product_tag-0124555118-es","9":"product_tag-0124555118-com-es","10":"product_tag-1626130-es","11":"product_tag-1927311-es","12":"product_tag-1976291-es","13":"product_tag-20126n-es","14":"product_tag-8000-5118-com-es","15":"product_tag-80005118-es","16":"product_tag-80005118-com-es","18":"first","19":"instock","20":"taxable","21":"shipping-taxable","22":"purchasable","23":"product-type-simple"},"_links":{"self":[{"href":"https:\/\/com-automotive.com\/es\/wp-json\/wp\/v2\/product\/15442","targetHints":{"allow":["GET"]}}],"collection":[{"href":"https:\/\/com-automotive.com\/es\/wp-json\/wp\/v2\/product"}],"about":[{"href":"https:\/\/com-automotive.com\/es\/wp-json\/wp\/v2\/types\/product"}],"replies":[{"embeddable":true,"href":"https:\/\/com-automotive.com\/es\/wp-json\/wp\/v2\/comments?post=15442"}],"wp:featuredmedia":[{"embeddable":true,"href":"https:\/\/com-automotive.com\/es\/wp-json\/wp\/v2\/media\/18880"}],"wp:attachment":[{"href":"https:\/\/com-automotive.com\/es\/wp-json\/wp\/v2\/media?parent=15442"}],"wp:term":[{"taxonomy":"product_brand","embeddable":true,"href":"https:\/\/com-automotive.com\/es\/wp-json\/wp\/v2\/product_brand?post=15442"},{"taxonomy":"product_cat","embeddable":true,"href":"https:\/\/com-automotive.com\/es\/wp-json\/wp\/v2\/product_cat?post=15442"},{"taxonomy":"product_tag","embeddable":true,"href":"https:\/\/com-automotive.com\/es\/wp-json\/wp\/v2\/product_tag?post=15442"}],"curies":[{"name":"wp","href":"https:\/\/api.w.org\/{rel}","templated":true}]}}