{"id":15441,"date":"2023-10-23T15:17:42","date_gmt":"2023-10-23T18:17:42","guid":{"rendered":"https:\/\/com-automotive.com\/alternador-12v-90amp-f000bl04z2-f000bl04z1-270600c131-toyota-hilux-sw-bosch-seg\/"},"modified":"2023-10-23T15:17:42","modified_gmt":"2023-10-23T18:17:42","slug":"alternador-12v-90amp-f000bl04z2-f000bl04z1-270600c131-toyota-hilux-sw-bosch-seg","status":"publish","type":"product","link":"https:\/\/com-automotive.com\/es\/alternador-12v-90amp-f000bl04z2-f000bl04z1-270600c131-toyota-hilux-sw-bosch-seg\/","title":{"rendered":"Alternador 12V 90Amp F000BL04Z2 F000BL04Z1 270600C131 TOYOTA HILUX SW BOSCH SEG<span class=\"product-sku\" style=\"display: block; font-size: 0.85em; color: #777; margin-top: 5px; margin-bottom: 5px;\">SKU: F000BL04Z2-COM<\/span>"},"content":{"rendered":"<h1>Calidad de dise\u00f1o original COM-AUTOMOTIVE.<\/h1>\n<p>Alternador F000BL04Z2 12V 90Amp con polea &#8211; Dise\u00f1o: BOSCH SEG &#8211; OEM: TOYOTA HILUX SW<\/p>\n<h2>Preguntas m\u00e1s frecuentes<\/h2>\n<h3><strong>\u00bfCu\u00e1les son las referencias cruzadas?<\/strong><\/h3>\n<p>F000BL04Z1, F000BL04Z2, 270600C131<\/p>\n<h2><strong>TABLA DE APLICACI\u00d3N<\/strong><\/h2>\n<table width=\"1036\">\n<tbody>\n<tr>\n<td width=\"1036\">TOYOTA HILUX SRV G-8, 1GDFTV 1GD-FTV 2.8 L 16V DOHC L4 DIESEL, 2016-2023.<\/td>\n<\/tr>\n<tr>\n<td>TOYOTA HILUX SRX G-8, 1GDFTV 1GD-FTV 2.8 L 16V DOHC L4 DIESEL, 2016-2023.<\/td>\n<\/tr>\n<tr>\n<td>TOYOTA HILUX SW4 SRX , 1GDFTV 1GD-FTV 2.8 L 16V DOHC L4 DIESEL, 2016-2023.<\/td>\n<\/tr>\n<tr>\n<td>TOYOTA HILUX SR G-8, 1GDFTV 1GD-FTV 2.8 L 16V DOHC L4 DIESEL, 2016-2023.<\/td>\n<\/tr>\n<tr>\n<td>TOYOTA HILUX STD CD G-8, 1GDFTV 1GD-FTV 2.8 L 16V DOHC L4 DIESEL, 2016-2023.<\/td>\n<\/tr>\n<tr>\n<td>TOYOTA HILUX SW4 SR MT , 2TR-FBE 2TR-FBE 2.7 L 16V DOHC L4 FLEX, 2012-2015.<\/td>\n<\/tr>\n<tr>\n<td>TOYOTA HILUX SRV 2.7 4X4 , 2TR-FBE 2TR-FBE 2.7 L 16V DOHC L4 FLEX, 2017-2023.<\/td>\n<\/tr>\n<tr>\n<td>TOYOTA HILUX STD CABINA SENCILLA G-8, 1GDFTV 1GD-FTV 2.8 L 16V DOHC L4 DIESEL, 2016-2023.<\/td>\n<\/tr>\n<tr>\n<td>TOYOTA HILUX SW4 SR 2.7 , 2TR-FBE 2TR-FBE 2.7 L 16V DOHC L4 FLEX, 2017-2019.<\/td>\n<\/tr>\n<tr>\n<td>TOYOTA HILUX SRV 4X4 EN CD , 2TR-FBE 2TR-FBE 2.7 L 16V DOHC L4 FLEX, 2012-2015.<\/td>\n<\/tr>\n<tr>\n<td>TOYOTA HILUX CHASIS G-8, 1GDFTV 1GD-FTV 2.8 L 16V DOHC L4 DIESEL, 2016-2023.<\/td>\n<\/tr>\n<tr>\n<td>TOYOTA HILUX SRV 2.7 4X2 , 2TR-FBE 2TR-FBE 2.7 L 16V DOHC L4 FLEX, 2017-2023.<\/td>\n<\/tr>\n<tr>\n<td>TOYOTA HILUX SW4 SR AT , 2TR-FBE 2TR-FBE 2.7 L 16V DOHC L4 FLEX, 2012-2015.<\/td>\n<\/tr>\n<tr>\n<td>TOYOTA HILUX SW4 SRX 4.0 V6 4X4 AT , 1GR-FE 4.0 L 24V DOHC V6 GASOLINA, 2016-2018.<\/td>\n<\/tr>\n<tr>\n<td>TOYOTA HILUX SW4 SR 2.7 AT , 2TR-FBE 2TR-FBE 2.7 L 16V DOHC L4 FLEX, 2017-2023.<\/td>\n<\/tr>\n<tr>\n<td>TOYOTA HILUX STD 4X4 MT CD , 2TR-FBE 2TR-FBE 2.7 L 16V DOHC L4 FLEX, 2012-2015.<\/td>\n<\/tr>\n<tr>\n<td>TOYOTA HILUX SW4 SRX DIAMOND , 1GDFTV 1GD-FTV 2.8 L 16V DOHC L4 DIESEL, 2019-2023.<\/td>\n<\/tr>\n<tr>\n<td>TOYOTA HILUX SR 2.7 AT , 2TR-FBE 2TR-FBE 2.7 L 16V DOHC L4 FLEX, 2017-2023.<\/td>\n<\/tr>\n<tr>\n<td>TOYOTA HILUX SR 4X2 EN CD , 2TR-FBE 2TR-FBE 2.7 L 16V DOHC L4 FLEX, 2012-2015.<\/td>\n<\/tr>\n<tr>\n<td>TOYOTA HILUX SW4 SRV 2.7 AT , 2TR-FBE 2TR-FBE 2.7 L 16V DOHC L4 FLEX, 2019-2023.<\/td>\n<\/tr>\n<tr>\n<td>TOYOTA HILUX GR-S G-8, 1GDFTV 1GD-FTV 2.8 L 16V DOHC L4 DIESEL, 2019-2023.<\/td>\n<\/tr>\n<tr>\n<td>TOYOTA HILUX GR-S 4.0 V6 4X4 EN CD , 1GR-FE 4.0 L 24V DOHC V6 GASOLINA, 2020-2023.<\/td>\n<\/tr>\n<tr>\n<td>TOYOTA HILUX SR 2.7 MT , 2TR-FBE 2TR-FBE 2.7 L 16V DOHC L4 FLEX, 2019-2019.<\/td>\n<\/tr>\n<tr>\n<td>TOYOTA HILUX SW4 SR , 1GDFTV 1GD-FTV 2.8 L 16V DOHC L4 DIESEL, 2019-2019.<\/td>\n<\/tr>\n<tr>\n<td>TOYOTA HILUX SR CHALLENGE G-8, 1GDFTV 1GD-FTV 2.8 L 16V DOHC L4 DIESEL, 2019-2019.<\/td>\n<\/tr>\n<\/tbody>\n<\/table>\n<p>&nbsp;<\/p>\n<div>ATENCI\u00d3N:<\/div>\n<div>Recomendamos que la instalaci\u00f3n la realice un profesional formado y especializado.<\/div>\n<div>S\u00f3lo compra este producto si est\u00e1s seguro de que es compatible con tu veh\u00edculo. Si tienes alguna duda, no dudes en ponerte en contacto con nosotros. Nuestro horario de apertura es de lunes a viernes de 8 a 18 h.<\/div>\n<div><\/div>\n<div>Sobre nosotros<\/div>\n<div>COM Automotive est\u00e1 especializada en piezas de autom\u00f3vil de dise\u00f1o original para el sector de la reparaci\u00f3n posventa, clientes industriales y fabricantes de veh\u00edculos especiales OEM.<\/div>\n<div>Nuestro equipo tiene m\u00e1s de 28 a\u00f1os de experiencia en la fabricaci\u00f3n y el suministro de piezas de automoci\u00f3n a escala mundial.<\/div>\n<div>Nuestra MISI\u00d3N es ofrecer productos de dise\u00f1o original con una calidad impecable y una sustituci\u00f3n personalizada.<\/div>\n<div>Nuestra VISI\u00d3N es promover el crecimiento y un valor inigualable para nuestros clientes.<\/div>\n","protected":false},"excerpt":{"rendered":"<p>Alternador F000BL04Z2 12V 90Amp con polea &#8211; Dise\u00f1o: BOSCH SEG &#8211; OEM: TOYOTA HILUX SW<\/p>\n","protected":false},"featured_media":3901,"comment_status":"closed","ping_status":"closed","template":"","meta":[],"product_brand":[],"product_cat":[8109,8542],"product_tag":[9094,10075,10170],"class_list":{"0":"post-15441","1":"product","2":"type-product","3":"status-publish","4":"has-post-thumbnail","6":"product_cat-alternador-es-2","7":"product_cat-sempreco-es","8":"product_tag-12v-es","9":"product_tag-90amp-es","10":"product_tag-b3-es","12":"first","13":"instock","14":"taxable","15":"shipping-taxable","16":"purchasable","17":"product-type-simple"},"_links":{"self":[{"href":"https:\/\/com-automotive.com\/es\/wp-json\/wp\/v2\/product\/15441","targetHints":{"allow":["GET"]}}],"collection":[{"href":"https:\/\/com-automotive.com\/es\/wp-json\/wp\/v2\/product"}],"about":[{"href":"https:\/\/com-automotive.com\/es\/wp-json\/wp\/v2\/types\/product"}],"replies":[{"embeddable":true,"href":"https:\/\/com-automotive.com\/es\/wp-json\/wp\/v2\/comments?post=15441"}],"wp:featuredmedia":[{"embeddable":true,"href":"https:\/\/com-automotive.com\/es\/wp-json\/wp\/v2\/media\/3901"}],"wp:attachment":[{"href":"https:\/\/com-automotive.com\/es\/wp-json\/wp\/v2\/media?parent=15441"}],"wp:term":[{"taxonomy":"product_brand","embeddable":true,"href":"https:\/\/com-automotive.com\/es\/wp-json\/wp\/v2\/product_brand?post=15441"},{"taxonomy":"product_cat","embeddable":true,"href":"https:\/\/com-automotive.com\/es\/wp-json\/wp\/v2\/product_cat?post=15441"},{"taxonomy":"product_tag","embeddable":true,"href":"https:\/\/com-automotive.com\/es\/wp-json\/wp\/v2\/product_tag?post=15441"}],"curies":[{"name":"wp","href":"https:\/\/api.w.org\/{rel}","templated":true}]}}