{"id":15440,"date":"2023-10-23T15:17:37","date_gmt":"2023-10-23T18:17:37","guid":{"rendered":"https:\/\/com-automotive.com\/alternador-12v-110a-f000bl061g-f000bl061k-52149928-mobi-uno-strada-ram-16\/"},"modified":"2023-10-23T15:17:37","modified_gmt":"2023-10-23T18:17:37","slug":"alternador-12v-110a-f000bl061g-f000bl061k-52149928-mobi-uno-strada-ram-16","status":"publish","type":"product","link":"https:\/\/com-automotive.com\/es\/alternador-12v-110a-f000bl061g-f000bl061k-52149928-mobi-uno-strada-ram-16\/","title":{"rendered":"Alternador 12V 110A F000BL061G F000BL061K 52149928 Mobi Uno Strada RAM 16&gt;<span class=\"product-sku\" style=\"display: block; font-size: 0.85em; color: #777; margin-top: 5px; margin-bottom: 5px;\">SKU: 8000.0928-COM<\/span>"},"content":{"rendered":"<h1>Calidad de dise\u00f1o original COM-AUTOMOTIVE.<\/h1>\n<p>Alternador F000BL061G 12V 60\/110A con polea &#8211; Dise\u00f1o: BOSCH SEG &#8211; OEM: FIAT MOBI UNO<\/p>\n<h2>Preguntas m\u00e1s frecuentes<\/h2>\n<h3><strong>\u00bfCu\u00e1les son las referencias cruzadas?<\/strong><\/h3>\n<p>F000BL061K, F000BL061G, 52149928, 521499280<\/p>\n<h2><strong>TABLA DE APLICACI\u00d3N<\/strong><\/h2>\n<table width=\"1036\">\n<tbody>\n<tr>\n<td width=\"1036\">FIAT CRONOS DRIVE 1.3 G-1, FIREFLY 1.3 L 8V SOHC L4 FLEX, 2018-2023.<\/td>\n<\/tr>\n<tr>\n<td>FIAT ARGO TREKKING 1.3 G-1, FIREFLY FIREFLY 1.3 L 8V SOHC L4 FLEX, 2019-2023.<\/td>\n<\/tr>\n<tr>\n<td>FIAT STRADA VOLCANO CD , FIREFLY FIREFLY 1.3 L 8V SOHC L4 FLEX, 2020-2023.<\/td>\n<\/tr>\n<tr>\n<td>FIAT STRADA FREEDOM CS , FIREFLY FIREFLY 1.3 L 8V SOHC L4 FLEX, 2020-2023.<\/td>\n<\/tr>\n<tr>\n<td>FIAT ARGO DRIVE 1.3 G-1, FIREFLY 1.3 L 8V SOHC L4 FLEX, 2017-2023.<\/td>\n<\/tr>\n<tr>\n<td>FIAT ARGO DRIVE 1.3 GSR G-1, FIREFLY FIREFLY 1.3 L 8V SOHC L4 FLEX, 2017-2023.<\/td>\n<\/tr>\n<tr>\n<td>FIAT CRONOS 1.3 G-1, FIREFLY 1.3 L 8V SOHC L4 FLEX, 2018-2023.<\/td>\n<\/tr>\n<tr>\n<td>FIAT CRONOS DRIVE 1.3 GSR G-1, FIREFLY 1.3 L 8V SOHC L4 FLEX, 2018-2023.<\/td>\n<\/tr>\n<\/tbody>\n<\/table>\n<div>ATENCI\u00d3N:<\/div>\n<div>Recomendamos que la instalaci\u00f3n la realice un profesional formado y especializado.<\/div>\n<div>S\u00f3lo compra este producto si est\u00e1s seguro de que es compatible con tu veh\u00edculo. Si tienes alguna duda, no dudes en ponerte en contacto con nosotros. Nuestro horario de apertura es de lunes a viernes de 8 a 18 h.<\/div>\n<div><\/div>\n<div>Sobre nosotros<\/div>\n<div>COM Automotive est\u00e1 especializada en piezas de autom\u00f3vil de dise\u00f1o original para el sector de la reparaci\u00f3n posventa, clientes industriales y fabricantes de veh\u00edculos especiales OEM.<\/div>\n<div>Nuestro equipo tiene m\u00e1s de 28 a\u00f1os de experiencia en la fabricaci\u00f3n y el suministro de piezas de automoci\u00f3n a escala mundial.<\/div>\n<div>Nuestra MISI\u00d3N es ofrecer productos de dise\u00f1o original con una calidad impecable y una sustituci\u00f3n personalizada.<\/div>\n<div>Nuestra VISI\u00d3N es promover el crecimiento y un valor inigualable para nuestros clientes.<\/div>\n","protected":false},"excerpt":{"rendered":"<p>F000BL061G-COM. En stock. Ref: F000BL061K, F000BL061G, 52149928, 521499280 &#8211; compatible con: FIAT MOBI UNO. Marca: COM Automotive &#8211; Producto con calidad y dise\u00f1o originales. Compatible con Bosch<\/p>\n","protected":false},"featured_media":20397,"comment_status":"open","ping_status":"closed","template":"","meta":[],"product_brand":[],"product_cat":[8109],"product_tag":[],"class_list":{"0":"post-15440","1":"product","2":"type-product","3":"status-publish","4":"has-post-thumbnail","6":"product_cat-alternador-es-2","8":"first","9":"instock","10":"taxable","11":"shipping-taxable","12":"purchasable","13":"product-type-simple"},"_links":{"self":[{"href":"https:\/\/com-automotive.com\/es\/wp-json\/wp\/v2\/product\/15440","targetHints":{"allow":["GET"]}}],"collection":[{"href":"https:\/\/com-automotive.com\/es\/wp-json\/wp\/v2\/product"}],"about":[{"href":"https:\/\/com-automotive.com\/es\/wp-json\/wp\/v2\/types\/product"}],"replies":[{"embeddable":true,"href":"https:\/\/com-automotive.com\/es\/wp-json\/wp\/v2\/comments?post=15440"}],"wp:featuredmedia":[{"embeddable":true,"href":"https:\/\/com-automotive.com\/es\/wp-json\/wp\/v2\/media\/20397"}],"wp:attachment":[{"href":"https:\/\/com-automotive.com\/es\/wp-json\/wp\/v2\/media?parent=15440"}],"wp:term":[{"taxonomy":"product_brand","embeddable":true,"href":"https:\/\/com-automotive.com\/es\/wp-json\/wp\/v2\/product_brand?post=15440"},{"taxonomy":"product_cat","embeddable":true,"href":"https:\/\/com-automotive.com\/es\/wp-json\/wp\/v2\/product_cat?post=15440"},{"taxonomy":"product_tag","embeddable":true,"href":"https:\/\/com-automotive.com\/es\/wp-json\/wp\/v2\/product_tag?post=15440"}],"curies":[{"name":"wp","href":"https:\/\/api.w.org\/{rel}","templated":true}]}}