{"id":15438,"date":"2023-10-23T15:18:07","date_gmt":"2023-10-23T18:18:07","guid":{"rendered":"https:\/\/com-automotive.com\/alternador-12v-85a-jf21929l-1025100gg010-jac-j2-j3-turin\/"},"modified":"2023-10-23T15:18:07","modified_gmt":"2023-10-23T18:18:07","slug":"alternador-12v-85a-jf21929l-1025100gg010-jac-j2-j3-turin","status":"publish","type":"product","link":"https:\/\/com-automotive.com\/es\/alternador-12v-85a-jf21929l-1025100gg010-jac-j2-j3-turin\/","title":{"rendered":"Alternador 12V 85A JF21929L 1025100GG010 JAC J2 J3 Tur\u00edn<span class=\"product-sku\" style=\"display: block; font-size: 0.85em; color: #777; margin-top: 5px; margin-bottom: 5px;\">SKU: 8000.929L-COM<\/span>"},"content":{"rendered":"<h1>Calidad de dise\u00f1o original COM-AUTOMOTIVE.<\/h1>\n<p>Alternador JF21929L 12V 85A con polea &#8211; Dise\u00f1o: JAC &#8211; OEM: JAC<\/p>\n<h2>Preguntas m\u00e1s frecuentes<\/h2>\n<h3><strong>\u00bfCu\u00e1les son las referencias cruzadas?<\/strong><\/h3>\n<p>T002001004, JF21929L, 1025100GG010, ZEN 45003, Euro 70047<\/p>\n<h2><strong>TABLA DE APLICACI\u00d3N<\/strong><\/h2>\n<p>JAC J3 HATCH G-1, DOHC VVT HFC4EB1.3D 1.4 L 16V DOHC L4 GASOLINA, 2011-2012.<br \/>\nJAC J3 TURIN G-1, DOHC VVT HFC4EB1.3D 1.4 L 16V DOHC L4 GASOLINA, 2011-2013.<br \/>\nJAC J2 VVT G-1, DOHC VVT HFC4EB1.3D 1.4 L 16V DOHC L4 GASOLINA, 2012-2013.<br \/>\nJAC J3 HATCH G-1, DOHC VVT HFC4EB1.3D 1.4 L 16V DOHC L4 GASOLINA, 2014-2017.<br \/>\nJAC J2 VVT G-1, DOHC VVT HFC4EB1.3D 1.4 L 16V DOHC L4 GASOLINA, 2014-2017.<br \/>\nJAC J3 TURIN G-1, DOHC VVT HFC4EB1.3D 1.4 L 16V DOHC L4 GASOLINA, 2014-2016.<br \/>\nJAC J2 JET FLEX G-2, DOHC VVT HFC4EB1.3D 1.4 L 16V DOHC L4 FLEX, 2015-2016.<br \/>\nJAC J3 PLAY G-2, DOHC VVT HFC4EB1.3D 1.4 L 16V DOHC L4 GASOLINA, 2013-2013.<br \/>\nJAC J3 TURIN PLAY G-2, DOHC VVT HFC4EB1.3D 1.4 L 16V DOHC L4 GASOLINA, 2013-2013.<br \/>\nJAC J3 TURIN G-2, DOHC VVT HFC4EB1.3D 1.4 L 16V DOHC L4 GASOLINA, 2017-2017.<\/p>\n<p>COM Automotive est\u00e1 especializada en piezas de autom\u00f3vil de dise\u00f1o original para el sector de la reparaci\u00f3n posventa, clientes industriales y fabricantes de veh\u00edculos especiales OEM.<br \/>\nNuestro equipo tiene m\u00e1s de 28 a\u00f1os de experiencia en la fabricaci\u00f3n y el suministro de piezas de automoci\u00f3n a escala mundial.<br \/>\nNuestra MISI\u00d3N es ofrecer productos de dise\u00f1o original con una calidad impecable y una sustituci\u00f3n personalizada.<br \/>\nNuestra VISI\u00d3N es promover el crecimiento y un valor inigualable para nuestros clientes.<br \/>\nEquipo especializado<br \/>\nValoramos el conocimiento y la diversidad para retener y ganar a los mejores profesionales del mercado.<br \/>\nPresencia mundial<br \/>\nNuestro equipo est\u00e1 presente en los principales mercados y regiones del mundo: Am\u00e9rica, Sudam\u00e9rica y Asia.<br \/>\nM\u00e1s informaci\u00f3n en: www.com-automotive.com<\/p>\n","protected":false},"excerpt":{"rendered":"<p>JF21929L-COM. En stock. Ref: T002001004, JF21929L, 1025100GG010, ZEN 45003, EURO 70047 &#8211; compatible con: JAC. Marca: COM Automotive &#8211; Producto con calidad y dise\u00f1o originales. Compatible con JAC<\/p>\n","protected":false},"featured_media":20583,"comment_status":"open","ping_status":"closed","template":"","meta":[],"product_brand":[],"product_cat":[8109],"product_tag":[10901,10898,10896,10915,10893,10906],"class_list":{"0":"post-15438","1":"product","2":"type-product","3":"status-publish","4":"has-post-thumbnail","6":"product_cat-alternador-es-2","7":"product_tag-1025100gg010-es","8":"product_tag-euro-70047-es","9":"product_tag-jf21929l-es","10":"product_tag-jf21929l-com-es","11":"product_tag-t002001004-es","12":"product_tag-zen-45003-es","14":"first","15":"instock","16":"taxable","17":"shipping-taxable","18":"purchasable","19":"product-type-simple"},"_links":{"self":[{"href":"https:\/\/com-automotive.com\/es\/wp-json\/wp\/v2\/product\/15438","targetHints":{"allow":["GET"]}}],"collection":[{"href":"https:\/\/com-automotive.com\/es\/wp-json\/wp\/v2\/product"}],"about":[{"href":"https:\/\/com-automotive.com\/es\/wp-json\/wp\/v2\/types\/product"}],"replies":[{"embeddable":true,"href":"https:\/\/com-automotive.com\/es\/wp-json\/wp\/v2\/comments?post=15438"}],"wp:featuredmedia":[{"embeddable":true,"href":"https:\/\/com-automotive.com\/es\/wp-json\/wp\/v2\/media\/20583"}],"wp:attachment":[{"href":"https:\/\/com-automotive.com\/es\/wp-json\/wp\/v2\/media?parent=15438"}],"wp:term":[{"taxonomy":"product_brand","embeddable":true,"href":"https:\/\/com-automotive.com\/es\/wp-json\/wp\/v2\/product_brand?post=15438"},{"taxonomy":"product_cat","embeddable":true,"href":"https:\/\/com-automotive.com\/es\/wp-json\/wp\/v2\/product_cat?post=15438"},{"taxonomy":"product_tag","embeddable":true,"href":"https:\/\/com-automotive.com\/es\/wp-json\/wp\/v2\/product_tag?post=15438"}],"curies":[{"name":"wp","href":"https:\/\/api.w.org\/{rel}","templated":true}]}}