{"id":15437,"date":"2023-10-23T15:18:06","date_gmt":"2023-10-23T18:18:06","guid":{"rendered":"https:\/\/com-automotive.com\/alternador-12v-90amp-f000bl04af-f000bl04an-231005r81a-nissan-bosch-seg\/"},"modified":"2023-10-23T15:18:06","modified_gmt":"2023-10-23T18:18:06","slug":"alternador-12v-90amp-f000bl04af-f000bl04an-231005r81a-nissan-bosch-seg","status":"publish","type":"product","link":"https:\/\/com-automotive.com\/es\/alternador-12v-90amp-f000bl04af-f000bl04an-231005r81a-nissan-bosch-seg\/","title":{"rendered":"Alternador 12V 90Amp F000BL04AF F000BL04AN 231005R81A NISSAN BOSCH SEG<span class=\"product-sku\" style=\"display: block; font-size: 0.85em; color: #777; margin-top: 5px; margin-bottom: 5px;\">SKU: 8000.04AF-COM<\/span>"},"content":{"rendered":"<h1>Calidad de dise\u00f1o original COM-AUTOMOTIVE.<\/h1>\n<p>Alternador F000BL04AF 12V 90Amp con polea &#8211; Dise\u00f1o: BOSCH SEG &#8211; OEM: NISSAN<\/p>\n<h2>Preguntas m\u00e1s frecuentes<\/h2>\n<h3><strong>\u00bfCu\u00e1les son las referencias cruzadas?<\/strong><\/h3>\n<p>F000BL04AN, F000BL04AF, 231005R81A<\/p>\n<h2><strong>TABLA DE APLICACI\u00d3N<\/strong><\/h2>\n<table width=\"1036\">\n<tbody>\n<tr>\n<td width=\"1036\">NISSAN KICKS SL G-1, HR16DE HR16DE 1.6 L 16V DOHC L4 FLEX, 2016-2021.<\/td>\n<\/tr>\n<tr>\n<td>NISSAN KICKS S DIRECT G-1, HR16DE HR16DE 1.6 L 16V DOHC L4 FLEX, 2019-2021.<\/td>\n<\/tr>\n<tr>\n<td>NISSAN KICKS SV G-1, HR16DE HR16DE 1.6 L 16V DOHC L4 FLEX, 2017-2021.<\/td>\n<\/tr>\n<tr>\n<td>NISSAN KICKS S G-1, HR16DE HR16DE 1.6 L 16V DOHC L4 FLEX, 2017-2021.<\/td>\n<\/tr>\n<tr>\n<td>NISSAN KICKS SV LIMITED G-1, HR16DE HR16DE 1.6 L 16V DOHC L4 FLEX, 2017-2018.<\/td>\n<\/tr>\n<tr>\n<td>NISSAN KICKS RIO 2016 G-1, HR16DE HR16DE 1.6 L 16V DOHC L4 FLEX, 2017-2018.<\/td>\n<\/tr>\n<tr>\n<td>NISSAN KICKS ADVANCE 1.6 AT G-2, HR16DE HR16DE 1.6 L 16V DOHC L4 FLEX, 2021-2021.<\/td>\n<\/tr>\n<tr>\n<td>NISSAN LANZA EN EXCLUSIVA EL 1.6 EN G-2, HR16DE HR16DE 1.6 L 16V DOHC L4 FLEX, 2021-2021.<\/td>\n<\/tr>\n<tr>\n<td>NISSAN KICKS ACTIVE (PCD) 1.6 AT G-1, HR16DE HR16DE 1.6 L 16V DOHC L4 FLEX, 2020-2021.<\/td>\n<\/tr>\n<tr>\n<td>NISSAN KICKS SENSE 1.6 EN G-2, HR16DE HR16DE 1.6 L 16V DOHC L4 FLEX, 2021-2021.<\/td>\n<\/tr>\n<tr>\n<td>NISSAN KICKS UCL G-1, HR16DE HR16DE 1.6 L 16V DOHC L4 FLEX, 2019-2021.<\/td>\n<\/tr>\n<tr>\n<td>NISSAN KICKS EDICI\u00d3N ESPECIAL G-1, HR16DE HR16DE 1.6 L 16V DOHC L4 FLEX, 2019-2021.<\/td>\n<\/tr>\n<tr>\n<td>NISSAN KICKS SENSE 1.6 G-2, HR16DE HR16DE 1.6 L 16V DOHC L4 FLEX, 2021-2021.<\/td>\n<\/tr>\n<\/tbody>\n<\/table>\n<p>&nbsp;<\/p>\n<div>ATENCI\u00d3N:<\/div>\n<div>Recomendamos que la instalaci\u00f3n la realice un profesional formado y especializado.<\/div>\n<div>S\u00f3lo compra este producto si est\u00e1s seguro de que es compatible con tu veh\u00edculo. Si tienes alguna duda, no dudes en ponerte en contacto con nosotros. Nuestro horario de apertura es de lunes a viernes de 8 a 18 h.<\/div>\n<div><\/div>\n<div>Sobre nosotros<\/div>\n<div>COM Automotive est\u00e1 especializada en piezas de autom\u00f3vil de dise\u00f1o original para el sector de la reparaci\u00f3n posventa, clientes industriales y fabricantes de veh\u00edculos especiales OEM.<\/div>\n<div>Nuestro equipo tiene m\u00e1s de 28 a\u00f1os de experiencia en la fabricaci\u00f3n y el suministro de piezas de automoci\u00f3n a escala mundial.<\/div>\n<div>Nuestra MISI\u00d3N es ofrecer productos de dise\u00f1o original con una calidad impecable y una sustituci\u00f3n personalizada.<\/div>\n<div>Nuestra VISI\u00d3N es promover el crecimiento y un valor inigualable para nuestros clientes.<\/div>\n","protected":false},"excerpt":{"rendered":"<p>Alternador F000BL04AF 12V 90Amp con polea &#8211; Dise\u00f1o: BOSCH SEG &#8211; OEM: NISSAN<\/p>\n","protected":false},"featured_media":3861,"comment_status":"closed","ping_status":"closed","template":"","meta":[],"product_brand":[],"product_cat":[8109,8542],"product_tag":[9094,1110,10075,10170],"class_list":{"0":"post-15437","1":"product","2":"type-product","3":"status-publish","4":"has-post-thumbnail","6":"product_cat-alternador-es-2","7":"product_cat-sempreco-es","8":"product_tag-12v-es","9":"product_tag-231005r81a","10":"product_tag-90amp-es","11":"product_tag-b3-es","13":"first","14":"instock","15":"taxable","16":"shipping-taxable","17":"purchasable","18":"product-type-simple"},"_links":{"self":[{"href":"https:\/\/com-automotive.com\/es\/wp-json\/wp\/v2\/product\/15437","targetHints":{"allow":["GET"]}}],"collection":[{"href":"https:\/\/com-automotive.com\/es\/wp-json\/wp\/v2\/product"}],"about":[{"href":"https:\/\/com-automotive.com\/es\/wp-json\/wp\/v2\/types\/product"}],"replies":[{"embeddable":true,"href":"https:\/\/com-automotive.com\/es\/wp-json\/wp\/v2\/comments?post=15437"}],"wp:featuredmedia":[{"embeddable":true,"href":"https:\/\/com-automotive.com\/es\/wp-json\/wp\/v2\/media\/3861"}],"wp:attachment":[{"href":"https:\/\/com-automotive.com\/es\/wp-json\/wp\/v2\/media?parent=15437"}],"wp:term":[{"taxonomy":"product_brand","embeddable":true,"href":"https:\/\/com-automotive.com\/es\/wp-json\/wp\/v2\/product_brand?post=15437"},{"taxonomy":"product_cat","embeddable":true,"href":"https:\/\/com-automotive.com\/es\/wp-json\/wp\/v2\/product_cat?post=15437"},{"taxonomy":"product_tag","embeddable":true,"href":"https:\/\/com-automotive.com\/es\/wp-json\/wp\/v2\/product_tag?post=15437"}],"curies":[{"name":"wp","href":"https:\/\/api.w.org\/{rel}","templated":true}]}}