{"id":15433,"date":"2023-12-28T17:24:33","date_gmt":"2023-12-28T20:24:33","guid":{"rendered":"https:\/\/com-automotive.com\/ncb2-14v-150a-alternador-0124615001-para-john-deere-se501830\/"},"modified":"2023-12-28T17:24:33","modified_gmt":"2023-12-28T20:24:33","slug":"ncb2-14v-150a-alternador-0124615001-para-john-deere-se501830","status":"publish","type":"product","link":"https:\/\/com-automotive.com\/es\/ncb2-14v-150a-alternador-0124615001-para-john-deere-se501830\/","title":{"rendered":"NCB2 14V 150A alternador 0124615001 para John Deere SE501830<span class=\"product-sku\" style=\"display: block; font-size: 0.85em; color: #777; margin-top: 5px; margin-bottom: 5px;\">SKU: 8000.5001-COM<\/span>"},"content":{"rendered":"<h1><strong>COM-AUTOMOTIVE, calidad de dise\u00f1o original.<\/strong><\/h1>\n<h2>Preguntas m\u00e1s frecuentes<\/h2>\n<h3><strong>\u00bfCu\u00e1les son las referencias cruzadas?<\/strong><\/h3>\n<p>0124615001, 0124615043, AL171541, SE501830, 1986A01113, 11204399, 11204502<\/p>\n<h2><strong>Tabla de aplicaci\u00f3n<\/strong><\/h2>\n<p>John Deere 6130 4530ccm 4045T 2V-CR 07, 6230 4530ccm 4045T 2V-CR 07, 4530ccm 6330 4045T 2V-CR 07, 6430 4530ccm 4045T 2V-CR 07, ARA John Deere 6530 6788ccm 6068T 2V-CR 07, 6630 6788ccm 6068T 2V-CR 07, 6830 6788ccm 6068T 2V-CR 07, 6930 6788ccm 6068T 2V-CR 07, 7430 6788ccm 6068T 4V-CR 06, 6788ccm 7530 6068T 4V-CR 06<\/p>\n<div><\/div>\n<div>ATENCI\u00d3N:<\/div>\n<div>Recomendamos que la instalaci\u00f3n la realice un profesional formado y especializado.<\/div>\n<div>S\u00f3lo compra este producto si est\u00e1s seguro de que es compatible con tu veh\u00edculo. Si tienes alguna duda, no dudes en ponerte en contacto con nosotros. Nuestro horario de apertura es de lunes a viernes de 8 a 18 h.<\/div>\n<div><\/div>\n<div>Sobre nosotros<\/div>\n<div>COM Automotive est\u00e1 especializada en piezas de autom\u00f3vil de dise\u00f1o original para el sector de la reparaci\u00f3n posventa, clientes industriales y fabricantes de veh\u00edculos especiales OEM.<\/div>\n<div>Nuestro equipo tiene m\u00e1s de 28 a\u00f1os de experiencia en la fabricaci\u00f3n y el suministro de piezas de automoci\u00f3n a escala mundial.<\/div>\n<div>Nuestra MISI\u00d3N es ofrecer productos de dise\u00f1o original con una calidad impecable y una sustituci\u00f3n personalizada.<\/div>\n<div>Nuestra VISI\u00d3N es promover el crecimiento y un valor inigualable para nuestros clientes.<\/div>\n","protected":false},"excerpt":{"rendered":"<p>0124615001-COM. En stock. Ref: 0124615001, 0124615043, AL171541, SE501830, 1986A01113, 11204399, 11204502 &#8211; compatible con: John Deere. Marca: COM Automotive &#8211; Producto con calidad y dise\u00f1o originales. Compatible con Bosch<\/p>\n","protected":false},"featured_media":20495,"comment_status":"open","ping_status":"closed","template":"","meta":[],"product_brand":[],"product_cat":[8109],"product_tag":[10852,10850,10854,10862,10864,10860,10856,10858],"class_list":{"0":"post-15433","1":"product","2":"type-product","3":"status-publish","4":"has-post-thumbnail","6":"product_cat-alternador-es-2","7":"product_tag-0124615001-es","8":"product_tag-0124615001-com-es","9":"product_tag-0124615043-es","10":"product_tag-11204399-es","11":"product_tag-11204502-es","12":"product_tag-1986a01113-es","13":"product_tag-al171541-es","14":"product_tag-se501830-es","16":"first","17":"instock","18":"taxable","19":"shipping-taxable","20":"purchasable","21":"product-type-simple"},"_links":{"self":[{"href":"https:\/\/com-automotive.com\/es\/wp-json\/wp\/v2\/product\/15433","targetHints":{"allow":["GET"]}}],"collection":[{"href":"https:\/\/com-automotive.com\/es\/wp-json\/wp\/v2\/product"}],"about":[{"href":"https:\/\/com-automotive.com\/es\/wp-json\/wp\/v2\/types\/product"}],"replies":[{"embeddable":true,"href":"https:\/\/com-automotive.com\/es\/wp-json\/wp\/v2\/comments?post=15433"}],"wp:featuredmedia":[{"embeddable":true,"href":"https:\/\/com-automotive.com\/es\/wp-json\/wp\/v2\/media\/20495"}],"wp:attachment":[{"href":"https:\/\/com-automotive.com\/es\/wp-json\/wp\/v2\/media?parent=15433"}],"wp:term":[{"taxonomy":"product_brand","embeddable":true,"href":"https:\/\/com-automotive.com\/es\/wp-json\/wp\/v2\/product_brand?post=15433"},{"taxonomy":"product_cat","embeddable":true,"href":"https:\/\/com-automotive.com\/es\/wp-json\/wp\/v2\/product_cat?post=15433"},{"taxonomy":"product_tag","embeddable":true,"href":"https:\/\/com-automotive.com\/es\/wp-json\/wp\/v2\/product_tag?post=15433"}],"curies":[{"name":"wp","href":"https:\/\/api.w.org\/{rel}","templated":true}]}}