{"id":15424,"date":"2023-12-28T17:24:26","date_gmt":"2023-12-28T20:24:26","guid":{"rendered":"https:\/\/com-automotive.com\/alternador-12v-95a-8600531-cummins-case-tipo-9si\/"},"modified":"2023-12-28T17:24:26","modified_gmt":"2023-12-28T20:24:26","slug":"alternador-12v-95a-8600531-cummins-case-tipo-9si","status":"publish","type":"product","link":"https:\/\/com-automotive.com\/es\/alternador-12v-95a-8600531-cummins-case-tipo-9si\/","title":{"rendered":"Alternador 12V 95A 8600531 Cummins Case tipo 9SI<span class=\"product-sku\" style=\"display: block; font-size: 0.85em; color: #777; margin-top: 5px; margin-bottom: 5px;\">SKU: 8000.0531-COM<\/span>"},"content":{"rendered":"<h1><strong>COM-AUTOMOTIVE, calidad de dise\u00f1o original.<\/strong><\/h1>\n<h2>Preguntas m\u00e1s frecuentes<\/h2>\n<h3><strong>\u00bfCu\u00e1les son las referencias cruzadas?<\/strong><\/h3>\n<p>8600531, Cummins 5293586, 8600712, 5293586, 8600531, 8600712<\/p>\n<h2><strong>Tabla de aplicaci\u00f3n<\/strong><\/h2>\n<p>CASE 440 CASE 445T 2005 M3 ENGINE (DIESEL SKID STEER LOADERS) \/ CASE 420CT CASE 432T 2008 M3 ENGINE (DIESEL) \/ CASE 430 CASE 432T 2005 M3 ENGINE (DIESEL SKID STEER LOADERS) \/ CASE 435 CASE 432T 2004 M3 ENGINE (DIESEL SKID STEER LOADERS) \/ CASE 440CT CASE 445T 2008 M3 ENGINE (DIESEL) \/ CASE 440CT CASE 445T 2006 M2 ENGINE (DIESEL) \/ CASE 445 CASE 432T 2004 M3 ENGINE (DIESEL SKID STEER LOADERS) \/ CASE 465 CASE 432T 2005 M3 ENGINE (DIESEL SKID STEER LOADERS) \/ CASE 465 MOTOR (DIESEL) \/ CASE 450 CASE 445T 2005 MOTOR M3 (MINICARGADORAS DIESEL) \/ CASE 465 CASE 445T 2005 MOTOR M3 (MINICARGADORAS DIESEL) \/ EQUIPOS DIESEL CUMMINS \/ DYNAPAC CC422 MOTOR CUMMINS (DIESEL) \/ DYNAPAC CC432 MOTOR CUMMINS (DIESEL) \/ DYNAPAC CC522 MOTOR CUMMINS (DIESEL) \/ DYNAPAC CC622 MOTOR CUMMINS (DIESEL) \/ GENERADOR DIESEL \/ NEW HOLLAND COMPACT C185 2006 3.4 (MOTOR &#8211; 78CV &#8211; CARGADORA DIESEL) \/ NEW HOLLAND COMPACT C190 2006 4.5 (MOTOR &#8211; 80CV &#8211; CARGADORA DIESEL) \/ NEW HOLLAND L180 334M 2006 3.4 (MOTOR M2 &#8211; 78CV &#8211; TURBO DSL &#8211; CARGADORAS COMPACTAS &#8211; DIESEL) \/ NEW HOLLAND L185 334M 2006 3.4 (MOTOR M2 &#8211; 78CV &#8211; TURBO DSL &#8211; CARGADORAS COMPACTAS &#8211; DIESEL) \/ NEW HOLLAND L190 445 2006 4.5 (MOTOR M2 &#8211; 80CV &#8211; CARGADORAS COMPACTAS &#8211; DIESEL) \/ NEW HOLLAND LS180 2005 CARGADORAS COMPACTAS (DIESEL) \/ NEW HOLLAND LS185 334T 2005 MOTOR (CARGADORAS COMPACTAS &#8211; DIESEL)<\/p>\n<div><\/div>\n<div>ATENCI\u00d3N:<\/div>\n<div>Recomendamos que la instalaci\u00f3n la realice un profesional formado y especializado.<\/div>\n<div>S\u00f3lo compra este producto si est\u00e1s seguro de que es compatible con tu veh\u00edculo. Si tienes alguna duda, no dudes en ponerte en contacto con nosotros. Nuestro horario de apertura es de lunes a viernes de 8 a 18 h.<\/div>\n<div><\/div>\n<div>Sobre nosotros<\/div>\n<div>COM Automotive est\u00e1 especializada en piezas de autom\u00f3vil de dise\u00f1o original para el sector de la reparaci\u00f3n posventa, clientes industriales y fabricantes de veh\u00edculos especiales OEM.<\/div>\n<div>Nuestro equipo tiene m\u00e1s de 28 a\u00f1os de experiencia en la fabricaci\u00f3n y el suministro de piezas de automoci\u00f3n a escala mundial.<\/div>\n<div>Nuestra MISI\u00d3N es ofrecer productos de dise\u00f1o original con una calidad impecable y una sustituci\u00f3n personalizada.<\/div>\n<div>Nuestra VISI\u00d3N es promover el crecimiento y un valor inigualable para nuestros clientes.<\/div>\n<p>\u00ab<\/p>\n","protected":false},"excerpt":{"rendered":"<p>8600531-COM. En stock. Ref: 8600531, Cummins 5293586, 8600712, 8600531, 8600712 &#8211; compatible con: CASE, Cummins. Marca: COM Automotive &#8211; Producto con calidad y dise\u00f1o originales. Compatible con Delco Remy<\/p>\n","protected":false},"featured_media":20491,"comment_status":"open","ping_status":"closed","template":"","meta":[],"product_brand":[],"product_cat":[8109],"product_tag":[10796,10793,10802],"class_list":{"0":"post-15424","1":"product","2":"type-product","3":"status-publish","4":"has-post-thumbnail","6":"product_cat-alternador-es-2","7":"product_tag-8600531-es","8":"product_tag-8600531-com-es","9":"product_tag-8600712-es","11":"first","12":"instock","13":"taxable","14":"shipping-taxable","15":"purchasable","16":"product-type-simple"},"_links":{"self":[{"href":"https:\/\/com-automotive.com\/es\/wp-json\/wp\/v2\/product\/15424","targetHints":{"allow":["GET"]}}],"collection":[{"href":"https:\/\/com-automotive.com\/es\/wp-json\/wp\/v2\/product"}],"about":[{"href":"https:\/\/com-automotive.com\/es\/wp-json\/wp\/v2\/types\/product"}],"replies":[{"embeddable":true,"href":"https:\/\/com-automotive.com\/es\/wp-json\/wp\/v2\/comments?post=15424"}],"wp:featuredmedia":[{"embeddable":true,"href":"https:\/\/com-automotive.com\/es\/wp-json\/wp\/v2\/media\/20491"}],"wp:attachment":[{"href":"https:\/\/com-automotive.com\/es\/wp-json\/wp\/v2\/media?parent=15424"}],"wp:term":[{"taxonomy":"product_brand","embeddable":true,"href":"https:\/\/com-automotive.com\/es\/wp-json\/wp\/v2\/product_brand?post=15424"},{"taxonomy":"product_cat","embeddable":true,"href":"https:\/\/com-automotive.com\/es\/wp-json\/wp\/v2\/product_cat?post=15424"},{"taxonomy":"product_tag","embeddable":true,"href":"https:\/\/com-automotive.com\/es\/wp-json\/wp\/v2\/product_tag?post=15424"}],"curies":[{"name":"wp","href":"https:\/\/api.w.org\/{rel}","templated":true}]}}