{"id":15423,"date":"2023-10-23T15:14:38","date_gmt":"2023-10-23T18:14:38","guid":{"rendered":"https:\/\/com-automotive.com\/alternador-12v-90a-a5tg0379-para-mit-l200-triton-pajero-2-8-3-2l-hasta-2012\/"},"modified":"2024-06-01T21:54:21","modified_gmt":"2024-06-02T00:54:21","slug":"alternador-12v-90a-a5tg0379-para-mit-l200-triton-pajero-2-8-3-2l-hasta-2012","status":"publish","type":"product","link":"https:\/\/com-automotive.com\/es\/alternador-12v-90a-a5tg0379-para-mit-l200-triton-pajero-2-8-3-2l-hasta-2012\/","title":{"rendered":"Alternador 12V 90A A5TG0379 para MIT L200 Triton Pajero 2.8 3.2L hasta 2012<span class=\"product-sku\" style=\"display: block; font-size: 0.85em; color: #777; margin-top: 5px; margin-bottom: 5px;\">SKU: 8000.0379-COM<\/span>"},"content":{"rendered":"<h1>Calidad de dise\u00f1o original COM-AUTOMOTIVE.<\/h1>\n<p>Alternador sin buen ba\u00f1o de aceite A3TA6098A, A5TG0379 12V 90A con polea &#8211; Dise\u00f1o: MITSUBISHI &#8211; OEM:<\/p>\n<h2>Preguntas m\u00e1s frecuentes<\/h2>\n<h3><strong>\u00bfCu\u00e1les son las referencias cruzadas?<\/strong><\/h3>\n<p>A3TA6098A, A3TA6098, A5TG0379, A005TG0379, ME202754, 1800A062, A005TG0379AM, A5TG0379, A5TG0379AM, A5TG0379ZT, ZEN 45011, ZM 9020103, Euro 70037, T002001001<\/p>\n<h2><strong>TABLA DE APLICACI\u00d3N<\/strong><\/h2>\n<table width=\"1036\">\n<tbody>\n<tr>\n<td width=\"1036\">MITSUBISHI L200 TRITON , MITSUBISHI 4M41 4M41 3.2 L 16V DOHV L4 DIESEL, 2008-2012.<\/td>\n<\/tr>\n<tr>\n<td>MITSUBISHI L200 TRITON GLX , MITSUBISHI 4M41 4M41 3.2 L 16V DOHV L4 DIESEL, 2014-2019.<\/td>\n<\/tr>\n<tr>\n<td>MITSUBISHI PAJERO DAKAR HPE 4X4 , MITSUBISHI 4M41 4M41 3.2 L 16V DOHC L4 DIESEL, 2009-2012.<\/td>\n<\/tr>\n<tr>\n<td>MITSUBISHI L200 TRITON HPE MT , MITSUBISHI 4M41 4M41 3.2 L 16V DOHC L4 DIESEL, 2014-2015.<\/td>\n<\/tr>\n<tr>\n<td>MITSUBISHI PAJERO HPE FULL GLS , MITSUBISHI 4M41 4M41 3.2 L 16V DOHC L4 DIESEL, 2008-2012.<\/td>\n<\/tr>\n<tr>\n<td>MITSUBISHI L200 TRITON OUTDOOR 3.2 TURBO A 4X4 , MITSUBISHI 4M41 4M41 3.2 L 16V DOHC L4 DIESEL, 2017-2018.<\/td>\n<\/tr>\n<tr>\n<td>MITSUBISHI PAJERO FULL 3.2 DIESEL 5 PUERTAS , MITSUBISHI 4M41 4M41 3.2 L 16V DOHC L4 DIESEL, 2014-2019.<\/td>\n<\/tr>\n<tr>\n<td>MITSUBISHI PAJERO FULL 3D 3.2 DIESEL 3 PUERTAS , MITSUBISHI 4M41 4M41 3.2 L 16V DOHC L4 DIESEL, 2014-2019.<\/td>\n<\/tr>\n<tr>\n<td>MITSUBISHI L200 TRITON HPE MT , MITSUBISHI 4M41 4M41 3.2 L 16V DOHC L4 DIESEL, 2013-2013.<\/td>\n<\/tr>\n<tr>\n<td>MITSUBISHI L200 SAVANA OFF , MITSUBISHI 4M41 4M41 3.2 L 16V DOHV L4 DIESEL, 2015-2016.<\/td>\n<\/tr>\n<tr>\n<td>MITSUBISHI L200 TRITON GLS , MITSUBISHI 4M41 4M41 3.2 L 16V DOHC L4 DIESEL, 2014-2019.<\/td>\n<\/tr>\n<tr>\n<td>MITSUBISHI L200 TRITON GLX , MITSUBISHI 4M41 4M41 3.2 L 16V DOHV L4 DIESEL, 2013-2013.<\/td>\n<\/tr>\n<tr>\n<td>MITSUBISHI PAJERO DAKAR HPE DIESEL , MITSUBISHI 4M41 4M41 3.2 L 16V DOHC L4 DIESEL, 2014-2015.<\/td>\n<\/tr>\n<tr>\n<td>MITSUBISHI L200 TRITON HPE AT , MITSUBISHI 4M41 4M41 3.2 L 16V DOHC L4 DIESEL, 2014-2015.<\/td>\n<\/tr>\n<tr>\n<td>MITSUBISHI L200 TRITON GLS , MITSUBISHI 4M41 4M41 3.2 L 16V DOHC L4 DIESEL, 2013-2013.<\/td>\n<\/tr>\n<tr>\n<td>MITSUBISHI PAJERO DAKAR AT DIESEL , MITSUBISHI 4M41 4M41 3.2 L 16V DOHC L4 DIESEL, 2013-2013.<\/td>\n<\/tr>\n<tr>\n<td>MITSUBISHI L200 TRITON HPE 3.2 TURBO A 4X4 , MITSUBISHI 4M41 4M41 3.2 L 16V DOHC L4 DIESEL, 2017-2019.<\/td>\n<\/tr>\n<tr>\n<td>MITSUBISHI L200 TRITON HPE AT , MITSUBISHI 4M41 4M41 3.2 L 16V DOHC L4 DIESEL, 2013-2013.<\/td>\n<\/tr>\n<tr>\n<td>MITSUBISHI PAJERO 3.2 AT DIESEL , MITSUBISHI 4M41 4M41 3.2 L 16V DOHC L4 DIESEL, 2015-2018.<\/td>\n<\/tr>\n<tr>\n<td>MITSUBISHI L200 TRITON OUTDOOR 3.2 TURBO MT 4X4 , MITSUBISHI 4M41 4M41 3.2 L 16V DOHC L4 DIESEL, 2017-2018.<\/td>\n<\/tr>\n<tr>\n<td>MITSUBISHI PAJERO 3.2 HPE DIESEL , MITSUBISHI 4M41 4M41 3.2 L 16V DOHC L4 DIESEL, 2015-2018.<\/td>\n<\/tr>\n<tr>\n<td>MITSUBISHI L200 TRITON SAVANA 3.2 TURBO A 4X4 , MITSUBISHI 4M41 4M41 3.2 L 16V DOHC L4 DIESEL, 2017-2018.<\/td>\n<\/tr>\n<tr>\n<td>MITSUBISHI L200 TRITON SAVANA , MITSUBISHI 4M41 4M41 3.2 L 16V DOHC L4 DIESEL, 2013-2013.<\/td>\n<\/tr>\n<tr>\n<td>MITSUBISHI L200 TRITON HPE 3.2 TURBO MT 4X4 , MITSUBISHI 4M41 4M41 3.2 L 16V DOHC L4 DIESEL, 2017-2019.<\/td>\n<\/tr>\n<tr>\n<td>MITSUBISHI PAJERO HPE FULL GLS , MITSUBISHI 4M41 4M41 3.2 L 16V DOHC L4 DIESEL, 2003-2007.<\/td>\n<\/tr>\n<tr>\n<td>MITSUBISHI PAJERO GLS , MITSUBISHI 4M41 4M41 3.2 L 16V DOHC L4 DIESEL, 2001-2002.<\/td>\n<\/tr>\n<tr>\n<td>MITSUBISHI PAJERO HPE 3.2 DI-D , MITSUBISHI 4M41 4M41 3.2 L 16V DOHC L4 DIESEL, 2013-2013.<\/td>\n<\/tr>\n<tr>\n<td>MITSUBISHI PAJERO FULL 3.2 DIESEL 5 PUERTAS , MITSUBISHI 4M41 4M41 3.2 L 16V DOHC L4 DIESEL, 2020-2022.<\/td>\n<\/tr>\n<tr>\n<td>MITSUBISHI PAJERO DAKAR HPE DIESEL , MITSUBISHI 4M41 4M41 3.2 L 16V DOHC L4 DIESEL, 2013-2013.<\/td>\n<\/tr>\n<tr>\n<td>MITSUBISHI L200 TRITON GL 3.2 TURBO 4X4 , MITSUBISHI 4M41 4M41 3.2 L 16V DOHC L4 DIESEL, 2017-2019.<\/td>\n<\/tr>\n<tr>\n<td>MITSUBISHI PAJERO FULL 3D 3.2 DI-D , MITSUBISHI 4M41 4M41 3.2 L 16V DOHC L4 DIESEL, 2014-2015.<\/td>\n<\/tr>\n<tr>\n<td>MITSUBISHI L200 TRITON SAVANA 3.2 TURBO MT 4X4 , MITSUBISHI 4M41 4M41 3.2 L 16V DOHC L4 DIESEL, 2017-2019.<\/td>\n<\/tr>\n<tr>\n<td>MITSUBISHI PAJERO FULL 3D 3.2 DI-D , MITSUBISHI 4M41 4M41 3.2 L 16V DOHC L4 DIESEL, 2013-2013.<\/td>\n<\/tr>\n<tr>\n<td>MITSUBISHI PAJERO DAKAR AT DIESEL , MITSUBISHI 4M41 4M41 3.2 L 16V DOHC L4 DIESEL, 2014-2014.<\/td>\n<\/tr>\n<tr>\n<td>MITSUBISHI L200 TRITON SERIE KTM 3.2 TURBO , MITSUBISHI 4M41 4M41 3.2 L 16V DOHC L4 DIESEL, 2016-2016.<\/td>\n<\/tr>\n<tr>\n<td>MITSUBISHI PAJERO HPE 3.2 DI-D , MITSUBISHI 4M41 4M41 3.2 L 16V DOHC L4 DIESEL, 2014-2014.<\/td>\n<\/tr>\n<\/tbody>\n<\/table>\n<p>&nbsp;<\/p>\n<div>ATENCI\u00d3N:<\/div>\n<div>Recomendamos que la instalaci\u00f3n la realice un profesional formado y especializado.<\/div>\n<div>S\u00f3lo compra este producto si est\u00e1s seguro de que es compatible con tu veh\u00edculo. Si tienes alguna duda, no dudes en ponerte en contacto con nosotros. Nuestro horario de apertura es de lunes a viernes de 8 a 18 h.<\/div>\n<div><\/div>\n<div>Sobre nosotros<\/div>\n<div>COM Automotive est\u00e1 especializada en piezas de autom\u00f3vil de dise\u00f1o original para el sector de la reparaci\u00f3n posventa, clientes industriales y fabricantes de veh\u00edculos especiales OEM.<\/div>\n<div>Nuestro equipo tiene m\u00e1s de 28 a\u00f1os de experiencia en la fabricaci\u00f3n y el suministro de piezas de automoci\u00f3n a escala mundial.<\/div>\n<div>Nuestra MISI\u00d3N es ofrecer productos de dise\u00f1o original con una calidad impecable y una sustituci\u00f3n personalizada.<\/div>\n<div>Nuestra VISI\u00d3N es promover el crecimiento y un valor inigualable para nuestros clientes.<\/div>\n","protected":false},"excerpt":{"rendered":"<p>A5TG0379-COM. En stock. Ref: A3TA6098A, A3TA6098, T002001001, A5TG0379, ME202754, 1800A062, A005TG0379, 1800A062, A005TG0379AM, A5TG0379, A5TG0379AM, A5TG0379ZT, ZEN 45011, ZM 9020103, EURO 70037, 8EL015630871, DITA 10218 &#8211; compatible con: Mitsubishi. Marca: COM Automotive &#8211; Producto con calidad y dise\u00f1o originales. Compatible con Mitsubishi<\/p>\n","protected":false},"featured_media":19024,"comment_status":"open","ping_status":"closed","template":"","meta":[],"product_brand":[],"product_cat":[8109],"product_tag":[10801,10798,10803,10891,10888,10795,10885,10805,10809,10882,10895,10792,10811,10878],"class_list":{"0":"post-15423","1":"product","2":"type-product","3":"status-publish","4":"has-post-thumbnail","6":"product_cat-alternador-es-2","7":"product_tag-1800a062-es","8":"product_tag-a005tg0379-es","9":"product_tag-a005tg0379am-es","10":"product_tag-a3ta6098-es","11":"product_tag-a3ta6098a-es","12":"product_tag-a5tg0379-es","13":"product_tag-a5tg0379-com-es","14":"product_tag-a5tg0379am-es","15":"product_tag-a5tg0379zt-es","16":"product_tag-euro-70037-es","17":"product_tag-me202754-es","18":"product_tag-t002001001-es","19":"product_tag-zen-45011-es","20":"product_tag-zm-9020103-es","22":"first","23":"instock","24":"taxable","25":"shipping-taxable","26":"purchasable","27":"product-type-simple"},"_links":{"self":[{"href":"https:\/\/com-automotive.com\/es\/wp-json\/wp\/v2\/product\/15423","targetHints":{"allow":["GET"]}}],"collection":[{"href":"https:\/\/com-automotive.com\/es\/wp-json\/wp\/v2\/product"}],"about":[{"href":"https:\/\/com-automotive.com\/es\/wp-json\/wp\/v2\/types\/product"}],"replies":[{"embeddable":true,"href":"https:\/\/com-automotive.com\/es\/wp-json\/wp\/v2\/comments?post=15423"}],"wp:featuredmedia":[{"embeddable":true,"href":"https:\/\/com-automotive.com\/es\/wp-json\/wp\/v2\/media\/19024"}],"wp:attachment":[{"href":"https:\/\/com-automotive.com\/es\/wp-json\/wp\/v2\/media?parent=15423"}],"wp:term":[{"taxonomy":"product_brand","embeddable":true,"href":"https:\/\/com-automotive.com\/es\/wp-json\/wp\/v2\/product_brand?post=15423"},{"taxonomy":"product_cat","embeddable":true,"href":"https:\/\/com-automotive.com\/es\/wp-json\/wp\/v2\/product_cat?post=15423"},{"taxonomy":"product_tag","embeddable":true,"href":"https:\/\/com-automotive.com\/es\/wp-json\/wp\/v2\/product_tag?post=15423"}],"curies":[{"name":"wp","href":"https:\/\/api.w.org\/{rel}","templated":true}]}}