{"id":15419,"date":"2023-10-23T15:14:31","date_gmt":"2023-10-23T18:14:31","guid":{"rendered":"https:\/\/com-automotive.com\/alternador-12v-120a-0124515082-0124515092-para-astra-vectra-zafira-2-0-2-2\/"},"modified":"2023-10-23T15:14:31","modified_gmt":"2023-10-23T18:14:31","slug":"alternador-12v-120a-0124515082-0124515092-para-astra-vectra-zafira-2-0-2-2","status":"publish","type":"product","link":"https:\/\/com-automotive.com\/es\/alternador-12v-120a-0124515082-0124515092-para-astra-vectra-zafira-2-0-2-2\/","title":{"rendered":"Alternador 12V 120A 0124515082 0124515092 para Astra Vectra Zafira 2.0 2.2<span class=\"product-sku\" style=\"display: block; font-size: 0.85em; color: #777; margin-top: 5px; margin-bottom: 5px;\">SKU: 8000.5082-COM<\/span>"},"content":{"rendered":"<h1>Calidad de dise\u00f1o original COM-AUTOMOTIVE.<\/h1>\n<p>Alternador 0124515082 12V 120Amp con polea &#8211; Dise\u00f1o: BOSCH SEG &#8211; OEM: GM CHEVROLET<\/p>\n<h2>Preguntas m\u00e1s frecuentes<\/h2>\n<h3><strong>\u00bfCu\u00e1les son las referencias cruzadas?<\/strong><\/h3>\n<p>0124515092, 0124515082, 93359979, 92059985, 92059985, 93359979, 10479947, 10480409, 1204145, 1204154, 24439410, 3493823, 3493824, 6204000, 6204002, 6204109, 6204133, 6204151, 90356897, 90413760, 90443929, 90443930, 9201489, 92059984, 93175788, 93175815, 93175963, 93278385, 93359978 , 94767674, 9512800, R1530052, R3493823, DRA3479, DRA3479N, RAA14589, Euro 70004N<\/p>\n<h2><strong>TABLA DE APLICACI\u00d3N<\/strong><\/h2>\n<table width=\"1036\">\n<tbody>\n<tr>\n<td width=\"1036\">CHEVROLET ASTRA ADVANTAGE FLEXPOWER , X20XE X20XE 2.0 L 8V SOHC L4 FLEX, 2004-2010.<\/td>\n<\/tr>\n<tr>\n<td>CHEVROLET VECTRA ELEGANCE NLEV , X20XE X20XE 2.0 L 8V SOHC L4 FLEX, 2005-2012.<\/td>\n<\/tr>\n<tr>\n<td>CHEVROLET ASTRA ADVANTAGE , X20XE X20XE 2.0 L 8V SOHC L4 FLEX, 2004-2011.<\/td>\n<\/tr>\n<tr>\n<td>CHEVROLET VECTRA GL , SOHC MPFI C20NE 2.0 L 8V SOHC L4 GASOLINA, 1996-2006.<\/td>\n<\/tr>\n<tr>\n<td>CHEVROLET VECTRA EXPRESSION , X20XE X20XE 2.0 L 8V SOHC L4 FLEX, 2007-2011.<\/td>\n<\/tr>\n<tr>\n<td>CHEVROLET ASTRA GL MPFI 8V , C18NE C18NE 1.8 L 8V SOHC L4 GASOLINA, 1998-2005.<\/td>\n<\/tr>\n<tr>\n<td>CHEVROLET VECTRA GT-X , X20XE X20XE 2.0 L 8V SOHC L4 FLEX, 2009-2012.<\/td>\n<\/tr>\n<tr>\n<td>CHEVROLET ASTRA 2.0 8V MPFI , C20NE C20NE 2.0 L 8V SOHC L4 GASOLINA, 1998-2006.<\/td>\n<\/tr>\n<tr>\n<td>CHEVROLET ASTRA GL MPFI , C18NE C18NE 1.8 L 8V SOHC L4 GASOLINA, 1999-2004.<\/td>\n<\/tr>\n<tr>\n<td>CHEVROLET KADETT GL MPFI , SOHC MPFI C20NE 2.0 L 8V SOHC L4 GASOLINA, 1996-2000.<\/td>\n<\/tr>\n<tr>\n<td>CHEVROLET ASTRA GLS MPFI , C20NE C20NE 2.0 L 8V SOHC L4 GASOLINA, 1998-2006.<\/td>\n<\/tr>\n<tr>\n<td>CHEVROLET ASTRA ELEGANCE FLEXPOWER , X20XE X20XE 2.0 L 8V SOHC L4 FLEX, 2004-2010.<\/td>\n<\/tr>\n<tr>\n<td>CHEVROLET ZAFIRA 2.0 8V MPFI MT , SOHC MPFI C20NE 2.0 L 8V SOHC L4 GASOLINA, 2001-2009.<\/td>\n<\/tr>\n<tr>\n<td>CHEVROLET VECTRA GLS , SOHC MPFI C20NE 2.0 L 8V SOHC L4 GASOLINA, 1993-1998.<\/td>\n<\/tr>\n<tr>\n<td>CHEVROLET OMEGA GL MPFI , SOHC MPFI C20NE 2.0 L 8V SOHC L4 GASOLINA, 1992-1998.<\/td>\n<\/tr>\n<tr>\n<td>CHEVROLET ASTRA GL , C20NE C20NE 2.0 L 8V SOHC L4 GASOLINA, 1995-1996.<\/td>\n<\/tr>\n<tr>\n<td>CHEVROLET VECTRA CD , DOHC SFI C20SE 2.0 L 16V DOHC L4 GASOLINA, 1996-2004.<\/td>\n<\/tr>\n<tr>\n<td>CHEVROLET ZAFIRA CONFORT FLEXPOWER , FLEXPOWER X22XE 2.0 L 8V SOHC L4 FLEX, 2009-2012.<\/td>\n<\/tr>\n<tr>\n<td>CHEVROLET ZAFIRA ELITE FLEXPOWER , FLEXPOWER 5F 2.0 L 8V SOHC L4 FLEX, 2004-2010.<\/td>\n<\/tr>\n<tr>\n<td>CHEVROLET VECTRA GT , X20XE X20XE 2.0 L 8V SOHC L4 FLEX, 2008-2008.<\/td>\n<\/tr>\n<tr>\n<td>CHEVROLET ASTRA GL MPFI , C18YE C18YE 1.8 L 8V SOHC L4 ETANOL, 2001-2005.<\/td>\n<\/tr>\n<tr>\n<td>CHEVROLET VECTRA ELITE , X20XE X20XE 2.0 L 8V SOHC L4 FLEX, 2007-2011.<\/td>\n<\/tr>\n<tr>\n<td>CHEVROLET VECTRA ELITE , FLEXPOWER X24XF 2.4 L 16V DOHC L4 FLEX, 2005-2010.<\/td>\n<\/tr>\n<tr>\n<td>CHEVROLET ZAFIRA ELEGANCE FLEXPOWER , FLEXPOWER 5F 2.0 L 8V SOHC L4 FLEX, 2004-2010.<\/td>\n<\/tr>\n<tr>\n<td>CHEVROLET ASTRA CONFORT FLEXPOWER , X20XE X20XE 2.0 L 8V SOHC L4 FLEX, 2004-2008.<\/td>\n<\/tr>\n<tr>\n<td>CHEVROLET ZAFIRA CONFORT FLEXPOWER , FLEXPOWER 5F 2.0 L 8V SOHC L4 FLEX, 2004-2010.<\/td>\n<\/tr>\n<tr>\n<td>CHEVROLET ZAFIRA EXPRESI\u00d3N FLEXPOWER , FLEXPOWER 5F 2.0 L 8V SOHC L4 FLEX, 2007-2010.<\/td>\n<\/tr>\n<tr>\n<td>CHEVROLET ASTRA FLEXPOWER , X20XE X20XE 2.0 L 8V SOHC L4 FLEX, 2004-2007.<\/td>\n<\/tr>\n<tr>\n<td>CHEVROLET ASTRA 2.0 8V , C20NE C20NE 2.0 L 8V SOHC L4 GASOLINA, 1998-2004.<\/td>\n<\/tr>\n<tr>\n<td>CHEVROLET ZAFIRA EXPRESI\u00d3N FLEXPOWER , FLEXPOWER X22XE 2.0 L 8V SOHC L4 FLEX, 2009-2012.<\/td>\n<\/tr>\n<tr>\n<td>CHEVROLET ZAFIRA SFI 16V , DOHC SFI C20SE 2.0 L 16V DOHC L4 GASOLINA, 2001-2008.<\/td>\n<\/tr>\n<tr>\n<td>CHEVROLET VECTRA CD , SOHC MPFI C20NE 2.0 L 8V SOHC L4 GASOLINA, 1993-1998.<\/td>\n<\/tr>\n<tr>\n<td>CHEVROLET ZAFIRA ELEGANCE FLEXPOWER , FLEXPOWER X22XE 2.0 L 8V SOHC L4 FLEX, 2009-2012.<\/td>\n<\/tr>\n<tr>\n<td>CHEVROLET ASTRA GLS SFI 16V , C20SEL C20SE 2.0 L 16V DOHC L4 GASOLINA, 1999-2006.<\/td>\n<\/tr>\n<tr>\n<td>CHEVROLET ASTRA ELITE FLEXPOWER , X20XE X20XE 2.0 L 8V SOHC L4 FLEX, 2004-2009.<\/td>\n<\/tr>\n<tr>\n<td>CHEVROLET ZAFIRA ELITE FLEXPOWER , FLEXPOWER X22XE 2.0 L 8V SOHC L4 FLEX, 2009-2012.<\/td>\n<\/tr>\n<tr>\n<td>CHEVROLET ASTRA GSI , C20SEL C20SE 2.0 L 16V DOHC L4 GASOLINA, 1999-2004.<\/td>\n<\/tr>\n<tr>\n<td>CHEVROLET ASTRA SPORT MPFI , C20NE C20NE 2.0 L 8V SOHC L4 GASOLINA, 2000-2004.<\/td>\n<\/tr>\n<tr>\n<td>CHEVROLET ZAFIRA 2.0 8V MPFI AUT. FLEXPOWER 5F 2.0 L 8V SOHC L4 FLEX, 2004-2007.<\/td>\n<\/tr>\n<tr>\n<td>CHEVROLET SUPREMA GL , SOHC MPFI C20NE 2.0 L 8V SOHC L4 GASOLINA, 1993-1995.<\/td>\n<\/tr>\n<tr>\n<td>CHEVROLET ASTRA GL , X20XE X20XE 2.0 L 8V SOHC L4 FLEX, 2007-2007.<\/td>\n<\/tr>\n<tr>\n<td>CHEVROLET ASTRA 2.0 16V , C20SEL C20SE 2.0 L 16V DOHC L4 GASOLINA, 2001-2005.<\/td>\n<\/tr>\n<tr>\n<td>CHEVROLET ASTRA FLEXPOWER SUPER SPORT , X20XE X20XE 2.0 L 8V SOHC L4 FLEX, 2005-2009.<\/td>\n<\/tr>\n<tr>\n<td>CHEVROLET ASTRA GLS , X20XE X20XE 2.0 L 8V SOHC L4 FLEX, 2007-2007.<\/td>\n<\/tr>\n<tr>\n<td>CHEVROLET ZAFIRA CONFORT FLEXPOWER TAXI , FLEXPOWER X22XE 2.0 L 8V SOHC L4 FLEX, 2009-2012.<\/td>\n<\/tr>\n<tr>\n<td>CHEVROLET ASTRA GL MPFI , C20NE C20NE 2.0 L 8V SOHC L4 GASOLINA, 2003-2004.<\/td>\n<\/tr>\n<tr>\n<td>CHEVROLET VECTRA CONFORT , SOHC MPFI C20NE 2.0 L 8V SOHC L4 GASOLINA, 2003-2006.<\/td>\n<\/tr>\n<tr>\n<td>CHEVROLET MONZA CLASSIC SE MPFI , C20NE C20NE 2.0 L 8V SOHC L4 GASOLINA, 1991-1991.<\/td>\n<\/tr>\n<tr>\n<td>CHEVROLET VECTRA COLLECTION , SOHC MPFI C20NE 2.0 L 8V SOHC L4 GASOLINA, 2003-2007.<\/td>\n<\/tr>\n<tr>\n<td>CHEVROLET ZAFIRA EXPRESI\u00d3N FLEXPOWER TAXI , FLEXPOWER X22XE 2.0 L 8V SOHC L4 FLEX, 2009-2012.<\/td>\n<\/tr>\n<tr>\n<td>CHEVROLET VECTRA ELEGANCE TAXI , X20XE X20XE 2.0 L 8V SOHC L4 FLEX, 2009-2010.<\/td>\n<\/tr>\n<tr>\n<td>CHEVROLET VECTRA EXPRESSION TAXI , X20XE X20XE 2.0 L 8V SOHC L4 FLEX, 2009-2010.<\/td>\n<\/tr>\n<tr>\n<td>CHEVROLET MONZA CLASSIC SE MPFI , SOHC MPFI C20NE 2.0 L 8V SOHC L4 GASOLINA, 1992-1995.<\/td>\n<\/tr>\n<tr>\n<td>CHEVROLET ASTRA 2.0 16V MPFI , C20SEL C20SE 2.0 L 16V DOHC L4 GASOLINA, 2001-2006.<\/td>\n<\/tr>\n<tr>\n<td>CHEVROLET ZAFIRA ELEGANCE FLEXPOWER TAXI , FLEXPOWER X22XE 2.0 L 8V SOHC L4 FLEX, 2009-2012.<\/td>\n<\/tr>\n<tr>\n<td>CHEVROLET ZAFIRA ELITE FLEXPOWER TAXI , FLEXPOWER X22XE 2.0 L 8V SOHC L4 FLEX, 2009-2012.<\/td>\n<\/tr>\n<tr>\n<td>CHEVROLET VECTRA ELEGANCE , SOHC MPFI C20NE 2.0 L 8V SOHC L4 GASOLINA, 2003-2006.<\/td>\n<\/tr>\n<tr>\n<td>CHEVROLET VECTRA ELITE TAXI , X20XE X20XE 2.0 L 8V SOHC L4 FLEX, 2009-2011.<\/td>\n<\/tr>\n<tr>\n<td>CHEVROLET ZAFIRA ELITE , DOHC SFI C20SE 2.0 L 16V DOHC L4 GASOLINA, 2004-2006.<\/td>\n<\/tr>\n<tr>\n<td>CHEVROLET ZAFIRA ELEGANCE , DOHC SFI C20SE 2.0 L 16V DOHC L4 GASOLINA, 2004-2006.<\/td>\n<\/tr>\n<tr>\n<td>CHEVROLET ASTRA ELEGANCE , X20XE X20XE 2.0 L 8V SOHC L4 FLEX, 2009-2011.<\/td>\n<\/tr>\n<tr>\n<td>CHEVROLET VECTRA ELITE , SOHC MPFI C20NE 2.0 L 8V SOHC L4 GASOLINA, 2003-2005.<\/td>\n<\/tr>\n<\/tbody>\n<\/table>\n<p>&nbsp;<\/p>\n<div>ATENCI\u00d3N:<\/div>\n<div>Recomendamos que la instalaci\u00f3n la realice un profesional formado y especializado.<\/div>\n<div>S\u00f3lo compra este producto si est\u00e1s seguro de que es compatible con tu veh\u00edculo. Si tienes alguna duda, no dudes en ponerte en contacto con nosotros. Nuestro horario de apertura es de lunes a viernes de 8 a 18 h.<\/div>\n<div><\/div>\n<div>Sobre nosotros<\/div>\n<div>COM Automotive est\u00e1 especializada en piezas de autom\u00f3vil de dise\u00f1o original para el sector de la reparaci\u00f3n posventa, clientes industriales y fabricantes de veh\u00edculos especiales OEM.<\/div>\n<div>Nuestro equipo tiene m\u00e1s de 28 a\u00f1os de experiencia en la fabricaci\u00f3n y el suministro de piezas de automoci\u00f3n a escala mundial.<\/div>\n<div>Nuestra MISI\u00d3N es ofrecer productos de dise\u00f1o original con una calidad impecable y una sustituci\u00f3n personalizada.<\/div>\n<div>Nuestra VISI\u00d3N es promover el crecimiento y un valor inigualable para nuestros clientes.<\/div>\n","protected":false},"excerpt":{"rendered":"<p>0124515082-COM. En stock. Ref: 0124515092, 0124515082, 93359979, 92059985, 10479947, 10480409, 1204145, 1204154, 24439410, 3493823, 3493824, 6204000, 6204002, 6204109, 6204133, 6204151, 90356897, 90413760, 90443929, 90443930, 9201489, 92059984, 93175788, 93175815, 93175963, 93278385, 93359978 , 94767674, 9512800, R1530052, R3493823, DRA3479, DRA3479N, RAA14589, EURO 70004N &#8211; compatible con: GM CHEVROLET. Marca: COM Automotive &#8211; Producto con calidad y dise\u00f1o originales. Compatible con Bosch<\/p>\n","protected":false},"featured_media":18838,"comment_status":"open","ping_status":"closed","template":"","meta":[],"product_brand":[],"product_cat":[8109],"product_tag":[36752,10922,10928],"class_list":{"0":"post-15419","1":"product","2":"type-product","3":"status-publish","4":"has-post-thumbnail","6":"product_cat-alternador-es-2","7":"product_tag-0124515092-es","8":"product_tag-93278385-es","9":"product_tag-euro-70004n-es","11":"first","12":"instock","13":"taxable","14":"shipping-taxable","15":"purchasable","16":"product-type-simple"},"_links":{"self":[{"href":"https:\/\/com-automotive.com\/es\/wp-json\/wp\/v2\/product\/15419","targetHints":{"allow":["GET"]}}],"collection":[{"href":"https:\/\/com-automotive.com\/es\/wp-json\/wp\/v2\/product"}],"about":[{"href":"https:\/\/com-automotive.com\/es\/wp-json\/wp\/v2\/types\/product"}],"replies":[{"embeddable":true,"href":"https:\/\/com-automotive.com\/es\/wp-json\/wp\/v2\/comments?post=15419"}],"wp:featuredmedia":[{"embeddable":true,"href":"https:\/\/com-automotive.com\/es\/wp-json\/wp\/v2\/media\/18838"}],"wp:attachment":[{"href":"https:\/\/com-automotive.com\/es\/wp-json\/wp\/v2\/media?parent=15419"}],"wp:term":[{"taxonomy":"product_brand","embeddable":true,"href":"https:\/\/com-automotive.com\/es\/wp-json\/wp\/v2\/product_brand?post=15419"},{"taxonomy":"product_cat","embeddable":true,"href":"https:\/\/com-automotive.com\/es\/wp-json\/wp\/v2\/product_cat?post=15419"},{"taxonomy":"product_tag","embeddable":true,"href":"https:\/\/com-automotive.com\/es\/wp-json\/wp\/v2\/product_tag?post=15419"}],"curies":[{"name":"wp","href":"https:\/\/api.w.org\/{rel}","templated":true}]}}