{"id":15417,"date":"2023-10-23T15:06:58","date_gmt":"2023-10-23T18:06:58","guid":{"rendered":"https:\/\/com-automotive.com\/alternador-12v-120a-0124515137-dq59039-para-jdeere-7185-7715-6430-2007\/"},"modified":"2023-10-23T15:06:58","modified_gmt":"2023-10-23T18:06:58","slug":"alternador-12v-120a-0124515137-dq59039-para-jdeere-7185-7715-6430-2007","status":"publish","type":"product","link":"https:\/\/com-automotive.com\/es\/alternador-12v-120a-0124515137-dq59039-para-jdeere-7185-7715-6430-2007\/","title":{"rendered":"Alternador 12V 120A 0124515137 DQ59039 para JDeere 7185 7715 6430 2007&gt;<span class=\"product-sku\" style=\"display: block; font-size: 0.85em; color: #777; margin-top: 5px; margin-bottom: 5px;\">SKU: 8000.0137-COM<\/span>"},"content":{"rendered":"<h1>Calidad de dise\u00f1o original COM-AUTOMOTIVE.<\/h1>\n<p>Alternador 0124515137 12V 120Amp con polea &#8211; Dise\u00f1o: BOSCH SEG &#8211; OEM: John Deere<\/p>\n<h2>Preguntas m\u00e1s frecuentes<\/h2>\n<h3><strong>\u00bfCu\u00e1les son las referencias cruzadas?<\/strong><\/h3>\n<p>0124515129, 0124515137, DQ59039, DQ59039<\/p>\n<h2><strong>TABLA DE APLICACI\u00d3N<\/strong><\/h2>\n<p>JOHN DEERE 6145 J , JOHN DEERE 6068 T DIESEL, 2010-2023.<br \/>\nJOHN DEERE 6125J 4X4 , JOHN DEERE 6068 T DIESEL, 2010-2016.<br \/>\nJOHN DEERE 9470 , JOHN DEERE 6068 T DIESEL, 2010-2014.<br \/>\nJOHN DEERE 7715 4X4 , JOHN DEERE 6068 T DIESEL, 2007-2012.<br \/>\nJOHN DEERE 6615 4X4 , JOHN DEERE 6068 T DIESEL, 2005-2012.<br \/>\nJOHN DEERE 7815 4X4 , JOHN DEERE 6068 T DIESEL, 2005-2013.<br \/>\nJOHN DEERE 6130 J , JOHN DEERE 6068 T DIESEL, 2015-2023.<br \/>\nJOHN DEERE 1470 , JOHN DEERE 6068 T DIESEL, 2009-2014.<br \/>\nJOHN DEERE 7185 4X4 , JOHN DEERE 6068 T DIESEL, 2010-2013.<br \/>\nJOHN DEERE 7205 4X4 , JOHN DEERE 6068 T DIESEL, 2010-2013.<\/p>\n<div>ATENCI\u00d3N:<\/div>\n<div>Recomendamos que la instalaci\u00f3n la realice un profesional formado y especializado.<\/div>\n<div>S\u00f3lo compra este producto si est\u00e1s seguro de que es compatible con tu veh\u00edculo. Si tienes alguna duda, no dudes en ponerte en contacto con nosotros. Nuestro horario de apertura es de lunes a viernes de 8 a 18 h.<\/div>\n<div><\/div>\n<div>Sobre nosotros<\/div>\n<div>COM Automotive est\u00e1 especializada en piezas de autom\u00f3vil de dise\u00f1o original para el sector de la reparaci\u00f3n posventa, clientes industriales y fabricantes de veh\u00edculos especiales OEM.<\/div>\n<div>Nuestro equipo tiene m\u00e1s de 28 a\u00f1os de experiencia en la fabricaci\u00f3n y el suministro de piezas de automoci\u00f3n a escala mundial.<\/div>\n<div>Nuestra MISI\u00d3N es ofrecer productos de dise\u00f1o original con una calidad impecable y una sustituci\u00f3n personalizada.<\/div>\n<div>Nuestra VISI\u00d3N es promover el crecimiento y un valor inigualable para nuestros clientes.<\/div>\n","protected":false},"excerpt":{"rendered":"<p>0124515137-COM. En stock. Ref: 0124515129, 0124515137, DQ59039, 1987AN0215 &#8211; compatible con: John Deere. Marca: COM Automotive &#8211; Producto con calidad y dise\u00f1o originales. Compatible con Bosch<\/p>\n","protected":false},"featured_media":18841,"comment_status":"open","ping_status":"closed","template":"","meta":[],"product_brand":[],"product_cat":[8109],"product_tag":[9771,10344],"class_list":{"0":"post-15417","1":"product","2":"type-product","3":"status-publish","4":"has-post-thumbnail","6":"product_cat-alternador-es-2","7":"product_tag-1987an0215-es","8":"product_tag-dq59039-es","10":"first","11":"instock","12":"taxable","13":"shipping-taxable","14":"purchasable","15":"product-type-simple"},"_links":{"self":[{"href":"https:\/\/com-automotive.com\/es\/wp-json\/wp\/v2\/product\/15417","targetHints":{"allow":["GET"]}}],"collection":[{"href":"https:\/\/com-automotive.com\/es\/wp-json\/wp\/v2\/product"}],"about":[{"href":"https:\/\/com-automotive.com\/es\/wp-json\/wp\/v2\/types\/product"}],"replies":[{"embeddable":true,"href":"https:\/\/com-automotive.com\/es\/wp-json\/wp\/v2\/comments?post=15417"}],"wp:featuredmedia":[{"embeddable":true,"href":"https:\/\/com-automotive.com\/es\/wp-json\/wp\/v2\/media\/18841"}],"wp:attachment":[{"href":"https:\/\/com-automotive.com\/es\/wp-json\/wp\/v2\/media?parent=15417"}],"wp:term":[{"taxonomy":"product_brand","embeddable":true,"href":"https:\/\/com-automotive.com\/es\/wp-json\/wp\/v2\/product_brand?post=15417"},{"taxonomy":"product_cat","embeddable":true,"href":"https:\/\/com-automotive.com\/es\/wp-json\/wp\/v2\/product_cat?post=15417"},{"taxonomy":"product_tag","embeddable":true,"href":"https:\/\/com-automotive.com\/es\/wp-json\/wp\/v2\/product_tag?post=15417"}],"curies":[{"name":"wp","href":"https:\/\/api.w.org\/{rel}","templated":true}]}}