{"id":15411,"date":"2023-10-23T15:06:26","date_gmt":"2023-10-23T18:06:26","guid":{"rendered":"https:\/\/com-automotive.com\/alternador-12v-150a-f000bl07p1-f000bl07p0-51978345-para-toro-renagade-1-8-flex-16\/"},"modified":"2023-10-23T15:06:26","modified_gmt":"2023-10-23T18:06:26","slug":"alternador-12v-150a-f000bl07p1-f000bl07p0-51978345-para-toro-renagade-1-8-flex-16","status":"publish","type":"product","link":"https:\/\/com-automotive.com\/es\/alternador-12v-150a-f000bl07p1-f000bl07p0-51978345-para-toro-renagade-1-8-flex-16\/","title":{"rendered":"Alternador 12V 150A F000BL07P1 F000BL07P0 51978345 para Toro Renagade 1.8 Flex 16&gt;<span class=\"product-sku\" style=\"display: block; font-size: 0.85em; color: #777; margin-top: 5px; margin-bottom: 5px;\">SKU: 8000.0761-COM<\/span>"},"content":{"rendered":"<h1>Calidad de dise\u00f1o original COM-AUTOMOTIVE.<\/h1>\n<p>Alternador F000BL07P1 12V 150Amp con polea &#8211; Dise\u00f1o: BOSCH SEG &#8211; OEM: FIAT TORO<\/p>\n<h2>Preguntas m\u00e1s frecuentes<\/h2>\n<h3><strong>\u00bfCu\u00e1les son las referencias cruzadas?<\/strong><\/h3>\n<p>F000BL07P0, F000BL07P1, 51978345, 51978345<\/p>\n<h2><strong>TABLA DE APLICACI\u00d3N<\/strong><\/h2>\n<table width=\"1036\">\n<tbody>\n<tr>\n<td width=\"1036\">FIAT TORO FREEDOM G-1, FPT INDUSTRIAL E-TORQ 370 A 0011 1.8 L 16V SOHC L4 FLEX, 2015-2023.<\/td>\n<\/tr>\n<tr>\n<td>JEEP RENEGADE 1.8 AT , FPT INDUSTRIAL E-TORQ 370 A 0011 1.8 L 16V DOHC L4 FLEX, 2019-2023.<\/td>\n<\/tr>\n<tr>\n<td>JEEP RENEGADE LONGITUDE G-1, E-TORQ 370 A 0011 1.8 L 16V DOHC L4 FLEX, 2017-2023.<\/td>\n<\/tr>\n<tr>\n<td>JEEP RENEGADE SPORT G-1, E-TORQ 370 A 0011 1.8 L 16V DOHC L4 FLEX, 2017-2023.<\/td>\n<\/tr>\n<tr>\n<td>JEEP RENEGADE SPORT , E-TORQ 370 A 0011 1.8 L 16V DOHC L4 FLEX, 2015-2016.<\/td>\n<\/tr>\n<tr>\n<td>FIAT ARGO PRECISION G-1, FPT INDUSTRIAL E-TORQ 370 A 0011 1.8 L 16V SOHC L4 FLEX, 2017-2023.<\/td>\n<\/tr>\n<tr>\n<td>JEEP RENEGADE LONGITUDE , E-TORQ 370 A 0011 1.8 L 16V DOHC L4 FLEX, 2015-2016.<\/td>\n<\/tr>\n<tr>\n<td>FIAT TORO OPENING EDITION G-1, FPT INDUSTRIAL E-TORQ 370 A 0011 1.8 L 16V SOHC L4 FLEX, 2015-2018.<\/td>\n<\/tr>\n<tr>\n<td>JEEP RENEGADE LIMITED G-1, E-TORQ 370 A 0011 1.8 L 16V DOHC L4 FLEX, 2017-2023.<\/td>\n<\/tr>\n<tr>\n<td>FIAT CRONOS PRECISION G-1, FPT INDUSTRIAL E-TORQ 370 A 0011 1.8 L 16V SOHC L4 FLEX, 2018-2023.<\/td>\n<\/tr>\n<tr>\n<td>FIAT ARGO HGT G-1, FPT INDUSTRIAL E-TORQ 370 A 0011 1.8 L 16V SOHC L4 FLEX, 2017-2023.<\/td>\n<\/tr>\n<tr>\n<td>FIAT ARGO OPENING EDITION G-1, FPT INDUSTRIAL E-TORQ 370 A 0011 1.8 L 16V SOHC L4 FLEX, 2017-2018.<\/td>\n<\/tr>\n<tr>\n<td>JEEP RENEGADE 75 A\u00d1OS G-1, E-TORQ 370 A 0011 1.8 L 16V DOHC L4 FLEX, 2016-2018.<\/td>\n<\/tr>\n<tr>\n<td>JEEP RENEGADE EDICI\u00d3N LIMITADA G-1, E-TORQ 370 A 0011 1.8 L 16V DOHC L4 FLEX, 2015-2016.<\/td>\n<\/tr>\n<tr>\n<td>JEEP RENEGADE LONGITUDE EDICI\u00d3N LIMITADA G-1, E-TORQ 370 A 0011 1.8 L 16V DOHC L4 FLEX, 2015-2016.<\/td>\n<\/tr>\n<tr>\n<td>JEEP RENEGADE 1.8 G-1, E-TORQ 370 A 0011 1.8 L 16V DOHC L4 FLEX, 2017-2023.<\/td>\n<\/tr>\n<tr>\n<td>FIAT ARGO TREKKING G-1, FPT INDUSTRIAL E-TORQ 370 A 0011 1.8 L 16V SOHC L4 FLEX, 2020-2023.<\/td>\n<\/tr>\n<tr>\n<td>FIAT CRONOS HGT G-1, FPT INDUSTRIAL E-TORQ 370 A 0011 1.8 L 16V SOHC L4 FLEX, 2019-2023.<\/td>\n<\/tr>\n<tr>\n<td>FIAT CRONOS DRIVE G-1, FPT INDUSTRIAL E-TORQ 370 A 0011 1.8 L 16V SOHC L4 FLEX, 2019-2023.<\/td>\n<\/tr>\n<tr>\n<td>JEEP RENEGADE CUSTOM G-1, E-TORQ 370 A 0011 1.8 L 16V DOHC L4 FLEX, 2017-2019.<\/td>\n<\/tr>\n<tr>\n<td>FIAT CRONOS (PCD) G-1, FPT INDUSTRIAL E-TORQ 370 A 0011 1.8 L 16V SOHC L4 FLEX, 2019-2023.<\/td>\n<\/tr>\n<tr>\n<td>JEEP RENEGADE NIGHT EAGLE G-1, E-TORQ 370 A 0011 1.8 L 16V DOHC L4 FLEX, 2017-2023. \u00ab<\/td>\n<\/tr>\n<\/tbody>\n<\/table>\n<p>&nbsp;<\/p>\n<div>ATENCI\u00d3N:<\/div>\n<div>Recomendamos que la instalaci\u00f3n la realice un profesional formado y especializado.<\/div>\n<div>S\u00f3lo compra este producto si est\u00e1s seguro de que es compatible con tu veh\u00edculo. Si tienes alguna duda, no dudes en ponerte en contacto con nosotros. Nuestro horario de apertura es de lunes a viernes de 8 a 18 h.<\/div>\n<div><\/div>\n<div>Sobre nosotros<\/div>\n<div>COM Automotive est\u00e1 especializada en piezas de autom\u00f3vil de dise\u00f1o original para el sector de la reparaci\u00f3n posventa, clientes industriales y fabricantes de veh\u00edculos especiales OEM.<\/div>\n<div>Nuestro equipo tiene m\u00e1s de 28 a\u00f1os de experiencia en la fabricaci\u00f3n y el suministro de piezas de automoci\u00f3n a escala mundial.<\/div>\n<div>Nuestra MISI\u00d3N es ofrecer productos de dise\u00f1o original con una calidad impecable y una sustituci\u00f3n personalizada.<\/div>\n<div>Nuestra VISI\u00d3N es promover el crecimiento y un valor inigualable para nuestros clientes.<\/div>\n","protected":false},"excerpt":{"rendered":"<p>F000BL07P1-COM. En stock. Ref: F000BL07P0, F000BL07P1, 51978345 &#8211; compatible con: FIAT TORO. Marca: COM Automotive &#8211; Producto con calidad y dise\u00f1o originales. Compatible con Bosch<\/p>\n","protected":false},"featured_media":19070,"comment_status":"open","ping_status":"closed","template":"","meta":[],"product_brand":[],"product_cat":[8109],"product_tag":[36916],"class_list":{"0":"post-15411","1":"product","2":"type-product","3":"status-publish","4":"has-post-thumbnail","6":"product_cat-alternador-es-2","7":"product_tag-51978345-es","9":"first","10":"instock","11":"taxable","12":"shipping-taxable","13":"purchasable","14":"product-type-simple"},"_links":{"self":[{"href":"https:\/\/com-automotive.com\/es\/wp-json\/wp\/v2\/product\/15411","targetHints":{"allow":["GET"]}}],"collection":[{"href":"https:\/\/com-automotive.com\/es\/wp-json\/wp\/v2\/product"}],"about":[{"href":"https:\/\/com-automotive.com\/es\/wp-json\/wp\/v2\/types\/product"}],"replies":[{"embeddable":true,"href":"https:\/\/com-automotive.com\/es\/wp-json\/wp\/v2\/comments?post=15411"}],"wp:featuredmedia":[{"embeddable":true,"href":"https:\/\/com-automotive.com\/es\/wp-json\/wp\/v2\/media\/19070"}],"wp:attachment":[{"href":"https:\/\/com-automotive.com\/es\/wp-json\/wp\/v2\/media?parent=15411"}],"wp:term":[{"taxonomy":"product_brand","embeddable":true,"href":"https:\/\/com-automotive.com\/es\/wp-json\/wp\/v2\/product_brand?post=15411"},{"taxonomy":"product_cat","embeddable":true,"href":"https:\/\/com-automotive.com\/es\/wp-json\/wp\/v2\/product_cat?post=15411"},{"taxonomy":"product_tag","embeddable":true,"href":"https:\/\/com-automotive.com\/es\/wp-json\/wp\/v2\/product_tag?post=15411"}],"curies":[{"name":"wp","href":"https:\/\/api.w.org\/{rel}","templated":true}]}}