{"id":15404,"date":"2023-10-23T16:51:57","date_gmt":"2023-10-23T19:51:57","guid":{"rendered":"https:\/\/com-automotive.com\/alternador-24v-80a-f000bl0772-f000bl0771-ec4510300ab-ford-cargo-ano-2010\/"},"modified":"2024-06-01T21:48:48","modified_gmt":"2024-06-02T00:48:48","slug":"alternador-24v-80a-f000bl0772-f000bl0771-ec4510300ab-ford-cargo-ano-2010","status":"publish","type":"product","link":"https:\/\/com-automotive.com\/es\/alternador-24v-80a-f000bl0772-f000bl0771-ec4510300ab-ford-cargo-ano-2010\/","title":{"rendered":"Alternador 24V 80A F000BL0772 F000BL0771 EC4510300AB Ford Cargo a\u00f1o 2010&gt;<span class=\"product-sku\" style=\"display: block; font-size: 0.85em; color: #777; margin-top: 5px; margin-bottom: 5px;\">SKU: 8000.0772-COM<\/span>"},"content":{"rendered":"<h1>COM-AUTOMOTIVE, calidad de dise\u00f1o original.<\/h1>\n<p>Alternador F000BL0772 24V 80Amp con polea &#8211; Dise\u00f1o: BOSCH SEG &#8211; OEM: FORD CARGO<\/p>\n<h2>Preguntas m\u00e1s frecuentes<\/h2>\n<h3><strong>\u00bfCu\u00e1les son las referencias cruzadas?<\/strong><\/h3>\n<p>F000BL0771, F000BL0772, EC4510300AB, EC4510300AB, 0124555029, F000BL0772<\/p>\n<h2><strong>Tabla de aplicaci\u00f3n<\/strong><\/h2>\n<table width=\"1036\">\n<tbody>\n<tr>\n<td width=\"1036\">FORD CARGO C 816 , CUMMINS ISB 4.5 ISBE 4.5 4.5 L 16V SOHV L4 DIESEL, 2012-2020.<\/td>\n<\/tr>\n<tr>\n<td>FORD CARGO C 815 E , CUMMINS INTERACT 4 ISBe 4 3.9 L 16V SOHV L4 DIESEL, 2005-2019.<\/td>\n<\/tr>\n<tr>\n<td>FORD CARGO C 2428 E , CUMMINS INTERACT 6 ISBe 6 5.9 L 24V SOHV L6 DIESEL, 2006-2019.<\/td>\n<\/tr>\n<tr>\n<td>FORD CARGO C 2422 E , CUMMINS INTERACT 6 ISBe 6 5.9 L 24V SOHV L6 DIESEL, 2006-2015.<\/td>\n<\/tr>\n<tr>\n<td>FORD CARGO C 1317 E , CUMMINS INTERACT 4 ISBe 4 3.9 L 16V SOHV L4 DIESEL, 2005-2019.<\/td>\n<\/tr>\n<tr>\n<td>FORD CARGO C 2429 , CUMMINS ISB 6.7 ISBE 6.7 6.7 L 24V SOHV L6 DIESEL, 2012-2019.<\/td>\n<\/tr>\n<tr>\n<td>FORD CARGO C 1119 , CUMMINS ISB 4.5 ISBE 4.5 4.5 L 16V SOHV L4 DIESEL, 2014-2021.<\/td>\n<\/tr>\n<tr>\n<td>FORD CARGO C 2628 E , CUMMINS INTERACT 6 ISBe 6 5.9 L 24V SOHV L6 DIESEL, 2006-2015.<\/td>\n<\/tr>\n<tr>\n<td>FORD CARGO C 2629 , CUMMINS ISB 6.7 ISBE 6.7 6.7 L 24V SOHV L6 DIESEL, 2012-2020.<\/td>\n<\/tr>\n<tr>\n<td>FORD CARGO C 1319 , CUMMINS ISB 4.5 ISBE 4.5 4.5 L 16V SOHV L4 DIESEL, 2012-2019.<\/td>\n<\/tr>\n<tr>\n<td>FORD CARGO C 1722 E , CUMMINS INTERACT 6 ISBe 6 5.9 L 24V SOHV L6 DIESEL, 2006-2015.<\/td>\n<\/tr>\n<tr>\n<td>FORD CARGO C 1517 E , CUMMINS INTERACT 4 ISBe 4 3.9 L 16V SOHV L4 DIESEL, 2005-2015.<\/td>\n<\/tr>\n<tr>\n<td>FORD CARGO C 2423 , CUMMINS ISB 6.7 ISBE 6.7 6.7 L 24V SOHV L6 DIESEL, 2012-2019.<\/td>\n<\/tr>\n<tr>\n<td>FORD CARGO C 1717 E , CUMMINS INTERACT 4 ISBe 4 3.9 L 16V SOHV L4 DIESEL, 2005-2019.<\/td>\n<\/tr>\n<tr>\n<td>FORD CARGO C 2622 E , CUMMINS INTERACT 6 ISBe 6 5.9 L 24V SOHV L6 DIESEL, 2006-2018.<\/td>\n<\/tr>\n<tr>\n<td>FORD CARGO C 1519 , CUMMINS ISB 4.5 ISBE 4.5 4.5 L 16V SOHV L4 DIESEL, 2012-2020.<\/td>\n<\/tr>\n<tr>\n<td>FORD CARGO C 1723 , CUMMINS ISB 6.7 ISBE 6.7 6.7 L 24V SOHV L6 DIESEL, 2012-2020.<\/td>\n<\/tr>\n<tr>\n<td>FORD CARGO C 4532 E , CUMMINS INTERACT ISC 8.3 8.3 L 24V SOHV L6 DIESEL, 2007-2015.<\/td>\n<\/tr>\n<tr>\n<td>FORD CARGO C 1719 , CUMMINS ISB 4.5 ISBE 4.5 4.5 L 16V SOHV L4 DIESEL, 2012-2020.<\/td>\n<\/tr>\n<tr>\n<td>FORD CARGO C 2623 , CUMMINS ISB 6.7 ISBE 6.7 6.7 L 24V SOHV L6 DIESEL, 2012-2020.<\/td>\n<\/tr>\n<tr>\n<td>FORD CARGO C 1933 , CUMMINS ISL 8.9 ISL 330 8.9 L 24V SOHV L6 DIESEL, 2011-2020.<\/td>\n<\/tr>\n<tr>\n<td>FORD CARGO C 1723 B TORQSHIFT , CUMMINS ISB 6.7 ISBE 6.7 6.7 L 24V SOHV L6 DIESEL, 2016-2020.<\/td>\n<\/tr>\n<tr>\n<td>FORD CARGO C 6332 E , CUMMINS INTERACT ISC 8.3 8.3 L 24V SOHV L6 DIESEL, 2008-2012.<\/td>\n<\/tr>\n<tr>\n<td>FORD CARGO C 1419 S , CUMMINS ISB 4.5 ISBE 4.5 4.5 L 16V SOHV L4 DIESEL, 2016-2021.<\/td>\n<\/tr>\n<tr>\n<td>FORD CARGO C 2429 BL TORQSHIFT , CUMMINS ISB 6.7 ISBE 6.7 6.7 L 24V SOHV L6 DIESEL, 2016-2020.<\/td>\n<\/tr>\n<tr>\n<td>FORD CARGO C 2429 B TORQSHIFT , CUMMINS ISB 6.7 ISBE 6.7 6.7 L 24V SOHV L6 DIESEL, 2016-2020.<\/td>\n<\/tr>\n<tr>\n<td>FORD CARGO C 1519 S , CUMMINS ISB 4.5 ISBE 4.5 4.5 L 16V SOHV L4 DIESEL, 2016-2020.<\/td>\n<\/tr>\n<tr>\n<td>FORD CARGO C 3133 , CUMMINS ISL 8.9 ISL 330 8.9 L 24V SOHV L6 DIESEL, 2012-2020.<\/td>\n<\/tr>\n<tr>\n<td>FORD CARGO C 2429 SL , CUMMINS ISB 6.7 ISBE 6.7 6.7 L 24V SOHV L6 DIESEL, 2016-2020.<\/td>\n<\/tr>\n<tr>\n<td>FORD CARGO C 4432 E , CUMMINS INTERACT ISC 8.3 8.3 L 24V SOHV L6 DIESEL, 2006-2008.<\/td>\n<\/tr>\n<tr>\n<td>FORD CARGO C 3031 , CUMMINS ISB 6.7 ISBE 6.7 6.7 L 24V SOHV L6 DIESEL, 2018-2020.<\/td>\n<\/tr>\n<tr>\n<td>FORD CARGO C 1932 CNL , CUMMINS INTERACT ISC 8.3 8.3 L 24V SOHV L6 DIESEL, 2011-2015.<\/td>\n<\/tr>\n<tr>\n<td>FORD CARGO C 5032 E , CUMMINS INTERACT ISC 8.3 8.3 L 24V SOHV L6 DIESEL, 2006-2008.<\/td>\n<\/tr>\n<tr>\n<td>FORD CARGO C 2423 B TORQSHIFT , CUMMINS ISB 6.7 ISBE 6.7 6.7 L 24V SOHV L6 DIESEL, 2016-2021.<\/td>\n<\/tr>\n<tr>\n<td>FORD CARGO C 2431 TORQSHIFT , CUMMINS ISB 6.7 ISBE 6.7 6.7 L 24V SOHV L6 DIESEL, 2019-2020.<\/td>\n<\/tr>\n<tr>\n<td>FORD CARGO C 1729 , CUMMINS ISB 6.7 ISBE 6.7 6.7 L 24V SOHV L6 DIESEL, 2014-2018.<\/td>\n<\/tr>\n<tr>\n<td>FORD CARGO C 2932 E , CUMMINS INTERACT ISC 8.3 8.3 L 24V SOHV L6 DIESEL, 2006-2008.<\/td>\n<\/tr>\n<tr>\n<td>FORD CARGO C 1933 BTL TORQSHIFT , CUMMINS ISL 8.9 ISL 330 8.9 L 24V SOHV L6 DIESEL, 2016-2020. F000BL0772<\/td>\n<\/tr>\n<tr>\n<td>FORD CARGO C 2632 E , CUMMINS INTERACT ISC 8.3 8.3 L 24V SOHV L6 DIESEL, 2006-2008.<\/td>\n<\/tr>\n<tr>\n<td>FORD CARGO C 2431 , CUMMINS ISB 6.7 ISBE 6.7 6.7 L 24V SOHV L6 DIESEL, 2019-2019.<\/td>\n<\/tr>\n<tr>\n<td>FORD CARGO C 1719 S , CUMMINS ISB 4.5 ISBE 4.5 4.5 L 16V SOHV L4 DIESEL, 2016-2020.<\/td>\n<\/tr>\n<tr>\n<td>FORD CARGO C 1723 BL TORQSHIFT , CUMMINS ISB 6.7 ISBE 6.7 6.7 L 24V SOHV L6 DIESEL, 2016-2020.<\/td>\n<\/tr>\n<tr>\n<td>FORD CARGO C 2631 , CUMMINS ISB 6.7 ISBE 6.7 6.7 L 24V SOHV L6 DIESEL, 2019-2020.<\/td>\n<\/tr>\n<tr>\n<td>FORD CARGO C 2429 L , CUMMINS ISB 6.7 ISBE 6.7 6.7 L 24V SOHV L6 DIESEL, 2016-2020.<\/td>\n<\/tr>\n<tr>\n<td>FORD CARGO C 1723 L , CUMMINS ISB 6.7 ISBE 6.7 6.7 L 24V SOHV L6 DIESEL, 2014-2016.<\/td>\n<\/tr>\n<tr>\n<td>FORD CARGO C 3129 6X4 , CUMMINS ISB 6.7 ISBE 6.7 6.7 L 24V SOHV L6 DIESEL, 2016-2019.<\/td>\n<\/tr>\n<tr>\n<td>FORD CARGO C 3131 , CUMMINS ISB 6.7 ISBE 6.7 6.7 L 24V SOHV L6 DIESEL, 2018-2020.<\/td>\n<\/tr>\n<tr>\n<td>FORD CARGO C 816 TOPLINE CD , CUMMINS ISB 4.5 ISBE 4.5 4.5 L 16V SOHV L4 DIESEL, 2014-2019.<\/td>\n<\/tr>\n<tr>\n<td>FORD CARGO C 1723 K TORQSHIFT , CUMMINS ISB 6.7 ISBE 6.7 6.7 L 24V SOHV L6 DIESEL, 2016-2018.<\/td>\n<\/tr>\n<tr>\n<td>FORD CARGO C 1729 B TORQSHIFT , CUMMINS ISB 6.7 ISBE 6.7 6.7 L 24V SOHV L6 DIESEL, 2016-2020.<\/td>\n<\/tr>\n<tr>\n<td>FORD CARGO C 1729 BL TORQSHIFT , CUMMINS ISB 6.7 ISBE 6.7 6.7 L 24V SOHV L6 DIESEL, 2016-2019.<\/td>\n<\/tr>\n<tr>\n<td>FORD CARGO C 1932 L , CUMMINS ISB 6.7 ISBE 6.7 6.7 L 24V SOHV L6 DIESEL, 2014-2014.<\/td>\n<\/tr>\n<tr>\n<td>FORD CARGO C 2429 S , CUMMINS ISB 6.7 ISBE 6.7 6.7 L 24V SOHV L6 DIESEL, 2016-2017.<\/td>\n<\/tr>\n<tr>\n<td>FORD CARGO C 2423 BL TORQSHIFT , CUMMINS ISB 6.7 ISBE 6.7 6.7 L 24V SOHV L6 DIESEL, 2018-2019.<\/td>\n<\/tr>\n<tr>\n<td>FORD CARGO C 1119 TOPLINE CD , CUMMINS ISB 4.5 ISBE 4.5 4.5 L 16V SOHV L4 DIESEL, 2014-2019.<\/td>\n<\/tr>\n<tr>\n<td>FORD CARGO C 1731 R , CUMMINS ISB 6.7 ISBE 6.7 6.7 L 24V SOHV L6 DIESEL, 2019-2019.<\/td>\n<\/tr>\n<tr>\n<td>FORD CARGO C 2422 , CUMMINS INTERACT 6 ISBe 6 5.9 L 24V SOHV L6 DIESEL, 2010-2015.<\/td>\n<\/tr>\n<tr>\n<td>FORD CARGO C 2628 CN , CUMMINS INTERACT 6 ISBe 6 5.9 L 24V SOHV L6 DIESEL, 2005-2019.<\/td>\n<\/tr>\n<tr>\n<td>FORD CARGO C 1932 CNLT , CUMMINS INTERACT ISC 8.3 8.3 L 24V SOHV L6 DIESEL, 2010-2015. F000BL0772<\/td>\n<\/tr>\n<tr>\n<td>FORD CARGO C 3132 , CUMMINS INTERACT ISC 8.3 8.3 L 24V SOHV L6 DIESEL, 2010-2019.<\/td>\n<\/tr>\n<tr>\n<td>FORD CARGO C 915 , CUMMINS INTERACT 4 ISBe 4 3.9 L 16V SOHV L4 DIESEL, 2014-2014.<\/td>\n<\/tr>\n<tr>\n<td>FORD CARGO C 1729 BTL TORQSHIFT , CUMMINS ISB 6.7 ISBE 6.7 6.7 L 24V SOHV L6 DIESEL, 2018-2018.<\/td>\n<\/tr>\n<tr>\n<td>FORD CARGO C 1719 TORQSHIFT , CUMMINS ISB 4.5 ISBE 4.5 4.5 L 16V SOHV L4 DIESEL, 2020-2020.<\/td>\n<\/tr>\n<\/tbody>\n<\/table>\n<p>&nbsp;<\/p>\n<div>ATENCI\u00d3N:<\/div>\n<div>Le recomendamos que encargue la instalaci\u00f3n del F000BL0772 a un profesional formado y especializado.<\/div>\n<div>S\u00f3lo compre este producto F000BL0772 si est\u00e1 seguro de que es compatible con su veh\u00edculo. Si tiene alguna duda, no dude en ponerse en contacto con nosotros. Nuestro horario de apertura es de lunes a viernes de 8 a 18 h.<\/div>\n<div><\/div>\n<div>Sobre nosotros<\/div>\n<div>COM Automotive est\u00e1 especializada en piezas de autom\u00f3vil de dise\u00f1o original para el sector de la reparaci\u00f3n posventa, clientes industriales y fabricantes de veh\u00edculos especiales OEM.<\/div>\n<div>Nuestro equipo tiene m\u00e1s de 28 a\u00f1os de experiencia en la fabricaci\u00f3n y el suministro de piezas de automoci\u00f3n a escala mundial.<\/div>\n<div>Nuestra MISI\u00d3N es ofrecer productos de dise\u00f1o original con una calidad impecable y una sustituci\u00f3n personalizada.<\/div>\n<div>Nuestra VISI\u00d3N es promover el crecimiento y un valor inigualable para nuestros clientes.<\/div>\n","protected":false},"excerpt":{"rendered":"<p>F000BL0772-COM. En stock. Ref: F000BL0771, F000BL0772, EC4510300AB, 0124555029, 8EL012584641 &#8211; compatible con: FORD CARGO. Marca: COM Automotive &#8211; Producto con calidad y dise\u00f1o originales. Compatible con Bosch<\/p>\n","protected":false},"featured_media":20124,"comment_status":"open","ping_status":"closed","template":"","meta":[],"product_brand":[],"product_cat":[8109],"product_tag":[10686,10684,10680,10683,10688],"class_list":{"0":"post-15404","1":"product","2":"type-product","3":"status-publish","4":"has-post-thumbnail","6":"product_cat-alternador-es-2","7":"product_tag-0124555029-es","8":"product_tag-ec4510300ab-es","9":"product_tag-f000bl0771-es","10":"product_tag-f000bl0772-es","11":"product_tag-f000bl0772-com-es","13":"first","14":"instock","15":"taxable","16":"shipping-taxable","17":"purchasable","18":"product-type-simple"},"_links":{"self":[{"href":"https:\/\/com-automotive.com\/es\/wp-json\/wp\/v2\/product\/15404","targetHints":{"allow":["GET"]}}],"collection":[{"href":"https:\/\/com-automotive.com\/es\/wp-json\/wp\/v2\/product"}],"about":[{"href":"https:\/\/com-automotive.com\/es\/wp-json\/wp\/v2\/types\/product"}],"replies":[{"embeddable":true,"href":"https:\/\/com-automotive.com\/es\/wp-json\/wp\/v2\/comments?post=15404"}],"wp:featuredmedia":[{"embeddable":true,"href":"https:\/\/com-automotive.com\/es\/wp-json\/wp\/v2\/media\/20124"}],"wp:attachment":[{"href":"https:\/\/com-automotive.com\/es\/wp-json\/wp\/v2\/media?parent=15404"}],"wp:term":[{"taxonomy":"product_brand","embeddable":true,"href":"https:\/\/com-automotive.com\/es\/wp-json\/wp\/v2\/product_brand?post=15404"},{"taxonomy":"product_cat","embeddable":true,"href":"https:\/\/com-automotive.com\/es\/wp-json\/wp\/v2\/product_cat?post=15404"},{"taxonomy":"product_tag","embeddable":true,"href":"https:\/\/com-automotive.com\/es\/wp-json\/wp\/v2\/product_tag?post=15404"}],"curies":[{"name":"wp","href":"https:\/\/api.w.org\/{rel}","templated":true}]}}