{"id":15402,"date":"2023-10-23T16:51:50","date_gmt":"2023-10-23T19:51:50","guid":{"rendered":"https:\/\/com-automotive.com\/alternador-12v-90a-f000bl0476-f000bl0475-para-vw-26220-mwm-cummins-2000\/"},"modified":"2023-10-23T16:51:50","modified_gmt":"2023-10-23T19:51:50","slug":"alternador-12v-90a-f000bl0476-f000bl0475-para-vw-26220-mwm-cummins-2000","status":"publish","type":"product","link":"https:\/\/com-automotive.com\/es\/alternador-12v-90a-f000bl0476-f000bl0475-para-vw-26220-mwm-cummins-2000\/","title":{"rendered":"Alternador 12V 90A F000BL0476 F000BL0475 para VW 26220 MWM Cummins 2000&gt;<span class=\"product-sku\" style=\"display: block; font-size: 0.85em; color: #777; margin-top: 5px; margin-bottom: 5px;\">SKU: 8000.0476-COM<\/span>"},"content":{"rendered":"<h1>COM-AUTOMOTIVE, calidad de dise\u00f1o original.<\/h1>\n<p>Alternador F000BL0476 12V 90Amp con polea &#8211; Dise\u00f1o: BOSCH SEG &#8211; OEM: VOLKWAGEN<\/p>\n<h2>Preguntas m\u00e1s frecuentes<\/h2>\n<h3><strong>\u00bfCu\u00e1les son las referencias cruzadas?<\/strong><\/h3>\n<p>F000BL0475, F000BL0476, 2P0903015F, 2P0903015F, 2P0903015F, F000BL0300<\/p>\n<h2><strong>Tabla de aplicaci\u00f3n<\/strong><\/h2>\n<table style=\"height: 377px;\" width=\"759\">\n<tbody>\n<tr>\n<td width=\"623\">13180 Motor MWM 6.10 TCA &#8211; A\u00f1o &#8211; 2000, 2001, 2002, 2003, 2004, 2005<\/td>\n<\/tr>\n<tr>\n<td>13190 Motor Cummins 6BTAA &#8211; A\u00f1o &#8211; 2001, 2002, 2003, 2004, 2005<\/td>\n<\/tr>\n<tr>\n<td>15180 Motor MWM 6.10 TCA &#8211; A\u00f1o &#8211; 2000, 2001, 2002, 2003, 2004, 2005<\/td>\n<\/tr>\n<tr>\n<td>15190 Motor 4&#215;2 Cummins 6BTAA 5,9 litros &#8211; A\u00f1o &#8211; 2001, 2002, 2003, 2004, 2005<\/td>\n<\/tr>\n<tr>\n<td>15210 Motor MWM 6.10 TCA &#8211; despu\u00e9s de 2007<\/td>\n<\/tr>\n<tr>\n<td>Motor 17210 MWM 6.10 TCA &#8211; A\u00f1o &#8211; 2000, 2001, 2002, 2003, 2004, 2005<\/td>\n<\/tr>\n<tr>\n<td>17210 Motor Cummins 6BTAA de 5,9 litros &#8211; A\u00f1o &#8211; 2000, 2001, 2002, 2003, 2004, 2005<\/td>\n<\/tr>\n<tr>\n<td>17220 Motor Cummins 6CTAA de 8,3 litros &#8211; A\u00f1o &#8211; 2000, 2001, 2002, 2004, 2005, 2006<\/td>\n<\/tr>\n<tr>\n<td>17310 Motor 4&#215;2 Cummins 6CTAA 8.3 6 cilindros. &#8211; A\u00f1o &#8211; 2001, 2002, 2003, 2004, 2005<\/td>\n<\/tr>\n<tr>\n<td>23210 Motor 6&#215;2 MWM 6.10 TCA 6.4 litros serie 10 . &#8211; A\u00f1o &#8211; 2002, 2003, 2004, 2005<\/td>\n<\/tr>\n<tr>\n<td>23310 Motor 6&#215;2 Cummins 6CTAA 8.3 6 cilindros. &#8211; A\u00f1o &#8211; 2001, 2002, 2003, 2004, 2005<\/td>\n<\/tr>\n<tr>\n<td>26220 Motor Cummins 6CTAA de 8,3 litros &#8211; A\u00f1o &#8211; 2001, 2002, 2003, 2004, 2005, 2006<\/td>\n<\/tr>\n<tr>\n<td>26260 Motor Cummins 6CTAA de 8,3 litros &#8211; A\u00f1o &#8211; 2002, 2003, 2004, 2005<\/td>\n<\/tr>\n<tr>\n<td>26310 Motor Cummins 6CTAA de 8,3 litros &#8211; A\u00f1o &#8211; 2001, 2002, 2003, 2004, 2005<\/td>\n<\/tr>\n<\/tbody>\n<\/table>\n<div><\/div>\n<div>ATENCI\u00d3N:<\/div>\n<div>Recomendamos que la instalaci\u00f3n la realice un profesional formado y especializado.<\/div>\n<div>S\u00f3lo compra este producto si est\u00e1s seguro de que es compatible con tu veh\u00edculo. Si tienes alguna duda, no dudes en ponerte en contacto con nosotros. Nuestro horario de apertura es de lunes a viernes de 8 a 18 h.<\/div>\n<div><\/div>\n","protected":false},"excerpt":{"rendered":"<p>F000BL0476-COM. En stock. Ref: F000BL0475, F000BL0476, 2P0903015F, F000BL0300, F000BL0418, 8EL738020001 &#8211; compatible con: VOLKWAGEN. Marca: COM Automotive &#8211; Producto con calidad y dise\u00f1o originales. Compatible con Bosch<\/p>\n","protected":false},"featured_media":19082,"comment_status":"open","ping_status":"closed","template":"","meta":[],"product_brand":[],"product_cat":[8109],"product_tag":[10671,10673,10667,10669,10675],"class_list":{"0":"post-15402","1":"product","2":"type-product","3":"status-publish","4":"has-post-thumbnail","6":"product_cat-alternador-es-2","7":"product_tag-2p0903015f-es","8":"product_tag-f000bl0300-es","9":"product_tag-f000bl0475-es","10":"product_tag-f000bl0476-es","11":"product_tag-f000bl0476-com-es","13":"first","14":"instock","15":"taxable","16":"shipping-taxable","17":"purchasable","18":"product-type-simple"},"_links":{"self":[{"href":"https:\/\/com-automotive.com\/es\/wp-json\/wp\/v2\/product\/15402","targetHints":{"allow":["GET"]}}],"collection":[{"href":"https:\/\/com-automotive.com\/es\/wp-json\/wp\/v2\/product"}],"about":[{"href":"https:\/\/com-automotive.com\/es\/wp-json\/wp\/v2\/types\/product"}],"replies":[{"embeddable":true,"href":"https:\/\/com-automotive.com\/es\/wp-json\/wp\/v2\/comments?post=15402"}],"wp:featuredmedia":[{"embeddable":true,"href":"https:\/\/com-automotive.com\/es\/wp-json\/wp\/v2\/media\/19082"}],"wp:attachment":[{"href":"https:\/\/com-automotive.com\/es\/wp-json\/wp\/v2\/media?parent=15402"}],"wp:term":[{"taxonomy":"product_brand","embeddable":true,"href":"https:\/\/com-automotive.com\/es\/wp-json\/wp\/v2\/product_brand?post=15402"},{"taxonomy":"product_cat","embeddable":true,"href":"https:\/\/com-automotive.com\/es\/wp-json\/wp\/v2\/product_cat?post=15402"},{"taxonomy":"product_tag","embeddable":true,"href":"https:\/\/com-automotive.com\/es\/wp-json\/wp\/v2\/product_tag?post=15402"}],"curies":[{"name":"wp","href":"https:\/\/api.w.org\/{rel}","templated":true}]}}