{"id":15387,"date":"2023-11-15T20:30:03","date_gmt":"2023-11-15T23:30:03","guid":{"rendered":"https:\/\/com-automotive.com\/alternador-12v-70amp-sg7s058-carrier-transicold-ultima-thermoking-valeo\/"},"modified":"2023-11-15T20:30:03","modified_gmt":"2023-11-15T23:30:03","slug":"alternador-12v-70amp-sg7s058-carrier-transicold-ultima-thermoking-valeo","status":"publish","type":"product","link":"https:\/\/com-automotive.com\/es\/alternador-12v-70amp-sg7s058-carrier-transicold-ultima-thermoking-valeo\/","title":{"rendered":"Alternador 12V 70Amp SG7S058 Carrier Transicold Ultima ThermoKing Valeo<span class=\"product-sku\" style=\"display: block; font-size: 0.85em; color: #777; margin-top: 5px; margin-bottom: 5px;\">SKU: SG7S058-COM<\/span>"},"content":{"rendered":"<h1><strong>COM-AUTOMOTIVE, calidad de dise\u00f1o original.<\/strong><\/h1>\n<p>Alternador Valeo 12V 70Amp Equipos frigor\u00edficos Carrier Transicold Ultima ThermoKing . ORIGINALES : Valeo SG7S058 \/ 7S058<\/p>\n<h2>Preguntas m\u00e1s frecuentes<\/h2>\n<h3><strong>\u00bfCu\u00e1les son las referencias cruzadas?<\/strong><\/h3>\n<p>30-01114-03, 30-01114-06, 300111403, 300111406,<\/p>\n<h2><strong>Tabla de aplicaci\u00f3n<\/strong><\/h2>\n<p>Equipos de refrigeraci\u00f3n Carrier Transicold Ultima ThermoKing<\/p>\n<p>ATENCI\u00d3N:<br \/>\nRecomendamos que el SG7S058 sea instalado por un profesional formado y especializado.<br \/>\nS\u00f3lo compre este producto SG7S058 si est\u00e1 seguro de que es compatible con su veh\u00edculo. Si tiene alguna duda, no dude en ponerse en contacto con nosotros. Nuestro horario de apertura es de lunes a viernes de 8 a 18 h.<\/p>\n<p>Sobre nosotros<br \/>\nCOM Automotive est\u00e1 especializada en piezas de autom\u00f3vil de dise\u00f1o original para el sector de la reparaci\u00f3n posventa, clientes industriales y fabricantes de veh\u00edculos especiales OEM.<br \/>\nNuestro equipo tiene m\u00e1s de 28 a\u00f1os de experiencia en la fabricaci\u00f3n y el suministro de piezas de automoci\u00f3n a escala mundial.<br \/>\nNuestra MISI\u00d3N es ofrecer productos de dise\u00f1o original con una calidad impecable y una sustituci\u00f3n personalizada.<br \/>\nNuestra VISI\u00d3N es promover el crecimiento y un valor inigualable para nuestros clientes.<\/p>\n","protected":false},"excerpt":{"rendered":"<p>Alternador Valeo 12V 70Amp Equipos frigor\u00edficos Carrier Transicold Ultima ThermoKing . ORIGINALES : Valeo SG7S058 \/ 7S058<\/p>\n","protected":false},"featured_media":10876,"comment_status":"closed","ping_status":"closed","template":"","meta":[],"product_brand":[],"product_cat":[8109,8542],"product_tag":[10600,10602,10594],"class_list":{"0":"post-15387","1":"product","2":"type-product","3":"status-publish","4":"has-post-thumbnail","6":"product_cat-alternador-es-2","7":"product_cat-sempreco-es","8":"product_tag-30-01114-03-es","9":"product_tag-30-01114-06-es","10":"product_tag-sg7s058-es","12":"first","13":"instock","14":"taxable","15":"shipping-taxable","16":"purchasable","17":"product-type-simple"},"_links":{"self":[{"href":"https:\/\/com-automotive.com\/es\/wp-json\/wp\/v2\/product\/15387","targetHints":{"allow":["GET"]}}],"collection":[{"href":"https:\/\/com-automotive.com\/es\/wp-json\/wp\/v2\/product"}],"about":[{"href":"https:\/\/com-automotive.com\/es\/wp-json\/wp\/v2\/types\/product"}],"replies":[{"embeddable":true,"href":"https:\/\/com-automotive.com\/es\/wp-json\/wp\/v2\/comments?post=15387"}],"wp:featuredmedia":[{"embeddable":true,"href":"https:\/\/com-automotive.com\/es\/wp-json\/wp\/v2\/media\/10876"}],"wp:attachment":[{"href":"https:\/\/com-automotive.com\/es\/wp-json\/wp\/v2\/media?parent=15387"}],"wp:term":[{"taxonomy":"product_brand","embeddable":true,"href":"https:\/\/com-automotive.com\/es\/wp-json\/wp\/v2\/product_brand?post=15387"},{"taxonomy":"product_cat","embeddable":true,"href":"https:\/\/com-automotive.com\/es\/wp-json\/wp\/v2\/product_cat?post=15387"},{"taxonomy":"product_tag","embeddable":true,"href":"https:\/\/com-automotive.com\/es\/wp-json\/wp\/v2\/product_tag?post=15387"}],"curies":[{"name":"wp","href":"https:\/\/api.w.org\/{rel}","templated":true}]}}