{"id":15384,"date":"2023-11-15T20:29:51","date_gmt":"2023-11-15T23:29:51","guid":{"rendered":"https:\/\/com-automotive.com\/alternador-12v-180a-0125811132-0125811131-04e903015e-para-jetta-tiguan-golf-16\/"},"modified":"2023-11-15T20:29:51","modified_gmt":"2023-11-15T23:29:51","slug":"alternador-12v-180a-0125811132-0125811131-04e903015e-para-jetta-tiguan-golf-16","status":"publish","type":"product","link":"https:\/\/com-automotive.com\/es\/alternador-12v-180a-0125811132-0125811131-04e903015e-para-jetta-tiguan-golf-16\/","title":{"rendered":"Alternador 12V 180A 0125811132 0125811131 04E903015E para Jetta Tiguan Golf 16&gt;<span class=\"product-sku\" style=\"display: block; font-size: 0.85em; color: #777; margin-top: 5px; margin-bottom: 5px;\">SKU: 8000.1132-COM<\/span>"},"content":{"rendered":"<h1><strong>COM-AUTOMOTIVE, calidad de dise\u00f1o original.<\/strong><\/h1>\n<p>Alternador 0125811132 12V 180Amp con polea &#8211; Dise\u00f1o: BOSCH SEG &#8211; OEM: VOLKSWAGEN<\/p>\n<h2>Preguntas m\u00e1s frecuentes<\/h2>\n<h3><strong>\u00bfCu\u00e1les son las referencias cruzadas?<\/strong><\/h3>\n<p>0125811131, 0125811132, 04E903015E, 04E903015EX, 04E903021P, 04E903021PX, 04E903023L, 04E903015D, 04E903015DX, 04E903015E, 04E903021P, 04E903015D, 04E903015DX, 04E903015E, 04E903015D, 04E903015DX, 04E903015E, 04E903021P, 04E903023L, 04E903015D, 04E903015DX, 04E903015EX, 04E903021P, 04E903021PX, 04E903023L<\/p>\n<h2><strong>Tabla de aplicaci\u00f3n<\/strong><\/h2>\n<table width=\"1055\">\n<tbody>\n<tr>\n<td width=\"1055\">VOLKSWAGEN TIGUAN ALLSPACE COMFORTLINE 250 TSI G-3, EA211 CZDA 1.4 L 16V DOHC L4 FLEX, 2019-2023.<\/td>\n<\/tr>\n<tr>\n<td>VOLKSWAGEN JETTA COMFORTLINE 250 TSI TIPTRONIC , EA211 CZDA 1.4 L 16V DOHC L4 FLEX, 2019-2023.<\/td>\n<\/tr>\n<tr>\n<td>VOLKSWAGEN JETTA R-LINE 250 TSI TIPTRONIC , EA211 CZDA 1.4 L 16V DOHC L4 FLEX, 2019-2023.<\/td>\n<\/tr>\n<tr>\n<td>VOLKSWAGEN POLO GTS G-4, EA211 CZDA 1.4 L 16V DOHC L4 FLEX, 2020-2023.<\/td>\n<\/tr>\n<tr>\n<td>VOLKSWAGEN TIGUAN ALLSPACE 250 TSI G-3, EA211 CZDA 1.4 L 16V DOHC L4 FLEX, 2019-2023.<\/td>\n<\/tr>\n<tr>\n<td>VOLKSWAGEN JETTA 250 TSI , EA211 CZDA 1.4 L 16V DOHC L4 FLEX, 2019-2023.<\/td>\n<\/tr>\n<tr>\n<td>VOLKSWAGEN GOLF COMFORTLINE 200 TSI G-7, EA211 DHSA 1.0 L 12V DOHC L3 FLEX, 2016-2020.<\/td>\n<\/tr>\n<tr>\n<td>VOLKSWAGEN TIGUAN 250 TSI G-2, EA211 CZDA 1.4 L 16V DOHC L4 GASOLINA, 2016-2019.<\/td>\n<\/tr>\n<tr>\n<td>VOLKSWAGEN VIRTUS GTS G-1, EA211 CZDA 1.4 L 16V DOHC L4 FLEX, 2020-2023.<\/td>\n<\/tr>\n<tr>\n<td>VOLKSWAGEN GOLF VARIANT HIGHLINE 250 TSI G-1, EA211 CZDA 1.4 L 16V DOHC L4 FLEX, 2019-2019.<\/td>\n<\/tr>\n<tr>\n<td>VOLKSWAGEN GOLF HIGHLINE 250 TSI G-7, EA211 CZDA 1.4 L 16V DOHC L4 FLEX, 2019-2020.<\/td>\n<\/tr>\n<tr>\n<td>VOLKSWAGEN GOLF VARIANTE COMFORTLINE 250 TSI G-1, EA211 CZDA 1.4 L 16V DOHC L4 FLEX, 2019-2019.<\/td>\n<\/tr>\n<tr>\n<td>VOLKSWAGEN GOLF HIGHLINE TSI FLEX G-7, EA211 CZDA 1.4 L 16V DOHC L4 FLEX, 2020-2020.<\/td>\n<\/tr>\n<\/tbody>\n<\/table>\n<div>ATENCI\u00d3N:<\/div>\n<div>Recomendamos que la instalaci\u00f3n de 0125811132 la realice un profesional formado y especializado.<\/div>\n<div>S\u00f3lo adquiera este producto en 0125811132 si est\u00e1 seguro de que es compatible con su veh\u00edculo. Si tiene alguna duda, no dude en ponerse en contacto con nosotros. Nuestro horario de apertura es de lunes a viernes de 8 a 18 h.<\/div>\n<div><\/div>\n<div>Sobre nosotros<\/div>\n<div>COM Automotive est\u00e1 especializada en piezas de autom\u00f3vil de dise\u00f1o original para el sector de la reparaci\u00f3n posventa, clientes industriales y fabricantes de veh\u00edculos especiales OEM.<\/div>\n<div>Nuestro equipo tiene m\u00e1s de 28 a\u00f1os de experiencia en la fabricaci\u00f3n y el suministro de piezas de automoci\u00f3n a escala mundial.<\/div>\n<div>Nuestra MISI\u00d3N es ofrecer productos de dise\u00f1o original con una calidad impecable y una sustituci\u00f3n personalizada.<\/div>\n<div>Nuestra VISI\u00d3N es promover el crecimiento y un valor inigualable para nuestros clientes.<\/div>\n","protected":false},"excerpt":{"rendered":"<p>0125811132-COM. En stock. Ref: 0125811131, 0125811132, 04E903015E, 04E903015EX, 04E903021P, 04E903021PX, 04E903023L, 04E903015D, 04E903015DX &#8211; compatible con: VOLKSWAGEN. Marca: COM Automotive &#8211; Producto con calidad y dise\u00f1o originales. Compatible con Bosch<\/p>\n","protected":false},"featured_media":20145,"comment_status":"open","ping_status":"closed","template":"","meta":[],"product_brand":[],"product_cat":[8109],"product_tag":[10577,10574,10580],"class_list":{"0":"post-15384","1":"product","2":"type-product","3":"status-publish","4":"has-post-thumbnail","6":"product_cat-alternador-es-2","7":"product_tag-0125811131-es","8":"product_tag-0125811132-es","9":"product_tag-04e903015e-es","11":"first","12":"instock","13":"taxable","14":"shipping-taxable","15":"purchasable","16":"product-type-simple"},"_links":{"self":[{"href":"https:\/\/com-automotive.com\/es\/wp-json\/wp\/v2\/product\/15384","targetHints":{"allow":["GET"]}}],"collection":[{"href":"https:\/\/com-automotive.com\/es\/wp-json\/wp\/v2\/product"}],"about":[{"href":"https:\/\/com-automotive.com\/es\/wp-json\/wp\/v2\/types\/product"}],"replies":[{"embeddable":true,"href":"https:\/\/com-automotive.com\/es\/wp-json\/wp\/v2\/comments?post=15384"}],"wp:featuredmedia":[{"embeddable":true,"href":"https:\/\/com-automotive.com\/es\/wp-json\/wp\/v2\/media\/20145"}],"wp:attachment":[{"href":"https:\/\/com-automotive.com\/es\/wp-json\/wp\/v2\/media?parent=15384"}],"wp:term":[{"taxonomy":"product_brand","embeddable":true,"href":"https:\/\/com-automotive.com\/es\/wp-json\/wp\/v2\/product_brand?post=15384"},{"taxonomy":"product_cat","embeddable":true,"href":"https:\/\/com-automotive.com\/es\/wp-json\/wp\/v2\/product_cat?post=15384"},{"taxonomy":"product_tag","embeddable":true,"href":"https:\/\/com-automotive.com\/es\/wp-json\/wp\/v2\/product_tag?post=15384"}],"curies":[{"name":"wp","href":"https:\/\/api.w.org\/{rel}","templated":true}]}}