{"id":15380,"date":"2023-11-16T15:22:32","date_gmt":"2023-11-16T18:22:32","guid":{"rendered":"https:\/\/com-automotive.com\/rotor-24v-140a-1124037004-alternador-t1\/"},"modified":"2023-11-16T15:22:32","modified_gmt":"2023-11-16T18:22:32","slug":"rotor-24v-140a-1124037004-alternador-t1","status":"publish","type":"product","link":"https:\/\/com-automotive.com\/es\/rotor-24v-140a-1124037004-alternador-t1\/","title":{"rendered":"Rotor 24V 140A 1124037004 Alternador T1<span class=\"product-sku\" style=\"display: block; font-size: 0.85em; color: #777; margin-top: 5px; margin-bottom: 5px;\">SKU: 8300.7004-COM<\/span>"},"content":{"rendered":"<h1><strong>COM-AUTOMOTIVE, calidad de dise\u00f1o original.<\/strong><\/h1>\n<p>Estator 1124037004 Alternador 24V 140Amp T1 F000LD0212 F000LD0213<\/p>\n<h2>Preguntas m\u00e1s frecuentes<\/h2>\n<h3><strong>\u00bfCu\u00e1les son las referencias cruzadas?<\/strong><\/h3>\n<p>ZM 9383503, 19025510, 1124.037.004, F000LD1311, 1124037004, F000LD1311<\/p>\n<h2><strong>Tabla de aplicaci\u00f3n<\/strong><\/h2>\n<table style=\"height: 532px;\" width=\"1202\">\n<tbody>\n<tr>\n<td width=\"999\">ALTERNADOR: F000.LD0.213 (MERCEDES BENZ LS 1935 , MERCEDES BENZ OM 447 LA OM 447 LA 12.0 L 12V SOHV L6 DIESEL, 1990-1998.<\/td>\n<\/tr>\n<tr>\n<td>MERCEDES BENZ LS 1634 , MERCEDES BENZ OM 457 LA OM 457 LA 12.0 L 24V SOHV L6 DIESEL, 2006-2018.<\/td>\n<\/tr>\n<tr>\n<td>MERCEDES BENZ AXOR 2540 S , MERCEDES BENZ OM 457 LA OM 457 LA 12.0 L 24V SOHV L6 DIESEL, 2005-2016.<\/td>\n<\/tr>\n<tr>\n<td>MERCEDES BENZ AXOR 2544\/36 ESTRADEIRO MET\u00c1LICO SUSPENSI\u00d3N , MERCEDES BENZ OM 457 LA BLUETEC 5 OM 457 LA 12.0 L 24V SOHV L6 DIESEL, 2011-2023.<\/td>\n<\/tr>\n<tr>\n<td>MERCEDES BENZ AXOR 3344\/33 , MERCEDES BENZ OM 457 LA BLUETEC 5 OM 457 LA 12.0 L 24V SOHV L6 DIESEL, 2011-2023.<\/td>\n<\/tr>\n<tr>\n<td>MERCEDES BENZ AXOR 2544\/31 TRADESMAN SUSPENSI\u00d3N NEUM\u00c1TICA , MERCEDES BENZ OM 457 LA BLUETEC 5 OM 457 LA 12.0 L 24V SOHV L6 DIESEL, 2011-2023.<\/td>\n<\/tr>\n<tr>\n<td>MERCEDES BENZ LS 1938 , MERCEDES BENZ OM 457 LA OM 457 LA 12.0 L 24V SOHV L6 DIESEL, 1998-2005.<\/td>\n<\/tr>\n<tr>\n<td>MERCEDES BENZ AXOR 3344\/48 , MERCEDES BENZ OM 457 LA BLUETEC 5 OM 457 LA 12.0 L 24V SOHV L6 DIESEL, 2011-2019.<\/td>\n<\/tr>\n<tr>\n<td>MERCEDES BENZ AXOR 2544\/33 , MERCEDES BENZ OM 457 LA OM 457 LA 12.0 L 24V SOHV L6 DIESEL, 2005-2011.<\/td>\n<\/tr>\n<tr>\n<td>MERCEDES BENZ ATRON 1635\/45 , MERCEDES BENZ OM 457 LA BLUETEC 5 OM 457 LA 12.0 L 24V SOHV L6 DIESEL, 2012-2023. 1124037004<\/td>\n<\/tr>\n<tr>\n<td>MERCEDES BENZ AXOR 3344\/33 , MERCEDES BENZ OM 457 LA OM 457 LA 12.0 L 24V SOHV L6 DIESEL, 2005-2015.<\/td>\n<\/tr>\n<tr>\n<td>MERCEDES BENZ O 400 RSD , MERCEDES BENZ OM 457 LA OM 457 LA 12.0 L 24V SOHV L6 DIESEL, 1995-2005.<\/td>\n<\/tr>\n<tr>\n<td>MERCEDES BENZ O 500 RS 1836 , MERCEDES BENZ OM 457 LA OM 457 LA 12.0 L 24V SOHV L6 DIESEL, 2005-2013.<\/td>\n<\/tr>\n<tr>\n<td>MERCEDES BENZ LS 1634 , MERCEDES BENZ OM 447 LA OM 447 LA 12.0 L SOHV L6 DIESEL, 2001-2006. 1124037004 1124037004<\/td>\n<\/tr>\n<tr>\n<td>MERCEDES BENZ O 500 RSD , MERCEDES BENZ OM 457 LA BLUETEC 5 OM 457 LA 12.0 L 24V SOHV L6 DIESEL, 2012-2016.<\/td>\n<\/tr>\n<tr>\n<td>MERCEDES BENZ O 400 RSE , MERCEDES BENZ OM 457 LA OM 457 LA 12.0 L 24V SOHV L6 DIESEL, 1995-2005. 1124037004<\/td>\n<\/tr>\n<tr>\n<td>MERCEDES BENZ AXOR 2041\/36 TRADESMAN SUSPENSI\u00d3N NEUM\u00c1TICA , MERCEDES BENZ OM 457 LA BLUETEC 5 OM 457 LA 12.0 L 24V SOHV L6 DIESEL, 2011-2023.<\/td>\n<\/tr>\n<\/tbody>\n<\/table>\n<p>&nbsp;<\/p>\n<div>ATENCI\u00d3N:<\/div>\n<div>Recomendamos que 1124037004 sea instalado por un profesional formado y especializado.<\/div>\n<div>S\u00f3lo adquiera este producto en 1124037004 si est\u00e1 seguro de que es compatible con su veh\u00edculo. Si tiene alguna duda, no dude en ponerse en contacto con nosotros. Nuestro horario de apertura es de lunes a viernes de 8 a 18 h.<\/div>\n<div><\/div>\n<div>Sobre nosotros<\/div>\n<div>COM Automotive est\u00e1 especializada en piezas de autom\u00f3vil de dise\u00f1o original para el sector de la reparaci\u00f3n posventa, clientes industriales y fabricantes de veh\u00edculos especiales OEM.<\/div>\n<div>Nuestro equipo tiene m\u00e1s de 28 a\u00f1os de experiencia en la fabricaci\u00f3n y el suministro de piezas de automoci\u00f3n a escala mundial.<\/div>\n<div>Nuestra MISI\u00d3N es ofrecer productos de dise\u00f1o original con una calidad impecable y una sustituci\u00f3n personalizada.<\/div>\n<div>Nuestra VISI\u00d3N es promover el crecimiento y un valor inigualable para nuestros clientes.<\/div>\n","protected":false},"excerpt":{"rendered":"<p>1124037004-COM. En stock. Ref: 1124037004, 1124037002, 1124037004, F000LD1311 &#8211; compatible con: T1. Marca: COM Automotive &#8211; Producto con calidad y dise\u00f1o originales. Compatible con Bosch<\/p>\n","protected":false},"featured_media":19455,"comment_status":"open","ping_status":"closed","template":"","meta":[],"product_brand":[],"product_cat":[8109],"product_tag":[10535,10538],"class_list":{"0":"post-15380","1":"product","2":"type-product","3":"status-publish","4":"has-post-thumbnail","6":"product_cat-alternador-es-2","7":"product_tag-1124037004-es","8":"product_tag-f000ld1311-es","10":"first","11":"instock","12":"taxable","13":"shipping-taxable","14":"purchasable","15":"product-type-simple"},"_links":{"self":[{"href":"https:\/\/com-automotive.com\/es\/wp-json\/wp\/v2\/product\/15380","targetHints":{"allow":["GET"]}}],"collection":[{"href":"https:\/\/com-automotive.com\/es\/wp-json\/wp\/v2\/product"}],"about":[{"href":"https:\/\/com-automotive.com\/es\/wp-json\/wp\/v2\/types\/product"}],"replies":[{"embeddable":true,"href":"https:\/\/com-automotive.com\/es\/wp-json\/wp\/v2\/comments?post=15380"}],"wp:featuredmedia":[{"embeddable":true,"href":"https:\/\/com-automotive.com\/es\/wp-json\/wp\/v2\/media\/19455"}],"wp:attachment":[{"href":"https:\/\/com-automotive.com\/es\/wp-json\/wp\/v2\/media?parent=15380"}],"wp:term":[{"taxonomy":"product_brand","embeddable":true,"href":"https:\/\/com-automotive.com\/es\/wp-json\/wp\/v2\/product_brand?post=15380"},{"taxonomy":"product_cat","embeddable":true,"href":"https:\/\/com-automotive.com\/es\/wp-json\/wp\/v2\/product_cat?post=15380"},{"taxonomy":"product_tag","embeddable":true,"href":"https:\/\/com-automotive.com\/es\/wp-json\/wp\/v2\/product_tag?post=15380"}],"curies":[{"name":"wp","href":"https:\/\/api.w.org\/{rel}","templated":true}]}}