{"id":15378,"date":"2023-11-15T20:29:26","date_gmt":"2023-11-15T23:29:26","guid":{"rendered":"https:\/\/com-automotive.com\/alternador-12v-90a-0124325058-0124325069-para-palio-siena-1-6-16v-ano96\/"},"modified":"2023-11-15T20:29:26","modified_gmt":"2023-11-15T23:29:26","slug":"alternador-12v-90a-0124325058-0124325069-para-palio-siena-1-6-16v-ano96","status":"publish","type":"product","link":"https:\/\/com-automotive.com\/es\/alternador-12v-90a-0124325058-0124325069-para-palio-siena-1-6-16v-ano96\/","title":{"rendered":"Alternador 12V 90A 0124325058 0124325069 para Palio Siena 1.6 16V a\u00f1o96&gt;<span class=\"product-sku\" style=\"display: block; font-size: 0.85em; color: #777; margin-top: 5px; margin-bottom: 5px;\">SKU: 8000.5058-COM<\/span>"},"content":{"rendered":"<h1><strong>COM-AUTOMOTIVE, calidad de dise\u00f1o original.<\/strong><\/h1>\n<p>Alternador 0124325058 12V 90Amp con polea &#8211; Dise\u00f1o: BOSCH SEG &#8211; OEM: FIAT<\/p>\n<h2>Preguntas m\u00e1s frecuentes<\/h2>\n<h3><strong>\u00bfCu\u00e1les son las referencias cruzadas?<\/strong><\/h3>\n<p>0124325069, 0124325058, 46813061, 46532668, 46841963, 71723381, 46532668, 46813061, 71723381<\/p>\n<h2><strong>Tabla de aplicaci\u00f3n<\/strong><\/h2>\n<table width=\"1055\">\n<tbody>\n<tr>\n<td width=\"1055\">FIAT PALIO WEEKEND STILE 16V , FIASA 178 A 8011 1.6 L 16V DOHC L4 GASOLINA, 1997-2003.<\/td>\n<\/tr>\n<tr>\n<td>FIAT PALIO ELX MPI 16 V G-1, FIASA 178 A 8011 1.6 L 16V DOHC L4 GASOLINA, 1996-2000.<\/td>\n<\/tr>\n<tr>\n<td>FIAT PALIO WEEKEND ADVENTURE RST , FIASA 178 A 8011 1.6 L 16V DOHC L4 GASOLINA, 2001-2003.<\/td>\n<\/tr>\n<tr>\n<td>FIAT BRAVA SX 16V , FIASA 182 B 6000 1.6 L 16V DOHC L4 GASOLINA, 2001-2003.<\/td>\n<\/tr>\n<tr>\n<td>FIAT BRAVA SX 16V , FIASA 178 A 8011 1.6 L 16V DOHC L4 GASOLINA, 1999-2000.<\/td>\n<\/tr>\n<tr>\n<td>FIAT STRADA ADVENTURE RST , FIASA 178 C 1011 1.6 L 8V SOHC L4 GASOLINA, 2001-2003.<\/td>\n<\/tr>\n<tr>\n<td>FIAT DOBLO ELX , FIASA 182 B 6000 1.6 L 16V DOHC L4 GASOLINA, 2001-2005.<\/td>\n<\/tr>\n<tr>\n<td>FIAT BRAVA ELX 16V , FIASA 178 A 8011 1.6 L 16V DOHC L4 GASOLINA, 1999-2000. 0124325058<\/td>\n<\/tr>\n<tr>\n<td>FIAT STRADA LX CE 16V MPI , FIASA 178 D 2011 1.6 L 16V DOHC L4 GASOLINA, 1998-2001.<\/td>\n<\/tr>\n<tr>\n<td>FIAT PALIO WEEKEND SPORT 16V , FIASA 178 A 8011 1.6 L 16V DOHC L4 GASOLINA, 1997-1999.<\/td>\n<\/tr>\n<tr>\n<td>FIAT SIENA ELX 16VSPI , FIASA 178 D 2011 1.6 L 16V DOHC L4 GASOLINA, 1997-1998.<\/td>\n<\/tr>\n<tr>\n<td>FIAT SIENA STYLE 16V , FIASA 178 D 2011 1.6 L 16V DOHC L4 GASOLINA, 1998-1999.<\/td>\n<\/tr>\n<tr>\n<td>FIAT SIENA EL 16V , FIASA 178 D 2011 1.6 L 16V DOHC L4 GASOLINA, 1998-1999.<\/td>\n<\/tr>\n<tr>\n<td>FIAT STRADA TRABAJANDO CE 16 V , FIASA 178 D 2011 1.6 L 16V DOHC L4 GASOLINA, 1998-2002. 0124325058<\/td>\n<\/tr>\n<tr>\n<td>FIAT MAREA SX , FIASA 182 B 6000 1.6 L 16V DOHC L4 GASOLINA, 2005-2008.<\/td>\n<\/tr>\n<tr>\n<td>FIAT PALIO ELX RST 16V G-2, FIASA 178 A 8011 1.6 L 16V DOHC L4 GASOLINA, 2001-2004.<\/td>\n<\/tr>\n<tr>\n<td>FIAT SIENA ELX RST , FIASA 178 D 2011 1.6 L 16V DOHC L4 GASOLINA, 2001-2004.<\/td>\n<\/tr>\n<tr>\n<td>FIAT SIENA ELX , FIASA 178 D 2011 1.6 L 16V DOHC L4 GASOLINA, 2001-2002.<\/td>\n<\/tr>\n<tr>\n<td>FIAT DOBLO CARGO , FIASA 182 B 6000 1.6 L 16V DOHC L4 GASOLINA, 2001-2004.<\/td>\n<\/tr>\n<tr>\n<td>FIAT PALIO STILE RST 16 V G-1, FIASA 178 A 8011 1.6 L 16V DOHC L4 GASOLINA, 2000-2002.<\/td>\n<\/tr>\n<tr>\n<td>FIAT BRAVA ELX 16V , FIASA 182 B 6000 1.6 L 16V DOHC L4 GASOLINA, 2001-2003.<\/td>\n<\/tr>\n<tr>\n<td>FIAT STRADA LX CE &#8211; RST , FIASA 178 D 2011 1.6 L 16V DOHC L4 GASOLINA, 2001-2003.<\/td>\n<\/tr>\n<tr>\n<td>FIAT MAREA WEEKEND SX , FIASA 182 B 6000 1.6 L 16V DOHC L4 GASOLINA, 2005-2007.<\/td>\n<\/tr>\n<tr>\n<td>FIAT PALIO WEEKEND ADVENTURE MPI 16V , FIASA 178 A 8011 1.6 L 16V DOHC L4 GASOLINA, 1999-1999.<\/td>\n<\/tr>\n<\/tbody>\n<\/table>\n<div><\/div>\n<div>ATENCI\u00d3N:<\/div>\n<div>Recomendamos que la instalaci\u00f3n de 0124325058 la realice un profesional formado y especializado.<\/div>\n<div>S\u00f3lo adquiera este producto en 0124325058 si est\u00e1 seguro de que es compatible con su veh\u00edculo. Si tiene alguna duda, no dude en ponerse en contacto con nosotros. Nuestro horario de apertura es de lunes a viernes de 8 a 18 h.<\/div>\n<div><\/div>\n<div>Sobre nosotros<\/div>\n<div>COM Automotive est\u00e1 especializada en piezas de autom\u00f3vil de dise\u00f1o original para el sector de la reparaci\u00f3n posventa, clientes industriales y fabricantes de veh\u00edculos especiales OEM.<\/div>\n<div>Nuestro equipo tiene m\u00e1s de 28 a\u00f1os de experiencia en la fabricaci\u00f3n y el suministro de piezas de automoci\u00f3n a escala mundial.<\/div>\n<div>Nuestra MISI\u00d3N es ofrecer productos de dise\u00f1o original con una calidad impecable y una sustituci\u00f3n personalizada.<\/div>\n<div>Nuestra VISI\u00d3N es promover el crecimiento y un valor inigualable para nuestros clientes.<\/div>\n","protected":false},"excerpt":{"rendered":"<p>0124325058-COM. En stock. Ref: 0124325069, 0124325058, 46813061, 46532668, 46841963, 71723381 &#8211; compatible con: FIAT. Marca: COM Automotive &#8211; Producto con calidad y dise\u00f1o originales. Compatible con Bosch<\/p>\n","protected":false},"featured_media":20439,"comment_status":"open","ping_status":"closed","template":"","meta":[],"product_brand":[],"product_cat":[8109],"product_tag":[10518,10525,10516,10520,10396,10522,10524],"class_list":{"0":"post-15378","1":"product","2":"type-product","3":"status-publish","4":"has-post-thumbnail","6":"product_cat-alternador-es-2","7":"product_tag-0124325058-es","8":"product_tag-0124325058-com-es","9":"product_tag-0124325069-es","10":"product_tag-46532668-es","11":"product_tag-46813061-es","12":"product_tag-46841963-es","13":"product_tag-71723381-es","15":"first","16":"instock","17":"taxable","18":"shipping-taxable","19":"purchasable","20":"product-type-simple"},"_links":{"self":[{"href":"https:\/\/com-automotive.com\/es\/wp-json\/wp\/v2\/product\/15378","targetHints":{"allow":["GET"]}}],"collection":[{"href":"https:\/\/com-automotive.com\/es\/wp-json\/wp\/v2\/product"}],"about":[{"href":"https:\/\/com-automotive.com\/es\/wp-json\/wp\/v2\/types\/product"}],"replies":[{"embeddable":true,"href":"https:\/\/com-automotive.com\/es\/wp-json\/wp\/v2\/comments?post=15378"}],"wp:featuredmedia":[{"embeddable":true,"href":"https:\/\/com-automotive.com\/es\/wp-json\/wp\/v2\/media\/20439"}],"wp:attachment":[{"href":"https:\/\/com-automotive.com\/es\/wp-json\/wp\/v2\/media?parent=15378"}],"wp:term":[{"taxonomy":"product_brand","embeddable":true,"href":"https:\/\/com-automotive.com\/es\/wp-json\/wp\/v2\/product_brand?post=15378"},{"taxonomy":"product_cat","embeddable":true,"href":"https:\/\/com-automotive.com\/es\/wp-json\/wp\/v2\/product_cat?post=15378"},{"taxonomy":"product_tag","embeddable":true,"href":"https:\/\/com-automotive.com\/es\/wp-json\/wp\/v2\/product_tag?post=15378"}],"curies":[{"name":"wp","href":"https:\/\/api.w.org\/{rel}","templated":true}]}}