{"id":15377,"date":"2023-11-17T12:03:54","date_gmt":"2023-11-17T15:03:54","guid":{"rendered":"https:\/\/com-automotive.com\/regulador-0272220845-14v-vr1-lin-para-mercedez-benz-sprinter-315-415-515\/"},"modified":"2025-03-18T18:47:11","modified_gmt":"2025-03-18T21:47:11","slug":"regulador-0272220845-14v-vr1-lin-para-mercedez-benz-sprinter-315-415-515","status":"publish","type":"product","link":"https:\/\/com-automotive.com\/es\/regulador-0272220845-14v-vr1-lin-para-mercedez-benz-sprinter-315-415-515\/","title":{"rendered":"Regulador de 14V compatible con 0272220845 LIN para Sprinter 315 415 515<span class=\"product-sku\" style=\"display: block; font-size: 0.85em; color: #777; margin-top: 5px; margin-bottom: 5px;\">SKU: 8100.0845-COM<\/span>"},"content":{"rendered":"<h1><strong>COM-AUTOMOTIVE, producto con Calidad y Dise\u00f1o Original.<\/strong><\/h1>\n<p>Regulador de 14V compatible con 0272220845 LIN para Sprinter 315 415 515<\/p>\n<h2>Preguntas m\u00e1s frecuentes<\/h2>\n<h3><strong>\u00bfCu\u00e1les son las referencias cruzadas de este producto de la marca COM Automotive?<\/strong><\/h3>\n<p>0272220845, 9060422, A0009060422, -0272220815, DAN1347, IK5031, GA362<\/p>\n<h2><strong>Tabla de aplicaci\u00f3n<\/strong><\/h2>\n<table style=\"height: 1469px;\" width=\"1152\">\n<tbody>\n<tr>\n<td width=\"944\">ALTERNADOR: F000. BL0.7G0 (MERCEDES BENZ SPRINTER VAN 313 CDI , MERCEDES BENZ OM 611 LA OM 611 LA 2.2 L 16V DOHC L4 DIESEL, 2005-2012. |<\/td>\n<\/tr>\n<tr>\n<td>MERCEDES BENZ SPRINTER VAN 313 CDI , MERCEDES BENZ OM 611 LA OM 611 LA 2.2 L 16V DOHC L4 DIESEL, 2002-2012. |<\/td>\n<\/tr>\n<tr>\n<td>MERCEDES BENZ SPRINTER VAN 416 CDI E.L TECHO ALTO, MERCEDES BENZ OM 651 LA OM 651 LA 2.2 L 16V DOHC L4 DIESEL, 2020-2023. |<\/td>\n<\/tr>\n<tr>\n<td>MERCEDES BENZ SPRINTER CHASIS 515 CDI , MERCEDES BENZ OM 651 LA OM 651 LA 2.2 L 16V DOHC L4 DIESEL, 2012-2023. |<\/td>\n<\/tr>\n<tr>\n<td>MERCEDES BENZ SPRINTER CHASIS 415 CDI , MERCEDES BENZ OM 651 LA OM 651 LA 2.2 L 16V DOHC L4 DIESEL, 2011-2023. |<\/td>\n<\/tr>\n<tr>\n<td>MERCEDES BENZ SPRINTER VAN 413 CDI , MERCEDES BENZ OM 611 LA OM 611 LA 2.2 L 16V DOHC L4 DIESEL, 2008-2013. |<\/td>\n<\/tr>\n<tr>\n<td>MERCEDES BENZ SPRINTER VAN 311 CDI STREET, MERCEDES BENZ OM 611 LA OM 611 LA 2.2 L 16V DOHC L4 DIESEL, 2009-2013. |<\/td>\n<\/tr>\n<tr>\n<td>MERCEDES BENZ SPRINTER VAN 415 CDI , MERCEDES BENZ OM 651 LA OM 651 LA 2.2 L 16V DOHC L4 DIESEL, 2013-2023. |<\/td>\n<\/tr>\n<tr>\n<td>MERCEDES BENZ SPRINTER VAN 515 CDI , MERCEDES BENZ OM 651 LA OM 651 LA 2.2 L 16V DOHC L4 DIESEL, 2013-2023. |<\/td>\n<\/tr>\n<tr>\n<td>MERCEDES BENZ SPRINTER VAN 311 CDI , MERCEDES BENZ OM 611 LA OM 611 LA 2.2 L 16V DOHC L4 DIESEL, 2002-2004. |<\/td>\n<\/tr>\n<tr>\n<td>MERCEDES BENZ SPRINTER VAN 516 CDI E.L. TECHO ALTO LARGO, MERCEDES BENZ OM 651 LA OM 651 LA 2.2 L 16V DOHC L4 DIESEL, 2020-2023. |<\/td>\n<\/tr>\n<tr>\n<td>MERCEDES BENZ SPRINTER VAN 515 CDI , MERCEDES BENZ OM 651 LA OM 651 LA 2.2 L 16V DOHC L4 DIESEL, 2013-2023. |<\/td>\n<\/tr>\n<tr>\n<td>MERCEDES BENZ SPRINTER VAN 311 CDI STREET , MERCEDES BENZ OM 651 LA OM 651 LA 2.2 L 16V DOHC L4 DIESEL, 2013-2016. |<\/td>\n<\/tr>\n<tr>\n<td>MERCEDES BENZ SPRINTER CHASIS 313 CDI , MERCEDES BENZ OM 611 LA OM 611 LA 2.2 L 16V DOHC L4 DIESEL, 2002-2011. |<\/td>\n<\/tr>\n<tr>\n<td>MERCEDES BENZ SPRINTER VAN 415 CDI , MERCEDES BENZ OM 651 LA OM 651 LA 2.2 L 16V DOHC L4 DIESEL, 2013-2023. |<\/td>\n<\/tr>\n<tr>\n<td>MERCEDES BENZ SPRINTER CHASIS 314 CDI TECHO BAJO, MERCEDES BENZ OM 651 LA OM 651 LA 2.2 L 16V DOHC L4 DIESEL, 2020-2023. |<\/td>\n<\/tr>\n<tr>\n<td>MERCEDES BENZ SPRINTER VAN 416 CDI TECHO ALTO LARGO, MERCEDES BENZ OM 651 LA OM 651 LA 2.2 L 16V DOHC L4 DIESEL, 2020-2023. |<\/td>\n<\/tr>\n<tr>\n<td>MERCEDES BENZ SPRINTER CHASIS 311 CDI STREET , MERCEDES BENZ OM 611 LA OM 611 LA 2.2 L 16V DOHC L4 DIESEL, 2010-2012. |<\/td>\n<\/tr>\n<tr>\n<td>MERCEDES BENZ SPRINTER VAN 413 CDI , MERCEDES BENZ OM 611 LA OM 611 LA 2.2 L 16V DOHC L4 DIESEL, 2003-2009. |<\/td>\n<\/tr>\n<tr>\n<td>MERCEDES BENZ SPRINTER VAN 415 CDI LUXURY , MERCEDES BENZ OM 651 LA OM 651 LA 2.2 L 16V DOHC L4 DIESEL, 2014-2023. |<\/td>\n<\/tr>\n<tr>\n<td>MERCEDES BENZ SPRINTER CHASIS 311 CDI STREET, MERCEDES BENZ OM 651 LA OM 651 LA 2.2 L 16V DOHC L4 DIESEL, 2013-2016. |<\/td>\n<\/tr>\n<tr>\n<td>MERCEDES BENZ SPRINTER VAN 313 SHORT CDI, MERCEDES BENZ OM 651 LA OM 651 LA 2.2 L 16V DOHC L4 DIESEL, 2017-2019. |<\/td>\n<\/tr>\n<tr>\n<td>MERCEDES BENZ SPRINTER CHASIS 516 CDI , MERCEDES BENZ OM 651 LA OM 651 LA 2.2 L 16V DOHC L4 DIESEL, 2020-2023. |<\/td>\n<\/tr>\n<tr>\n<td>MERCEDES BENZ SPRINTER CHASIS 313 CDI , MERCEDES BENZ OM 651 LA OM 651 LA 2.2 L 16V DOHC L4 DIESEL, 2017-2023. |<\/td>\n<\/tr>\n<tr>\n<td>MERCEDES BENZ SPRINTER VAN 313 CDI TECHO ALTO LARGO, MERCEDES BENZ OM 651 LA OM 651 LA 2.2 L 16V DOHC L4 DIESEL, 2017-2023. |<\/td>\n<\/tr>\n<tr>\n<td>MERCEDES BENZ SPRINTER CHASIS 416 CDI TECHO LARGO BAJO, MERCEDES BENZ OM 651 LA OM 651 LA 2.2 L 16V DOHC L4 DIESEL, 2020-2023. |<\/td>\n<\/tr>\n<tr>\n<td>MERCEDES BENZ SPRINTER VAN 416 CDI TECHO ALTO EST\u00c1NDAR, MERCEDES BENZ OM 651 LA OM 651 LA 2.2 L 16V DOHC L4 DIESEL, 2020-2023. |<\/td>\n<\/tr>\n<tr>\n<td>MERCEDES BENZ SPRINTER CHASIS 413 CDI , MERCEDES BENZ OM 611 LA OM 611 LA 2.2 L 16V DOHC L4 DIESEL, 2002-2009. |<\/td>\n<\/tr>\n<tr>\n<td>MERCEDES BENZ SPRINTER VAN 314 CDI E.L. TECHO ALTO LARGO, MERCEDES BENZ OM 651 LA OM 651 LA 2.2 L 16V DOHC L4 DIESEL, 2020-2023. |<\/td>\n<\/tr>\n<tr>\n<td>MERCEDES BENZ SPRINTER VAN 416 CDI LUXURY HIGH ROOF 16L , MERCEDES BENZ OM 651 LA OM 651 LA 2.2 L 16V DOHC L4 DIESEL, 2020-2023. |<\/td>\n<\/tr>\n<tr>\n<td>MERCEDES BENZ SPRINTER VAN 313 CDI TECHO LARGO BAJO, MERCEDES BENZ OM 651 LA OM 651 LA 2.2 L 16V DOHC L4 DIESEL, 2017-2018. |<\/td>\n<\/tr>\n<tr>\n<td>MERCEDES BENZ SPRINTER VAN 314 CDI TECHO ALTO LARGO, MERCEDES BENZ OM 651 LA OM 651 LA 2.2 L 16V DOHC L4 DIESEL, 2020-2023. |<\/td>\n<\/tr>\n<tr>\n<td>MERCEDES BENZ SPRINTER VAN 516 CDI E.L TECHO ALTO 21L , MERCEDES BENZ OM 651 LA OM 651 LA 2.2 L 16V DOHC L4 DIESEL, 2020-2023. |<\/td>\n<\/tr>\n<tr>\n<td>MERCEDES BENZ SPRINTER VAN 516 CDI E.L TECHO ALTO 18L , MERCEDES BENZ OM 651 LA OM 651 LA 2.2 L 16V DOHC L4 DIESEL, 2020-2023. |<\/td>\n<\/tr>\n<tr>\n<td>MERCEDES BENZ SPRINTER VAN 416 CDI AMBULANCIA , MERCEDES BENZ OM 651 LA OM 651 LA 2.2 L 16V DOHC L4 DIESEL, 2021-2023. |<\/td>\n<\/tr>\n<tr>\n<td>MERCEDES BENZ SPRINTER CHASIS 516 CDI LONG , MERCEDES BENZ OM 651 LA OM 651 LA 2.2 L 16V DOHC L4 DIESEL, 2020-2023. ) |<\/td>\n<\/tr>\n<tr>\n<td>|<\/td>\n<\/tr>\n<\/tbody>\n<\/table>\n<p>F000. BL0.732 |<br \/>\nMB: 000 906 04 22 |<\/p>\n<div><strong>ATENCI\u00d3N:<\/strong><\/div>\n<div>Recomendamos que la instalaci\u00f3n del producto sea realizada por un profesional capacitado y especializado.<\/div>\n<div>Solo realiza la compra de este producto con la certeza de que es compatible con tu veh\u00edculo, si tienes alguna duda, no dudes en ponerte en contacto con nosotros. Nuestro horario de apertura es de lunes a viernes de 8 a 18 h.<\/div>\n<div><\/div>\n<div><strong>SOBRE NOSOTROS:<\/strong><\/div>\n<div>COM Automotive est\u00e1 especializada en piezas de autom\u00f3vil de dise\u00f1o original para el sector de la reparaci\u00f3n posventa, clientes industriales y fabricantes de veh\u00edculos especiales OEM.<\/div>\n<div>Nuestro equipo tiene m\u00e1s de 28 a\u00f1os de experiencia en la fabricaci\u00f3n y el suministro de piezas de automoci\u00f3n a escala mundial.<\/div>\n<div>Nuestra <strong>MISI\u00d3N <\/strong> es ofrecer productos de dise\u00f1o original con una calidad impecable y una sustituci\u00f3n personalizada.<\/div>\n<div>Nuestra <strong>VISI\u00d3N<\/strong> es promover el crecimiento y un valor inigualable para nuestros clientes.<\/div>\n<div><\/div>\n<div><strong>DISE\u00d1O ORIGINAL<\/strong><\/div>\n<div>El t\u00e9rmino \u00abDise\u00f1o Original\u00bb se refiere a la percepci\u00f3n \u00fanica e innovadora y a la propuesta de valor de los productos de COM Automotive, as\u00ed como a la experiencia ofrecida durante su compra. Esto abarca no solo el empaque y la est\u00e9tica del producto, sino tambi\u00e9n la autenticidad y creatividad de la marca. COM Automotive busca ofrecer productos de alta calidad que satisfagan las necesidades de la industria del mercado de repuestos, aline\u00e1ndose con su Visi\u00f3n, Misi\u00f3n y Valores.<\/div>\n<div><\/div>\n<div><strong>NOTAR:<\/strong><\/div>\n<div>C\u00f3digo de Protecci\u00f3n al Consumidor (CDC): La Ley N\u00b0 8.078, de 11 de septiembre de 1990, establece que la informaci\u00f3n proporcionada al consumidor debe ser clara y precisa. El art\u00edculo 31 del CDC exige que la publicidad y el etiquetado de los productos y servicios sean veraces y no induzcan a error al consumidor. Esto incluye asegurarse de que la informaci\u00f3n sobre la compatibilidad, la marca y las caracter\u00edsticas se describa correctamente para evitar malentendidos. El uso del t\u00e9rmino \u00abcompatible\u00bb tambi\u00e9n est\u00e1 regulado por los grandes mercados en el mercado para la catalogaci\u00f3n adecuada de productos y la aplicaci\u00f3n automotriz.<\/div>\n","protected":false},"excerpt":{"rendered":"<p>8100.0845-COM. Ref: 0272220845, 0272220845, 9060422, A0009060422, 0272220845, DAN1347, IK5031, GA362 &#8211; compatible con: variado.  Marca: COM Automotive &#8211; Producto con calidad y dise\u00f1o originales.<\/p>\n","protected":false},"featured_media":19436,"comment_status":"open","ping_status":"closed","template":"","meta":[],"product_brand":[],"product_cat":[8489],"product_tag":[10512,34040,34041,34043,34042,34038,10509,34039,10514,10513],"class_list":{"0":"post-15377","1":"product","2":"type-product","3":"status-publish","4":"has-post-thumbnail","6":"product_cat-regulador","7":"product_tag-0272220845-es","8":"product_tag-0272220845-com-es","9":"product_tag-8100-0845-com-es","10":"product_tag-81000845-es","11":"product_tag-81000845-com-es","12":"product_tag-9060422-es","13":"product_tag-a0009060422-es","14":"product_tag-dan1347-es","15":"product_tag-ga362-es","16":"product_tag-ik5031-es","18":"first","19":"instock","20":"taxable","21":"shipping-taxable","22":"purchasable","23":"product-type-simple"},"_links":{"self":[{"href":"https:\/\/com-automotive.com\/es\/wp-json\/wp\/v2\/product\/15377","targetHints":{"allow":["GET"]}}],"collection":[{"href":"https:\/\/com-automotive.com\/es\/wp-json\/wp\/v2\/product"}],"about":[{"href":"https:\/\/com-automotive.com\/es\/wp-json\/wp\/v2\/types\/product"}],"replies":[{"embeddable":true,"href":"https:\/\/com-automotive.com\/es\/wp-json\/wp\/v2\/comments?post=15377"}],"wp:featuredmedia":[{"embeddable":true,"href":"https:\/\/com-automotive.com\/es\/wp-json\/wp\/v2\/media\/19436"}],"wp:attachment":[{"href":"https:\/\/com-automotive.com\/es\/wp-json\/wp\/v2\/media?parent=15377"}],"wp:term":[{"taxonomy":"product_brand","embeddable":true,"href":"https:\/\/com-automotive.com\/es\/wp-json\/wp\/v2\/product_brand?post=15377"},{"taxonomy":"product_cat","embeddable":true,"href":"https:\/\/com-automotive.com\/es\/wp-json\/wp\/v2\/product_cat?post=15377"},{"taxonomy":"product_tag","embeddable":true,"href":"https:\/\/com-automotive.com\/es\/wp-json\/wp\/v2\/product_tag?post=15377"}],"curies":[{"name":"wp","href":"https:\/\/api.w.org\/{rel}","templated":true}]}}