{"id":15376,"date":"2023-11-17T12:04:14","date_gmt":"2023-11-17T15:04:14","guid":{"rendered":"https:\/\/com-automotive.com\/regulador-0272220901-para-renault-duster-kangoo-logan-sandero\/"},"modified":"2023-11-17T12:04:14","modified_gmt":"2023-11-17T15:04:14","slug":"regulador-0272220901-para-renault-duster-kangoo-logan-sandero","status":"publish","type":"product","link":"https:\/\/com-automotive.com\/es\/regulador-0272220901-para-renault-duster-kangoo-logan-sandero\/","title":{"rendered":"Regulador 0272220901 para Renault Duster Kangoo Logan Sandero<span class=\"product-sku\" style=\"display: block; font-size: 0.85em; color: #777; margin-top: 5px; margin-bottom: 5px;\">SKU: 8100.0901-COM<\/span>"},"content":{"rendered":"<h1><strong>COM-AUTOMOTIVE, calidad de dise\u00f1o original.<\/strong><\/h1>\n<p>Regulador 0272220901 14V VR1 LIN B5<\/p>\n<h2>Preguntas m\u00e1s frecuentes<\/h2>\n<h3><strong>\u00bfCu\u00e1les son las referencias cruzadas?<\/strong><\/h3>\n<p>0272220901, 0272.220.901, 1986AE0034, IKRO, IK5007<\/p>\n<h2><strong>Tabla de aplicaci\u00f3n<\/strong><\/h2>\n<table width=\"1003\">\n<tbody>\n<tr>\n<td width=\"1003\">ALTERNADOR: F000.BL0.7YX (RENAULT CAPTUR INTENSE G-1, SCE H4M SCE H4M 1.6 L 16V DOHC L4 FLEX, 2017-2023.<\/td>\n<\/tr>\n<tr>\n<td>RENAULT DUSTER DYNAMIQUE G-3, SCE H4M SCE H4M 1.6 L 16V DOHC L4 FLEX, 2017-2023.<\/td>\n<\/tr>\n<tr>\n<td>RENAULT CAPTUR LIFE G-1, SCE H4M SCE H4M 1.6 L 16V DOHC L4 FLEX, 2019-2023.<\/td>\n<\/tr>\n<tr>\n<td>RENAULT OROCH EXPRESSION G-1, SCE 1.6 L 16V DOHC L4 FLEX, 2017-2023.<\/td>\n<\/tr>\n<tr>\n<td>RENAULT CAPTUR ZEN G-1, SCE H4M SCE H4M 1.6 L 16V DOHC L4 FLEX, 2017-2023.<\/td>\n<\/tr>\n<tr>\n<td>RENAULT DUSTER EXPRESI\u00d3N G-3, SCE H4M SCE H4M 1.6 L 16V DOHC L4 FLEX, 2017-2023.<\/td>\n<\/tr>\n<tr>\n<td>RENAULT SANDERO EXPRESI\u00d3N EASY R G-2, SCE H4M SCE H4M 1.6 L 16V DOHC L4 FLEX, 2017-2019.<\/td>\n<\/tr>\n<tr>\n<td>RENAULT SANDERO DYNAMIQUE EASY R G-2, SCE H4M SCE H4M 1.6 L 16V DOHC L4 FLEX, 2017-2018.<\/td>\n<\/tr>\n<tr>\n<td>RENAULT SANDERO EXPRESI\u00d3N G-2, SCE H4M SCE H4M 1.6 L 16V DOHC L4 FLEX, 2017-2023.<\/td>\n<\/tr>\n<tr>\n<td>RENAULT DUSTER ICONIC G-4, SCE H4M SCE H4M 1.6 L 16V DOHC L4 FLEX, 2020-2023.<\/td>\n<\/tr>\n<tr>\n<td>RENAULT DUSTER ZEN G-4, SCE H4M SCE H4M 1.6 L 16V DOHC L4 FLEX, 2020-2023.<\/td>\n<\/tr>\n<tr>\n<td>RENAULT OROCH DYNAMIQUE G-1, SCE 1.6 L 16V DOHC L4 FLEX, 2017-2023.<\/td>\n<\/tr>\n<tr>\n<td>RENAULT LOGAN ZEN G-4, SCE H4M SCE H4M 1.6 L 16V DOHC L4 FLEX, 2019-2023.<\/td>\n<\/tr>\n<tr>\n<td>RENAULT LOGAN EXPRESSION EASY R G3 G-3, H4M H4M 1.6 L 16V DOHC L4 FLEX, 2017-2018.<\/td>\n<\/tr>\n<tr>\n<td>RENAULT SANDERO DYNAMIQUE G-2, SCE H4M SCE H4M 1.6 L 16V DOHC L4 FLEX, 2017-2019.<\/td>\n<\/tr>\n<tr>\n<td>RENAULT SANDERO STEPWAY EASY R G-3, SCE H4M SCE H4M 1.6 L 16V DOHC L4 FLEX, 2017-2023.<\/td>\n<\/tr>\n<tr>\n<td>RENAULT LOGAN DYNAMIQUE EASY R G3 G-3, H4M H4M 1.6 L 16V DOHC L4 FLEX, 2017-2019.<\/td>\n<\/tr>\n<tr>\n<td>RENAULT OROCH EXPRESS G-1, SCE 1.6 L 16V DOHC L4 FLEX, 2017-2023.<\/td>\n<\/tr>\n<tr>\n<td>RENAULT CAPTUR BOSE G-1, SCE H4M SCE H4M 1.6 L 16V DOHC L4 FLEX, 2019-2023.<\/td>\n<\/tr>\n<tr>\n<td>RENAULT LOGAN DYNAMIQUE G3 G-3, H4M H4M 1.6 L 16V DOHC L4 FLEX, 2017-2023.<\/td>\n<\/tr>\n<tr>\n<td>RENAULT SANDERO STEPWAY G-3, SCE H4M SCE H4M 1.6 L 16V DOHC L4 FLEX, 2017-2023.<\/td>\n<\/tr>\n<tr>\n<td>RENAULT SANDERO ZEN G-3, SCE H4M SCE H4M 1.6 L 16V DOHC L4 FLEX, 2019-2023.<\/td>\n<\/tr>\n<tr>\n<td>RENAULT SANDERO STEPWAY ZEN G-4, SCE H4M SCE H4M 1.6 L 16V DOHC L4 FLEX, 2019-2023.<\/td>\n<\/tr>\n<tr>\n<td>RENAULT SANDERO STEPWAY EXPRESI\u00d3N G-3, SCE H4M SCE H4M 1.6 L 16V DOHC L4 FLEX, 2017-2023.<\/td>\n<\/tr>\n<tr>\n<td>RENAULT LOGAN EXPRESSION G3 G-3, H4M H4M 1.6 L 16V DOHC L4 FLEX, 2017-2023.<\/td>\n<\/tr>\n<tr>\n<td>RENAULT SANDERO GT LINE G-2, SCE H4M SCE H4M 1.6 L 16V DOHC L4 FLEX, 2017-2019.<\/td>\n<\/tr>\n<tr>\n<td>RENAULT DUSTER AUTHENTIQUE G-3, SCE H4M SCE H4M 1.6 L 16V DOHC L4 FLEX, 2019-2023.<\/td>\n<\/tr>\n<tr>\n<td>RENAULT DUSTER INTENSE G-4, SCE H4M SCE H4M 1.6 L 16V DOHC L4 FLEX, 2020-2023.<\/td>\n<\/tr>\n<tr>\n<td>RENAULT SANDERO INTENSE G-3, SCE H4M SCE H4M 1.6 L 16V DOHC L4 FLEX, 2019-2023.<\/td>\n<\/tr>\n<tr>\n<td>RENAULT LOGAN AVANTAGE G3 G-3, H4M H4M 1.6 L 16V DOHC L4 FLEX, 2017-2019.<\/td>\n<\/tr>\n<tr>\n<td>RENAULT SANDERO STEPWAY ICONIC G-4, SCE H4M SCE H4M 1.6 L 16V DOHC L4 FLEX, 2019-2023.<\/td>\n<\/tr>\n<tr>\n<td>RENAULT LOGAN ICONIC G-4, SCE H4M SCE H4M 1.6 L 16V DOHC L4 FLEX, 2019-2023.<\/td>\n<\/tr>\n<tr>\n<td>RENAULT SANDERO STEPWAY INTENSE G-4, SCE H4M SCE H4M 1.6 L 16V DOHC L4 FLEX, 2019-2023.<\/td>\n<\/tr>\n<tr>\n<td>RENAULT LOGAN INTENSE G-4, SCE H4M SCE H4M 1.6 L 16V DOHC L4 FLEX, 2019-2023.<\/td>\n<\/tr>\n<tr>\n<td>RENAULT DUSTER GOPRO G-4, SCE H4M SCE H4M 1.6 L 16V DOHC L4 FLEX, 2019-2019. )<\/td>\n<\/tr>\n<tr>\n<td><\/td>\n<\/tr>\n<tr>\n<td>F000.BL0.7YP<\/td>\n<\/tr>\n<tr>\n<td>F000.BL0.910<\/td>\n<\/tr>\n<tr>\n<td>NISSAN: 23100 9869R<\/td>\n<\/tr>\n<\/tbody>\n<\/table>\n<p>ATENCI\u00d3N:<br \/>\nRecomendamos que la instalaci\u00f3n la realice un profesional formado y especializado.<br \/>\nS\u00f3lo compra este producto si est\u00e1s seguro de que es compatible con tu veh\u00edculo. Si tienes alguna duda, no dudes en ponerte en contacto con nosotros. Nuestro horario de apertura es de lunes a viernes de 8 a 18 h.<\/p>\n<p>Sobre nosotros<br \/>\nCOM Automotive est\u00e1 especializada en piezas de autom\u00f3vil de dise\u00f1o original para el sector de la reparaci\u00f3n posventa, clientes industriales y fabricantes de veh\u00edculos especiales OEM.<br \/>\nNuestro equipo tiene m\u00e1s de 28 a\u00f1os de experiencia en la fabricaci\u00f3n y el suministro de piezas de automoci\u00f3n a escala mundial.<br \/>\nNuestra MISI\u00d3N es ofrecer productos de dise\u00f1o original con una calidad impecable y una sustituci\u00f3n personalizada.<br \/>\nNuestra VISI\u00d3N es promover el crecimiento y un valor inigualable para nuestros clientes.<\/p>\n","protected":false},"excerpt":{"rendered":"<p>0272220901-COM. En stock. Ref: 0272220901, 0272220901, 1986AE0034, IK5007 &#8211; compatible con: varios. Marca: COM Automotive &#8211; Producto con calidad y dise\u00f1o originales. Compatible con Bosch<\/p>\n","protected":false},"featured_media":20688,"comment_status":"open","ping_status":"closed","template":"","meta":[],"product_brand":[],"product_cat":[8489],"product_tag":[10503,10505,10507],"class_list":{"0":"post-15376","1":"product","2":"type-product","3":"status-publish","4":"has-post-thumbnail","6":"product_cat-regulador","7":"product_tag-0272220901-es","8":"product_tag-1986ae0034-es","9":"product_tag-ik5007-es","11":"first","12":"instock","13":"taxable","14":"shipping-taxable","15":"purchasable","16":"product-type-simple"},"_links":{"self":[{"href":"https:\/\/com-automotive.com\/es\/wp-json\/wp\/v2\/product\/15376","targetHints":{"allow":["GET"]}}],"collection":[{"href":"https:\/\/com-automotive.com\/es\/wp-json\/wp\/v2\/product"}],"about":[{"href":"https:\/\/com-automotive.com\/es\/wp-json\/wp\/v2\/types\/product"}],"replies":[{"embeddable":true,"href":"https:\/\/com-automotive.com\/es\/wp-json\/wp\/v2\/comments?post=15376"}],"wp:featuredmedia":[{"embeddable":true,"href":"https:\/\/com-automotive.com\/es\/wp-json\/wp\/v2\/media\/20688"}],"wp:attachment":[{"href":"https:\/\/com-automotive.com\/es\/wp-json\/wp\/v2\/media?parent=15376"}],"wp:term":[{"taxonomy":"product_brand","embeddable":true,"href":"https:\/\/com-automotive.com\/es\/wp-json\/wp\/v2\/product_brand?post=15376"},{"taxonomy":"product_cat","embeddable":true,"href":"https:\/\/com-automotive.com\/es\/wp-json\/wp\/v2\/product_cat?post=15376"},{"taxonomy":"product_tag","embeddable":true,"href":"https:\/\/com-automotive.com\/es\/wp-json\/wp\/v2\/product_tag?post=15376"}],"curies":[{"name":"wp","href":"https:\/\/api.w.org\/{rel}","templated":true}]}}