{"id":15375,"date":"2023-11-17T12:03:46","date_gmt":"2023-11-17T15:03:46","guid":{"rendered":"https:\/\/com-automotive.com\/regulador-14v-0272220731-fox-gol-golf-kombi-parati-polo-saveiro\/"},"modified":"2024-06-01T21:45:51","modified_gmt":"2024-06-02T00:45:51","slug":"regulador-14v-0272220731-fox-gol-golf-kombi-parati-polo-saveiro","status":"publish","type":"product","link":"https:\/\/com-automotive.com\/es\/regulador-14v-0272220731-fox-gol-golf-kombi-parati-polo-saveiro\/","title":{"rendered":"Regulador 14V 0272220731 Fox Gol GolF Kombi Parati Polo Saveiro<span class=\"product-sku\" style=\"display: block; font-size: 0.85em; color: #777; margin-top: 5px; margin-bottom: 5px;\">SKU: 8100.0731-COM<\/span>"},"content":{"rendered":"<h1><strong>COM-AUTOMOTIVE, calidad de dise\u00f1o original.<\/strong><\/h1>\n<p>REGULADOR 0272220731 14V CROSSFOX FOX GOL GOLF KOMBI PARATI POLO SAVEIRO SPACECROSS SPACEFOX VOYAGE SIN TAPA<\/p>\n<h2>Preguntas m\u00e1s frecuentes<\/h2>\n<h3><strong>\u00bfCu\u00e1les son las referencias cruzadas?<\/strong><\/h3>\n<p>0272220731, 0272.220.731, 77368247, 51947111, QC000239, 04L903803C, 1275200001, 272220701, 5U0903025E, 1986AE0014, IKRO, IK5030, GA343, F000BL9012<\/p>\n<h2><strong>Tabla de aplicaci\u00f3n<\/strong><\/h2>\n<table width=\"1003\">\n<tbody>\n<tr>\n<td width=\"1003\">Crossfox 1.6 flex total &#8211; A\u00f1o &#8211; 2008, 2009<\/td>\n<\/tr>\n<tr>\n<td>Fox 1.0 total flex &#8211; A\u00f1o &#8211; 2009, 2010, 2011, 2012, 2013, 2014<\/td>\n<\/tr>\n<tr>\n<td>Fox 1.6 total flex &#8211; A\u00f1o &#8211; 2008, 2009<\/td>\n<\/tr>\n<tr>\n<td>Fox 1.6 Motion total flex &#8211; despu\u00e9s de 2009<\/td>\n<\/tr>\n<tr>\n<td>Gol G2 1.0 8V &#8211; A\u00f1o &#8211; 1996, 1997, 1998, 1999<\/td>\n<\/tr>\n<tr>\n<td>Gol G2 Special 1.0 Mi 8V &#8211; A\u00f1o &#8211; 1999, 2000, 2001, 2002, 2003, 2004, 2005<\/td>\n<\/tr>\n<tr>\n<td>Gol G3 1.0 &#8211; A\u00f1o &#8211; 1999, 2000, 2001, 2002, 2003, 2004, 2005<\/td>\n<\/tr>\n<tr>\n<td>Gol G3 1.0 16V &#8211; A\u00f1o &#8211; 1999, 2000, 2001, 2002, 2003, 2004, 2005<\/td>\n<\/tr>\n<tr>\n<td>Gol G3 1.0 16V Turbo &#8211; A\u00f1o &#8211; 2000, 2001, 002, 2003<\/td>\n<\/tr>\n<tr>\n<td>Gol G3 1.0 flex total &#8211; A\u00f1o &#8211; 2005, 2006<\/td>\n<\/tr>\n<tr>\n<td>Gol G4 1.0 &#8211; a\u00f1o &#8211; 2005, 2006, 2007, 2008<\/td>\n<\/tr>\n<tr>\n<td>Gol G4 1.0 flex total &#8211; A\u00f1o &#8211; 2005, 2006, 2007, 2008, 2009, 2010, 2011, 2012, 2013<\/td>\n<\/tr>\n<tr>\n<td>Gol G4 1.0 Ecomotion &#8211; A\u00f1o &#8211; 2010, 2011, 2012, 2013<\/td>\n<\/tr>\n<tr>\n<td>Gol G5 1.0 total flex &#8211; A\u00f1o &#8211; 2008, 2009, 2010, 2011, 2012<\/td>\n<\/tr>\n<tr>\n<td>Gol G5 1.6 total flex &#8211; A\u00f1o &#8211; 2008, 2009, 2010, 2011, 2012<\/td>\n<\/tr>\n<tr>\n<td>Gol G6 1.0 full flex &#8211; despu\u00e9s de 2012<\/td>\n<\/tr>\n<tr>\n<td>Gol G6 1.6 I-Motion total flex &#8211; despu\u00e9s de 2012<\/td>\n<\/tr>\n<tr>\n<td>Gol G6 1.6 total flex &#8211; despu\u00e9s de 2012<\/td>\n<\/tr>\n<tr>\n<td>Golf G3 2.0 &#8211; A\u00f1o &#8211; 1994, 1995, 1996, 1997, 1998<\/td>\n<\/tr>\n<tr>\n<td>Kombi &#8211; despu\u00e9s de 2006<\/td>\n<\/tr>\n<tr>\n<td>Parati 1.0 16V &#8211; A\u00f1o &#8211; 1997, 1998, 1999, 2000, 2001, 2002, 2003<\/td>\n<\/tr>\n<tr>\n<td>Parati 1.0 16V Turbo &#8211; A\u00f1o &#8211; 2000, 2001, 2002, 2003, 2004<\/td>\n<\/tr>\n<tr>\n<td>Polo 1.6 total flex &#8211; despu\u00e9s de 2008<\/td>\n<\/tr>\n<tr>\n<td>Polo Sed\u00e1n 1.6 total flex &#8211; despu\u00e9s de 2008<\/td>\n<\/tr>\n<tr>\n<td>Saveiro 1.6 total flex &#8211; despu\u00e9s de 2009<\/td>\n<\/tr>\n<tr>\n<td>Spacecross 1.6 total flex &#8211; despu\u00e9s de 2011<\/td>\n<\/tr>\n<tr>\n<td>Spacefox 1.6 total flex &#8211; despu\u00e9s de 2008<\/td>\n<\/tr>\n<tr>\n<td>Voyage 1.0 flex &#8211; despu\u00e9s de 2012<\/td>\n<\/tr>\n<tr>\n<td>Voyage 1.0 flex total &#8211; A\u00f1o &#8211; 2008, 2009, 2010, 2011, 2012<\/td>\n<\/tr>\n<tr>\n<td>Voyage 1.6 &#8211; A\u00f1o &#8211; 1989, 1990, 1991, 1992, 1993<\/td>\n<\/tr>\n<tr>\n<td>Voyage 1.6 flex &#8211; despu\u00e9s de 2012<\/td>\n<\/tr>\n<tr>\n<td>Voyage 1.6 I Motion flex &#8211; despu\u00e9s de 2012V<\/td>\n<\/tr>\n<tr>\n<td>Voyage 1.6 Total Flex &#8211; A\u00f1o &#8211; 2008, 2009, 2010, 2011, 2012<\/td>\n<\/tr>\n<\/tbody>\n<\/table>\n<p>&nbsp;<\/p>\n<div>ATENCI\u00d3N:<\/div>\n<div>Recomendamos que la instalaci\u00f3n la realice un profesional formado y especializado.<\/div>\n<div>S\u00f3lo compra este producto si est\u00e1s seguro de que es compatible con tu veh\u00edculo. Si tienes alguna duda, no dudes en ponerte en contacto con nosotros. Nuestro horario de apertura es de lunes a viernes de 8 a 18 h.<\/div>\n<div><\/div>\n<div>Sobre nosotros<\/div>\n<div>COM Automotive est\u00e1 especializada en piezas de autom\u00f3vil de dise\u00f1o original para el sector de la reparaci\u00f3n posventa, clientes industriales y fabricantes de veh\u00edculos especiales OEM.<\/div>\n<div>Nuestro equipo tiene m\u00e1s de 28 a\u00f1os de experiencia en la fabricaci\u00f3n y el suministro de piezas de automoci\u00f3n a escala mundial.<\/div>\n<div>Nuestra MISI\u00d3N es ofrecer productos de dise\u00f1o original con una calidad impecable y una sustituci\u00f3n personalizada.<\/div>\n<div>Nuestra VISI\u00d3N es promover el crecimiento y un valor inigualable para nuestros clientes.<\/div>\n","protected":false},"excerpt":{"rendered":"<p>0272220731-COM. En stock. Ref: 0272220731, 0272220731, 77368247, 51947111, QC000239, 04L903803C, 1275200001, 272220701, 5U0903025E, 1986AE0014, IK5030, GA343, F000BL9012, F000.BL9.012 &#8211; compatible con: VOLKSWAGEN. Marca: COM Automotive &#8211; Producto con calidad y dise\u00f1o originales. Compatible con Bosch<\/p>\n","protected":false},"featured_media":19578,"comment_status":"open","ping_status":"closed","template":"","meta":[],"product_brand":[],"product_cat":[8489],"product_tag":[10493,10499,10366,10501,10370,10358,10361,10495,10380,10377,10497],"class_list":{"0":"post-15375","1":"product","2":"type-product","3":"status-publish","4":"has-post-thumbnail","6":"product_cat-regulador","7":"product_tag-0272220731-es","8":"product_tag-04l903803c-es","9":"product_tag-1275200001-es","10":"product_tag-1986ae0014-es","11":"product_tag-272220701-es","12":"product_tag-51947111-es","13":"product_tag-5u0903025e-es","14":"product_tag-77368247-es","15":"product_tag-ga343-es","16":"product_tag-ik5030-es","17":"product_tag-qc000239-es","19":"first","20":"instock","21":"taxable","22":"shipping-taxable","23":"purchasable","24":"product-type-simple"},"_links":{"self":[{"href":"https:\/\/com-automotive.com\/es\/wp-json\/wp\/v2\/product\/15375","targetHints":{"allow":["GET"]}}],"collection":[{"href":"https:\/\/com-automotive.com\/es\/wp-json\/wp\/v2\/product"}],"about":[{"href":"https:\/\/com-automotive.com\/es\/wp-json\/wp\/v2\/types\/product"}],"replies":[{"embeddable":true,"href":"https:\/\/com-automotive.com\/es\/wp-json\/wp\/v2\/comments?post=15375"}],"wp:featuredmedia":[{"embeddable":true,"href":"https:\/\/com-automotive.com\/es\/wp-json\/wp\/v2\/media\/19578"}],"wp:attachment":[{"href":"https:\/\/com-automotive.com\/es\/wp-json\/wp\/v2\/media?parent=15375"}],"wp:term":[{"taxonomy":"product_brand","embeddable":true,"href":"https:\/\/com-automotive.com\/es\/wp-json\/wp\/v2\/product_brand?post=15375"},{"taxonomy":"product_cat","embeddable":true,"href":"https:\/\/com-automotive.com\/es\/wp-json\/wp\/v2\/product_cat?post=15375"},{"taxonomy":"product_tag","embeddable":true,"href":"https:\/\/com-automotive.com\/es\/wp-json\/wp\/v2\/product_tag?post=15375"}],"curies":[{"name":"wp","href":"https:\/\/api.w.org\/{rel}","templated":true}]}}