{"id":15366,"date":"2023-11-15T20:22:15","date_gmt":"2023-11-15T23:22:15","guid":{"rendered":"https:\/\/com-automotive.com\/alternador-24v-120a-0124655452-0124655451-22591472-para-volvo-fh-fm-2019\/"},"modified":"2023-11-15T20:22:15","modified_gmt":"2023-11-15T23:22:15","slug":"alternador-24v-120a-0124655452-0124655451-22591472-para-volvo-fh-fm-2019","status":"publish","type":"product","link":"https:\/\/com-automotive.com\/es\/alternador-24v-120a-0124655452-0124655451-22591472-para-volvo-fh-fm-2019\/","title":{"rendered":"Alternador 24V 120A 0124655452 0124655451 22591472 para Volvo FH FM 2019&gt;<span class=\"product-sku\" style=\"display: block; font-size: 0.85em; color: #777; margin-top: 5px; margin-bottom: 5px;\">SKU: 8000.5452-COM<\/span>"},"content":{"rendered":"<h1><strong>COM-AUTOMOTIVE, calidad de dise\u00f1o original.<\/strong><\/h1>\n<p>Alternador 0124655452 24V 120Amp con polea &#8211; Dise\u00f1o: BOSCH SEG &#8211; OEM: VOLVO<\/p>\n<h2>Preguntas m\u00e1s frecuentes<\/h2>\n<h3><strong>\u00bfCu\u00e1les son las referencias cruzadas?<\/strong><\/h3>\n<p>0124655451, 0124655452, 22591472, 1986A01031, ZEN 41048<\/p>\n<h2><strong>Tabla de aplicaci\u00f3n<\/strong><\/h2>\n<table style=\"height: 1931px;\" width=\"1175\">\n<tbody>\n<tr>\n<td width=\"782\">VOLVO FH 540 6X4T , VOLVO D13C540 D13C540 12,8 L 24V SOHC L6 DIESEL, 2013-2023.<\/td>\n<\/tr>\n<tr>\n<td>VOLVO FH 460 6X2T SUSPENSI\u00d3N NEUM\u00c1TICA , VOLVO D13C460 D13C460 12.8 L 24V SOHC L6 DIESEL, 2012-2019.<\/td>\n<\/tr>\n<tr>\n<td>VOLVO FH 460 6X2T SUSPENSI\u00d3N BASCULANTE , VOLVO D13C460 D13C460 12,8 L 24V SOHC L6 DIESEL, 2015-2023.<\/td>\n<\/tr>\n<tr>\n<td>VOLVO FH 460 6X4T , VOLVO D13C460 D13C460 12,8 L 24V SOHC L6 DIESEL, 2013-2023.<\/td>\n<\/tr>\n<tr>\n<td>VOLVO FH 500 6X4T , VOLVO D13C500 D13C500 12,8 L 24V SOHC L6 DIESEL, 2013-2023.<\/td>\n<\/tr>\n<tr>\n<td>VOLVO FH 460 4X2T , VOLVO D13C460 D13C460 12.8 L 24V SOHC L6 DIESEL, 2013-2023.<\/td>\n<\/tr>\n<tr>\n<td>VOLVO FH 420 4X2T , VOLVO D13C420 D13C420 12,8 L 24V SOHC L6 DIESEL, 2013-2023.<\/td>\n<\/tr>\n<tr>\n<td>VOLVO FMX 500 6X4T , VOLVO D13C500 D13C500 12.8 L 24V SOHC L6 DIESEL, 2012-2017.<\/td>\n<\/tr>\n<tr>\n<td>VOLVO FMX 460 8X4R , VOLVO D13C460 D13C460 12.8 L 24V SOHC L6 DIESEL, 2012-2013.<\/td>\n<\/tr>\n<tr>\n<td>VOLVO FMX 420 8X4R , VOLVO D13C420 D13C420 12,8 L 24V SOHC L6 DIESEL, 2012-2016.<\/td>\n<\/tr>\n<tr>\n<td>VOLVO FH 500 6X2T SUSPENSI\u00d3N BASCULANTE , VOLVO D13C500 D13C500 12,8 L 24V SOHC L6 DIESEL, 2015-2023.<\/td>\n<\/tr>\n<tr>\n<td>VOLVO FH 460 6X2T SUSPENSI\u00d3N T\u00c1NDEM , VOLVO D13C460 D13C460 12.8 L 24V SOHC L6 DIESEL, 2012-2019.<\/td>\n<\/tr>\n<tr>\n<td>VOLVO FH 460 8X2T , VOLVO D13C460 D13C460 12,8 L 24V SOHC L6 DIESEL, 2017-2023.<\/td>\n<\/tr>\n<tr>\n<td>VOLVO FMX 540 6X4T , VOLVO D13C540 D13C540 12,8 L 24V SOHC L6 DIESEL, 2016-2023.<\/td>\n<\/tr>\n<tr>\n<td>VOLVO FH 500 6X2T SUSPENSI\u00d3N NEUM\u00c1TICA , VOLVO D13C500 D13C500 12.8 L 24V SOHC L6 DIESEL, 2013-2019.<\/td>\n<\/tr>\n<tr>\n<td>VOLVO FMX 370 , VOLVO D11C370 D11C370 10.8 L 24V SOHC L6 DIESEL, 2011-2016.<\/td>\n<\/tr>\n<tr>\n<td>VOLVO FH 500 4X2T , VOLVO D13C500 D13C500 12,8 L 24V SOHC L6 DIESEL, 2013-2023.<\/td>\n<\/tr>\n<tr>\n<td>VOLVO FM 370 4X2T , VOLVO D 11 A D 11 A 10.9 L 24V SOHC L6 DIESEL, 2008-2012.<\/td>\n<\/tr>\n<tr>\n<td>VOLVO FH 420 6X4T , VOLVO D13C420 D13C420 12,8 L 24V SOHC L6 DIESEL, 2013-2015.<\/td>\n<\/tr>\n<tr>\n<td>VOLVO FM 370 6X2T , VOLVO D 11 A D 11 A 10.9 L 24V SOHC L6 DIESEL, 2008-2015.<\/td>\n<\/tr>\n<tr>\n<td>VOLVO FH 540 4X2T , VOLVO D13C540 D13C540 12.8 L 24V SOHC L6 DIESEL, 2013-2020.<\/td>\n<\/tr>\n<tr>\n<td>VOLVO FMX 500 8X4R , VOLVO D13C500 D13C500 12,8 L 24V SOHC L6 DIESEL, 2016-2023.<\/td>\n<\/tr>\n<tr>\n<td>VOLVO FH 540 6X2T SUSPENSI\u00d3N NEUM\u00c1TICA , VOLVO D13C540 D13C540 12.8 L 24V SOHC L6 DIESEL, 2013-2019.<\/td>\n<\/tr>\n<tr>\n<td>VOLVO FM 460 6X4R , VOLVO D13C460 D13C460 12,8 L 24V SOHC L6 DIESEL, 2008-2023.<\/td>\n<\/tr>\n<tr>\n<td>VOLVO FM 370 6X2T TANDEM , VOLVO D11C370 10.9 L 24V SOHC L6 DIESEL, 2014-2014.<\/td>\n<\/tr>\n<tr>\n<td>VOLVO FH 500 8X2T , VOLVO D13C500 D13C500 12,8 L 24V SOHC L6 DIESEL, 2008-2023.<\/td>\n<\/tr>\n<tr>\n<td>VOLVO FM 500 8X4R , VOLVO D13C500 D13C500 12.8 L 24V SOHC L6 DIESEL, 2008-2019.<\/td>\n<\/tr>\n<tr>\n<td>VOLVO FH 500 6X2T SUSPENSI\u00d3N T\u00c1NDEM , VOLVO D13C500 D13C500 12,8 L 24V SOHC L6 DIESEL, 2015-2019.<\/td>\n<\/tr>\n<tr>\n<td>VOLVO FH 420 6X2T SUSPENSI\u00d3N NEUM\u00c1TICA , VOLVO D13C420 D13C420 12.8 L 24V SOHC L6 DIESEL, 2012-2019.<\/td>\n<\/tr>\n<tr>\n<td>VOLVO FM 460 6X4T , VOLVO D13C460 D13C460 12.8 L 24V SOHC L6 DIESEL, 2008-2019.<\/td>\n<\/tr>\n<tr>\n<td>VOLVO FMX 500 6X4R , VOLVO D13C500 D13C500 12.8 L 24V SOHC L6 DIESEL, 2014-2017.<\/td>\n<\/tr>\n<tr>\n<td>VOLVO FM 500 6X4R , VOLVO D13C D13C500 12,8 L 24V SOHC L6 DIESEL, 2018-2023.<\/td>\n<\/tr>\n<tr>\n<td>VOLVO FM 370 4X2T , VOLVO D11C370 D11C370 10.9 L 24V SOHC L6 DIESEL, 2014-2014.<\/td>\n<\/tr>\n<tr>\n<td>VOLVO FH 540 6X2T SUSPENSI\u00d3N BASCULANTE , VOLVO D13C540 D13C540 12,8 L 24V SOHC L6 DIESEL, 2015-2023.<\/td>\n<\/tr>\n<tr>\n<td>VOLVO FH 540 8X4T , VOLVO D13C540 D13C540 12.8 L 24V SOHC L6 DIESEL, 2008-2023.<\/td>\n<\/tr>\n<tr>\n<td>VOLVO FH 420 6X2T SUSPENSI\u00d3N BASCULANTE , VOLVO D13C420 D13C420 12,8 L 24V SOHC L6 DIESEL, 2012-2023.<\/td>\n<\/tr>\n<tr>\n<td>VOLVO FMX 540 6X4R , VOLVO D13C540 D13C540 12.8 L 24V SOHC L6 DIESEL, 2016-2017.<\/td>\n<\/tr>\n<tr>\n<td>VOLVO FH 540 8X2T , VOLVO D13C540 D13C540 12,8 L 24V SOHC L6 DIESEL, 2008-2023.<\/td>\n<\/tr>\n<tr>\n<td>VOLVO FM 500 6X4T , VOLVO D13C D13C500 12,8 L 24V SOHC L6 DIESEL, 2018-2023.<\/td>\n<\/tr>\n<tr>\n<td>VOLVO FH 420 6X2T SUSPENSI\u00d3N T\u00c1NDEM , VOLVO D13C420 D13C420 12.8 L 24V SOHC L6 DIESEL, 2012-2019.<\/td>\n<\/tr>\n<tr>\n<td>VOLVO FH 540 6X4R , VOLVO D13C540 D13C540 12.8 L 24V SOHC L6 DIESEL, 2008-2014.<\/td>\n<\/tr>\n<tr>\n<td>VOLVO FH 540 6X2T SUSPENSI\u00d3N T\u00c1NDEM , VOLVO D13C540 D13C540 12.8 L 24V SOHC L6 DIESEL, 2015-2019.<\/td>\n<\/tr>\n<tr>\n<td>VOLVO FH 460 6X4R , VOLVO D13C460 D13C460 12,8 L 24V SOHC L6 DIESEL, 2014-2023.<\/td>\n<\/tr>\n<tr>\n<td>VOLVO FM 460 8X4R , VOLVO D13C460 D13C460 12.8 L 24V SOHC L6 DIESEL, 2008-2019.<\/td>\n<\/tr>\n<tr>\n<td>VOLVO FH 500 4X2R , VOLVO D13C500 D13C500 12,8 L 24V SOHC L6 DIESEL, 2020-2023.<\/td>\n<\/tr>\n<tr>\n<td>VOLVO FH 460 4X2R , VOLVO D13C460 D13C460 12.8 L 24V SOHC L6 DIESEL, 2014-2023.<\/td>\n<\/tr>\n<tr>\n<td>VOLVO FMX 460 6X4T , VOLVO D13C460 D13C460 12.8 L 24V SOHC L6 DIESEL, 2016-2016.<\/td>\n<\/tr>\n<tr>\n<td>VOLVO FMX 460 6X4R , VOLVO D13C460 D13C460 12.8 L 24V SOHC L6 DIESEL, 2016-2016.<\/td>\n<\/tr>\n<tr>\n<td>VOLVO FM 370 6X2R , VOLVO D11C370 D11C370 10.9 L 24V SOHC L6 DIESEL, 2014-2014.<\/td>\n<\/tr>\n<tr>\n<td>VOLVO FM 370 8X2R , VOLVO D11C370 D11C370 10.8 L 24V SOHV L6 DIESEL, 2014-2016.<\/td>\n<\/tr>\n<tr>\n<td>VOLVO FH 500 6X4R , VOLVO D13C500 D13C500 12,8 L 24V SOHC L6 DIESEL, 2008-2008.<\/td>\n<\/tr>\n<tr>\n<td>VOLVO FH 500 6X4R , VOLVO D13C500 D13C500 12,8 L 24V SOHV L6 DIESEL, 2020-2023.<\/td>\n<\/tr>\n<tr>\n<td>VOLVO FH 500 8X4T , VOLVO D13C500 D13C500 12,8 L 24V SOHC L6 DIESEL, 2008-2008.<\/td>\n<\/tr>\n<tr>\n<td>VOLVO FH 540 4X2R , VOLVO D13C540 D13C540 12.8 L 24V SOHC L6 DIESEL, 2016-2019.<\/td>\n<\/tr>\n<tr>\n<td>VOLVO FH 540 4X4T , VOLVO D13C540 D13C540 12.8 L 24V SOHC L6 DIESEL, 2008-2008.<\/td>\n<\/tr>\n<tr>\n<td>VOLVO FM 370 6X4R , VOLVO D11C370 D11C370 10.8 L 24V SOHV L6 DIESEL, 2014-2017.<\/td>\n<\/tr>\n<tr>\n<td>VOLVO FMX 420 6X6R , VOLVO D13C420 D13C420 12.8 L 24V SOHC L6 DIESEL, 2016-2017.<\/td>\n<\/tr>\n<tr>\n<td>VOLVO FM 370 4X2R , VOLVO D11C370 D11C370 10.8 L 24V SOHV L6 DIESEL, 2014-2015.<\/td>\n<\/tr>\n<tr>\n<td>VOLVO FH 420 6X4R , VOLVO D13C420 D13C420 12.8 L 24V SOHC L6 DIESEL, 2017-2017.<\/td>\n<\/tr>\n<tr>\n<td>VOLVO FH 460 6X4R , VOLVO D13C460 D13C460 12,8 L 24V SOHV L6 DIESEL, 2016-2016.<\/td>\n<\/tr>\n<tr>\n<td>VOLVO FH 460 8X2R , VOLVO D13C460 D13C460 12.8 L 24V SOHC L6 DIESEL, 2016-2016.<\/td>\n<\/tr>\n<tr>\n<td>VOLVO FM 370 6X2T NEUM\u00c1TICO , VOLVO D11C370 D11C370 10.9 L 24V SOHC L6 DIESEL, 2017-2018.<\/td>\n<\/tr>\n<tr>\n<td>VOLVO FMX 420 6X4R , VOLVO D13C420 D13C420 12.8 L 24V SOHC L6 DIESEL, 2017-2017.<\/td>\n<\/tr>\n<tr>\n<td>VOLVO FMX 500 6X6R , VOLVO D13C500 D13C500 12,8 L 24V SOHC L6 DIESEL, 2016-2016.<\/td>\n<\/tr>\n<tr>\n<td>VOLVO FMX 540 8X4R , VOLVO D13C540 D13C540 12.8 L 24V SOHC L6 DIESEL, 2016-2016.<\/td>\n<\/tr>\n<\/tbody>\n<\/table>\n<p>&nbsp;<\/p>\n<div>ATENCI\u00d3N:<\/div>\n<div>Recomendamos que la instalaci\u00f3n la realice un profesional formado y especializado.<\/div>\n<div>S\u00f3lo compra este producto si est\u00e1s seguro de que es compatible con tu veh\u00edculo. Si tienes alguna duda, no dudes en ponerte en contacto con nosotros. Nuestro horario de apertura es de lunes a viernes de 8 a 18 h.<\/div>\n<div><\/div>\n<div>Sobre nosotros<\/div>\n<div>COM Automotive est\u00e1 especializada en piezas de autom\u00f3vil de dise\u00f1o original para el sector de la reparaci\u00f3n posventa, clientes industriales y fabricantes de veh\u00edculos especiales OEM.<\/div>\n<div>Nuestro equipo tiene m\u00e1s de 28 a\u00f1os de experiencia en la fabricaci\u00f3n y el suministro de piezas de automoci\u00f3n a escala mundial.<\/div>\n<div>Nuestra MISI\u00d3N es ofrecer productos de dise\u00f1o original con una calidad impecable y una sustituci\u00f3n personalizada.<\/div>\n<div>Nuestra VISI\u00d3N es promover el crecimiento y un valor inigualable para nuestros clientes.<\/div>\n","protected":false},"excerpt":{"rendered":"<p>0124655452-COM. En stock. Ref: 0124655451, 0124655452, 22591472, 1986A01031, MG 800, ZEN 41048, 063535550090, 8EL012584101,8EL738211121 &#8211; compatible con: VOLVO. Marca: COM Automotive &#8211; Producto con calidad y dise\u00f1o originales. Compatible con Bosch<\/p>\n","protected":false},"featured_media":20131,"comment_status":"open","ping_status":"closed","template":"","meta":[],"product_brand":[],"product_cat":[8109],"product_tag":[10449,10451,10457,10781,10453,32877,32874,32875,32876,10452,10768,10455],"class_list":{"0":"post-15366","1":"product","2":"type-product","3":"status-publish","4":"has-post-thumbnail","6":"product_cat-alternador-es-2","7":"product_tag-0124655451-es","8":"product_tag-0124655452-es","9":"product_tag-0124655452-com-es","10":"product_tag-063535550090-es","11":"product_tag-1986a01031-es","12":"product_tag-20g2369-es","13":"product_tag-21401675-es","14":"product_tag-21401683-es","15":"product_tag-21652996-es","16":"product_tag-22591472-es","17":"product_tag-mg-800-es","18":"product_tag-zen-41048-es","20":"first","21":"instock","22":"taxable","23":"shipping-taxable","24":"purchasable","25":"product-type-simple"},"_links":{"self":[{"href":"https:\/\/com-automotive.com\/es\/wp-json\/wp\/v2\/product\/15366","targetHints":{"allow":["GET"]}}],"collection":[{"href":"https:\/\/com-automotive.com\/es\/wp-json\/wp\/v2\/product"}],"about":[{"href":"https:\/\/com-automotive.com\/es\/wp-json\/wp\/v2\/types\/product"}],"replies":[{"embeddable":true,"href":"https:\/\/com-automotive.com\/es\/wp-json\/wp\/v2\/comments?post=15366"}],"wp:featuredmedia":[{"embeddable":true,"href":"https:\/\/com-automotive.com\/es\/wp-json\/wp\/v2\/media\/20131"}],"wp:attachment":[{"href":"https:\/\/com-automotive.com\/es\/wp-json\/wp\/v2\/media?parent=15366"}],"wp:term":[{"taxonomy":"product_brand","embeddable":true,"href":"https:\/\/com-automotive.com\/es\/wp-json\/wp\/v2\/product_brand?post=15366"},{"taxonomy":"product_cat","embeddable":true,"href":"https:\/\/com-automotive.com\/es\/wp-json\/wp\/v2\/product_cat?post=15366"},{"taxonomy":"product_tag","embeddable":true,"href":"https:\/\/com-automotive.com\/es\/wp-json\/wp\/v2\/product_tag?post=15366"}],"curies":[{"name":"wp","href":"https:\/\/api.w.org\/{rel}","templated":true}]}}