{"id":15365,"date":"2023-10-23T15:05:53","date_gmt":"2023-10-23T18:05:53","guid":{"rendered":"https:\/\/com-automotive.com\/alternador-12v-90amp-f000bl04e6-f000bl04e5-ec3510300aa-ford-f350-bosch-seg\/"},"modified":"2023-10-23T15:05:53","modified_gmt":"2023-10-23T18:05:53","slug":"alternador-12v-90amp-f000bl04e6-f000bl04e5-ec3510300aa-ford-f350-bosch-seg","status":"publish","type":"product","link":"https:\/\/com-automotive.com\/es\/alternador-12v-90amp-f000bl04e6-f000bl04e5-ec3510300aa-ford-f350-bosch-seg\/","title":{"rendered":"Alternador 12V 90Amp F000BL04E6 F000BL04E5 EC3510300AA FORD F350 BOSCH SEG<span class=\"product-sku\" style=\"display: block; font-size: 0.85em; color: #777; margin-top: 5px; margin-bottom: 5px;\">SKU: F000BL04E6-COM<\/span>"},"content":{"rendered":"<h1>Calidad de dise\u00f1o original COM-AUTOMOTIVE.<\/h1>\n<p>Alternador F000BL04E6 12V 90Amp con polea &#8211; Dise\u00f1o: BOSCH SEG &#8211; OEM: FORD F350<\/p>\n<h2>Preguntas m\u00e1s frecuentes<\/h2>\n<h3><strong>\u00bfCu\u00e1les son las referencias cruzadas?<\/strong><\/h3>\n<p>F000BL04E5, F000BL04E6, EC3510300AA, EC3510300AA<\/p>\n<h2><strong>TABLA DE APLICACI\u00d3N<\/strong><\/h2>\n<p>FORD F-4000 , CUMMINS ISF 2.8 ISF 2.8 2.8 L 16V SOHV L4 DIESEL, 2014-2021.<br \/>\nFORD F-350 , CUMMINS ISF 2.8 ISF 2.8 2.8 L 16V SOHV L4 DIESEL, 2014-2021.<\/p>\n<div>ATENCI\u00d3N:<\/div>\n<div>Recomendamos que la instalaci\u00f3n la realice un profesional formado y especializado.<\/div>\n<div>S\u00f3lo compra este producto si est\u00e1s seguro de que es compatible con tu veh\u00edculo. Si tienes alguna duda, no dudes en ponerte en contacto con nosotros. Nuestro horario de apertura es de lunes a viernes de 8 a 18 h.<\/div>\n<div><\/div>\n<div>Sobre nosotros<\/div>\n<div>COM Automotive est\u00e1 especializada en piezas de autom\u00f3vil de dise\u00f1o original para el sector de la reparaci\u00f3n posventa, clientes industriales y fabricantes de veh\u00edculos especiales OEM.<\/div>\n<div>Nuestro equipo tiene m\u00e1s de 28 a\u00f1os de experiencia en la fabricaci\u00f3n y el suministro de piezas de automoci\u00f3n a escala mundial.<\/div>\n<div>Nuestra MISI\u00d3N es ofrecer productos de dise\u00f1o original con una calidad impecable y una sustituci\u00f3n personalizada.<\/div>\n<div>Nuestra VISI\u00d3N es promover el crecimiento y un valor inigualable para nuestros clientes.<\/div>\n<p>&nbsp;<\/p>\n","protected":false},"excerpt":{"rendered":"<p>Alternador F000BL04E6 12V 90Amp con polea &#8211; Dise\u00f1o: BOSCH SEG &#8211; OEM: FORD F350<\/p>\n","protected":false},"featured_media":3873,"comment_status":"closed","ping_status":"closed","template":"","meta":[],"product_brand":[],"product_cat":[8109,8542],"product_tag":[9094,10075,9096,35974,35973,35975],"class_list":{"0":"post-15365","1":"product","2":"type-product","3":"status-publish","4":"has-post-thumbnail","6":"product_cat-alternador-es-2","7":"product_cat-sempreco-es","8":"product_tag-12v-es","9":"product_tag-90amp-es","10":"product_tag-c3-es","11":"product_tag-ec3510300aa-es","12":"product_tag-f000bl04e5-es","13":"product_tag-f000bl04e6-com-es","15":"first","16":"instock","17":"taxable","18":"shipping-taxable","19":"purchasable","20":"product-type-simple"},"_links":{"self":[{"href":"https:\/\/com-automotive.com\/es\/wp-json\/wp\/v2\/product\/15365","targetHints":{"allow":["GET"]}}],"collection":[{"href":"https:\/\/com-automotive.com\/es\/wp-json\/wp\/v2\/product"}],"about":[{"href":"https:\/\/com-automotive.com\/es\/wp-json\/wp\/v2\/types\/product"}],"replies":[{"embeddable":true,"href":"https:\/\/com-automotive.com\/es\/wp-json\/wp\/v2\/comments?post=15365"}],"wp:featuredmedia":[{"embeddable":true,"href":"https:\/\/com-automotive.com\/es\/wp-json\/wp\/v2\/media\/3873"}],"wp:attachment":[{"href":"https:\/\/com-automotive.com\/es\/wp-json\/wp\/v2\/media?parent=15365"}],"wp:term":[{"taxonomy":"product_brand","embeddable":true,"href":"https:\/\/com-automotive.com\/es\/wp-json\/wp\/v2\/product_brand?post=15365"},{"taxonomy":"product_cat","embeddable":true,"href":"https:\/\/com-automotive.com\/es\/wp-json\/wp\/v2\/product_cat?post=15365"},{"taxonomy":"product_tag","embeddable":true,"href":"https:\/\/com-automotive.com\/es\/wp-json\/wp\/v2\/product_tag?post=15365"}],"curies":[{"name":"wp","href":"https:\/\/api.w.org\/{rel}","templated":true}]}}