{"id":15364,"date":"2023-10-23T15:05:42","date_gmt":"2023-10-23T18:05:42","guid":{"rendered":"https:\/\/com-automotive.com\/alternador-24v-150a-0124655510-0001505350-mb-axor-actros-2012\/"},"modified":"2023-10-23T15:05:42","modified_gmt":"2023-10-23T18:05:42","slug":"alternador-24v-150a-0124655510-0001505350-mb-axor-actros-2012","status":"publish","type":"product","link":"https:\/\/com-automotive.com\/es\/alternador-24v-150a-0124655510-0001505350-mb-axor-actros-2012\/","title":{"rendered":"Alternador 24V 150A 0124655510 0001505350 MB Axor Actros 2012&gt;<span class=\"product-sku\" style=\"display: block; font-size: 0.85em; color: #777; margin-top: 5px; margin-bottom: 5px;\">SKU: 8000.0510-COM<\/span>"},"content":{"rendered":"<h1>Calidad de dise\u00f1o original COM-AUTOMOTIVE.<\/h1>\n<p>Alternador 0124655510 24V 150Amp sin polea &#8211; Dise\u00f1o: BOSCH SEG &#8211; OEM: MERCEDES MBB<\/p>\n<h2>Preguntas m\u00e1s frecuentes<\/h2>\n<h3><strong>\u00bfCu\u00e1les son las referencias cruzadas?<\/strong><\/h3>\n<p>0124655510, 0124655510, 0001505350, 0001507250, A0001505350, A0001507250, 0001507250, 30035VLP, ZEN 41050<\/p>\n<h2><strong>TABLA DE APLICACI\u00d3N<\/strong><\/h2>\n<table width=\"1036\">\n<tbody>\n<tr>\n<td width=\"1036\">MERCEDES BENZ ACTROS 2640 , DIESEL, .<\/td>\n<\/tr>\n<tr>\n<td>MERCEDES BENZ ACTROS 2644 ,<\/td>\n<\/tr>\n<tr>\n<td>MERCEDES BENZ ACTROS 4044 ,<\/td>\n<\/tr>\n<tr>\n<td>MERCEDES BENZ ACTROS 4140 ,<\/td>\n<\/tr>\n<tr>\n<td>MERCEDES BENZ ACTROS 4144 ,<\/td>\n<\/tr>\n<tr>\n<td>MERCEDES BENZ ACTROS 4640 ,<\/td>\n<\/tr>\n<tr>\n<td>MERCEDES BENZ ACTROS 4644 , MB OM-501 LA DIESEL<\/td>\n<\/tr>\n<tr>\n<td>MERCEDES BENZ AXOR 1933 , MERCEDES BENZ MB OM 926 LA 7.2L DIESEL,<\/td>\n<\/tr>\n<tr>\n<td>MERCEDES BENZ AXOR 2033 , MERCEDES BENZ DIESEL,<\/td>\n<\/tr>\n<tr>\n<td>MERCEDES BENZ AXOR 3340 , MERCEDES BENZ OM 906 LA DIESEL<\/td>\n<\/tr>\n<tr>\n<td>MERCEDES BENZ AXOR 3344 , MERCEDES BENZ MB OM 457 LA DIESEL,<\/td>\n<\/tr>\n<tr>\n<td>MERCEDES BENZ AXOR 4140 , MERCEDES BENZ DIESEL, .<\/td>\n<\/tr>\n<tr>\n<td>MERCEDES BENZ AXOR 4144 , MERCEDES BENZ MB OM 457 LA DIESEL<\/td>\n<\/tr>\n<\/tbody>\n<\/table>\n<p>&nbsp;<\/p>\n<div>ATENCI\u00d3N:<\/div>\n<div>Recomendamos que la instalaci\u00f3n la realice un profesional formado y especializado.<\/div>\n<div>S\u00f3lo compra este producto si est\u00e1s seguro de que es compatible con tu veh\u00edculo. Si tienes alguna duda, no dudes en ponerte en contacto con nosotros. Nuestro horario de apertura es de lunes a viernes de 8 a 18 h.<\/div>\n<div><\/div>\n<div>Sobre nosotros<\/div>\n<div>COM Automotive est\u00e1 especializada en piezas de autom\u00f3vil de dise\u00f1o original para el sector de la reparaci\u00f3n posventa, clientes industriales y fabricantes de veh\u00edculos especiales OEM.<\/div>\n<div>Nuestro equipo tiene m\u00e1s de 28 a\u00f1os de experiencia en la fabricaci\u00f3n y el suministro de piezas de automoci\u00f3n a escala mundial.<\/div>\n<div>Nuestra MISI\u00d3N es ofrecer productos de dise\u00f1o original con una calidad impecable y una sustituci\u00f3n personalizada.<\/div>\n<div>Nuestra VISI\u00d3N es promover el crecimiento y un valor inigualable para nuestros clientes.<\/div>\n","protected":false},"excerpt":{"rendered":"<p>0124655510-COM. En stock. Ref: 0124655510, 0124655510, 1505350, 0001507250, A0001505350, A0001507250, 30035VLP, ZEN 41050 &#8211; compatible con: MERCEDES MBB. Marca: COM Automotive &#8211; Producto con calidad y dise\u00f1o originales. Compatible con Bosch<\/p>\n","protected":false},"featured_media":18921,"comment_status":"open","ping_status":"closed","template":"","meta":[],"product_brand":[],"product_cat":[8109],"product_tag":[8375,32319,32318,32317,32316,8373,8385,32315,8387,8381,32321,32323,32322,8377,8379,32335,8383],"class_list":{"0":"post-15364","1":"product","2":"type-product","3":"status-publish","4":"has-post-thumbnail","6":"product_cat-alternador-es-2","7":"product_tag-0001507250-es","8":"product_tag-0124555072-es","9":"product_tag-0124655073-es","10":"product_tag-0124655291-es","11":"product_tag-0124655292-es","12":"product_tag-0124655510-es","13":"product_tag-0124655510-com-es","14":"product_tag-0124655536-es","15":"product_tag-1505350-es","16":"product_tag-30035vlp-es","17":"product_tag-8000-0510-com-es","18":"product_tag-80000510-es","19":"product_tag-80000510-com-es","20":"product_tag-a0001505350-es","21":"product_tag-a0001507250-es","22":"product_tag-a0001508950-es","23":"product_tag-zen-41050-es","25":"first","26":"instock","27":"taxable","28":"shipping-taxable","29":"purchasable","30":"product-type-simple"},"_links":{"self":[{"href":"https:\/\/com-automotive.com\/es\/wp-json\/wp\/v2\/product\/15364","targetHints":{"allow":["GET"]}}],"collection":[{"href":"https:\/\/com-automotive.com\/es\/wp-json\/wp\/v2\/product"}],"about":[{"href":"https:\/\/com-automotive.com\/es\/wp-json\/wp\/v2\/types\/product"}],"replies":[{"embeddable":true,"href":"https:\/\/com-automotive.com\/es\/wp-json\/wp\/v2\/comments?post=15364"}],"wp:featuredmedia":[{"embeddable":true,"href":"https:\/\/com-automotive.com\/es\/wp-json\/wp\/v2\/media\/18921"}],"wp:attachment":[{"href":"https:\/\/com-automotive.com\/es\/wp-json\/wp\/v2\/media?parent=15364"}],"wp:term":[{"taxonomy":"product_brand","embeddable":true,"href":"https:\/\/com-automotive.com\/es\/wp-json\/wp\/v2\/product_brand?post=15364"},{"taxonomy":"product_cat","embeddable":true,"href":"https:\/\/com-automotive.com\/es\/wp-json\/wp\/v2\/product_cat?post=15364"},{"taxonomy":"product_tag","embeddable":true,"href":"https:\/\/com-automotive.com\/es\/wp-json\/wp\/v2\/product_tag?post=15364"}],"curies":[{"name":"wp","href":"https:\/\/api.w.org\/{rel}","templated":true}]}}