{"id":15355,"date":"2023-11-17T12:03:23","date_gmt":"2023-11-17T15:03:23","guid":{"rendered":"https:\/\/com-automotive.com\/regulador-14v-palio-weekend-strada-siena-fiesta\/"},"modified":"2025-05-28T16:45:05","modified_gmt":"2025-05-28T19:45:05","slug":"regulador-14v-palio-weekend-strada-siena-fiesta","status":"publish","type":"product","link":"https:\/\/com-automotive.com\/es\/regulador-14v-palio-weekend-strada-siena-fiesta\/","title":{"rendered":"Regulador de 14V Compatible con F000RS0102 para Palio Weekend Strada Siena Fiesta<span class=\"product-sku\" style=\"display: block; font-size: 0.85em; color: #777; margin-top: 5px; margin-bottom: 5px;\">SKU: 8100.0102-COM<\/span>"},"content":{"rendered":"<h1><strong>COM-AUTOMOTIVE, calidad de dise\u00f1o original.<\/strong><\/h1>\n<p>Regulador de 14V Compatible con F000RS0102 para Palio Weekend Strada Siena Fiesta<\/p>\n<h2>Preguntas m\u00e1s frecuentes<\/h2>\n<h3><strong>\u00bfCu\u00e1les son las referencias cruzadas?<\/strong><\/h3>\n<p>F000RS0102, 94721926, DQ59038, 1986AE0175, IKRO, IK5201, GA282<\/p>\n<h2><strong>Tabla de aplicaci\u00f3n<\/strong><\/h2>\n<p>ALTERNADOR:<br \/>\n0124.325.026 (MERCEDES BENZ SPRINTER VAN 313 CDI , MERCEDES BENZ OM 611 LA OM 611 LA 2.2 L 16V DOHC L4 DIESEL, 2005-2012.<br \/>\n0124.515.216 (MERCEDES BENZ SPRINTER VAN 313 CDI , MERCEDES BENZ OM 611 LA OM 611 LA 2.2 L 16V DOHC L4 DIESEL, 2005-2012.<br \/>\n0124.515.190 (MERCEDES BENZ CLASE S S320 , M3.2 L 18V M 104.990 3.2 L 18V DOHC V6 GASOLINA, 1993-1998.<br \/>\n0124.325.226 (MERCEDES BENZ CLASE C C180 CGI , DE 18 M 271.820 1.8 L 16V DOHC L4 GASOLINA, 2010-2013.<br \/>\n0124.625.107 (JOHN DEERE 9420 R SERIE 9R , JOHN DEERE PSX 13.5 L 24V SOHV L6 DIESEL, 2016-2023.<br \/>\nJOHN DEERE 9470 R CAB , JOHN DEERE POWERTECH PSS 6135HFC09 13.5 L 24V SOHV L6 DIESEL, 2016-2023.<br \/>\nJOHN DEERE 9520 R CAB , JOHN DEERE POWERTECH PSS 6135HFC09 13.5 L 24V SOHV L6 DIESEL, 2016-2023.<br \/>\nJOHN DEERE 9520 R SERIE 9R , JOHN DEERE PSX 13.5 L 24V SOHV L6 DIESEL, 2016-2023. )<br \/>\n0124.515.129 (JOHN DEERE 6145 J , JOHN DEERE 6068 T DIESEL, 2010-2023.<br \/>\n0124.325.258 (FORD CARGO C 816 , CUMMINS ISB 4.5 ISBE 4.5 4.5 L 16V SOHV L4 DIESEL, 2012-2020.<br \/>\n0124.515.092 (CHEVROLET ASTRA ADVANTAGE FLEXPOWER , X20XE X20XE 2.0 L 8V SOHC L4 FLEX, 2004-2010.<br \/>\n0124.225.003<br \/>\n0124.225.028<br \/>\n0124.225.029<br \/>\n0124.325.039<br \/>\n0124.325.058<br \/>\n0124.325.060<br \/>\n0124.325.093<br \/>\n0124.325.109<br \/>\n0124.325.110<br \/>\n0124.325.115<br \/>\n0124.325.118<br \/>\n0124.325.120<br \/>\n0124.325.148<br \/>\n0124.325.177<br \/>\n0124.325.191<br \/>\n0124.515.082<br \/>\n0124.515.089<br \/>\n0124.515.114<br \/>\n0124.515.137<br \/>\n0124.525.196<br \/>\n0124.625.108<br \/>\nFIAT: 46 813 061<br \/>\nFORD: 3C45 10300 AA<br \/>\nGM: 9335 9979<br \/>\nJOHN DEERE: DQ59039<br \/>\nJOHN DEERE: RE555751<br \/>\nMB: A0121542002<br \/>\nMB: A0131541502<\/p>\n<div>ATENCI\u00d3N:<\/div>\n<div>Recomendamos que la instalaci\u00f3n la realice un profesional formado y especializado.<\/div>\n<div>Solo adquiere este producto con la certeza de que es compatible con tu veh\u00edculo, si tienes dudas, no dudes en buscarnos. Nuestro horario de apertura es de lunes a viernes de 8 a 18 h.<\/div>\n<div><\/div>\n<div>Sobre nosotros<\/div>\n<div>COM Automotive est\u00e1 especializada en piezas de autom\u00f3vil de dise\u00f1o original para el sector de la reparaci\u00f3n posventa, clientes industriales y fabricantes de veh\u00edculos especiales OEM.<\/div>\n<div>Nuestro equipo tiene m\u00e1s de 28 a\u00f1os de experiencia en la fabricaci\u00f3n y el suministro de piezas de automoci\u00f3n a escala mundial.<\/div>\n<div>Nuestra MISI\u00d3N es ofrecer productos de dise\u00f1o original con una calidad impecable y una sustituci\u00f3n personalizada.<\/div>\n<div>Nuestra VISI\u00d3N es promover el crecimiento y un valor inigualable para nuestros clientes.<\/div>\n","protected":false},"excerpt":{"rendered":"<p>8100.0102-COM. Compatible con: 94721926, DQ59038, F00M144167, 1986AE0175, F000RS0102, IK5201, GA282, IB220, 81000102.  Marca: COM Automotive &#8211; Producto con calidad y dise\u00f1o originales.<\/p>\n","protected":false},"featured_media":19590,"comment_status":"open","ping_status":"closed","template":"","meta":[],"product_brand":[],"product_cat":[8489],"product_tag":[10406,36580,36582,36581,10404,10393,10401,36579,10985,12039,36578,10407],"class_list":{"0":"post-15355","1":"product","2":"type-product","3":"status-publish","4":"has-post-thumbnail","6":"product_cat-regulador","7":"product_tag-1986ae0175-es","8":"product_tag-8100-0102-com-es","9":"product_tag-81000102-es","10":"product_tag-81000102-com-es","11":"product_tag-94721926-es","12":"product_tag-dq59038-es","13":"product_tag-f000rs0102-es","14":"product_tag-f000rs0102-com-es","15":"product_tag-f00m144167-es","16":"product_tag-ga282-es","17":"product_tag-ib220-es","18":"product_tag-ik5201-es","20":"first","21":"instock","22":"taxable","23":"shipping-taxable","24":"purchasable","25":"product-type-simple"},"_links":{"self":[{"href":"https:\/\/com-automotive.com\/es\/wp-json\/wp\/v2\/product\/15355","targetHints":{"allow":["GET"]}}],"collection":[{"href":"https:\/\/com-automotive.com\/es\/wp-json\/wp\/v2\/product"}],"about":[{"href":"https:\/\/com-automotive.com\/es\/wp-json\/wp\/v2\/types\/product"}],"replies":[{"embeddable":true,"href":"https:\/\/com-automotive.com\/es\/wp-json\/wp\/v2\/comments?post=15355"}],"wp:featuredmedia":[{"embeddable":true,"href":"https:\/\/com-automotive.com\/es\/wp-json\/wp\/v2\/media\/19590"}],"wp:attachment":[{"href":"https:\/\/com-automotive.com\/es\/wp-json\/wp\/v2\/media?parent=15355"}],"wp:term":[{"taxonomy":"product_brand","embeddable":true,"href":"https:\/\/com-automotive.com\/es\/wp-json\/wp\/v2\/product_brand?post=15355"},{"taxonomy":"product_cat","embeddable":true,"href":"https:\/\/com-automotive.com\/es\/wp-json\/wp\/v2\/product_cat?post=15355"},{"taxonomy":"product_tag","embeddable":true,"href":"https:\/\/com-automotive.com\/es\/wp-json\/wp\/v2\/product_tag?post=15355"}],"curies":[{"name":"wp","href":"https:\/\/api.w.org\/{rel}","templated":true}]}}