{"id":15350,"date":"2023-10-22T22:15:54","date_gmt":"2023-10-23T01:15:54","guid":{"rendered":"https:\/\/com-automotive.com\/alternador-12v-110a-f000bl0600-f000bl062e-para-fiat-motor-fuego-2001\/"},"modified":"2024-10-07T12:23:38","modified_gmt":"2024-10-07T15:23:38","slug":"alternador-12v-110a-f000bl0600-f000bl062e-para-fiat-motor-fuego-2001","status":"publish","type":"product","link":"https:\/\/com-automotive.com\/es\/alternador-12v-110a-f000bl0600-f000bl062e-para-fiat-motor-fuego-2001\/","title":{"rendered":"Alternador 12V 110A F000BL0600 F000BL062E para Fiat Motor Fire 2001&gt;<span class=\"product-sku\" style=\"display: block; font-size: 0.85em; color: #777; margin-top: 5px; margin-bottom: 5px;\">SKU: 8000.0600-COM<\/span>"},"content":{"rendered":"<h1>COM-AUTOMOTIVE, calidad de dise\u00f1o original.<\/h1>\n<h2>Preguntas m\u00e1s frecuentes<\/h2>\n<h3><strong>\u00bfCu\u00e1les son las referencias cruzadas?<\/strong><\/h3>\n<p>F000BL062E, F000BL0600, 51865741, 1012101360, 51779556, 51826257, 518469540, 51865741, 51973496, ARA105, BC1012102150RC, 0124325177, 494701, 494701, NRG11S010, ZEN 44011, Euro 70012, 0124325177, BOSCH, SEM, BOSCh MON<\/p>\n<h2><strong>TABLA DE APLICACI\u00d3N<\/strong><\/h2>\n<table border=\"0\" width=\"759\" cellspacing=\"0\" cellpadding=\"0\">\n<tbody>\n<tr>\n<td width=\"155\" height=\"20\">IAT<\/td>\n<td width=\"203\">Doblo (Fase I)<\/td>\n<td width=\"270\">Doblo 1.3 MPI 16V<\/td>\n<td width=\"131\">08.2005 &#8211;<\/td>\n<\/tr>\n<tr>\n<td height=\"20\">FIAT<\/td>\n<td>Doblo (Fase I)<\/td>\n<td>Doblo 1.3 MPI 16V<\/td>\n<td>11.2001 &#8211; 07.2005<\/td>\n<\/tr>\n<tr>\n<td height=\"20\">FIAT<\/td>\n<td>Fiorino Fiorino<\/td>\n<td>1.4 Flex<\/td>\n<td>12.2013 &#8211;<\/td>\n<\/tr>\n<tr>\n<td height=\"20\">FIAT<\/td>\n<td>Fiorino Van<\/td>\n<td>Fiorino Van 1.3 MPI 8V<\/td>\n<td>02.2003 &#8211; 07.2005<\/td>\n<\/tr>\n<tr>\n<td height=\"20\">FIAT<\/td>\n<td>Fiorino Van<\/td>\n<td>Fiorino Van 1.3 MPI 8V<\/td>\n<td>08.2005 &#8211;<\/td>\n<\/tr>\n<tr>\n<td height=\"20\">FIAT<\/td>\n<td>Grand Siena<\/td>\n<td>Grand Siena 1.4 Flex<\/td>\n<td>03.2012 &#8211;<\/td>\n<\/tr>\n<tr>\n<td height=\"20\">FIAT<\/td>\n<td>Idea (Fase I)<\/td>\n<td>Idea 1.4 Flex<\/td>\n<td>08.2005 &#8211;<\/td>\n<\/tr>\n<tr>\n<td height=\"20\">FIAT<\/td>\n<td>Palio (Fase I)<\/td>\n<td>Palio 1.0 MPI 16V<\/td>\n<td>08.2000 &#8211; 02.2003<\/td>\n<\/tr>\n<tr>\n<td height=\"20\">FIAT<\/td>\n<td>Palio (Fase I)<\/td>\n<td>Palio 1.0 MPI 8V<\/td>\n<td>03.2000 &#8211; 10.2003<\/td>\n<\/tr>\n<tr>\n<td height=\"20\">FIAT<\/td>\n<td>Palio (Fase I)<\/td>\n<td>Palio 1.3 MPI 16V<\/td>\n<td>03.2000 &#8211; 02.2003<\/td>\n<\/tr>\n<tr>\n<td height=\"20\">FIAT<\/td>\n<td>Palio (Fase I)<\/td>\n<td>Palio 1.3 MPI 8V<\/td>\n<td>09.2002 &#8211; 10.2003<\/td>\n<\/tr>\n<tr>\n<td height=\"20\">FIAT<\/td>\n<td>Palio (Fase I)<\/td>\n<td>Palio Fire 1.0 MPI 8V<\/td>\n<td>06.2002 &#8211; 02.2005<\/td>\n<\/tr>\n<tr>\n<td height=\"20\">FIAT<\/td>\n<td>Palio (Fase I)<\/td>\n<td>Palio Fire 1.0 MPI Flex<\/td>\n<td>03.2005 &#8211; 07.2005<\/td>\n<\/tr>\n<tr>\n<td height=\"20\">FIAT<\/td>\n<td>Palio (Fase I)<\/td>\n<td>Palio Fire 1.0 MPI Flex<\/td>\n<td>08.2005 &#8211;<\/td>\n<\/tr>\n<tr>\n<td height=\"20\">FIAT<\/td>\n<td>Palio (Fase I) Fin de semana<\/td>\n<td>Palio Fin de semana 1.0 MPI 16V<\/td>\n<td>09.2000 &#8211; 02.2003<\/td>\n<\/tr>\n<tr>\n<td height=\"20\">FIAT<\/td>\n<td>Palio (Fase I) Fin de semana<\/td>\n<td>Palio Fin de semana 1.3 MPI 16V<\/td>\n<td>03.2000 &#8211; 02.2003<\/td>\n<\/tr>\n<tr>\n<td height=\"20\">FIAT<\/td>\n<td>Palio (Fase I) Fin de semana<\/td>\n<td>Palio Fin de semana 1.3 MPI 8V<\/td>\n<td>09.2002 &#8211; 02.2004<\/td>\n<\/tr>\n<tr>\n<td height=\"20\">FIAT<\/td>\n<td>Palio (Fase II)<\/td>\n<td>Palio 1.0 MPI 8V<\/td>\n<td>11.2003 &#8211; 07.2005<\/td>\n<\/tr>\n<tr>\n<td height=\"20\">FIAT<\/td>\n<td>Palio (Fase II)<\/td>\n<td>Palio 1.0 MPI 8V Flex<\/td>\n<td>08.2005 &#8211;<\/td>\n<\/tr>\n<tr>\n<td height=\"20\">FIAT<\/td>\n<td>Palio (Fase II)<\/td>\n<td>Palio 1.3 MPI 8V Flex<\/td>\n<td>11.2003 &#8211; 05.2005<\/td>\n<\/tr>\n<tr>\n<td height=\"20\">FIAT<\/td>\n<td>Palio (Fase II)<\/td>\n<td>Palio 1.4 MPI 8V Flex<\/td>\n<td>06.2005 &#8211; 07.2005<\/td>\n<\/tr>\n<tr>\n<td height=\"20\">FIAT<\/td>\n<td>Palio (Fase II)<\/td>\n<td>Palio 1.4 MPI 8V Flex<\/td>\n<td>08.2005 &#8211;<\/td>\n<\/tr>\n<tr>\n<td height=\"20\">FIAT<\/td>\n<td>Palio (Fase II)<\/td>\n<td>Palio Fire 1.0 MPI 8V Flex<\/td>\n<td>08.2006 &#8211;<\/td>\n<\/tr>\n<tr>\n<td height=\"20\">FIAT<\/td>\n<td>Palio (Fase II)<\/td>\n<td>Palio Fire Economy 1.0 MPI 8V Flex<\/td>\n<td>01.2010 &#8211;<\/td>\n<\/tr>\n<tr>\n<td height=\"20\">FIAT<\/td>\n<td>Palio (Fase III)<\/td>\n<td>Palio 1.0 MPI 8V Flex<\/td>\n<td>02.2007 &#8211;<\/td>\n<\/tr>\n<tr>\n<td height=\"20\">FIAT<\/td>\n<td>Palio (Fase III)<\/td>\n<td>Palio 1.0 MPI 8V Flex<\/td>\n<td>08.2010 &#8211;<\/td>\n<\/tr>\n<tr>\n<td height=\"20\">FIAT<\/td>\n<td>Palio (Etapa III)<\/td>\n<td>Palio 1.4 MPI 8V Flex<\/td>\n<td>02.2007 &#8211;<\/td>\n<\/tr>\n<tr>\n<td height=\"20\">FIAT<\/td>\n<td>Palio (Fase IV)<\/td>\n<td>Palio (Fase IV) 1.4 Flex<\/td>\n<td>11.2011 &#8211;<\/td>\n<\/tr>\n<tr>\n<td height=\"20\">FIAT<\/td>\n<td>Palio Weekend (Fase II)<\/td>\n<td>Palio Weekend 1.3 MPI 8V Flex<\/td>\n<td>03.2004 &#8211; 05.2005<\/td>\n<\/tr>\n<tr>\n<td height=\"20\">FIAT<\/td>\n<td>Palio Weekend (Fase II)<\/td>\n<td>Palio Weekend 1.4 MPI 8V Flex<\/td>\n<td>08.2005 &#8211;<\/td>\n<\/tr>\n<tr>\n<td height=\"20\">FIAT<\/td>\n<td>Palio Weekend (Fase III)<\/td>\n<td>Palio Weekend 1.4 MPI 8V Flex<\/td>\n<td>05.2008 &#8211;<\/td>\n<\/tr>\n<tr>\n<td height=\"20\">FIAT<\/td>\n<td>Punto<\/td>\n<td>Punto 1.4 Flex<\/td>\n<td>07.2010 &#8211;<\/td>\n<\/tr>\n<tr>\n<td height=\"20\">FIAT<\/td>\n<td>Siena (Fase I)<\/td>\n<td>Siena 1.0 MPI 16V<\/td>\n<td>03.2000 &#8211; 02.2003<\/td>\n<\/tr>\n<tr>\n<td height=\"20\">FIAT<\/td>\n<td>Siena (Fase I)<\/td>\n<td>Siena 1.3 MPI 16V<\/td>\n<td>03.2000 &#8211; 02.2003<\/td>\n<\/tr>\n<tr>\n<td height=\"20\">FIAT<\/td>\n<td>Siena (Etapa I)<\/td>\n<td>Siena 1.3 MPI 8V<\/td>\n<td>09.2002 &#8211; 02.2004<\/td>\n<\/tr>\n<tr>\n<td height=\"20\">FIAT<\/td>\n<td>Siena (Etapa I)<\/td>\n<td>Siena Fire 1.0 MPI 8V<\/td>\n<td>03.2002 &#8211; 02.2005<\/td>\n<\/tr>\n<tr>\n<td height=\"20\">FIAT<\/td>\n<td>Siena (Fase I)<\/td>\n<td>Siena Fire 1.0 MPI Flex<\/td>\n<td>08.2005 &#8211;<\/td>\n<\/tr>\n<tr>\n<td height=\"20\">FIAT<\/td>\n<td>Siena (Fase II)<\/td>\n<td>Siena 1.0 MPI 8V<\/td>\n<td>03.2004 &#8211; 07.2005<\/td>\n<\/tr>\n<tr>\n<td height=\"20\">FIAT<\/td>\n<td>Siena (Fase II)<\/td>\n<td>Siena 1.0 MPI 8V Flex<\/td>\n<td>08.2005 &#8211;<\/td>\n<\/tr>\n<tr>\n<td height=\"20\">FIAT<\/td>\n<td>Siena (Fase II)<\/td>\n<td>Siena 1.3 MPI 8V Flex<\/td>\n<td>03.2004 &#8211; 05.2005<\/td>\n<\/tr>\n<tr>\n<td height=\"20\">FIAT<\/td>\n<td>Siena (Fase II)<\/td>\n<td>Siena 1.4 MPI 8V Flex<\/td>\n<td>08.2005 &#8211;<\/td>\n<\/tr>\n<tr>\n<td height=\"20\">FIAT<\/td>\n<td>Siena (Fase II)<\/td>\n<td>Siena 1.4 MPI 8V Tetrafuel<\/td>\n<td>08.2006 &#8211;<\/td>\n<\/tr>\n<tr>\n<td height=\"20\">FIAT<\/td>\n<td>Siena (Fase II)<\/td>\n<td>Siena Fire 1.0 MPI 8V Flex<\/td>\n<td>01.2010 &#8211;<\/td>\n<\/tr>\n<tr>\n<td height=\"20\">FIAT<\/td>\n<td>Siena (Fase II)<\/td>\n<td>Siena Fire 1.0 MPI 8V Flex<\/td>\n<td>08.2006 &#8211;<\/td>\n<\/tr>\n<tr>\n<td height=\"20\">FIAT<\/td>\n<td>Siena (Fase III)<\/td>\n<td>Siena 1.0 MPI 8V Flex<\/td>\n<td>08.2010 &#8211;<\/td>\n<\/tr>\n<tr>\n<td height=\"20\">FIAT<\/td>\n<td>Siena (Fase III)<\/td>\n<td>Siena 1.0 MPI 8V Flex<\/td>\n<td>11.2007 &#8211;<\/td>\n<\/tr>\n<tr>\n<td height=\"20\">FIAT<\/td>\n<td>Siena (Fase III)<\/td>\n<td>Siena 1.4 MPI 8V Flex<\/td>\n<td>11.2007 &#8211;<\/td>\n<\/tr>\n<tr>\n<td height=\"20\">FIAT<\/td>\n<td>Siena (Fase III)<\/td>\n<td>Siena 1.4 MPI 8V Tetrafuel<\/td>\n<td>11.2007 &#8211;<\/td>\n<\/tr>\n<tr>\n<td height=\"20\">FIAT<\/td>\n<td>Siena (Fase IV)<\/td>\n<td>Siena 1.0 Flex<\/td>\n<td>06.2012 &#8211;<\/td>\n<\/tr>\n<tr>\n<td height=\"20\">FIAT<\/td>\n<td>Siena (Fase IV)<\/td>\n<td>Siena 1.4 Flex<\/td>\n<td>06.2012 &#8211;<\/td>\n<\/tr>\n<tr>\n<td height=\"20\">FIAT<\/td>\n<td>Strada (Etapa I)<\/td>\n<td>Strada 1.3 MPI 8V<\/td>\n<td>09.2002 &#8211; 05.2005<\/td>\n<\/tr>\n<tr>\n<td height=\"20\">FIAT<\/td>\n<td>Strada (Fase I)<\/td>\n<td>Strada 1.4 MPI 8V Flex<\/td>\n<td>08.2005 &#8211;<\/td>\n<\/tr>\n<tr>\n<td height=\"20\">FIAT<\/td>\n<td>Strada (Fase II)<\/td>\n<td>Strada 1.4 MPI 8V Flex<\/td>\n<td>08.2005 &#8211;<\/td>\n<\/tr>\n<tr>\n<td height=\"20\">FIAT<\/td>\n<td>Strada (Fase II)<\/td>\n<td>Strada Fire 1.4 MPI 8V Flex<\/td>\n<td>09.2006 &#8211;<\/td>\n<\/tr>\n<tr>\n<td height=\"20\">FIAT<\/td>\n<td>Strada (Fase III)<\/td>\n<td>Strada 1.4 MPI 8V Flex<\/td>\n<td>08.2008 &#8211;<\/td>\n<\/tr>\n<tr>\n<td height=\"20\">FIAT<\/td>\n<td>Strada (Fase IV)<\/td>\n<td>Strada 1.4 Flex<\/td>\n<td>06.2012 &#8211;<\/td>\n<\/tr>\n<tr>\n<td height=\"20\">FIAT<\/td>\n<td>Uno<\/td>\n<td>Uno Economy 1.4 Flex<\/td>\n<td>10.2011 &#8211;<\/td>\n<\/tr>\n<tr>\n<td height=\"20\">FIAT<\/td>\n<td>Uno (Phase II) Uno Van<\/td>\n<td>1.3 MPI 8<\/td>\n<td>01.2004 &#8211; 07.2005<\/td>\n<\/tr>\n<tr>\n<td height=\"20\">FIAT<\/td>\n<td>Uno (Fase II) Mille<\/td>\n<td>Uno Mille 1.0 MPI<\/td>\n<td>01.2004 &#8211; 07.2005<\/td>\n<\/tr>\n<tr>\n<td height=\"20\">FIAT<\/td>\n<td>Uno (Fase II) Mille<\/td>\n<td>Uno Mille 1.0 MPI Flex<\/td>\n<td>03.2005 &#8211; 07.2005<\/td>\n<\/tr>\n<tr>\n<td height=\"20\">FIAT<\/td>\n<td>Uno (Phase I) Mille<\/td>\n<td>Uno Mille 1.0 MPI<\/td>\n<td>06.2001 &#8211; 12.2003<\/td>\n<\/tr>\n<tr>\n<td height=\"20\">FIAT<\/td>\n<td>Uno Van<\/td>\n<td>Uno Van 1.0 Flex<\/td>\n<td>09.2014 &#8211;<\/td>\n<\/tr>\n<tr>\n<td height=\"20\">FIAT<\/td>\n<td>Uno Van<\/td>\n<td>Uno Van 1.4 Flex<\/td>\n<td>09.2014 &#8211; F000BL0600 F000BL0600 F000BL0600 F000BL0600<\/td>\n<\/tr>\n<\/tbody>\n<\/table>\n<div><\/div>\n<div>ATENCI\u00d3N:<\/div>\n<div>Recomendamos que la instalaci\u00f3n la realice un profesional formado y especializado.<\/div>\n<div>S\u00f3lo compra este producto si est\u00e1s seguro de que es compatible con tu veh\u00edculo. Si tienes alguna duda, no dudes en ponerte en contacto con nosotros. Nuestro horario de apertura es de lunes a viernes de 8 a 18 h.<\/div>\n<div><\/div>\n<div>Sobre nosotros<\/div>\n<div>COM Automotive est\u00e1 especializada en piezas de autom\u00f3vil de dise\u00f1o original para el sector de la reparaci\u00f3n posventa, clientes industriales y fabricantes de veh\u00edculos especiales OEM.<\/div>\n<div>Nuestro equipo tiene m\u00e1s de 28 a\u00f1os de experiencia en la fabricaci\u00f3n y el suministro de piezas de automoci\u00f3n a escala mundial.<\/div>\n<div>Nuestra MISI\u00d3N es ofrecer productos de dise\u00f1o original con una calidad impecable y una sustituci\u00f3n personalizada.<\/div>\n<div>Nuestra VISI\u00d3N es promover el crecimiento y un valor inigualable para nuestros clientes.<\/div>\n","protected":false},"excerpt":{"rendered":"<p>F000BL0600-COM. En stock. Ref: F000BL062E, F000BL0600, 51865741, 1012101360, 51779556, 51826257, 518469540, 51973496, ARA105, BC1012102150RC, 0124325177, F000BL062E, MS1012101600, MS101210-1600, A115L, 494701, 494701, NRG11S010, ZEN 44011, EURO 70012 &#8211; compatible con: Fiat. Marca: COM Automotive &#8211; Producto con calidad y dise\u00f1o originales. Compatible con: Bosch<\/p>\n","protected":false},"featured_media":19085,"comment_status":"open","ping_status":"closed","template":"","meta":[],"product_brand":[],"product_cat":[8109],"product_tag":[10381,10357,10384,10359,10363,10367,10355,10371,27102,10378,10392,10353,10395,10351,27101,27100,10386,10388],"class_list":{"0":"post-15350","1":"product","2":"type-product","3":"status-publish","4":"has-post-thumbnail","6":"product_cat-alternador-es-2","7":"product_tag-0124325177-es","8":"product_tag-1012101360-es","9":"product_tag-494701-es","10":"product_tag-51779556-es","11":"product_tag-51826257-es","12":"product_tag-518469540-es","13":"product_tag-51865741-es","14":"product_tag-51973496-es","15":"product_tag-a115l-es","16":"product_tag-bc1012102150rc-es","17":"product_tag-euro-70012-es","18":"product_tag-f000bl0600-es","19":"product_tag-f000bl0600-com-es","20":"product_tag-f000bl062e-es","21":"product_tag-ms101210-1600-es","22":"product_tag-ms1012101600-es","23":"product_tag-nrg11s010-es","24":"product_tag-zen-44011-es","26":"first","27":"instock","28":"taxable","29":"shipping-taxable","30":"purchasable","31":"product-type-simple"},"_links":{"self":[{"href":"https:\/\/com-automotive.com\/es\/wp-json\/wp\/v2\/product\/15350","targetHints":{"allow":["GET"]}}],"collection":[{"href":"https:\/\/com-automotive.com\/es\/wp-json\/wp\/v2\/product"}],"about":[{"href":"https:\/\/com-automotive.com\/es\/wp-json\/wp\/v2\/types\/product"}],"replies":[{"embeddable":true,"href":"https:\/\/com-automotive.com\/es\/wp-json\/wp\/v2\/comments?post=15350"}],"wp:featuredmedia":[{"embeddable":true,"href":"https:\/\/com-automotive.com\/es\/wp-json\/wp\/v2\/media\/19085"}],"wp:attachment":[{"href":"https:\/\/com-automotive.com\/es\/wp-json\/wp\/v2\/media?parent=15350"}],"wp:term":[{"taxonomy":"product_brand","embeddable":true,"href":"https:\/\/com-automotive.com\/es\/wp-json\/wp\/v2\/product_brand?post=15350"},{"taxonomy":"product_cat","embeddable":true,"href":"https:\/\/com-automotive.com\/es\/wp-json\/wp\/v2\/product_cat?post=15350"},{"taxonomy":"product_tag","embeddable":true,"href":"https:\/\/com-automotive.com\/es\/wp-json\/wp\/v2\/product_tag?post=15350"}],"curies":[{"name":"wp","href":"https:\/\/api.w.org\/{rel}","templated":true}]}}