{"id":15345,"date":"2023-10-23T14:53:36","date_gmt":"2023-10-23T17:53:36","guid":{"rendered":"https:\/\/com-automotive.com\/alternador-12v-200a-0124625030-0124625223-axe17691-para-jdeere-series\/"},"modified":"2023-10-23T14:53:36","modified_gmt":"2023-10-23T17:53:36","slug":"alternador-12v-200a-0124625030-0124625223-axe17691-para-jdeere-series","status":"publish","type":"product","link":"https:\/\/com-automotive.com\/es\/alternador-12v-200a-0124625030-0124625223-axe17691-para-jdeere-series\/","title":{"rendered":"Alternador 12V 200A 0124625030 0124625223 AXE17691 para JDeere SerieS<span class=\"product-sku\" style=\"display: block; font-size: 0.85em; color: #777; margin-top: 5px; margin-bottom: 5px;\">SKU: 8000.0030-COM<\/span>"},"content":{"rendered":"<h1>COM-AUTOMOTIVE, calidad de dise\u00f1o original.<\/h1>\n<p>Alternador 0124625030 12V 200Amp sin polea &#8211; Dise\u00f1o: BOSCH SEG &#8211; OEM: JOHN DEERE<\/p>\n<h2>Preguntas m\u00e1s frecuentes<\/h2>\n<h3><strong>\u00bfCu\u00e1les son las referencias cruzadas?<\/strong><\/h3>\n<p>0124625223, AXE17691, 836673431, AL170947, RE210793, SE501826, AXE17691, 0124625029, 1986A00956, ZEN 41018, ZM 9020001, Euro 70611,AH229090, AH212040<\/p>\n<h2><strong>Tabla de aplicaci\u00f3n<\/strong><\/h2>\n<table width=\"1036\">\n<tbody>\n<tr>\n<td width=\"1036\">JOHN DEERE 9670 , JOHN DEERE 6090 DH DIESEL, 2008-2014.<\/td>\n<\/tr>\n<tr>\n<td>JOHN DEERE 9770 , JOHN DEERE 6090 DH DIESEL, 2010-2014.<\/td>\n<\/tr>\n<tr>\n<td>JOHN DEERE 9570 , JOHN DEERE 6068 H TURBO DIESEL, 2008-2014.<\/td>\n<\/tr>\n<tr>\n<td>JOHN DEERE 8335 4X4 DV 335CV , JOHN DEERE DIESEL, 2012-2015.<\/td>\n<\/tr>\n<tr>\n<td>JOHN DEERE 6130J 4X4 DV 130CV , JOHN DEERE DIESEL, 2011-2016.<\/td>\n<\/tr>\n<tr>\n<td>JOHN DEERE S 680 , JOHN DEERE DIESEL, 2012-2023.<\/td>\n<\/tr>\n<tr>\n<td>JOHN DEERE 8320 R , JOHN DEERE DIESEL, 2010-2016.<\/td>\n<\/tr>\n<tr>\n<td>JOHN DEERE S 670 , JOHN DEERE DIESEL, 2014-2023.<\/td>\n<\/tr>\n<tr>\n<td>JOHN DEERE S 540 , JOHN DEERE DIESEL, 2014-2023.<\/td>\n<\/tr>\n<tr>\n<td>JOHN DEERE S 660 , JOHN DEERE DIESEL, 2014-2023.<\/td>\n<\/tr>\n<tr>\n<td>JOHN DEERE JD 8430\/4 , JOHN DEERE DIESEL, 2007-2011.<\/td>\n<\/tr>\n<tr>\n<td>JOHN DEERE S 550 , JOHN DEERE DIESEL, 2014-2023.<\/td>\n<\/tr>\n<tr>\n<td>JOHN DEERE 8295 R , JOHN DEERE DIESEL, 2014-2023.<\/td>\n<\/tr>\n<tr>\n<td>JOHN DEERE CP690 , JOHN DEERE DIESEL, 2016-2023.<\/td>\n<\/tr>\n<tr>\n<td>JOHN DEERE S540 , JOHN DEERE DIESEL, 2016-2023.<\/td>\n<\/tr>\n<tr>\n<td>JOHN DEERE S550 , JOHN DEERE DIESEL, 2016-2023.<\/td>\n<\/tr>\n<tr>\n<td>JOHN DEERE S660 , JOHN DEERE DIESEL, 2016-2023.<\/td>\n<\/tr>\n<tr>\n<td>JOHN DEERE S670 , JOHN DEERE DIESEL, 2016-2023.<\/td>\n<\/tr>\n<tr>\n<td>JOHN DEERE S680 , JOHN DEERE DIESEL, 2016-2023.<\/td>\n<\/tr>\n<tr>\n<td>JOHN DEERE S690 , JOHN DEERE DIESEL, 2016-2023.<\/td>\n<\/tr>\n<tr>\n<td>JOHN DEERE 8260 4X4 DV 260CV , JOHN DEERE DIESEL, 2012-2013.<\/td>\n<\/tr>\n<tr>\n<td>JOHN DEERE 8270 R , JOHN DEERE DIESEL, 2010-2016.<\/td>\n<\/tr>\n<tr>\n<td>JOHN DEERE 4630 , JOHN DEERE PowerTech Y DIESEL, 2016-2023.<\/td>\n<\/tr>\n<tr>\n<td>JOHN DEERE 4730 , JOHN DEERE PowerTech Y DIESEL, 2016-2023.<\/td>\n<\/tr>\n<tr>\n<td>JOHN DEERE JD 8100 , JOHN DEERE DIESEL, 2016-2023.<\/td>\n<\/tr>\n<tr>\n<td>JOHN DEERE JD 8300 , JOHN DEERE DIESEL, 2016-2023.<\/td>\n<\/tr>\n<tr>\n<td>JOHN DEERE JD 8500 , JOHN DEERE DIESEL, 2016-2023.<\/td>\n<\/tr>\n<tr>\n<td>JOHN DEERE JD 8420\/4 , JOHN DEERE DIESEL, 2005-2006.<\/td>\n<\/tr>\n<tr>\n<td>JOHN DEERE 9510 4X4 DV 510CV , JOHN DEERE DIESEL, 2012-2013.<\/td>\n<\/tr>\n<tr>\n<td>JOHN DEERE JD 8245\/4 , JOHN DEERE DIESEL, 2010-2013.<\/td>\n<\/tr>\n<tr>\n<td>JOHN DEERE JD 8230\/4 , JOHN DEERE DIESEL, 2008-2009.<\/td>\n<\/tr>\n<tr>\n<td>JOHN DEERE 9460 4X4 DV 460CV , JOHN DEERE DIESEL, 2012-2014.<\/td>\n<\/tr>\n<tr>\n<td>JOHN DEERE 5403 F 4X4 , JOHN DEERE DIESEL, 2007-2007.<\/td>\n<\/tr>\n<tr>\n<td>JOHN DEERE 8345 R , JOHN DEERE DIESEL, 2016-2016.<\/td>\n<\/tr>\n<tr>\n<td>JOHN DEERE 8370 R , JOHN DEERE DIESEL, 2016-2016.<\/td>\n<\/tr>\n<tr>\n<td>JOHN DEERE JD 1650 CTS , JOHN DEERE DIESEL, 2005-2006.<\/td>\n<\/tr>\n<tr>\n<td>JOHN DEERE 5403 F , JOHN DEERE DIESEL, 2007-2007.<\/td>\n<\/tr>\n<tr>\n<td>JOHN DEERE 9460 R , JOHN DEERE DIESEL, 2015-2015.<\/td>\n<\/tr>\n<tr>\n<td>JOHN DEERE JD 8320\/4 , JOHN DEERE DIESEL, 2013-2013.<\/td>\n<\/tr>\n<tr>\n<td>JOHN DEERE JD 9430 , JOHN DEERE DIESEL, 2013-2013.<\/td>\n<\/tr>\n<tr>\n<td>JOHN DEERE JD 9660 CTS , JOHN DEERE DIESEL, 2005-2005.<\/td>\n<\/tr>\n<\/tbody>\n<\/table>\n<div><\/div>\n<div>ATENCI\u00d3N:<\/div>\n<div>Recomendamos que la instalaci\u00f3n de 0124625030 la realice un profesional formado y especializado.<\/div>\n<div>S\u00f3lo adquiera este producto en 0124625030 si est\u00e1 seguro de que es compatible con su veh\u00edculo. Si tiene alguna duda, no dude en ponerse en contacto con nosotros. Nuestro horario de apertura es de lunes a viernes de 8 a 18 h.<\/div>\n<div><\/div>\n<div>Sobre nosotros<\/div>\n<div>COM Automotive est\u00e1 especializada en piezas de autom\u00f3vil de dise\u00f1o original para el sector de la reparaci\u00f3n posventa, clientes industriales y fabricantes de veh\u00edculos especiales OEM.<\/div>\n<div>Nuestro equipo tiene m\u00e1s de 28 a\u00f1os de experiencia en la fabricaci\u00f3n y el suministro de piezas de automoci\u00f3n a escala mundial.<\/div>\n<div>Nuestra MISI\u00d3N es ofrecer productos de dise\u00f1o original con una calidad impecable y una sustituci\u00f3n personalizada.<\/div>\n<div>Nuestra VISI\u00d3N es promover el crecimiento y un valor inigualable para nuestros clientes.<\/div>\n<p>&nbsp;<\/p>\n","protected":false},"excerpt":{"rendered":"<p>0124625030-COM. En stock. Ref: 0124625223, 0124625030, AXE17691, 836673431, AL170947, RE210793, SE501826, AH229090, AH212040, 0124625029, 1986A00956, ZEN 41018, ZM 9020003, EURO 70611, 8EL015643011, DITA 10152 &#8211; compatible con: JOHN DEERE. Marca: COM Automotive &#8211; Producto con calidad y dise\u00f1o originales. Compatible con Bosch<\/p>\n","protected":false},"featured_media":18886,"comment_status":"open","ping_status":"closed","template":"","meta":[],"product_brand":[],"product_cat":[8109],"product_tag":[10320,10309,10307,10312,10336,10330,10328,10314,10310,10338,10326,10316,10318,10322],"class_list":{"0":"post-15345","1":"product","2":"type-product","3":"status-publish","4":"has-post-thumbnail","6":"product_cat-alternador-es-2","7":"product_tag-0124625029-es","8":"product_tag-0124625030-es","9":"product_tag-0124625223-es","10":"product_tag-836673431-es","11":"product_tag-8el015643011-es","12":"product_tag-ah212040-es","13":"product_tag-ah229090-es","14":"product_tag-al170947-es","15":"product_tag-axe17691-es","16":"product_tag-dita-10152-es","17":"product_tag-euro-70611-es","18":"product_tag-re210793-es","19":"product_tag-se501826-es","20":"product_tag-zen-41018-es","22":"first","23":"instock","24":"taxable","25":"shipping-taxable","26":"purchasable","27":"product-type-simple"},"_links":{"self":[{"href":"https:\/\/com-automotive.com\/es\/wp-json\/wp\/v2\/product\/15345","targetHints":{"allow":["GET"]}}],"collection":[{"href":"https:\/\/com-automotive.com\/es\/wp-json\/wp\/v2\/product"}],"about":[{"href":"https:\/\/com-automotive.com\/es\/wp-json\/wp\/v2\/types\/product"}],"replies":[{"embeddable":true,"href":"https:\/\/com-automotive.com\/es\/wp-json\/wp\/v2\/comments?post=15345"}],"wp:featuredmedia":[{"embeddable":true,"href":"https:\/\/com-automotive.com\/es\/wp-json\/wp\/v2\/media\/18886"}],"wp:attachment":[{"href":"https:\/\/com-automotive.com\/es\/wp-json\/wp\/v2\/media?parent=15345"}],"wp:term":[{"taxonomy":"product_brand","embeddable":true,"href":"https:\/\/com-automotive.com\/es\/wp-json\/wp\/v2\/product_brand?post=15345"},{"taxonomy":"product_cat","embeddable":true,"href":"https:\/\/com-automotive.com\/es\/wp-json\/wp\/v2\/product_cat?post=15345"},{"taxonomy":"product_tag","embeddable":true,"href":"https:\/\/com-automotive.com\/es\/wp-json\/wp\/v2\/product_tag?post=15345"}],"curies":[{"name":"wp","href":"https:\/\/api.w.org\/{rel}","templated":true}]}}