{"id":15334,"date":"2023-10-23T15:21:49","date_gmt":"2023-10-23T18:21:49","guid":{"rendered":"https:\/\/com-automotive.com\/alternador-12v-90a-sg9b120-para-peugeot-206-renault-clio-1-0-8v-ano0817\/"},"modified":"2024-06-01T21:46:57","modified_gmt":"2024-06-02T00:46:57","slug":"alternador-12v-90a-sg9b120-para-peugeot-206-renault-clio-1-0-8v-ano0817","status":"publish","type":"product","link":"https:\/\/com-automotive.com\/es\/alternador-12v-90a-sg9b120-para-peugeot-206-renault-clio-1-0-8v-ano0817\/","title":{"rendered":"Alternador 12V 90A SG9B120 para Peugeot 206 Renault Clio 1.0 8V a\u00f1o08&gt;17<span class=\"product-sku\" style=\"display: block; font-size: 0.85em; color: #777; margin-top: 5px; margin-bottom: 5px;\">SKU: 8000.8120-COM<\/span>"},"content":{"rendered":"<h1>Calidad de dise\u00f1o original COM-AUTOMOTIVE.<\/h1>\n<p>Alternador SG9B120 12V 95A con polea &#8211; Dise\u00f1o: VALEO &#8211; OEM: PEUGEOT<\/p>\n<h2>Preguntas m\u00e1s frecuentes<\/h2>\n<h3><strong>\u00bfCu\u00e1les son las referencias cruzadas?<\/strong><\/h3>\n<p>T002006001, SG9B120, 2311007440R, 7700437090, 7711134753, 8200660044, SG9B120, ZEN 42007, Euro 70022,<\/p>\n<h2><strong>TABLA DE APLICACI\u00d3N<\/strong><\/h2>\n<p>RENAULT<br \/>\nRENAULT SANDERO 1.0 16V 2008 \/ 2009 \/ 2010 \/ 2011 \/ 2012 \/ 2013 \/ 2014 \/ 2015 \/ 2016<br \/>\nRENAULT LOGAN 1.0 16V 2008 \/ 2009 \/ 2010 \/ 2011 \/ 2012 \/ 2013 \/ 2014 \/ 2015 \/ 2016<br \/>\nRENAULT CLIO 1.0 8\/16V 2000 \/ 2001 \/ 2002 \/ 2003 \/ 2004 \/ 2005 \/ 2006 \/ 2007 \/ 2008 \/ 2009 \/ 2010 \/ 2011 \/ 2012 \/ 2013 \/ 2014 \/ 2015 \/ 2016<br \/>\nRENAULT MARCH 1.0 16V 2011 \/ 2012 \/ 2013 \/ 2014 \/ 2015 \/ 2016<br \/>\nRENAULT TWINGO 1.0 8V 16V<br \/>\nPEUGEOT 206 SELECTION PACK , TU1JP D4D 1.0 L 16V DOHC L4 GASOLINA, 2001-2005.<br \/>\nPEUGEOT 206 SENSATION , D4D 1.0 L 16V DOHC L4 GASOLINA, 2004-2007.<br \/>\nPEUGEOT 206 SOLEIL , TU1JP D4D 1.0 L 16V DOHC L4 GASOLINA, 2001-2006.<br \/>\nPEUGEOT 206 SELECTION PACK , D4D 1.0 L 16V DOHC L4 GASOLINA, 2001-2004.<br \/>\nPEUGEOT 206 SELECTION , TU1JP D4D 1.0 L 16V DOHC L4 GASOLINA, 2001-2005.<br \/>\nPEUGEOT 206 SOLEIL , D4D 1.0 L 16V DOHC L4 GASOLINA, 2001-2004.<br \/>\nPEUGEOT 206 QUICKSILVER , TU1JP D4D 1.0 L 16V DOHC L4 GASOLINA, 2002-2004.<br \/>\nPEUGEOT 206 SELECTION , D4D 1.0 L 16V DOHC L4 GASOLINA, 2001-2003.<br \/>\nPEUGEOT 206 TECHNO , TU1JP D4D 1.0 L 16V DOHC L4 GASOLINA, 2003-2004.<\/p>\n<div>ATENCI\u00d3N:<\/div>\n<div>Recomendamos que la instalaci\u00f3n la realice un profesional formado y especializado.<\/div>\n<div>S\u00f3lo compra este producto si est\u00e1s seguro de que es compatible con tu veh\u00edculo. Si tienes alguna duda, no dudes en ponerte en contacto con nosotros. Nuestro horario de apertura es de lunes a viernes de 8 a 18 h.<\/div>\n<div><\/div>\n<div>Sobre nosotros<\/div>\n<div>COM Automotive est\u00e1 especializada en piezas de autom\u00f3vil de dise\u00f1o original para el sector de la reparaci\u00f3n posventa, clientes industriales y fabricantes de veh\u00edculos especiales OEM.<\/div>\n<div>Nuestro equipo tiene m\u00e1s de 28 a\u00f1os de experiencia en la fabricaci\u00f3n y el suministro de piezas de automoci\u00f3n a escala mundial.<\/div>\n<div>Nuestra MISI\u00d3N es ofrecer productos de dise\u00f1o original con una calidad impecable y una sustituci\u00f3n personalizada.<\/div>\n<div>Nuestra VISI\u00d3N es promover el crecimiento y un valor inigualable para nuestros clientes.<\/div>\n","protected":false},"excerpt":{"rendered":"<p>SG9B120-COM. En stock. Ref: T002006001, SG9B120, 2311007440R, 7700437090, 7711134753, 8200660044, SG9B120, SG9B035, 494703, SG7S012, VA439429, VA2542464, VA2542540 , A1TA2291, A001TA2291 , ZEN 42007, EURO 70022, 8EL012428831, DITA 10158 &#8211; compatible con: PEUGEOT. Marca: COM Automotive &#8211; Producto con calidad y dise\u00f1o originales. Compatible con Valeo<\/p>\n","protected":false},"featured_media":20421,"comment_status":"open","ping_status":"closed","template":"","meta":[],"product_brand":[],"product_cat":[8109],"product_tag":[10256,10257,10258,10259,10260,10255,10263,10254,10261],"class_list":{"0":"post-15334","1":"product","2":"type-product","3":"status-publish","4":"has-post-thumbnail","6":"product_cat-alternador-es-2","7":"product_tag-2311007440r-es","8":"product_tag-7700437090-es","9":"product_tag-7711134753-es","10":"product_tag-8200660044-es","11":"product_tag-euro-70022-es","12":"product_tag-sg9b120-es","13":"product_tag-sg9b120-com-es","14":"product_tag-t002006001-es","15":"product_tag-zen-42007-es","17":"first","18":"instock","19":"taxable","20":"shipping-taxable","21":"purchasable","22":"product-type-simple"},"_links":{"self":[{"href":"https:\/\/com-automotive.com\/es\/wp-json\/wp\/v2\/product\/15334","targetHints":{"allow":["GET"]}}],"collection":[{"href":"https:\/\/com-automotive.com\/es\/wp-json\/wp\/v2\/product"}],"about":[{"href":"https:\/\/com-automotive.com\/es\/wp-json\/wp\/v2\/types\/product"}],"replies":[{"embeddable":true,"href":"https:\/\/com-automotive.com\/es\/wp-json\/wp\/v2\/comments?post=15334"}],"wp:featuredmedia":[{"embeddable":true,"href":"https:\/\/com-automotive.com\/es\/wp-json\/wp\/v2\/media\/20421"}],"wp:attachment":[{"href":"https:\/\/com-automotive.com\/es\/wp-json\/wp\/v2\/media?parent=15334"}],"wp:term":[{"taxonomy":"product_brand","embeddable":true,"href":"https:\/\/com-automotive.com\/es\/wp-json\/wp\/v2\/product_brand?post=15334"},{"taxonomy":"product_cat","embeddable":true,"href":"https:\/\/com-automotive.com\/es\/wp-json\/wp\/v2\/product_cat?post=15334"},{"taxonomy":"product_tag","embeddable":true,"href":"https:\/\/com-automotive.com\/es\/wp-json\/wp\/v2\/product_tag?post=15334"}],"curies":[{"name":"wp","href":"https:\/\/api.w.org\/{rel}","templated":true}]}}