{"id":15332,"date":"2023-10-23T15:21:38","date_gmt":"2023-10-23T18:21:38","guid":{"rendered":"https:\/\/com-automotive.com\/alternador-12v-105a-10463651-para-blazer-s10-vortec-ano19962002\/"},"modified":"2023-10-23T15:21:38","modified_gmt":"2023-10-23T18:21:38","slug":"alternador-12v-105a-10463651-para-blazer-s10-vortec-ano19962002","status":"publish","type":"product","link":"https:\/\/com-automotive.com\/es\/alternador-12v-105a-10463651-para-blazer-s10-vortec-ano19962002\/","title":{"rendered":"Alternador 12V 105A 10463651 para Blazer S10 Vortec a\u00f1o1996&gt;2002<span class=\"product-sku\" style=\"display: block; font-size: 0.85em; color: #777; margin-top: 5px; margin-bottom: 5px;\">SKU: 8000.3651-COM<\/span>"},"content":{"rendered":"<h1>Calidad de dise\u00f1o original COM-AUTOMOTIVE.<\/h1>\n<p>Alternador 10463651 12V 105A con polea &#8211; Dise\u00f1o: Delco Remy &#8211; OEM: CHEVROLET<\/p>\n<h2>Preguntas m\u00e1s frecuentes<\/h2>\n<h3><strong>\u00bfCu\u00e1les son las referencias cruzadas?<\/strong><\/h3>\n<p>T002000020, 10463651, 19152043, 10463651, 10463652, 10463690, 10463940, 10464457, 8104636510, 10463651, 10463690, 10480167, 10480198, 19244779, ZEN 43001, Euro 70036<\/p>\n<h2><strong>TABLA DE APLICACI\u00d3N<\/strong><\/h2>\n<p>CHEVROLET BLAZER DLX V6 MPFI , C43NE C43NE 4.3 L 12V SOHC V6 GASOLINA, 1996-2004.<br \/>\nCHEVROLET BLAZER EXECUTIVE V6 MPFI , C43NE C43NE 4.3 L 12V SOHC V6 GASOLINA, 1996-2004.<br \/>\nCHEVROLET S10 MPFI V6 LUXE G-1, SOHC MPFI C43NE 4,3 L 12V SOHC V6 GASOLINA, 1996-2006.<br \/>\nCHEVROLET BLAZER DLX MPFI , C43NE C43NE 4.3 L 12V SOHC V6 GASOLINA, 1997-2001.<br \/>\nCHEVROLET BLAZER EXECUTIVE V6 , C43NE C43NE 4.3 L 12V SOHC V6 GASOLINA, 2000-2004.<\/p>\n<p>&nbsp;<\/p>\n<div>ATENCI\u00d3N:<\/div>\n<div>Recomendamos que la instalaci\u00f3n la realice un profesional formado y especializado.<\/div>\n<div>S\u00f3lo compra este producto si est\u00e1s seguro de que es compatible con tu veh\u00edculo. Si tienes alguna duda, no dudes en ponerte en contacto con nosotros. Nuestro horario de apertura es de lunes a viernes de 8 a 18 h.<\/div>\n<div><\/div>\n<div>Sobre nosotros<\/div>\n<div>COM Automotive est\u00e1 especializada en piezas de autom\u00f3vil de dise\u00f1o original para el sector de la reparaci\u00f3n posventa, clientes industriales y fabricantes de veh\u00edculos especiales OEM.<\/div>\n<div>Nuestro equipo tiene m\u00e1s de 28 a\u00f1os de experiencia en la fabricaci\u00f3n y el suministro de piezas de automoci\u00f3n a escala mundial.<\/div>\n<div>Nuestra MISI\u00d3N es ofrecer productos de dise\u00f1o original con una calidad impecable y una sustituci\u00f3n personalizada.<\/div>\n<div>Nuestra VISI\u00d3N es promover el crecimiento y un valor inigualable para nuestros clientes.<\/div>\n","protected":false},"excerpt":{"rendered":"<p>10463651-COM. En stock. Ref: T002000020, 10463651, 19152043, 10463651, 10463652, 10463690, 10463940, 10464457, 8104636510, 10463651, 10463690, 10480167, 10480198, 19244779, ZEN 43001, EURO 70036 &#8211; compatible con: CHEVROLET. Marca: COM Automotive &#8211; Producto con calidad y dise\u00f1o originales. Compatible con Delco Remy<\/p>\n","protected":false},"featured_media":18744,"comment_status":"open","ping_status":"closed","template":"","meta":[],"product_brand":[],"product_cat":[8109],"product_tag":[10228,10253,10232,10234,10236,10238,10241,10243,10230,10245,10239,10249,10226,10247],"class_list":{"0":"post-15332","1":"product","2":"type-product","3":"status-publish","4":"has-post-thumbnail","6":"product_cat-alternador-es-2","7":"product_tag-10463651-es","8":"product_tag-10463651-com-es","9":"product_tag-10463652-es","10":"product_tag-10463690-es","11":"product_tag-10463940-es","12":"product_tag-10464457-es","13":"product_tag-10480167-es","14":"product_tag-10480198-es","15":"product_tag-19152043-es","16":"product_tag-19244779-es","17":"product_tag-8104636510-es","18":"product_tag-euro-70036-es","19":"product_tag-t002000020-es","20":"product_tag-zen-43001-es","22":"first","23":"instock","24":"taxable","25":"shipping-taxable","26":"purchasable","27":"product-type-simple"},"_links":{"self":[{"href":"https:\/\/com-automotive.com\/es\/wp-json\/wp\/v2\/product\/15332","targetHints":{"allow":["GET"]}}],"collection":[{"href":"https:\/\/com-automotive.com\/es\/wp-json\/wp\/v2\/product"}],"about":[{"href":"https:\/\/com-automotive.com\/es\/wp-json\/wp\/v2\/types\/product"}],"replies":[{"embeddable":true,"href":"https:\/\/com-automotive.com\/es\/wp-json\/wp\/v2\/comments?post=15332"}],"wp:featuredmedia":[{"embeddable":true,"href":"https:\/\/com-automotive.com\/es\/wp-json\/wp\/v2\/media\/18744"}],"wp:attachment":[{"href":"https:\/\/com-automotive.com\/es\/wp-json\/wp\/v2\/media?parent=15332"}],"wp:term":[{"taxonomy":"product_brand","embeddable":true,"href":"https:\/\/com-automotive.com\/es\/wp-json\/wp\/v2\/product_brand?post=15332"},{"taxonomy":"product_cat","embeddable":true,"href":"https:\/\/com-automotive.com\/es\/wp-json\/wp\/v2\/product_cat?post=15332"},{"taxonomy":"product_tag","embeddable":true,"href":"https:\/\/com-automotive.com\/es\/wp-json\/wp\/v2\/product_tag?post=15332"}],"curies":[{"name":"wp","href":"https:\/\/api.w.org\/{rel}","templated":true}]}}