{"id":15329,"date":"2023-10-23T15:21:31","date_gmt":"2023-10-23T18:21:31","guid":{"rendered":"https:\/\/com-automotive.com\/alternador-12v-95a-tg9b047-duster-sandero-logan-16l-20102016\/"},"modified":"2023-10-23T15:21:31","modified_gmt":"2023-10-23T18:21:31","slug":"alternador-12v-95a-tg9b047-duster-sandero-logan-16l-20102016","status":"publish","type":"product","link":"https:\/\/com-automotive.com\/es\/alternador-12v-95a-tg9b047-duster-sandero-logan-16l-20102016\/","title":{"rendered":"Alternador 12V 95A TG9B047 Duster Sandero Logan 1,6L 2010&gt;2016<span class=\"product-sku\" style=\"display: block; font-size: 0.85em; color: #777; margin-top: 5px; margin-bottom: 5px;\">SKU: 8000.0854-COM<\/span>"},"content":{"rendered":"<h1>Calidad de dise\u00f1o original COM-AUTOMOTIVE.<\/h1>\n<p>Alternador TG9B047 12V 95A con polea &#8211; Dise\u00f1o: VALEO &#8211; OEM: RENAULT<\/p>\n<h2>Preguntas m\u00e1s frecuentes<\/h2>\n<h3><strong>\u00bfCu\u00e1les son las referencias cruzadas?<\/strong><\/h3>\n<p>T002006004, DRA0854, 8200810621C, 7711497535, T002006004, ZEN 42003, Euro 70014<\/p>\n<h2><strong>TABLA DE APLICACI\u00d3N<\/strong><\/h2>\n<table width=\"1036\">\n<tbody>\n<tr>\n<td width=\"1036\">RENAULT SANDERO EXPRESI\u00d3N HI-TORQUE G-1, K4M K4M 1.6 L 16V DOHC L4 FLEX, 2011-2014.<\/td>\n<\/tr>\n<tr>\n<td>RENAULT SANDERO STEPWAY G-1, K4M K4M 1.6 L 16V DOHC L4 FLEX, 2008-2014.<\/td>\n<\/tr>\n<tr>\n<td>RENAULT DUSTER DYNAMIQUE G-1, K4M 1.6 L 16V DOHC L4 FLEX, 2011-2013.<\/td>\n<\/tr>\n<tr>\n<td>RENAULT KANGOO EXPRESS G-2, K4M 1.6 L 16V DOHC L4 FLEX, 2007-2014.<\/td>\n<\/tr>\n<tr>\n<td>RENAULT DUSTER OUTDOOR G-2, K4M K4M 1.6 L 16V DOHC L4 FLEX, 2014-2015.<\/td>\n<\/tr>\n<tr>\n<td>RENAULT SANDERO PRIVILEGE HI-TORQUE G-1, K4M K4M 1.6 L 16V DOHC L4 FLEX, 2011-2014.<\/td>\n<\/tr>\n<tr>\n<td>RENAULT DUSTER DYNAMIQUE G-3, K4M 1.6 L 16V DOHC L4 FLEX, 2016-2019.<\/td>\n<\/tr>\n<tr>\n<td>RENAULT GRAN TOUR DYNAMIQUE HI-FLEX , K4M K4M 1.6 L 16V DOHC L4 FLEX, 2011-2013.<\/td>\n<\/tr>\n<tr>\n<td>RENAULT DUSTER EXPRESSION G-3, K4M K4M 1.6 L 16V DOHC L4 FLEX, 2016-2018.<\/td>\n<\/tr>\n<tr>\n<td>RENAULT SYMBOL PRIVILEGE , K4M K4M 1.6 L 16V DOHC L4 FLEX, 2009-2014.<\/td>\n<\/tr>\n<tr>\n<td>RENAULT SANDERO PRIVILEGE HI-FLEX AUTO G-1, K4M K4M 1.6 L 16V DOHC L4 FLEX, 2011-2014.<\/td>\n<\/tr>\n<tr>\n<td>RENAULT SANDERO GT LINE G-1, K4M K4M 1.6 L 16V DOHC L4 FLEX, 2010-2014.<\/td>\n<\/tr>\n<tr>\n<td>RENAULT MEGANE BERLINA FIII DYNAMIQUE HY-FLEX , K4M K4M 1.6 L 16V DOHC L4 FLEX, 2006-2010.<\/td>\n<\/tr>\n<tr>\n<td>RENAULT KANGOO EXPRESS 3 PUERTAS G-2, K4M 1.6 L 16V DOHC L4 FLEX, 2014-2023.<\/td>\n<\/tr>\n<tr>\n<td>RENAULT CLIO PRIVILEGE HI-FLEX , K4M K4M 1.6 L 16V DOHC L4 FLEX, 2004-2009.<\/td>\n<\/tr>\n<tr>\n<td>RENAULT MEGANE GRAND TOUR DYNAMIQUE , K4M K4M 1.6 L 16V DOHC L4 FLEX, 2007-2012.<\/td>\n<\/tr>\n<tr>\n<td>RENAULT DUSTER EXPRESSION G-1, K4M K4M 1.6 L 16V DOHC L4 FLEX, 2011-2013.<\/td>\n<\/tr>\n<tr>\n<td>RENAULT SANDERO STEPWAY TWEED EN. G-3, K4M K4M 1.6 L 16V DOHC L4 FLEX, 2014-2015.<\/td>\n<\/tr>\n<tr>\n<td>RENAULT SYMBOL EXPRESSION , K4M K4M 1.6 L 16V DOHC L4 FLEX, 2009-2015.<\/td>\n<\/tr>\n<tr>\n<td>RENAULT OROCH EXPRESSION G-1, K4M K4M 1.6 L 16V DOHC L4 FLEX, 2015-2016.<\/td>\n<\/tr>\n<tr>\n<td>RENAULT CLIO EXPRESSION HI-FLEX , K4M K4M 1.6 L 16V DOHC L4 FLEX, 2004-2009.<\/td>\n<\/tr>\n<tr>\n<td>RENAULT LOGAN PRIVILEGE G1 G-1, K4M K4M 1.6 L 16V DOHC L4 FLEX, 2007-2011.<\/td>\n<\/tr>\n<tr>\n<td>RENAULT DUSTER TECH ROAD G-2, K4M 1.6 L 16V DOHC L4 FLEX, 2013-2015.<\/td>\n<\/tr>\n<tr>\n<td>RENAULT SANDERO EXPRESSION HI-FLEX G-1, K4M K4M 1.6 L 16V DOHC L4 FLEX, 2009-2010.<\/td>\n<\/tr>\n<tr>\n<td>RENAULT CLIO AUTHENTIQUE HI-FLEX , K4M K4M 1.6 L 16V DOHC L4 FLEX, 2004-2009.<\/td>\n<\/tr>\n<tr>\n<td>RENAULT SCENIC EXPRESSION HI-FLEX , K4M K4M 1.6 L 16V DOHC L4 FLEX, 2005-2010.<\/td>\n<\/tr>\n<tr>\n<td>RENAULT MEGANE BERLINA FII EXPRESSION HY-FLEX , K4M K4M 1.6 L 16V DOHC L4 FLEX, 2006-2010.<\/td>\n<\/tr>\n<tr>\n<td>RENAULT SANDERO PRIVILEGE G-1, K4M K4M 1.6 L 16V DOHC L4 FLEX, 2007-2010.<\/td>\n<\/tr>\n<tr>\n<td>RENAULT SCENIC HI FLEX , K4M K4M 1.6 L 16V DOHC L4 FLEX, 2005-2010.<\/td>\n<\/tr>\n<tr>\n<td>RENAULT OROCH DYNAMIQUE G-1, K4M 1.6 L 16V DOHC L4 FLEX, 2015-2016.<\/td>\n<\/tr>\n<tr>\n<td>RENAULT SCENIC PRIVILEGE-FLEX , K4M K4M 1.6 L 16V DOHC L4 FLEX, 2005-2010.<\/td>\n<\/tr>\n<tr>\n<td>RENAULT DUSTER 1.6 G-1, K4M K4M 1.6 L 16V DOHC L4 FLEX, 2011-2013.<\/td>\n<\/tr>\n<tr>\n<td>RENAULT SANDERO AUTHENTIQUE G-1, K4M K4M 1.6 L 16V DOHC L4 FLEX, 2007-2010.<\/td>\n<\/tr>\n<tr>\n<td>RENAULT LOGAN EXPRESSION G1 G-1, K4M K4M 1.6 L 16V DOHC L4 FLEX, 2007-2009.<\/td>\n<\/tr>\n<tr>\n<td>RENAULT MEGANE GRAND TOUR EXPRESSION , K4M K4M 1.6 L 16V DOHC L4 FLEX, 2009-2011.<\/td>\n<\/tr>\n<tr>\n<td>RENAULT DUSTER DAKAR G-2, K4M 1.6 L 16V DOHC L4 FLEX, 2016-2016.<\/td>\n<\/tr>\n<tr>\n<td>RENAULT KANGOO EXPRESSION G-2, K4M 1.6 L 16V DOHC L4 FLEX, 2007-2010.<\/td>\n<\/tr>\n<tr>\n<td>RENAULT KANGOO AUTHENTIQUE HI-FLEX G-2, K4M K4M 1.6 L 16V DOHC L4 FLEX, 2007-2010.<\/td>\n<\/tr>\n<tr>\n<td>RENAULT FLUENCE EXPRESSION &#8211; TAXI G-1, K4M K4M 1.6 L 16V DOHC L4 FLEX, 2012-2014.<\/td>\n<\/tr>\n<tr>\n<td>RENAULT MEGANE SEDAN EXPRESSION , K4M K4M 1.6 L 16V DOHC L4 FLEX, 2008-2009.<\/td>\n<\/tr>\n<tr>\n<td>RENAULT MEGANE SEDAN FIII EXPRESSION , K4M K4M 1.6 L 16V DOHC L4 FLEX, 2007-2007.<\/td>\n<\/tr>\n<tr>\n<td>RENAULT CLIO HI-FLEX , K4M K4M 1.6 L 16V DOHC L4 FLEX, 2004-2005.<\/td>\n<\/tr>\n<tr>\n<td>RENAULT MEGANE SEDAN FIII DYNAMIQUE , K4M K4M 1.6 L 16V DOHC L4 FLEX, 2009-2009.<\/td>\n<\/tr>\n<tr>\n<td>RENAULT MEGANE SEDAN FII EXPRESSION , K4M K4M 1.6 L 16V DOHC L4 FLEX, 2006-2006.<\/td>\n<\/tr>\n<tr>\n<td>RENAULT MEGANE SEDAN FIII PRIVILEGE , K4M K4M 1.6 L 16V DOHC L4 FLEX, 2008-2008.<\/td>\n<\/tr>\n<tr>\n<td>RENAULT CLIO DYNNAMIQUE HI-FLEXFLEX , K4M K4M 1.6 L 16V DOHC L4 FLEX, 2004-2006.<\/td>\n<\/tr>\n<\/tbody>\n<\/table>\n<p>&nbsp;<\/p>\n<div>ATENCI\u00d3N:<\/div>\n<div>Recomendamos que el DRA0854 sea instalado por un profesional formado y especializado.<\/div>\n<div>S\u00f3lo compre este producto DRA0854 si est\u00e1 seguro de que es compatible con su veh\u00edculo. Si tiene alguna duda, no dude en ponerse en contacto con nosotros. Nuestro horario de apertura es de lunes a viernes de 8 a 18 h.<\/div>\n<div><\/div>\n<div>Sobre nosotros<\/div>\n<div>COM Automotive est\u00e1 especializada en piezas de autom\u00f3vil de dise\u00f1o original para el sector de la reparaci\u00f3n posventa, clientes industriales y fabricantes de veh\u00edculos especiales OEM.<\/div>\n<div>Nuestro equipo tiene m\u00e1s de 28 a\u00f1os de experiencia en la fabricaci\u00f3n y el suministro de piezas de automoci\u00f3n a escala mundial.<\/div>\n<div>Nuestra MISI\u00d3N es ofrecer productos de dise\u00f1o original con una calidad impecable y una sustituci\u00f3n personalizada.<\/div>\n<div>Nuestra VISI\u00d3N es promover el crecimiento y un valor inigualable para nuestros clientes.<\/div>\n","protected":false},"excerpt":{"rendered":"<p>DRA0854-COM. En stock. Ref: T002006004, TG9B047, 8200810621C, 7711497535, DRA0854, ZEN 42003, EURO 70014, DITA 10144 &#8211; compatible con: RENAULT. Marca: COM Automotive &#8211; Producto con calidad y dise\u00f1o originales. Compatible con Valeo<\/p>\n","protected":false},"featured_media":20418,"comment_status":"open","ping_status":"closed","template":"","meta":[],"product_brand":[],"product_cat":[8109],"product_tag":[10216,10214,37053,10213,10223,10218,10212,10217],"class_list":{"0":"post-15329","1":"product","2":"type-product","3":"status-publish","4":"has-post-thumbnail","6":"product_cat-alternador-es-2","7":"product_tag-7711497535-es","8":"product_tag-8200810621c-es","9":"product_tag-dita-10144-es","10":"product_tag-dra0854-es","11":"product_tag-dra0854-com-es","12":"product_tag-euro-70014-es","13":"product_tag-t002006004-es","14":"product_tag-zen-42003-es","16":"first","17":"instock","18":"taxable","19":"shipping-taxable","20":"purchasable","21":"product-type-simple"},"_links":{"self":[{"href":"https:\/\/com-automotive.com\/es\/wp-json\/wp\/v2\/product\/15329","targetHints":{"allow":["GET"]}}],"collection":[{"href":"https:\/\/com-automotive.com\/es\/wp-json\/wp\/v2\/product"}],"about":[{"href":"https:\/\/com-automotive.com\/es\/wp-json\/wp\/v2\/types\/product"}],"replies":[{"embeddable":true,"href":"https:\/\/com-automotive.com\/es\/wp-json\/wp\/v2\/comments?post=15329"}],"wp:featuredmedia":[{"embeddable":true,"href":"https:\/\/com-automotive.com\/es\/wp-json\/wp\/v2\/media\/20418"}],"wp:attachment":[{"href":"https:\/\/com-automotive.com\/es\/wp-json\/wp\/v2\/media?parent=15329"}],"wp:term":[{"taxonomy":"product_brand","embeddable":true,"href":"https:\/\/com-automotive.com\/es\/wp-json\/wp\/v2\/product_brand?post=15329"},{"taxonomy":"product_cat","embeddable":true,"href":"https:\/\/com-automotive.com\/es\/wp-json\/wp\/v2\/product_cat?post=15329"},{"taxonomy":"product_tag","embeddable":true,"href":"https:\/\/com-automotive.com\/es\/wp-json\/wp\/v2\/product_tag?post=15329"}],"curies":[{"name":"wp","href":"https:\/\/api.w.org\/{rel}","templated":true}]}}