{"id":15325,"date":"2023-10-23T15:22:02","date_gmt":"2023-10-23T18:22:02","guid":{"rendered":"https:\/\/com-automotive.com\/alternador-12v-200a-8600313-3972733-para-volvo-penta-case-new-holland-08\/"},"modified":"2025-03-06T15:11:08","modified_gmt":"2025-03-06T18:11:08","slug":"alternador-12v-200a-8600313-3972733-para-volvo-penta-case-new-holland-08","status":"publish","type":"product","link":"https:\/\/com-automotive.com\/es\/alternador-12v-200a-8600313-3972733-para-volvo-penta-case-new-holland-08\/","title":{"rendered":"Alternador 12V 200A Compatible 8600313 3972733 para Volvo Penta Case New Holland a\u00f1o08&gt;<span class=\"product-sku\" style=\"display: block; font-size: 0.85em; color: #777; margin-top: 5px; margin-bottom: 5px;\">SKU: 8000.0313-COM<\/span>"},"content":{"rendered":"<h1>Calidad de dise\u00f1o original COM-AUTOMOTIVE.<\/h1>\n<p>Alternador compatible 8600313 12V 200A J180 sin polea<\/p>\n<h2>Preguntas m\u00e1s frecuentes<\/h2>\n<h3><strong>\u00bfCu\u00e1les son las referencias cruzadas?<\/strong><\/h3>\n<p>T002000017, 8600313, 8600223, 3972733, 8600313, DR8600313, ZEN 43009<\/p>\n<h2><strong>TABLA DE APLICACI\u00d3N<\/strong><\/h2>\n<p>CASE IH A 8800 , FPT INDUSTRIAL CASE IH C9 CASE IH C9 9.0 L 24V SOHV L6 DIESEL, 2008-2022.<br \/>\nCASE IH A 8000 , FPT INDUSTRIAL CASE IH C9 CASE IH C9 9.0 L 24V SOHV L6 DIESEL, 2008-2022.<br \/>\nCASE IH A 8800 , FPT INDUSTRIAL CASE IH C9 F2CE9684 8.7 L 12V SOHV L6 DIESEL, 2016-2022.<br \/>\nCASE IH A 8800 MULTIROW , FPT INDUSTRIAL CASE IH C9 F2CE9684 8.7 L 12V SOHV L6 DIESEL, 2016-2022.<\/p>\n<div>ATENCI\u00d3N:<\/div>\n<div>Recomendamos que la instalaci\u00f3n la realice un profesional formado y especializado.<\/div>\n<div>S\u00f3lo compra este producto si est\u00e1s seguro de que es compatible con tu veh\u00edculo. Si tienes alguna duda, no dudes en ponerte en contacto con nosotros. Nuestro horario de apertura es de lunes a viernes de 8 a 18 h.<\/div>\n<div><\/div>\n<div>Sobre nosotros<\/div>\n<div>COM Automotive est\u00e1 especializada en piezas de autom\u00f3vil de dise\u00f1o original para el sector de la reparaci\u00f3n posventa, clientes industriales y fabricantes de veh\u00edculos especiales OEM.<\/div>\n<div>Nuestro equipo tiene m\u00e1s de 28 a\u00f1os de experiencia en la fabricaci\u00f3n y el suministro de piezas de automoci\u00f3n a escala mundial.<\/div>\n<div>Nuestra MISI\u00d3N es ofrecer productos de dise\u00f1o original con una calidad impecable y una sustituci\u00f3n personalizada.<\/div>\n<div>Nuestra VISI\u00d3N es promover el crecimiento y un valor inigualable para nuestros clientes.<\/div>\n<p>&nbsp;<\/p>\n","protected":false},"excerpt":{"rendered":"<p>8000.0313-COM. Compatible con: 8600313, 8600223, 8600312, T002000017, 3972733, DR8600313, 8700087, 61012111, ZEN 43009, 8743N.  Marca: COM Automotive &#8211; Producto con calidad y dise\u00f1o originales.<\/p>\n","protected":false},"featured_media":18731,"comment_status":"open","ping_status":"closed","template":"","meta":[],"product_brand":[],"product_cat":[8109],"product_tag":[10184,33610,33612,33614,33613,20869,20917,10180,10198,33609,33611,10187,10176,10192],"class_list":{"0":"post-15325","1":"product","2":"type-product","3":"status-publish","4":"has-post-thumbnail","6":"product_cat-alternador-es-2","7":"product_tag-3972733-es","8":"product_tag-61012111-es","9":"product_tag-8000-0313-com-es","10":"product_tag-80000313-es","11":"product_tag-80000313-com-es","12":"product_tag-8600223-es","13":"product_tag-8600312-es","14":"product_tag-8600313-es","15":"product_tag-8600313-com-es","16":"product_tag-8700087-es","17":"product_tag-8743n-es","18":"product_tag-dr8600313-es","19":"product_tag-t002000017-es","20":"product_tag-zen-43009-es","22":"first","23":"instock","24":"taxable","25":"shipping-taxable","26":"purchasable","27":"product-type-simple"},"_links":{"self":[{"href":"https:\/\/com-automotive.com\/es\/wp-json\/wp\/v2\/product\/15325","targetHints":{"allow":["GET"]}}],"collection":[{"href":"https:\/\/com-automotive.com\/es\/wp-json\/wp\/v2\/product"}],"about":[{"href":"https:\/\/com-automotive.com\/es\/wp-json\/wp\/v2\/types\/product"}],"replies":[{"embeddable":true,"href":"https:\/\/com-automotive.com\/es\/wp-json\/wp\/v2\/comments?post=15325"}],"wp:featuredmedia":[{"embeddable":true,"href":"https:\/\/com-automotive.com\/es\/wp-json\/wp\/v2\/media\/18731"}],"wp:attachment":[{"href":"https:\/\/com-automotive.com\/es\/wp-json\/wp\/v2\/media?parent=15325"}],"wp:term":[{"taxonomy":"product_brand","embeddable":true,"href":"https:\/\/com-automotive.com\/es\/wp-json\/wp\/v2\/product_brand?post=15325"},{"taxonomy":"product_cat","embeddable":true,"href":"https:\/\/com-automotive.com\/es\/wp-json\/wp\/v2\/product_cat?post=15325"},{"taxonomy":"product_tag","embeddable":true,"href":"https:\/\/com-automotive.com\/es\/wp-json\/wp\/v2\/product_tag?post=15325"}],"curies":[{"name":"wp","href":"https:\/\/api.w.org\/{rel}","templated":true}]}}