{"id":15324,"date":"2023-11-15T20:22:13","date_gmt":"2023-11-15T23:22:13","guid":{"rendered":"https:\/\/com-automotive.com\/alternador-12v-110a-f000bl0609-f000bl062a-51845735-fiat-paio-strada-2009\/"},"modified":"2024-06-01T21:42:16","modified_gmt":"2024-06-02T00:42:16","slug":"alternador-12v-110a-f000bl0609-f000bl062a-51845735-fiat-paio-strada-2009","status":"publish","type":"product","link":"https:\/\/com-automotive.com\/es\/alternador-12v-110a-f000bl0609-f000bl062a-51845735-fiat-paio-strada-2009\/","title":{"rendered":"Alternador 12V 110A F000BL0609 F000BL062A 51845735 Fiat Paio Strada 2009&gt;<span class=\"product-sku\" style=\"display: block; font-size: 0.85em; color: #777; margin-top: 5px; margin-bottom: 5px;\">SKU: 8000.0609-COM<\/span>"},"content":{"rendered":"<h1><strong>COM-AUTOMOTIVE, calidad de dise\u00f1o original.<\/strong><\/h1>\n<p>Alternador F000BL0609 12V 110Amp con polea &#8211; Dise\u00f1o: BOSCH SEG &#8211; OEM: FIAT PALIO STRADA<\/p>\n<h2>Preguntas m\u00e1s frecuentes<\/h2>\n<h3><strong>\u00bfCu\u00e1les son las referencias cruzadas?<\/strong><\/h3>\n<p>F000BL062A, F000BL0609, 51845735, F000BL062C<\/p>\n<h2><strong>Tabla de aplicaci\u00f3n<\/strong><\/h2>\n<table style=\"height: 2536px;\" width=\"934\">\n<tbody>\n<tr>\n<td width=\"782\">FIAT STRADA CD ADVENTURE LOCKER , E-TORQ 370 A 0011 1.8 L 16V DOHC L4 FLEX, 2010-2013.<\/td>\n<\/tr>\n<tr>\n<td>FIAT GRAND SIENA ESSENCE , E-TORQ 310 A 5011 1.6 L 16V SOHC L4 FLEX, 2012-2023.<\/td>\n<\/tr>\n<tr>\n<td>FIAT PALIO ESSENCE G-4, E-TORQ 310 A 5011 1.6 L 16V DOHC L4 FLEX, 2012-2019.<\/td>\n<\/tr>\n<tr>\n<td>FIAT STRADA CD ADVENTURE G-5, E-TORQ 370 A 0011 1.8 L 16V DOHC L4 FLEX, 2016-2023.<\/td>\n<\/tr>\n<tr>\n<td>FIAT PUNTO ESSENCE G-1, E-TORQ 310 A 5011 1.6 L 16V SOHC L4 FLEX, 2010-2015.<\/td>\n<\/tr>\n<tr>\n<td>FIAT PALIO SPORTING G-4, E-TORQ 310 A 5011 1.6 L 16V SOHC L4 FLEX, 2012-2019.<\/td>\n<\/tr>\n<tr>\n<td>FIAT IDEA ADVENTURE , E-TORQ 370 A 0011 1.8 L 16V DOHC L4 FLEX, 2010-2015.<\/td>\n<\/tr>\n<tr>\n<td>FIAT STRADA CE ADVENTURE G-5, E-TORQ 370 A 0011 1.8 L 16V DOHC L4 FLEX, 2016-2019.<\/td>\n<\/tr>\n<tr>\n<td>FIAT PALIO WEEKEND ADVENTURE , E-TORQ 310 A 5011 1.6 L 16V SOHC L4 FLEX, 2012-2016.<\/td>\n<\/tr>\n<tr>\n<td>FIAT DOBLO ESSENCE 1.8 16V G-2, E-TORQ 370 A 0011 1.8 L 16V DOHC L4 FLEX, 2016-2023.<\/td>\n<\/tr>\n<tr>\n<td>FIAT STRADA ADVENTURE DUALOGIC G-5, E-TORQ 370 A 0011 1.8 L 16V DOHC L4 FLEX, 2016-2018.<\/td>\n<\/tr>\n<tr>\n<td>FIAT GRAND SIENA ESSENCE DUALOGIC , E-TORQ 310 A 5011 1.6 L 16V SOHC L4 FLEX, 2012-2019.<\/td>\n<\/tr>\n<tr>\n<td>FIAT SIENA SUBLIME DUALOGIC , E-TORQ 310 A 5011 1.6 L 16V SOHC L4 FLEX, 2017-2019.<\/td>\n<\/tr>\n<tr>\n<td>FIAT STRADA ADVENTURE LOCKER , E-TORQ 370 A 0011 1.8 L 16V DOHC L4 FLEX, 2010-2013.<\/td>\n<\/tr>\n<tr>\n<td>FIAT LINEA ESSENCE , E-TORQ 370 A 0011 1.8 L 16V DOHC L4 FLEX, 2011-2016.<\/td>\n<\/tr>\n<tr>\n<td>FIAT DOBLO ADVENTURE , E-TORQ 370 A 0011 1.8 L 16V DOHC L4 FLEX, 2010-2015.<\/td>\n<\/tr>\n<tr>\n<td>FIAT BRAVO ESSENCE G-1, E-TORQ 370 A 0011 1.8 L 16V DOHC L4 FLEX, 2010-2016.<\/td>\n<\/tr>\n<tr>\n<td>FIAT IDEA ESSENCE , E-TORQ 310 A 5011 1.6 L 16V DOHC L4 FLEX, 2010-2015.<\/td>\n<\/tr>\n<tr>\n<td>FIAT SIENA SUBLIME , E-TORQ 310 A 5011 1.6 L 16V SOHC L4 FLEX, 2017-2018.<\/td>\n<\/tr>\n<tr>\n<td>FIAT STRADA CD TREKKING , E-TORQ 310 A 5011 1.6 L 16V SOHC L4 FLEX, 2012-2019.<\/td>\n<\/tr>\n<tr>\n<td>FIAT PALIO WEEKEND TREKKING , E-TORQ 310 A 5011 1.6 L 16V SOHC L4 FLEX, 2012-2016.<\/td>\n<\/tr>\n<tr>\n<td>FIAT PALIO WEEKEND ADVENTURE LOCKER DUALOGIC , E-TORQ 370 A 0011 1.8 L 16V DOHC L4 FLEX, 2010-2019.<\/td>\n<\/tr>\n<tr>\n<td>FIAT PALIO WEEKEND ADVENTURE LOCKER , E-TORQ 370 A 0011 1.8 L 16V DOHC L4 FLEX, 2010-2019.<\/td>\n<\/tr>\n<tr>\n<td>FIAT PUNTO ESSENCE DUAL G-1, E-TORQ 370 A 0011 1.8 L 16V DOHC L4 FLEX, 2010-2015.<\/td>\n<\/tr>\n<tr>\n<td>FIAT DOBLO ADVENTURE FLEX III , E-TORQ 370 A 0011 1.8 L 16V DOHC L4 FLEX, 2011-2012.<\/td>\n<\/tr>\n<tr>\n<td>FIAT DOBLO ESSENCE , E-TORQ 370 A 0011 1.8 L 16V DOHC L4 FLEX, 2013-2015.<\/td>\n<\/tr>\n<tr>\n<td>FIAT DOBLO ESSENCE FLEX III , E-TORQ 370 A 0011 1.8 L 16V DOHC L4 FLEX, 2011-2013.<\/td>\n<\/tr>\n<tr>\n<td>FIAT PALIO WEEKEND TREKKING RST III , E-TORQ 310 A 5011 1.6 L 16V SOHC L4 FLEX, 2010-2012.<\/td>\n<\/tr>\n<tr>\n<td>FIAT SIENA HLX RST II FLEX , CADENA CINEM\u00c1TICA HE 1.8 L 8V SOHC L4 FLEX, 2007-2010.<\/td>\n<\/tr>\n<tr>\n<td>FIAT IDEA ADVENTURE DUAL , E-TORQ 370 A 0011 1.8 L 16V DOHC L4 FLEX, 2010-2012.<\/td>\n<\/tr>\n<tr>\n<td>FIAT PALIO WEEKEND ADVENTURE , E-TORQ 370 A 0011 1.8 L 16V DOHC L4 FLEX, 2016-2020.<\/td>\n<\/tr>\n<tr>\n<td>FIAT PUNTO BLACKMOTION G-2, E-TORQ 370 A 0011 1.8 L 16V DOHC L4 FLEX, 2013-2017.<\/td>\n<\/tr>\n<tr>\n<td>FIAT STRADA ADVENTURE CD DUALOGIC , CADENA CINEM\u00c1TICA H2 1.8 L 16V DOHC L4 FLEX, 2013-2015.<\/td>\n<\/tr>\n<tr>\n<td>FIAT STRADA ADVENTURE CD LOCKER , POWERTRAIN H2 1.8 L 16V DOHC L4 FLEX, 2013-2015.<\/td>\n<\/tr>\n<tr>\n<td>FIAT PUNTO SPORTING G-2, E-TORQ 370 A 0011 1.8 L 16V DOHC L4 FLEX, 2014-2017.<\/td>\n<\/tr>\n<tr>\n<td>FIAT BRAVO SPORTING G-1, E-TORQ 370 A 0011 1.8 L 16V DOHC L4 FLEX, 2012-2016.<\/td>\n<\/tr>\n<tr>\n<td>FIAT STRADA CD TREKKING LOCKER , E-TORQ 310 A 5011 1.6 L 16V SOHC L4 FLEX, 2012-2015.<\/td>\n<\/tr>\n<tr>\n<td>FIAT BRAVO ESSENCE DUALOGIC G-1, E-TORQ 370 A 0011 1.8 L 16V DOHC L4 FLEX, 2010-2013.<\/td>\n<\/tr>\n<tr>\n<td>FIAT DOBLO CARGO , E-TORQ 370 A 0011 1.8 L 16V DOHC L4 FLEX, 2010-2015.<\/td>\n<\/tr>\n<tr>\n<td>FIAT PALIO WEEKEND ADVENTURE DUALOGIC , E-TORQ 370 A 0011 1.8 L 16V DOHC L4 FLEX, 2016-2019.<\/td>\n<\/tr>\n<tr>\n<td>FIAT LINEA ABSOLUTE DUALOGIC , E-TORQ 370 A 0011 1.8 L 16V DOHC L4 FLEX, 2014-2016.<\/td>\n<\/tr>\n<tr>\n<td>FIAT PALIO ESSENCE DUAL G-4, E-TORQ 310 A 5011 1.6 L 16V SOHC L4 FLEX, 2012-2018.<\/td>\n<\/tr>\n<tr>\n<td>FIAT IDEA SUBLIME , E-TORQ 310 A 5011 1.6 L 16V SOHC L4 FLEX, 2014-2018.<\/td>\n<\/tr>\n<tr>\n<td>FIAT IDEA ESSENCE DUALOGIC , E-TORQ 310 A 5011 1.6 L 16V SOHC L4 FLEX, 2010-2013.<\/td>\n<\/tr>\n<tr>\n<td>FIAT LINEA ABSOLUTE DUAL , E-TORQ 370 A 0011 1.8 L 16V DOHC L4 FLEX, 2010-2013.<\/td>\n<\/tr>\n<tr>\n<td>FIAT STRADA ADVENTURE CE , E-TORQ 370 A 0011 1.8 L 16V DOHC L4 FLEX, 2013-2015.<\/td>\n<\/tr>\n<tr>\n<td>FIAT DOBLO ADVENTURE 1.8 16V G-2, E-TORQ 370 A 0011 1.8 L 16V DOHC L4 FLEX, 2016-2020.<\/td>\n<\/tr>\n<tr>\n<td>FIAT PALIO SPORTING DUAL G-4, E-TORQ 310 A 5011 1.6 L 16V SOHC L4 FLEX, 2012-2018.<\/td>\n<\/tr>\n<tr>\n<td>FIAT STRADA ADVENTURE CE LOCKER , E-TORQ 370 A 0011 1.8 L 16V DOHC L4 FLEX, 2013-2015.<\/td>\n<\/tr>\n<tr>\n<td>FIAT STRADA ADVENTURE CE DUALOGIC , E-TORQ 370 A 0011 1.8 L 16V DOHC L4 FLEX, 2013-2015.<\/td>\n<\/tr>\n<tr>\n<td>FIAT LINEA ESSENCE DUAL , E-TORQ 370 A 0011 1.8 L 16V DOHC L4 FLEX, 2011-2013.<\/td>\n<\/tr>\n<tr>\n<td>FIAT PUNTO SPORTING G-1, E-TORQ 370 A 0011 1.8 L 16V DOHC L4 FLEX, 2010-2015.<\/td>\n<\/tr>\n<tr>\n<td>FIAT GRAND SIENA ITALIA , E-TORQ 310 A 5011 1.6 L 16V SOHC L4 FLEX, 2014-2016.<\/td>\n<\/tr>\n<tr>\n<td>FIAT PUNTO SPORTING DUALOGIC G-1, E-TORQ 370 A 0011 1.8 L 16V DOHC L4 FLEX, 2010-2015.<\/td>\n<\/tr>\n<tr>\n<td>FIAT BRAVO ABSOLUTE DUALOGIC G-1, E-TORQ 370 A 0011 1.8 L 16V DOHC L4 FLEX, 2010-2013.<\/td>\n<\/tr>\n<tr>\n<td>FIAT IDEA SUBLIME DUALOGIC , E-TORQ 310 A 5011 1.6 L 16V SOHC L4 FLEX, 2014-2018.<\/td>\n<\/tr>\n<tr>\n<td>FIAT STRADA ADVENTURE EXTREME CE DUALOGIC , E-TORQ 370 A 0011 1.8 L 16V DOHC L4 FLEX, 2015-2015.<\/td>\n<\/tr>\n<tr>\n<td>FIAT PALIO WEEKEND ESSENCE , E-TORQ 310 A 5011 1.6 L 16V SOHC L4 FLEX, 2011-2012.<\/td>\n<\/tr>\n<tr>\n<td>FIAT STRADA ADVENTURE EXTREME CD , E-TORQ 370 A 0011 1.8 L 16V DOHC L4 FLEX, 2015-2015.<\/td>\n<\/tr>\n<tr>\n<td>FIAT DOBLO CARGO G-2, E-TORQ 370 A 0011 1.8 L 16V DOHC L4 FLEX, 2016-2019.<\/td>\n<\/tr>\n<tr>\n<td>FIAT STRADA ADVENTURE EXTREME CD DUALOGIC , E-TORQ 370 A 0011 1.8 L 16V DOHC L4 FLEX, 2015-2015.<\/td>\n<\/tr>\n<tr>\n<td>FIAT STRADA ADVENTURE EXTREME CE , E-TORQ 370 A 0011 1.8 L 16V DOHC L4 FLEX, 2015-2015.<\/td>\n<\/tr>\n<tr>\n<td>FIAT SIENA ESSENCE , E-TORQ 310 A 5011 1.6 L 16V SOHC L4 FLEX, 2010-2012.<\/td>\n<\/tr>\n<tr>\n<td>FIAT PUNTO ESSENCE DUAL G-1, E-TORQ 310 A 5011 1.6 L 16V SOHC L4 FLEX, 2010-2012.<\/td>\n<\/tr>\n<tr>\n<td>FIAT LINEA LX , E-TORQ 370 A 0011 1.8 L 16V DOHC L4 FLEX, 2010-2011.<\/td>\n<\/tr>\n<tr>\n<td>FIAT DOBLO HLX , E-TORQ 370 A 0011 1.8 L 16V DOHC L4 FLEX, 2010-2012.<\/td>\n<\/tr>\n<tr>\n<td>FIAT PALIO ESSENCE G-3, E-TORQ 310 A 5011 1.6 L 16V SOHC L4 FLEX, 2010-2011.<\/td>\n<\/tr>\n<tr>\n<td>FIAT SIENA ATRACTIVE DUAL , E-TORQ 310 A 5011 1.6 L 16V SOHC L4 FLEX, 2010-2012.<\/td>\n<\/tr>\n<tr>\n<td>FIAT LINEA ESSENCE DUALOGIC G-2, E-TORQ 370 A 0011 1.8 L 16V DOHC L4 FLEX, 2015-2016.<\/td>\n<\/tr>\n<tr>\n<td>FIAT LINEA DUALOGIC , E-TORQ 370 A 0011 1.8 L 16V DOHC L4 FLEX, 2010-2012.<\/td>\n<\/tr>\n<tr>\n<td>FIAT BRAVO ABSOLUTE G-1, E-TORQ 370 A 0011 1.8 L 16V DOHC L4 FLEX, 2010-2012.<\/td>\n<\/tr>\n<tr>\n<td>FIAT BRAVO SPORTING DUALOGIC G-1, E-TORQ 370 A 0011 1.8 L 16V DOHC L4 FLEX, 2012-2013.<\/td>\n<\/tr>\n<tr>\n<td>FIAT LINEA HLX DUALOGIC , E-TORQ 370 A 0011 1.8 L 16V DOHC L4 FLEX, 2010-2012.<\/td>\n<\/tr>\n<tr>\n<td>FIAT LINEA HLX , E-TORQ 370 A 0011 1.8 L 16V DOHC L4 FLEX, 2010-2011.<\/td>\n<\/tr>\n<tr>\n<td>FIAT SIENA HLX RST III DUAL , CADENA CINEM\u00c1TICA HE 1.8 L 8V SOHC L4 FLEX, 2009-2010.<\/td>\n<\/tr>\n<tr>\n<td>FIAT PUNTO ESSENCE G-1, E-TORQ 370 A 0011 1.8 L 16V DOHC L4 FLEX, 2010-2012.<\/td>\n<\/tr>\n<tr>\n<td>FIAT PALIO ESSENCE DUAL G-3, E-TORQ 310 A 5011 1.6 L 16V SOHC L4 FLEX, 2010-2011.<\/td>\n<\/tr>\n<tr>\n<td>FIAT LINEA ESSENCE G-2, E-TORQ 370 A 0011 1.8 L 16V DOHC L4 FLEX, 2015-2019.<\/td>\n<\/tr>\n<tr>\n<td>FIAT PALIO WEEKEND ESSENCE DUAL , E-TORQ 310 A 5011 1.6 L 16V SOHC L4 FLEX, 2011-2012.<\/td>\n<\/tr>\n<tr>\n<td>FIAT STRADA CE SPORTING , E-TORQ 370 A 0011 1.8 L 16V DOHC L4 FLEX, 2010-2011.<\/td>\n<\/tr>\n<tr>\n<td>FIAT BRAVO BLACKMOTION G-2, E-TORQ 370 A 0011 1.8 L 16V DOHC L4 FLEX, 2014-2016.<\/td>\n<\/tr>\n<tr>\n<td>FIAT IDEA SPORTING , E-TORQ 370 A 0011 1.8 L 16V DOHC L4 FLEX, 2010-2012.<\/td>\n<\/tr>\n<tr>\n<td>FIAT LINEA BLACKMOTION G-2, E-TORQ 370 A 0011 1.8 L 16V DOHC L4 FLEX, 2015-2016.<\/td>\n<\/tr>\n<tr>\n<td>FIAT PUNTO BLACKMOTION DUALOGIC G-2, E-TORQ 370 A 0011 1.8 L 16V DOHC L4 FLEX, 2016-2017.<\/td>\n<\/tr>\n<tr>\n<td>FIAT LINEA BLACKMOTION DUALOGIC G-2, E-TORQ 370 A 0011 1.8 L 16V DOHC L4 FLEX, 2015-2016.<\/td>\n<\/tr>\n<tr>\n<td>FIAT LINEA ABSOLUTE DUALOGIC G-2, E-TORQ 370 A 0011 1.8 L 16V DOHC L4 FLEX, 2015-2016.<\/td>\n<\/tr>\n<tr>\n<td>FIAT IDEA SPORTING DUALOGIC , E-TORQ 310 A 5011 1.6 L 16V SOHC L4 FLEX, 2010-2012.<\/td>\n<\/tr>\n<tr>\n<td>FIAT BRAVO WOLVERINE DUOLOGIC G-1, E-TORQ 370 A 0011 1.8 L 16V DOHC L4 FLEX, 2013-2013.<\/td>\n<\/tr>\n<tr>\n<td>FIAT SIENA SPORTING , E-TORQ 310 A 5011 1.6 L 16V DOHC L4 FLEX, 2010-2011.<\/td>\n<\/tr>\n<tr>\n<td>FIAT SIENA SPORTING DUAL , E-TORQ 310 A 5011 1.6 L 16V DOHC L4 FLEX, 2010-2011.<\/td>\n<\/tr>\n<tr>\n<td>FIAT IDEA ADVENTURE EXTREME , E-TORQ 370 A 0011 1.8 L 16V DOHC L4 FLEX, 2019-2019.<\/td>\n<\/tr>\n<\/tbody>\n<\/table>\n<p>&nbsp;<\/p>\n<div>ATENCI\u00d3N:<\/div>\n<div>Recomendamos que la instalaci\u00f3n la realice un profesional formado y especializado.<\/div>\n<div>S\u00f3lo compra este producto si est\u00e1s seguro de que es compatible con tu veh\u00edculo. Si tienes alguna duda, no dudes en ponerte en contacto con nosotros. Nuestro horario de apertura es de lunes a viernes de 8 a 18 h.<\/div>\n<div><\/div>\n<div>Sobre nosotros<\/div>\n<div>COM Automotive est\u00e1 especializada en piezas de autom\u00f3vil de dise\u00f1o original para el sector de la reparaci\u00f3n posventa, clientes industriales y fabricantes de veh\u00edculos especiales OEM.<\/div>\n<div>Nuestro equipo tiene m\u00e1s de 28 a\u00f1os de experiencia en la fabricaci\u00f3n y el suministro de piezas de automoci\u00f3n a escala mundial.<\/div>\n<div>Nuestra MISI\u00d3N es ofrecer productos de dise\u00f1o original con una calidad impecable y una sustituci\u00f3n personalizada.<\/div>\n<div>Nuestra VISI\u00d3N es promover el crecimiento y un valor inigualable para nuestros clientes.<\/div>\n","protected":false},"excerpt":{"rendered":"<p>F000BL0609-COM. En stock. Ref: F000BL062A, F000BL0609, 51845735, F000BL062C &#8211; compatible con: FIAT PALIO STRADA. Marca: COM Automotive &#8211; Producto con calidad y dise\u00f1o originales. Compatible con Bosch<\/p>\n","protected":false},"featured_media":20392,"comment_status":"open","ping_status":"closed","template":"","meta":[],"product_brand":[],"product_cat":[8109],"product_tag":[10181,10177,10189,10174,10185],"class_list":{"0":"post-15324","1":"product","2":"type-product","3":"status-publish","4":"has-post-thumbnail","6":"product_cat-alternador-es-2","7":"product_tag-51845735-es","8":"product_tag-f000bl0609-es","9":"product_tag-f000bl0609-com-es","10":"product_tag-f000bl062a-es","11":"product_tag-f000bl062c-es","13":"first","14":"instock","15":"taxable","16":"shipping-taxable","17":"purchasable","18":"product-type-simple"},"_links":{"self":[{"href":"https:\/\/com-automotive.com\/es\/wp-json\/wp\/v2\/product\/15324","targetHints":{"allow":["GET"]}}],"collection":[{"href":"https:\/\/com-automotive.com\/es\/wp-json\/wp\/v2\/product"}],"about":[{"href":"https:\/\/com-automotive.com\/es\/wp-json\/wp\/v2\/types\/product"}],"replies":[{"embeddable":true,"href":"https:\/\/com-automotive.com\/es\/wp-json\/wp\/v2\/comments?post=15324"}],"wp:featuredmedia":[{"embeddable":true,"href":"https:\/\/com-automotive.com\/es\/wp-json\/wp\/v2\/media\/20392"}],"wp:attachment":[{"href":"https:\/\/com-automotive.com\/es\/wp-json\/wp\/v2\/media?parent=15324"}],"wp:term":[{"taxonomy":"product_brand","embeddable":true,"href":"https:\/\/com-automotive.com\/es\/wp-json\/wp\/v2\/product_brand?post=15324"},{"taxonomy":"product_cat","embeddable":true,"href":"https:\/\/com-automotive.com\/es\/wp-json\/wp\/v2\/product_cat?post=15324"},{"taxonomy":"product_tag","embeddable":true,"href":"https:\/\/com-automotive.com\/es\/wp-json\/wp\/v2\/product_tag?post=15324"}],"curies":[{"name":"wp","href":"https:\/\/api.w.org\/{rel}","templated":true}]}}