{"id":15322,"date":"2023-11-15T20:22:08","date_gmt":"2023-11-15T23:22:08","guid":{"rendered":"https:\/\/com-automotive.com\/alternador-12v-150a-f000bl070r-f000bl070t-para-fiat-ducato-23-16v-2009\/"},"modified":"2023-11-15T20:22:08","modified_gmt":"2023-11-15T23:22:08","slug":"alternador-12v-150a-f000bl070r-f000bl070t-para-fiat-ducato-23-16v-2009","status":"publish","type":"product","link":"https:\/\/com-automotive.com\/es\/alternador-12v-150a-f000bl070r-f000bl070t-para-fiat-ducato-23-16v-2009\/","title":{"rendered":"Alternador 12V 150A F000BL070R F000BL070T para Fiat Ducato 2,3 16V 2009&gt;<span class=\"product-sku\" style=\"display: block; font-size: 0.85em; color: #777; margin-top: 5px; margin-bottom: 5px;\">SKU: 8000.5196-COM<\/span>"},"content":{"rendered":"<h1><strong>COM-AUTOMOTIVE, calidad de dise\u00f1o original.<\/strong><\/h1>\n<p>Alternador F000BL070R 12V 150Amp con polea &#8211; compatible: BOSCH &#8211; OEM: FIAT<\/p>\n<h2>Preguntas m\u00e1s frecuentes<\/h2>\n<h3><strong>\u00bfCu\u00e1les son las referencias cruzadas?<\/strong><\/h3>\n<p>F000BL070T, F000BL070R, 5802374328, K5802374328, 0124.525.196, 0124525196, ZEN 41031, ZM 9020601, 063533252260<\/p>\n<h2><strong>Tabla de aplicaci\u00f3n<\/strong><\/h2>\n<p>FIAT DUCATO MINIB\u00daS TECHO ALTO , FPT INDUSTRIAL F1A MULTIJET E 0481 T 2.3 L 16V DOHC L4 DIESEL, 2009-2015.<br \/>\nFIAT DUCATO MULTI TECHO ALTO , FPT INDUSTRIAL F1A MULTIJET F1A E 0481 T 2.3 L 16V DOHC L4 DIESEL, 2009-2015.<br \/>\nFIAT DUCATO MAXICARGO 12M3 , FPT INDUSTRIAL F1A MULTIJET E 0481 T 2.3 L 16V DOHC L4 DIESEL, 2009-2015.<br \/>\nFIAT DUCATO CARGO , FPT INDUSTRIAL F1A MULTIJET E 0481 T 2.3 L 16V DOHC L4 DIESEL, 2009-2015.<br \/>\nFIAT DUCATO MAXICARGO , FPT INDUSTRIAL F1A MULTIJET F1A MULTIJET 2.3 L 16V DOHC L4 DIESEL, 2019-2023.<br \/>\nFIAT DUCATO CARGO 9,0 m\u00b3 , FPT INDUSTRIAL F1A MULTIJET 2.3 L 16V DOHC L4 DIESEL, 2014-2018.<br \/>\nFIAT DUCATO MAXICARGO 12,0 m\u00b3 , FPT INDUSTRIAL F1A MULTIJET 2.3 L 16V DOHC L4 DIESEL, 2014-2019.<br \/>\nFIAT DUCATO MULTI , FPT INDUSTRIAL F1A MULTIJET F1A MULTIJET 2.3 L 16V DOHC L4 DIESEL, 2014-2023.<br \/>\nFIAT DUCATO MAXICARGO 10.0 m\u00b3 , FPT INDUSTRIAL MULTIAIR F1AE0481T 2.3 L 16V DOHC L4 DIESEL, 2014-2018.<br \/>\nFIAT DUCATO CARGO 7,5 m\u00b3 , FPT INDUSTRIAL F1A MULTIJET 2.3 L 16V DOHC L4 DIESEL, 2014-2019.<br \/>\nMINIB\u00daS FIAT DUCATO , FPT INDUSTRIAL F1A MULTIJET 2.3 L 16V DOHC L4 DIESEL, 2016-2023.<br \/>\nFIAT DUCATO CARGO L , FPT INDUSTRIAL F1A MULTIJET F1A E 0481 T 2.3 L 16V DOHC L4 DIESEL, 2009-2015.<br \/>\nFIAT DUCATO MAXICARGO 10M3 , FPT INDUSTRIAL F1A MULTIJET E 0481 T 2.3 L 16V DOHC L4 DIESEL, 2009-2015.<br \/>\nFIAT DUCATO CARGO CURTO , FPT INDUSTRIAL F1A MULTIJET F1A MULTIJET 2.3 L 16V DOHC L4 DIESEL, 2019-2023.<br \/>\nCHASIS FIAT DUCATO , FPT INDUSTRIAL F1A MULTIJET F1A MULTIJET 2.3 L 16V DOHC L4 DIESEL, 2019-2023.<br \/>\nFIAT DUCATO MINIBUS COMFORT , FPT INDUSTRIAL F1A MULTIJET F1A MULTIJET 2.3 L 16V DOHC L4 DIESEL, 2020-2023.<br \/>\nFIAT DUCATO CARGO MEDIO , FPT INDUSTRIAL F1A MULTIJET F1A MULTIJET 2.3 L 16V DOHC L4 DIESEL, 2019-2023.<br \/>\nFIAT DUCATO COMBINATO , FPT INDUSTRIAL F1A MULTIJET F1A E 0481 T 2.3 L 16V DOHC L4 DIESEL, 2009-2012.<br \/>\nFIAT DUCATO MINIB\u00daS TECHO ALTO , FPT INDUSTRIAL F1A MULTIJET F1A MULTIJET 2.3 L 16V DOHC L4 DIESEL, 2016-2018.<br \/>\nFIAT DUCATO MAXIMULTI , FPT INDUSTRIAL F1A MULTIJET F1A MULTIJET 2.3 L 16V DOHC L4 DIESEL, 2019-2023<\/p>\n<p>ATENCI\u00d3N:<br \/>\nRecomendamos que la instalaci\u00f3n la realice un profesional formado y especializado.<br \/>\nS\u00f3lo compra este producto si est\u00e1s seguro de que es compatible con tu veh\u00edculo. Si tienes alguna duda, no dudes en ponerte en contacto con nosotros. Nuestro horario de apertura es de lunes a viernes de 8 a 18 h.<\/p>\n<p>Sobre nosotros<br \/>\nCOM Automotive est\u00e1 especializada en piezas de autom\u00f3vil de dise\u00f1o original para el sector de la reparaci\u00f3n posventa, clientes industriales y fabricantes de veh\u00edculos especiales OEM.<br \/>\nNuestro equipo tiene m\u00e1s de 28 a\u00f1os de experiencia en la fabricaci\u00f3n y el suministro de piezas de automoci\u00f3n a escala mundial.<br \/>\nNuestra MISI\u00d3N es ofrecer productos de dise\u00f1o original con una calidad impecable y una sustituci\u00f3n personalizada.<br \/>\nNuestra VISI\u00d3N es promover el crecimiento y un valor inigualable para nuestros clientes.<\/p>\n","protected":false},"excerpt":{"rendered":"<p>F000BL070R-COM. En stock. Ref: F000BL070T, F000BL070R, 5802374328, K5802374328, 0124525196, ZEN 41031, ZM 9020601, 063533252260 &#8211; compatible con: FIAT. Marca: COM Automotive &#8211; Producto con calidad y dise\u00f1o originales. Compatible con Bosch<\/p>\n","protected":false},"featured_media":20130,"comment_status":"open","ping_status":"closed","template":"","meta":[],"product_brand":[],"product_cat":[8109],"product_tag":[10155,10151,10149,10159,10147,10153,10157],"class_list":{"0":"post-15322","1":"product","2":"type-product","3":"status-publish","4":"has-post-thumbnail","6":"product_cat-alternador-es-2","7":"product_tag-0124525196-es","8":"product_tag-5802374328-es","9":"product_tag-f000bl070r-es","10":"product_tag-f000bl070r-com-es","11":"product_tag-f000bl070t-es","12":"product_tag-k5802374328-es","13":"product_tag-zen-41031-es","15":"first","16":"instock","17":"taxable","18":"shipping-taxable","19":"purchasable","20":"product-type-simple"},"_links":{"self":[{"href":"https:\/\/com-automotive.com\/es\/wp-json\/wp\/v2\/product\/15322","targetHints":{"allow":["GET"]}}],"collection":[{"href":"https:\/\/com-automotive.com\/es\/wp-json\/wp\/v2\/product"}],"about":[{"href":"https:\/\/com-automotive.com\/es\/wp-json\/wp\/v2\/types\/product"}],"replies":[{"embeddable":true,"href":"https:\/\/com-automotive.com\/es\/wp-json\/wp\/v2\/comments?post=15322"}],"wp:featuredmedia":[{"embeddable":true,"href":"https:\/\/com-automotive.com\/es\/wp-json\/wp\/v2\/media\/20130"}],"wp:attachment":[{"href":"https:\/\/com-automotive.com\/es\/wp-json\/wp\/v2\/media?parent=15322"}],"wp:term":[{"taxonomy":"product_brand","embeddable":true,"href":"https:\/\/com-automotive.com\/es\/wp-json\/wp\/v2\/product_brand?post=15322"},{"taxonomy":"product_cat","embeddable":true,"href":"https:\/\/com-automotive.com\/es\/wp-json\/wp\/v2\/product_cat?post=15322"},{"taxonomy":"product_tag","embeddable":true,"href":"https:\/\/com-automotive.com\/es\/wp-json\/wp\/v2\/product_tag?post=15322"}],"curies":[{"name":"wp","href":"https:\/\/api.w.org\/{rel}","templated":true}]}}