{"id":15320,"date":"2023-11-06T18:02:26","date_gmt":"2023-11-06T21:02:26","guid":{"rendered":"https:\/\/com-automotive.com\/alternador-12v-40a-a7t03277-a007t03277-para-carretillas-elevadoras-hyster\/"},"modified":"2023-11-06T18:02:26","modified_gmt":"2023-11-06T21:02:26","slug":"alternador-12v-40a-a7t03277-a007t03277-para-carretillas-elevadoras-hyster","status":"publish","type":"product","link":"https:\/\/com-automotive.com\/es\/alternador-12v-40a-a7t03277-a007t03277-para-carretillas-elevadoras-hyster\/","title":{"rendered":"Alternador 12V 40A A7T03277 A007T03277 para carretillas elevadoras Hyster<span class=\"product-sku\" style=\"display: block; font-size: 0.85em; color: #777; margin-top: 5px; margin-bottom: 5px;\">SKU: 8000.3277-COM<\/span>"},"content":{"rendered":"<h1><strong>COM-AUTOMOTIVE, calidad de dise\u00f1o original.<\/strong><\/h1>\n<p>CLARK: CARRETILLA ELEVADORA C25 MOTOR MAZDA FE TODAS CLARK: CARRETILLA ELEVADORA C30 MOTOR MAZDA FE TODAS CLARK: CARRETILLA ELEVADORA C35C MOTOR MAZDA FE TODAS HYSTER: CARRETILLA ELEVADORA XM MOTOR MAZDA TODAS YALE: CARRETILLA ELEVADORA FE MOTOR MAZDA 1985&#8230;2006 YALE: CARRETILLA ELEVADORA HA MOTOR MAZDA FE 1985&#8230;2006 YALE: CARRETILLA ELEVADORA XA MOTOR MAZDA FE 1985&#8230;2006<\/p>\n<h2>Preguntas m\u00e1s frecuentes<\/h2>\n<h3><strong>\u00bfCu\u00e1les son las referencias cruzadas?<\/strong><\/h3>\n<p>A007T03277, A7T03277, A7T03277, 136-1853, 145-0928, 3068342, 3114961, 3123908, 0014504, 580000990, 901948801, A007T03277, A7T03277, ZEN 45004, Euro 70615<\/p>\n<h2><strong>Tabla de aplicaci\u00f3n<\/strong><\/h2>\n<p>CLARK: CARRETILLA ELEVADORA C25 MOTOR MAZDA FE TODAS CLARK: CARRETILLA ELEVADORA C30 MOTOR MAZDA FE TODAS CLARK: CARRETILLA ELEVADORA C35C MOTOR MAZDA FE TODAS HYSTER: CARRETILLA ELEVADORA XM MOTOR MAZDA TODAS YALE: CARRETILLA ELEVADORA FE MOTOR MAZDA 1985&#8230;2006 YALE: CARRETILLA ELEVADORA HA MOTOR MAZDA FE 1985&#8230;2006 YALE: CARRETILLA ELEVADORA XA MOTOR MAZDA FE 1985&#8230;2006<\/p>\n<p>ATENCI\u00d3N:<br \/>\nRecomendamos que la instalaci\u00f3n la realice un profesional formado y especializado.<br \/>\nS\u00f3lo compra este producto si est\u00e1s seguro de que es compatible con tu veh\u00edculo. Si tienes alguna duda, no dudes en ponerte en contacto con nosotros. Nuestro horario de apertura es de lunes a viernes de 8 a 18 h.<\/p>\n<p>Sobre nosotros<br \/>\nCOM Automotive est\u00e1 especializada en piezas de autom\u00f3vil de dise\u00f1o original para el sector de la reparaci\u00f3n posventa, clientes industriales y fabricantes de veh\u00edculos especiales OEM.<br \/>\nNuestro equipo tiene m\u00e1s de 28 a\u00f1os de experiencia en la fabricaci\u00f3n y el suministro de piezas de automoci\u00f3n a escala mundial.<br \/>\nNuestra MISI\u00d3N es ofrecer productos de dise\u00f1o original con una calidad impecable y una sustituci\u00f3n personalizada.<br \/>\nNuestra VISI\u00d3N es promover el crecimiento y un valor inigualable para nuestros clientes.<\/p>\n<p>&nbsp;<\/p>\n","protected":false},"excerpt":{"rendered":"<p>A7T03277-COM. En stock. Ref: A007T03277, A7T03277, 1361853, 1450928, 3068342, 3114961, 3123908, 0014504, 580000990, 901948801, A007T03277, 1361853, A7T03277, ZEN 45004, EURO 70615, 8EL015643471, DITA 10210 &#8211; compatible con: YALE. Marca: COM Automotive &#8211; Producto con calidad y dise\u00f1o originales. Compatible con Mitsubishi<\/p>\n","protected":false},"featured_media":20444,"comment_status":"open","ping_status":"closed","template":"","meta":[],"product_brand":[],"product_cat":[8109],"product_tag":[10128,10116,10120,10124,10130,10855,10132,10100,10104,10138,10136,10134],"class_list":{"0":"post-15320","1":"product","2":"type-product","3":"status-publish","4":"has-post-thumbnail","6":"product_cat-alternador-es-2","7":"product_tag-0014504-es","8":"product_tag-3068342-es","9":"product_tag-3114961-es","10":"product_tag-3123908-es","11":"product_tag-580000990-es","12":"product_tag-8el015643471-es","13":"product_tag-901948801-es","14":"product_tag-a007t03277-es","15":"product_tag-a7t03277-es","16":"product_tag-a7t03277-com-es","17":"product_tag-euro-70615-es","18":"product_tag-zen-45004-es","20":"first","21":"instock","22":"taxable","23":"shipping-taxable","24":"purchasable","25":"product-type-simple"},"_links":{"self":[{"href":"https:\/\/com-automotive.com\/es\/wp-json\/wp\/v2\/product\/15320","targetHints":{"allow":["GET"]}}],"collection":[{"href":"https:\/\/com-automotive.com\/es\/wp-json\/wp\/v2\/product"}],"about":[{"href":"https:\/\/com-automotive.com\/es\/wp-json\/wp\/v2\/types\/product"}],"replies":[{"embeddable":true,"href":"https:\/\/com-automotive.com\/es\/wp-json\/wp\/v2\/comments?post=15320"}],"wp:featuredmedia":[{"embeddable":true,"href":"https:\/\/com-automotive.com\/es\/wp-json\/wp\/v2\/media\/20444"}],"wp:attachment":[{"href":"https:\/\/com-automotive.com\/es\/wp-json\/wp\/v2\/media?parent=15320"}],"wp:term":[{"taxonomy":"product_brand","embeddable":true,"href":"https:\/\/com-automotive.com\/es\/wp-json\/wp\/v2\/product_brand?post=15320"},{"taxonomy":"product_cat","embeddable":true,"href":"https:\/\/com-automotive.com\/es\/wp-json\/wp\/v2\/product_cat?post=15320"},{"taxonomy":"product_tag","embeddable":true,"href":"https:\/\/com-automotive.com\/es\/wp-json\/wp\/v2\/product_tag?post=15320"}],"curies":[{"name":"wp","href":"https:\/\/api.w.org\/{rel}","templated":true}]}}