{"id":15319,"date":"2023-11-15T20:22:18","date_gmt":"2023-11-15T23:22:18","guid":{"rendered":"https:\/\/com-automotive.com\/alternador-24v-80a-0124555129-0124555009-21429783-para-volvo-fh-fm-nh-9805\/"},"modified":"2024-06-01T22:19:21","modified_gmt":"2024-06-02T01:19:21","slug":"alternador-24v-80a-0124555129-0124555009-21429783-para-volvo-fh-fm-nh-9805","status":"publish","type":"product","link":"https:\/\/com-automotive.com\/es\/alternador-24v-80a-0124555129-0124555009-21429783-para-volvo-fh-fm-nh-9805\/","title":{"rendered":"Alternador 24V 80A 0124555129 0124555009 21429783 para Volvo FH FM NH 98&gt;05<span class=\"product-sku\" style=\"display: block; font-size: 0.85em; color: #777; margin-top: 5px; margin-bottom: 5px;\">SKU: 8000.5129-COM<\/span>"},"content":{"rendered":"<h1><strong>COM-AUTOMOTIVE, calidad de dise\u00f1o original.<\/strong><\/h1>\n<p>Alternador 0124555129 24V 80Amp con polea &#8211; Dise\u00f1o: BOSCH SEG &#8211; OEM: VOLVO<\/p>\n<h2>Preguntas m\u00e1s frecuentes<\/h2>\n<h3><strong>\u00bfCu\u00e1les son las referencias cruzadas?<\/strong><\/h3>\n<p>0124555129, 0124555009, 21429783, 1524012R, AT303320, AT387573, 20409228, 20849349, 5010589555, 5010589525, 7420409228, 7420853850, 21429783, 11170134, 11170321, 19092040, 20409228, 20849349, 3803639, 85000626, 85003355, DRB6290, ZEN 41016, Euro 70609, 0124555129<\/p>\n<h2><strong>Tabla de aplicaci\u00f3n<\/strong><\/h2>\n<table style=\"height: 652px;\" width=\"1108\">\n<tbody>\n<tr>\n<td width=\"782\">VOLVO FH 12 380 , VOLVO D 12 C D 12 C 12.1 L 24V SOHC L6 DIESEL, 1998-2008.<\/td>\n<\/tr>\n<tr>\n<td>VOLVO NH 12 380 , VOLVO D 12 C D 12 C 12.1 L 24V SOHC L6 DIESEL, 1999-2006.<\/td>\n<\/tr>\n<tr>\n<td>VOLVO FH 420 4X2T , VOLVO D13C420 D13C420 12,8 L 24V SOHC L6 DIESEL, 2013-2023.<\/td>\n<\/tr>\n<tr>\n<td>VOLVO FMX 420 8X4R , VOLVO D13C420 D13C420 12,8 L 24V SOHC L6 DIESEL, 2012-2016.<\/td>\n<\/tr>\n<tr>\n<td>VOLVO FH 12 420 , VOLVO D 12 C D 12 C 12.1 L 24V SOHC L6 DIESEL, 1999-2006.<\/td>\n<\/tr>\n<tr>\n<td>VOLVO FH 12 380 , VOLVO D 12 D 12.1 L 24V SOHC L6 DIESEL, 2006-2006.<\/td>\n<\/tr>\n<tr>\n<td>VOLVO FH 420 6X4T , VOLVO D13C420 D13C420 12,8 L 24V SOHC L6 DIESEL, 2013-2015.<\/td>\n<\/tr>\n<tr>\n<td>VOLVO FM 12 420 , VOLVO D 12 C D 12 C 12.1 L 24V SOHC L6 DIESEL, 2000-2006.<\/td>\n<\/tr>\n<tr>\n<td>VOLVO FH 12 420 , VOLVO D 12 D 12 D 12.1 L 24V SOHC L6 DIESEL, 2006-2006.<\/td>\n<\/tr>\n<tr>\n<td>VOLVO FH 12 380 , VOLVO D 12 A D 12 A 12.1 L SOHV L6 DIESEL, 1994-1999.<\/td>\n<\/tr>\n<tr>\n<td>VOLVO FH 420 6X2T SUSPENSI\u00d3N NEUM\u00c1TICA , VOLVO D13C420 D13C420 12.8 L 24V SOHC L6 DIESEL, 2012-2019.<\/td>\n<\/tr>\n<tr>\n<td>VOLVO FM 12 380 , VOLVO D 12 C D 12 C 12.1 L 24V SOHC L6 DIESEL, 2000-2006.<\/td>\n<\/tr>\n<tr>\n<td>VOLVO NH 12 420 , VOLVO D 12 C D 12 C 12.1 L 24V SOHC L6 DIESEL, 1999-2006.<\/td>\n<\/tr>\n<tr>\n<td>VOLVO FH 12 460 , VOLVO D 12 D 12.1 L 24V SOHC L6 DIESEL, 2003-2006.<\/td>\n<\/tr>\n<tr>\n<td>VOLVO FM 12 340 , VOLVO D 12 C D 12 C 12.1 L 24V SOHC L6 DIESEL, 2001-2006.<\/td>\n<\/tr>\n<tr>\n<td>VOLVO FH 420 6X2T SUSPENSI\u00d3N BASCULANTE , VOLVO D13C420 D13C420 12,8 L 24V SOHC L6 DIESEL, 2012-2023.<\/td>\n<\/tr>\n<tr>\n<td>VOLVO FM 12 420 , VOLVO D 12 D 12 D 12.1 L 24V SOHC L6 DIESEL, 2005-2020.<\/td>\n<\/tr>\n<tr>\n<td>VOLVO NH 12 340 , VOLVO D 12 D 12 D 12.1 L 24V SOHC L6 DIESEL, 2005-2006.<\/td>\n<\/tr>\n<tr>\n<td>VOLVO FH 420 6X2T SUSPENSI\u00d3N T\u00c1NDEM , VOLVO D13C420 D13C420 12.8 L 24V SOHC L6 DIESEL, 2012-2019.<\/td>\n<\/tr>\n<tr>\n<td>VOLVO NH 12 460 , VOLVO D 12 D 12 D 12.1 L 24V SOHC L6 DIESEL, 2004-2006.<\/td>\n<\/tr>\n<tr>\n<td>VOLVO FMX 420 6X6R , VOLVO D13C420 D13C420 12.8 L 24V SOHC L6 DIESEL, 2016-2017.<\/td>\n<\/tr>\n<tr>\n<td>VOLVO FH 420 6X4R , VOLVO D13C420 D13C420 12.8 L 24V SOHC L6 DIESEL, 2017-2017.<\/td>\n<\/tr>\n<tr>\n<td>VOLVO FMX 420 6X4R , VOLVO D13C420 D13C420 12.8 L 24V SOHC L6 DIESEL, 2017-2017. 0124555129 0124555129 0124555129<\/td>\n<\/tr>\n<\/tbody>\n<\/table>\n<p>&nbsp;<\/p>\n<div>ATENCI\u00d3N:<\/div>\n<div>Recomendamos que la instalaci\u00f3n de 0124555129 la realice un profesional formado y especializado.<\/div>\n<div>S\u00f3lo compre 0124555129 si est\u00e1 seguro de que es compatible con su veh\u00edculo. Si tiene alguna duda, no dude en ponerse en contacto con nosotros. Nuestro horario de apertura es de lunes a viernes de 8 a 18 h.<\/div>\n<div><\/div>\n<div>Sobre nosotros<\/div>\n<div>COM Automotive est\u00e1 especializada en piezas de autom\u00f3vil de dise\u00f1o original para el sector de la reparaci\u00f3n posventa, clientes industriales y fabricantes de veh\u00edculos especiales OEM.<\/div>\n<div>Nuestro equipo tiene m\u00e1s de 28 a\u00f1os de experiencia en la fabricaci\u00f3n y el suministro de piezas de automoci\u00f3n a escala mundial.<\/div>\n<div>Nuestra MISI\u00d3N es ofrecer productos de dise\u00f1o original con una calidad impecable y una sustituci\u00f3n personalizada.<\/div>\n<div>Nuestra VISI\u00d3N es promover el crecimiento y un valor inigualable para nuestros clientes.<\/div>\n","protected":false},"excerpt":{"rendered":"<p>0124555129-COM. En stock. Ref: 0124555099, 0124555038, 21429783, 1524012R, 5010589555, 19092040, 85000626, AT387573, AT303320, JDAT387574, SE501833, 5010589525, 7420409228, 7420853850, 11170134, 11170321, 20849349, 3803639, 85003355, 21429781, 20466315, 20849350, 0124555109, 0124555559, 0124555140, 0124555017, 0124555555, 0124555028, 1986A00535, DRB6290, ZEN 41016, EURO 70609 &#8211; compatible con: VOLVO. Marca: COM Automotive &#8211; Producto con calidad y dise\u00f1o originales. Compatible con Bosch<\/p>\n","protected":false},"featured_media":19296,"comment_status":"open","ping_status":"closed","template":"","meta":[],"product_brand":[],"product_cat":[8109],"product_tag":[10171,10156,10107,10703,10103,10099,10154,10166,10165,10139,10140,10115,10175,10182,10162,10131,10164,10158,10142,10144,10133,10160,10135,10137,10179,10146,10119,10111,10148,10152,10123,10126,10150],"class_list":{"0":"post-15319","1":"product","2":"type-product","3":"status-publish","4":"has-post-thumbnail","6":"product_cat-alternador-es-2","7":"product_tag-0124555009-es","8":"product_tag-0124555017-es","9":"product_tag-0124555028-es","10":"product_tag-0124555038-es","11":"product_tag-0124555109-es","12":"product_tag-0124555129-es","13":"product_tag-0124555140-es","14":"product_tag-0124555555-es","15":"product_tag-0124555559-es","16":"product_tag-11170134-es","17":"product_tag-11170321-es","18":"product_tag-1524012r-es","19":"product_tag-19092040-es","20":"product_tag-1986a00535-es","21":"product_tag-20466315-es","22":"product_tag-20849349-es","23":"product_tag-20849350-es","24":"product_tag-21429781-es","25":"product_tag-21429783-es","26":"product_tag-3803639-es","27":"product_tag-5010589525-es","28":"product_tag-5010589555-es","29":"product_tag-7420409228-es","30":"product_tag-7420853850-es","31":"product_tag-85000626-es","32":"product_tag-85003355-es","33":"product_tag-at303320-es","34":"product_tag-at387573-es","35":"product_tag-drb6290-es","36":"product_tag-euro-70609-es","37":"product_tag-jdat387574-es","38":"product_tag-se501833-es","39":"product_tag-zen-41016-es","41":"first","42":"instock","43":"taxable","44":"shipping-taxable","45":"purchasable","46":"product-type-simple"},"_links":{"self":[{"href":"https:\/\/com-automotive.com\/es\/wp-json\/wp\/v2\/product\/15319","targetHints":{"allow":["GET"]}}],"collection":[{"href":"https:\/\/com-automotive.com\/es\/wp-json\/wp\/v2\/product"}],"about":[{"href":"https:\/\/com-automotive.com\/es\/wp-json\/wp\/v2\/types\/product"}],"replies":[{"embeddable":true,"href":"https:\/\/com-automotive.com\/es\/wp-json\/wp\/v2\/comments?post=15319"}],"wp:featuredmedia":[{"embeddable":true,"href":"https:\/\/com-automotive.com\/es\/wp-json\/wp\/v2\/media\/19296"}],"wp:attachment":[{"href":"https:\/\/com-automotive.com\/es\/wp-json\/wp\/v2\/media?parent=15319"}],"wp:term":[{"taxonomy":"product_brand","embeddable":true,"href":"https:\/\/com-automotive.com\/es\/wp-json\/wp\/v2\/product_brand?post=15319"},{"taxonomy":"product_cat","embeddable":true,"href":"https:\/\/com-automotive.com\/es\/wp-json\/wp\/v2\/product_cat?post=15319"},{"taxonomy":"product_tag","embeddable":true,"href":"https:\/\/com-automotive.com\/es\/wp-json\/wp\/v2\/product_tag?post=15319"}],"curies":[{"name":"wp","href":"https:\/\/api.w.org\/{rel}","templated":true}]}}