{"id":15318,"date":"2023-11-15T20:29:41","date_gmt":"2023-11-15T23:29:41","guid":{"rendered":"https:\/\/com-automotive.com\/alternador-12v-120a-0124515190-a0091541202-para-mercedes-clase-s\/"},"modified":"2023-11-15T20:29:41","modified_gmt":"2023-11-15T23:29:41","slug":"alternador-12v-120a-0124515190-a0091541202-para-mercedes-clase-s","status":"publish","type":"product","link":"https:\/\/com-automotive.com\/es\/alternador-12v-120a-0124515190-a0091541202-para-mercedes-clase-s\/","title":{"rendered":"Alternador 12V 120A 0124515190 A0091541202 para Mercedes Clase S<span class=\"product-sku\" style=\"display: block; font-size: 0.85em; color: #777; margin-top: 5px; margin-bottom: 5px;\">SKU: 8000.5190-COM<\/span>"},"content":{"rendered":"<h1><strong>COM-AUTOMOTIVE, calidad de dise\u00f1o original.<\/strong><\/h1>\n<p>Alternador 0124515190 12V 120Amp con polea &#8211; Dise\u00f1o: BOSCH SEG &#8211; OEM: MERCEDES<\/p>\n<h2>Preguntas m\u00e1s frecuentes<\/h2>\n<h3><strong>\u00bfCu\u00e1les son las referencias cruzadas?<\/strong><\/h3>\n<p>0124515190, 0124515190<\/p>\n<h2><strong>Tabla de aplicaci\u00f3n<\/strong><\/h2>\n<p>MERCEDES BENZ CLASE S S320 , M3.2 L 18V M 104.990 3.2 L 18V DOHC V6 GASOLINA, 1993-1998.<br \/>\nMERCEDES BENZ SL-CLASS SL320 , 3.2 L 18V M 104.991 3.2 L 18V DOHC L6 GASOLINA, 1993-1998.<br \/>\nMERCEDES BENZ 140-SERIE 300 SE , 3.2 L 24V M 104.990 3.2 L 12V SOHC L6 GASOLINA, 1991-1992.<br \/>\nMERCEDES BENZ SL-CLASS SL280 , 2.8 L 18V M 104.943 2.8 L 18V DOHC L6 GASOLINA, 1993-1996.<br \/>\nMERCEDES BENZ CLASE S S320 , E 32 M 112.944 3.2 L 18V DOHC V6 GASOLINA, 2000-2002.<br \/>\nMERCEDES BENZ CLASE S S280 , 2.8 L 18V M 104.944 2.8 L 18V DOHC L6 GASOLINA, 1994-1997.<\/p>\n<p>ATENCI\u00d3N:<br \/>\nRecomendamos que la instalaci\u00f3n la realice un profesional formado y especializado.<br \/>\nS\u00f3lo compra este producto si est\u00e1s seguro de que es compatible con tu veh\u00edculo. Si tienes alguna duda, no dudes en ponerte en contacto con nosotros. Nuestro horario de apertura es de lunes a viernes de 8 a 18 h.<\/p>\n<p>Sobre nosotros<br \/>\nCOM Automotive est\u00e1 especializada en piezas de autom\u00f3vil de dise\u00f1o original para el sector de la reparaci\u00f3n posventa, clientes industriales y fabricantes de veh\u00edculos especiales OEM.<br \/>\nNuestro equipo tiene m\u00e1s de 28 a\u00f1os de experiencia en la fabricaci\u00f3n y el suministro de piezas de automoci\u00f3n a escala mundial.<br \/>\nNuestra MISI\u00d3N es ofrecer productos de dise\u00f1o original con una calidad impecable y una sustituci\u00f3n personalizada.<br \/>\nNuestra VISI\u00d3N es promover el crecimiento y un valor inigualable para nuestros clientes.<\/p>\n","protected":false},"excerpt":{"rendered":"<p>0124515190-COM. En stock. Ref: 0124515190, 0124515190, A0091541202 &#8211; compatible con: MERCEDES. Marca: COM Automotive &#8211; Producto con calidad y dise\u00f1o originales. Compatible con Bosch<\/p>\n","protected":false},"featured_media":20442,"comment_status":"open","ping_status":"closed","template":"","meta":[],"product_brand":[],"product_cat":[8109],"product_tag":[10092,10094],"class_list":{"0":"post-15318","1":"product","2":"type-product","3":"status-publish","4":"has-post-thumbnail","6":"product_cat-alternador-es-2","7":"product_tag-0124515190-es","8":"product_tag-0124515190-com-es","10":"first","11":"instock","12":"taxable","13":"shipping-taxable","14":"purchasable","15":"product-type-simple"},"_links":{"self":[{"href":"https:\/\/com-automotive.com\/es\/wp-json\/wp\/v2\/product\/15318","targetHints":{"allow":["GET"]}}],"collection":[{"href":"https:\/\/com-automotive.com\/es\/wp-json\/wp\/v2\/product"}],"about":[{"href":"https:\/\/com-automotive.com\/es\/wp-json\/wp\/v2\/types\/product"}],"replies":[{"embeddable":true,"href":"https:\/\/com-automotive.com\/es\/wp-json\/wp\/v2\/comments?post=15318"}],"wp:featuredmedia":[{"embeddable":true,"href":"https:\/\/com-automotive.com\/es\/wp-json\/wp\/v2\/media\/20442"}],"wp:attachment":[{"href":"https:\/\/com-automotive.com\/es\/wp-json\/wp\/v2\/media?parent=15318"}],"wp:term":[{"taxonomy":"product_brand","embeddable":true,"href":"https:\/\/com-automotive.com\/es\/wp-json\/wp\/v2\/product_brand?post=15318"},{"taxonomy":"product_cat","embeddable":true,"href":"https:\/\/com-automotive.com\/es\/wp-json\/wp\/v2\/product_cat?post=15318"},{"taxonomy":"product_tag","embeddable":true,"href":"https:\/\/com-automotive.com\/es\/wp-json\/wp\/v2\/product_tag?post=15318"}],"curies":[{"name":"wp","href":"https:\/\/api.w.org\/{rel}","templated":true}]}}