{"id":15317,"date":"2023-11-15T20:29:16","date_gmt":"2023-11-15T23:29:16","guid":{"rendered":"https:\/\/com-automotive.com\/alternador-24v-35a-1117647-3292547-caterpillar-cummins\/"},"modified":"2024-06-01T21:55:35","modified_gmt":"2024-06-02T00:55:35","slug":"alternador-24v-35a-1117647-3292547-caterpillar-cummins","status":"publish","type":"product","link":"https:\/\/com-automotive.com\/es\/alternador-24v-35a-1117647-3292547-caterpillar-cummins\/","title":{"rendered":"Alternador 24V 35A 1117647 3292547 Caterpillar Cummins<span class=\"product-sku\" style=\"display: block; font-size: 0.85em; color: #777; margin-top: 5px; margin-bottom: 5px;\">SKU: 8000.7647-COM<\/span>"},"content":{"rendered":"<h1><strong>COM-AUTOMOTIVE, calidad de dise\u00f1o original.<\/strong><\/h1>\n<p>Alternador 1117647 24V 35Amp sin polea &#8211; Dise\u00f1o: Delco Remy &#8211; OEM: CATERPILLAR<\/p>\n<h2>Preguntas m\u00e1s frecuentes<\/h2>\n<h3><strong>\u00bfCu\u00e1les son las referencias cruzadas?<\/strong><\/h3>\n<p>T002000007, 3292547, 3675126RX, SE501370, ALT1004, 1117622, 1117623, 1117631, 1117640, 1117644, 1117650, 1117655, 8600393<\/p>\n<h2><strong>Tabla de aplicaci\u00f3n<\/strong><\/h2>\n<table width=\"1055\">\n<tbody>\n<tr>\n<td width=\"1055\">ORUGA 120G , ORUGA 3304 DIESEL<\/td>\n<\/tr>\n<tr>\n<td>ORUGA 12G , ORUGA 3304DI DIESEL, 1993.<\/td>\n<\/tr>\n<tr>\n<td>ORUGA 130G , ORUGA 3304DI DIESEL<\/td>\n<\/tr>\n<tr>\n<td>ORUGA 140G , ORUGA 3304DI DIESEL, 1993.<\/td>\n<\/tr>\n<tr>\n<td>ORUGA 140H , ORUGA 3306 DIESEL<\/td>\n<\/tr>\n<tr>\n<td>ORUGA 14G , ORUGA 3306 DIESEL<\/td>\n<\/tr>\n<tr>\n<td>ORUGA 14H , ORUGA 3176C ATAAC DIESEL<\/td>\n<\/tr>\n<tr>\n<td>ORUGA 160H , ORUGA C9.3 DIESEL<\/td>\n<\/tr>\n<tr>\n<td>ORUGA 215 , ORUGA 3304 DIESEL<\/td>\n<\/tr>\n<tr>\n<td>ORUGA 215B , ORUGA 3304 DIESEL<\/td>\n<\/tr>\n<tr>\n<td>ORUGA 215C , ORUGA 3304 DIESEL<\/td>\n<\/tr>\n<tr>\n<td>ORUGA 215D , ORUGA 3304 DIESEL<\/td>\n<\/tr>\n<tr>\n<td>ORUGA 219 , ORUGA 3304 DIESEL<\/td>\n<\/tr>\n<tr>\n<td>ORUGA 219D , ORUGA 3304 DIT DIESEL<\/td>\n<\/tr>\n<tr>\n<td>ORUGA 225 , ORUGA 3208 DIESEL<\/td>\n<\/tr>\n<tr>\n<td>ORUGA 225B , ORUGA 3208 DIESEL<\/td>\n<\/tr>\n<tr>\n<td>ORUGA 225D , ORUGA 3208 DIESEL<\/td>\n<\/tr>\n<tr>\n<td>ORUGA 227 , ORUGA 3034T DIESEL<\/td>\n<\/tr>\n<tr>\n<td>ORUGA 229 , ORUGA 3208 DIESEL<\/td>\n<\/tr>\n<tr>\n<td>ORUGA 229A , ORUGA 3208 DIESEL<\/td>\n<\/tr>\n<tr>\n<td>ORUGA 229D , ORUGA 3208 DIESEL<\/td>\n<\/tr>\n<tr>\n<td>ORUGA 231D , ORUGA 3208 DIESEL<\/td>\n<\/tr>\n<tr>\n<td>ORUGA 235 , ORUGA DIESEL<\/td>\n<\/tr>\n<tr>\n<td>ORUGA 235B , ORUGA DIESEL<\/td>\n<\/tr>\n<tr>\n<td>ORUGA 235D , ORUGA DIESEL<\/td>\n<\/tr>\n<tr>\n<td>ORUGA 245 , ORUGA 3406 DIESEL<\/td>\n<\/tr>\n<tr>\n<td>ORUGA 245B , ORUGA 3406 DIESEL<\/td>\n<\/tr>\n<tr>\n<td>ORUGA 245D , ORUGA 3406 DIESEL<\/td>\n<\/tr>\n<tr>\n<td>ORUGA 561D , ORUGA 3306 DIESEL<\/td>\n<\/tr>\n<tr>\n<td>ORUGA 571D , ORUGA 3306 DIESEL<\/td>\n<\/tr>\n<tr>\n<td>ORUGA 571G , ORUGA 3306 DIESEL<\/td>\n<\/tr>\n<tr>\n<td>ORUGA 572G , ORUGA 3306 DIESEL<\/td>\n<\/tr>\n<tr>\n<td>ORUGA 583K , ORUGA D342 DIESEL<\/td>\n<\/tr>\n<tr>\n<td>ORUGA 589 , ORUGA 3408 DIESEL<\/td>\n<\/tr>\n<tr>\n<td>CATERPILLAR 591 , DIESEL<\/td>\n<\/tr>\n<tr>\n<td>ORUGA 594H , ORUGA D353 DIESEL<\/td>\n<\/tr>\n<tr>\n<td>ORUGA 816 , ORUGA C7.1 DIESEL<\/td>\n<\/tr>\n<tr>\n<td>ORUGA 816B , ORUGA 3306 DIESEL<\/td>\n<\/tr>\n<tr>\n<td>ORUGA 826C , ORUGA 3406 DIESEL<\/td>\n<\/tr>\n<tr>\n<td>ORUGA E180 , ORUGA 3204 DIESEL<\/td>\n<\/tr>\n<tr>\n<td>ORUGA E240 , ORUGA 3116 DIESEL<\/td>\n<\/tr>\n<tr>\n<td>ORUGA E300 , ORUGA 3306 DIESEL<\/td>\n<\/tr>\n<tr>\n<td>ORUGA E300B , ORUGA 3306 DIESEL<\/td>\n<\/tr>\n<tr>\n<td>ORUGA EL180 , ORUGA 3204 DIESEL<\/td>\n<\/tr>\n<tr>\n<td>ORUGA EL240 , ORUGA 3116 DIESEL<\/td>\n<\/tr>\n<tr>\n<td>ORUGA EL300 , ORUGA 3306 DIESEL<\/td>\n<\/tr>\n<tr>\n<td>ORUGA EL300B , ORUGA 3306 DIESEL<\/td>\n<\/tr>\n<tr>\n<td>CATERPILLAR FB227 , CATERPILLAR 3034T DIESEL,<\/td>\n<\/tr>\n<\/tbody>\n<\/table>\n<div><\/div>\n<div>ATENCI\u00d3N:<\/div>\n<div>Recomendamos que el 1117647 sea instalado por un profesional formado y especializado.<\/div>\n<div>S\u00f3lo compre este producto 1117647 si est\u00e1 seguro de que es compatible con su veh\u00edculo. Si tiene alguna duda, no dude en ponerse en contacto con nosotros. Nuestro horario de apertura es de lunes a viernes de 8 a 18 h.<\/div>\n<div><\/div>\n<div>Sobre nosotros<\/div>\n<div>COM Automotive est\u00e1 especializada en piezas de autom\u00f3vil de dise\u00f1o original para el sector de la reparaci\u00f3n posventa, clientes industriales y fabricantes de veh\u00edculos especiales OEM.<\/div>\n<div>Nuestro equipo tiene m\u00e1s de 28 a\u00f1os de experiencia en la fabricaci\u00f3n y el suministro de piezas de automoci\u00f3n a escala mundial.<\/div>\n<div>Nuestra MISI\u00d3N es ofrecer productos de dise\u00f1o original con una calidad impecable y una sustituci\u00f3n personalizada.<\/div>\n<div>Nuestra VISI\u00d3N es promover el crecimiento y un valor inigualable para nuestros clientes.<\/div>\n","protected":false},"excerpt":{"rendered":"<p>1117647-COM. En stock. Ref: T002000007, 1117647, 3292547, 3675126RX, SE501370, ALT1004, 1117622, 1117623, 1117631, 1117640, 1117644, 1117647, 1117650, 1117655, 8600393 &#8211; compatible con: CATERPILLAR. Marca: COM Automotive &#8211; Producto con calidad y dise\u00f1o originales. Compatible con Delco Remy<\/p>\n","protected":false},"featured_media":20436,"comment_status":"open","ping_status":"closed","template":"","meta":[],"product_brand":[],"product_cat":[8109],"product_tag":[10095,10097,10098,10101,10105,10086,10932,10109,10113,10088,10090,10117,10093,10091,10084],"class_list":{"0":"post-15317","1":"product","2":"type-product","3":"status-publish","4":"has-post-thumbnail","6":"product_cat-alternador-es-2","7":"product_tag-1117622-es","8":"product_tag-1117623-es","9":"product_tag-1117631-es","10":"product_tag-1117640-es","11":"product_tag-1117644-es","12":"product_tag-1117647-es","13":"product_tag-1117647-com-es","14":"product_tag-1117650-es","15":"product_tag-1117655-es","16":"product_tag-3292547-es","17":"product_tag-3675126rx-es","18":"product_tag-8600393-es","19":"product_tag-alt1004-es","20":"product_tag-se501370-es","21":"product_tag-t002000007-es","23":"first","24":"instock","25":"taxable","26":"shipping-taxable","27":"purchasable","28":"product-type-simple"},"_links":{"self":[{"href":"https:\/\/com-automotive.com\/es\/wp-json\/wp\/v2\/product\/15317","targetHints":{"allow":["GET"]}}],"collection":[{"href":"https:\/\/com-automotive.com\/es\/wp-json\/wp\/v2\/product"}],"about":[{"href":"https:\/\/com-automotive.com\/es\/wp-json\/wp\/v2\/types\/product"}],"replies":[{"embeddable":true,"href":"https:\/\/com-automotive.com\/es\/wp-json\/wp\/v2\/comments?post=15317"}],"wp:featuredmedia":[{"embeddable":true,"href":"https:\/\/com-automotive.com\/es\/wp-json\/wp\/v2\/media\/20436"}],"wp:attachment":[{"href":"https:\/\/com-automotive.com\/es\/wp-json\/wp\/v2\/media?parent=15317"}],"wp:term":[{"taxonomy":"product_brand","embeddable":true,"href":"https:\/\/com-automotive.com\/es\/wp-json\/wp\/v2\/product_brand?post=15317"},{"taxonomy":"product_cat","embeddable":true,"href":"https:\/\/com-automotive.com\/es\/wp-json\/wp\/v2\/product_cat?post=15317"},{"taxonomy":"product_tag","embeddable":true,"href":"https:\/\/com-automotive.com\/es\/wp-json\/wp\/v2\/product_tag?post=15317"}],"curies":[{"name":"wp","href":"https:\/\/api.w.org\/{rel}","templated":true}]}}