{"id":15315,"date":"2023-11-15T20:29:13","date_gmt":"2023-11-15T23:29:13","guid":{"rendered":"https:\/\/com-automotive.com\/alternador-12v-140a-0124525020-0124525025-504009978-para-iveco-daily-ducato-02\/"},"modified":"2023-11-15T20:29:13","modified_gmt":"2023-11-15T23:29:13","slug":"alternador-12v-140a-0124525020-0124525025-504009978-para-iveco-daily-ducato-02","status":"publish","type":"product","link":"https:\/\/com-automotive.com\/es\/alternador-12v-140a-0124525020-0124525025-504009978-para-iveco-daily-ducato-02\/","title":{"rendered":"Alternador 12V 140A 0124525020 0124525025 504009978 para Iveco Daily Ducato 02&gt;<span class=\"product-sku\" style=\"display: block; font-size: 0.85em; color: #777; margin-top: 5px; margin-bottom: 5px;\">SKU: 8000.5020-COM<\/span>"},"content":{"rendered":"<h1><strong>COM-AUTOMOTIVE, calidad de dise\u00f1o original.<\/strong><\/h1>\n<p>Alternador 0124525020 12V 140Amp con polea &#8211; Dise\u00f1o: BOSCH SEG &#8211; OEM: FIAT<\/p>\n<h2>Preguntas m\u00e1s frecuentes<\/h2>\n<h3><strong>\u00bfCu\u00e1les son las referencias cruzadas?<\/strong><\/h3>\n<p>0124525025, 0124525020, 504009978, 1506770R, 504009978, 504087183, 71723401, 50406770R, 71723401, ZEN 41011, Euro 70035<\/p>\n<h2><strong>Tabla de aplicaci\u00f3n<\/strong><\/h2>\n<p>FIAT DUCATO MINIB\u00daS TECHO ALTO , FPT INDUSTRIAL F1A MULTIJET E 0481 T 2.3 L 16V DOHC L4 DIESEL, 2009-2015.<br \/>\nFIAT DUCATO MULTI TECHO ALTO , FPT INDUSTRIAL F1A MULTIJET F1A E 0481 T 2.3 L 16V DOHC L4 DIESEL, 2009-2015.<br \/>\nFIAT DUCATO MAXICARGO 12M3 , FPT INDUSTRIAL F1A MULTIJET E 0481 T 2.3 L 16V DOHC L4 DIESEL, 2009-2015.<br \/>\nFIAT DUCATO CARGO , FPT INDUSTRIAL F1A MULTIJET E 0481 T 2.3 L 16V DOHC L4 DIESEL, 2009-2015.<br \/>\nFIAT DUCATO CARGO L , FPT INDUSTRIAL F1A MULTIJET F1A E 0481 T 2.3 L 16V DOHC L4 DIESEL, 2009-2015.<br \/>\nFIAT DUCATO MAXICARGO 10M3 , FPT INDUSTRIAL F1A MULTIJET E 0481 T 2.3 L 16V DOHC L4 DIESEL, 2009-2015.<br \/>\nFIAT DUCATO COMBINATO , FPT INDUSTRIAL F1A MULTIJET F1A E 0481 T 2.3 L 16V DOHC L4 DIESEL, 2009-2012.<\/p>\n<div>ATENCI\u00d3N:<\/div>\n<div>Recomendamos que la instalaci\u00f3n de 0124525020 la realice un profesional formado y especializado.<\/div>\n<div>S\u00f3lo adquiera este producto en 0124525020 si est\u00e1 seguro de que es compatible con su veh\u00edculo. Si tiene alguna duda, no dude en ponerse en contacto con nosotros. Nuestro horario de apertura es de lunes a viernes de 8 a 18 h.<\/div>\n<div><\/div>\n<div>Sobre nosotros<\/div>\n<div>COM Automotive est\u00e1 especializada en piezas de autom\u00f3vil de dise\u00f1o original para el sector de la reparaci\u00f3n posventa, clientes industriales y fabricantes de veh\u00edculos especiales OEM.<\/div>\n<div>Nuestro equipo tiene m\u00e1s de 28 a\u00f1os de experiencia en la fabricaci\u00f3n y el suministro de piezas de automoci\u00f3n a escala mundial.<\/div>\n<div>Nuestra MISI\u00d3N es ofrecer productos de dise\u00f1o original con una calidad impecable y una sustituci\u00f3n personalizada.<\/div>\n<div>Nuestra VISI\u00d3N es promover el crecimiento y un valor inigualable para nuestros clientes.<\/div>\n<p>&nbsp;<\/p>\n","protected":false},"excerpt":{"rendered":"<p>0124525020-COM. En stock. Ref: 0124525025, 0124525020, 504009978, 1506770R, 504087183, 71723401, 50406770R, 0124325122, 0986080060, AAK5545, IA 1148, MG 557, ZEN 41011, ZM 9010813, EURO 70035, 063533250130, 63730007010, 63731542010, 943315421010, 944390419200, 8EL012428811, DITA 10217 &#8211; compatible con: FIAT. Marca: COM Automotive &#8211; Producto con calidad y dise\u00f1o originales. Compatible con Bosch<\/p>\n","protected":false},"featured_media":20132,"comment_status":"open","ping_status":"closed","template":"","meta":[],"product_brand":[],"product_cat":[8109],"product_tag":[8949,10072,10076,10069,10046,10073,10050,8939,10074,10053,10057],"class_list":{"0":"post-15315","1":"product","2":"type-product","3":"status-publish","4":"has-post-thumbnail","6":"product_cat-alternador-es-2","7":"product_tag-0124325122-es","8":"product_tag-0124525020-es","9":"product_tag-0124525020-com-es","10":"product_tag-0124525025-es","11":"product_tag-1506770r-es","12":"product_tag-504009978-es","13":"product_tag-50406770r-es","14":"product_tag-504087183-es","15":"product_tag-71723401-es","16":"product_tag-euro-70035-es","17":"product_tag-zen-41011-es","19":"first","20":"instock","21":"taxable","22":"shipping-taxable","23":"purchasable","24":"product-type-simple"},"_links":{"self":[{"href":"https:\/\/com-automotive.com\/es\/wp-json\/wp\/v2\/product\/15315","targetHints":{"allow":["GET"]}}],"collection":[{"href":"https:\/\/com-automotive.com\/es\/wp-json\/wp\/v2\/product"}],"about":[{"href":"https:\/\/com-automotive.com\/es\/wp-json\/wp\/v2\/types\/product"}],"replies":[{"embeddable":true,"href":"https:\/\/com-automotive.com\/es\/wp-json\/wp\/v2\/comments?post=15315"}],"wp:featuredmedia":[{"embeddable":true,"href":"https:\/\/com-automotive.com\/es\/wp-json\/wp\/v2\/media\/20132"}],"wp:attachment":[{"href":"https:\/\/com-automotive.com\/es\/wp-json\/wp\/v2\/media?parent=15315"}],"wp:term":[{"taxonomy":"product_brand","embeddable":true,"href":"https:\/\/com-automotive.com\/es\/wp-json\/wp\/v2\/product_brand?post=15315"},{"taxonomy":"product_cat","embeddable":true,"href":"https:\/\/com-automotive.com\/es\/wp-json\/wp\/v2\/product_cat?post=15315"},{"taxonomy":"product_tag","embeddable":true,"href":"https:\/\/com-automotive.com\/es\/wp-json\/wp\/v2\/product_tag?post=15315"}],"curies":[{"name":"wp","href":"https:\/\/api.w.org\/{rel}","templated":true}]}}