{"id":15289,"date":"2023-11-17T12:31:01","date_gmt":"2023-11-17T15:31:01","guid":{"rendered":"https:\/\/com-automotive.com\/regulador-28v-9190087018-monofuncion-para-volvo-ford-mercedes-vw\/"},"modified":"2024-06-01T21:25:58","modified_gmt":"2024-06-02T00:25:58","slug":"regulador-28v-9190087018-monofuncion-para-volvo-ford-mercedes-vw","status":"publish","type":"product","link":"https:\/\/com-automotive.com\/es\/regulador-28v-9190087018-monofuncion-para-volvo-ford-mercedes-vw\/","title":{"rendered":"Regulador 28V 9190087018 MONOFUNCION para Volvo Ford Mercedes VW<span class=\"product-sku\" style=\"display: block; font-size: 0.85em; color: #777; margin-top: 5px; margin-bottom: 5px;\">SKU: 8100.0018-COM<\/span>"},"content":{"rendered":"<h1><strong>COM-AUTOMOTIVE, calidad de dise\u00f1o original.<\/strong><\/h1>\n<p>Regulador 28V EE 28V3 MONOFUNCION K1 M.BENZ VW VOLVO FORD<\/p>\n<h2>Preguntas m\u00e1s frecuentes<\/h2>\n<h3><strong>\u00bfCu\u00e1les son las referencias cruzadas?<\/strong><\/h3>\n<p>9190087018, 9190.087.018, 75206957, E156758, 2Y9541, 75206957, 0021546106, A0021546106, 1953438, 2RP903803A, 624508, 1986AE0007, 1986.AE0.007, IKRO, IK528, GA018<\/p>\n<h2><strong>Tabla de aplicaci\u00f3n<\/strong><\/h2>\n<p>ALTERNADOR:<\/p>\n<p>0120.488.268<br \/>\n0120.489.733<br \/>\n0120.489.885<br \/>\n0120.489.886<br \/>\n9120.080.114<br \/>\n9120.080.126<br \/>\n9120.080.132<br \/>\n9120.080.134<br \/>\n9120.080.150<br \/>\n9120.080.181<br \/>\n9120.080.207<br \/>\n9120.144.100<br \/>\n9120.144.114<\/p>\n<p>&nbsp;<\/p>\n<div>ATENCI\u00d3N:<\/div>\n<div>Recomendamos que la instalaci\u00f3n la realice un profesional formado y especializado.<\/div>\n<div>S\u00f3lo compra este producto si est\u00e1s seguro de que es compatible con tu veh\u00edculo. Si tienes alguna duda, no dudes en ponerte en contacto con nosotros. Nuestro horario de apertura es de lunes a viernes de 8 a 18 h.<\/div>\n<div><\/div>\n<div>Sobre nosotros<\/div>\n<div>COM Automotive est\u00e1 especializada en piezas de autom\u00f3vil de dise\u00f1o original para el sector de la reparaci\u00f3n posventa, clientes industriales y fabricantes de veh\u00edculos especiales OEM.<\/div>\n<div>Nuestro equipo tiene m\u00e1s de 28 a\u00f1os de experiencia en la fabricaci\u00f3n y el suministro de piezas de automoci\u00f3n a escala mundial.<\/div>\n<div>Nuestra MISI\u00d3N es ofrecer productos de dise\u00f1o original con una calidad impecable y una sustituci\u00f3n personalizada.<\/div>\n<div>Nuestra VISI\u00d3N es promover el crecimiento y un valor inigualable para nuestros clientes.<\/div>\n","protected":false},"excerpt":{"rendered":"<p>9190087018-COM. En stock. Ref: 9190087018, 9190087018, 75206957, E156758, 2Y9541, 0021546106, A0021546106, 1953438, 2RP903803A, 624508, 1986AE0007, IK528, GA018 &#8211; compatible con: . Marca: COM Automotive &#8211; Producto con calidad y dise\u00f1o originales. Compatible con Bosch<\/p>\n","protected":false},"featured_media":21616,"comment_status":"open","ping_status":"closed","template":"","meta":[],"product_brand":[],"product_cat":[8489],"product_tag":[9810,9814,9818,9815,9808,9816,9804,9802,9812,9806,9822,9820],"class_list":{"0":"post-15289","1":"product","2":"type-product","3":"status-publish","4":"has-post-thumbnail","6":"product_cat-regulador","7":"product_tag-0021546106-es","8":"product_tag-1953438-es","9":"product_tag-1986ae0007-es","10":"product_tag-2rp903803a-es","11":"product_tag-2y9541-es","12":"product_tag-624508-es","13":"product_tag-75206957-es","14":"product_tag-9190087018-es","15":"product_tag-a0021546106-es","16":"product_tag-e156758-es","17":"product_tag-ga018-es","18":"product_tag-ik528-es","20":"first","21":"instock","22":"taxable","23":"shipping-taxable","24":"purchasable","25":"product-type-simple"},"_links":{"self":[{"href":"https:\/\/com-automotive.com\/es\/wp-json\/wp\/v2\/product\/15289","targetHints":{"allow":["GET"]}}],"collection":[{"href":"https:\/\/com-automotive.com\/es\/wp-json\/wp\/v2\/product"}],"about":[{"href":"https:\/\/com-automotive.com\/es\/wp-json\/wp\/v2\/types\/product"}],"replies":[{"embeddable":true,"href":"https:\/\/com-automotive.com\/es\/wp-json\/wp\/v2\/comments?post=15289"}],"wp:featuredmedia":[{"embeddable":true,"href":"https:\/\/com-automotive.com\/es\/wp-json\/wp\/v2\/media\/21616"}],"wp:attachment":[{"href":"https:\/\/com-automotive.com\/es\/wp-json\/wp\/v2\/media?parent=15289"}],"wp:term":[{"taxonomy":"product_brand","embeddable":true,"href":"https:\/\/com-automotive.com\/es\/wp-json\/wp\/v2\/product_brand?post=15289"},{"taxonomy":"product_cat","embeddable":true,"href":"https:\/\/com-automotive.com\/es\/wp-json\/wp\/v2\/product_cat?post=15289"},{"taxonomy":"product_tag","embeddable":true,"href":"https:\/\/com-automotive.com\/es\/wp-json\/wp\/v2\/product_tag?post=15289"}],"curies":[{"name":"wp","href":"https:\/\/api.w.org\/{rel}","templated":true}]}}