{"id":15270,"date":"2023-11-17T12:03:52","date_gmt":"2023-11-17T15:03:52","guid":{"rendered":"https:\/\/com-automotive.com\/regulador-14v-90a-0272220890-para-toyota-hilux-2-5-2-8-2015\/"},"modified":"2023-11-17T12:03:52","modified_gmt":"2023-11-17T15:03:52","slug":"regulador-14v-90a-0272220890-para-toyota-hilux-2-5-2-8-2015","status":"publish","type":"product","link":"https:\/\/com-automotive.com\/es\/regulador-14v-90a-0272220890-para-toyota-hilux-2-5-2-8-2015\/","title":{"rendered":"Regulador 14V 90A 0272220890 para Toyota Hilux 2.5 2.8 2015&gt;<span class=\"product-sku\" style=\"display: block; font-size: 0.85em; color: #777; margin-top: 5px; margin-bottom: 5px;\">SKU: 8100.0890-COM<\/span>"},"content":{"rendered":"<h1><strong>COM-AUTOMOTIVE, calidad de dise\u00f1o original.<\/strong><\/h1>\n<p>Regulador 0272220890 14V VR1 MFR B3<\/p>\n<h2>Preguntas m\u00e1s frecuentes<\/h2>\n<h3><strong>\u00bfCu\u00e1les son las referencias cruzadas?<\/strong><\/h3>\n<p>0272220890, 0272.220.890 , IK5152, GA382, 0272220888<\/p>\n<h2><strong>Tabla de aplicaci\u00f3n<\/strong><\/h2>\n<p>ALTERNADOR: F000.BL0.131 (TOYOTA HILUX SRV G-8, 1GDFTV 1GD-FTV 2.8 L 16V DOHC L4 DIESEL, 2016-2023.<br \/>\nTOYOTA HILUX SRX G-8, 1GDFTV 1GD-FTV 2.8 L 16V DOHC L4 DIESEL, 2016-2023.<br \/>\nTOYOTA HILUX SW4 SRX , 1GDFTV 1GD-FTV 2.8 L 16V DOHC L4 DIESEL, 2016-2023.<br \/>\nTOYOTA HILUX SR G-8, 1GDFTV 1GD-FTV 2.8 L 16V DOHC L4 DIESEL, 2016-2023.<br \/>\nTOYOTA HILUX STD CD G-8, 1GDFTV 1GD-FTV 2.8 L 16V DOHC L4 DIESEL, 2016-2023.<br \/>\nTOYOTA HILUX STD CABINA SENCILLA G-8, 1GDFTV 1GD-FTV 2.8 L 16V DOHC L4 DIESEL, 2016-2023.<br \/>\nTOYOTA HILUX CHASIS G-8, 1GDFTV 1GD-FTV 2.8 L 16V DOHC L4 DIESEL, 2016-2023.<br \/>\nTOYOTA HILUX SW4 SRX DIAMOND , 1GDFTV 1GD-FTV 2.8 L 16V DOHC L4 DIESEL, 2019-2023.<br \/>\nTOYOTA HILUX GR-S G-8, 1GDFTV 1GD-FTV 2.8 L 16V DOHC L4 DIESEL, 2019-2023.<br \/>\nTOYOTA HILUX SW4 SR , 1GDFTV 1GD-FTV 2.8 L 16V DOHC L4 DIESEL, 2019-2019.<br \/>\nTOYOTA HILUX SR CHALLENGE G-8, 1GDFTV 1GD-FTV 2.8 L 16V DOHC L4 DIESEL, 2019-2019. )<\/p>\n<p>F000.BL0.132<br \/>\nTOYOTA: 27060-0L150-B<\/p>\n<p>ATENCI\u00d3N:<br \/>\nRecomendamos que la instalaci\u00f3n la realice un profesional formado y especializado.<br \/>\nS\u00f3lo compra este producto si est\u00e1s seguro de que es compatible con tu veh\u00edculo. Si tienes alguna duda, no dudes en ponerte en contacto con nosotros. Nuestro horario de apertura es de lunes a viernes de 8 a 18 h.<\/p>\n<p>Sobre nosotros<br \/>\nCOM Automotive est\u00e1 especializada en piezas de autom\u00f3vil de dise\u00f1o original para el sector de la reparaci\u00f3n posventa, clientes industriales y fabricantes de veh\u00edculos especiales OEM.<br \/>\nNuestro equipo tiene m\u00e1s de 28 a\u00f1os de experiencia en la fabricaci\u00f3n y el suministro de piezas de automoci\u00f3n a escala mundial.<br \/>\nNuestra MISI\u00d3N es ofrecer productos de dise\u00f1o original con una calidad impecable y una sustituci\u00f3n personalizada.<br \/>\nNuestra VISI\u00d3N es promover el crecimiento y un valor inigualable para nuestros clientes.<\/p>\n","protected":false},"excerpt":{"rendered":"<p>0272220890-COM. En stock. Ref: 0272220890, 0272220890, IK5152, GA382, 0272220888 &#8211; compatible con: TOYOTA. Marca: COM Automotive &#8211; Producto con calidad y dise\u00f1o originales. Compatible con Bosch<\/p>\n","protected":false},"featured_media":25148,"comment_status":"open","ping_status":"closed","template":"","meta":[],"product_brand":[],"product_cat":[8489],"product_tag":[9697,9693,10689,9695,9694],"class_list":{"0":"post-15270","1":"product","2":"type-product","3":"status-publish","4":"has-post-thumbnail","6":"product_cat-regulador","7":"product_tag-0272220888-es","8":"product_tag-0272220890-es","9":"product_tag-270600l150b-es","10":"product_tag-ga382-es","11":"product_tag-ik5152-es","13":"first","14":"instock","15":"taxable","16":"shipping-taxable","17":"purchasable","18":"product-type-simple"},"_links":{"self":[{"href":"https:\/\/com-automotive.com\/es\/wp-json\/wp\/v2\/product\/15270","targetHints":{"allow":["GET"]}}],"collection":[{"href":"https:\/\/com-automotive.com\/es\/wp-json\/wp\/v2\/product"}],"about":[{"href":"https:\/\/com-automotive.com\/es\/wp-json\/wp\/v2\/types\/product"}],"replies":[{"embeddable":true,"href":"https:\/\/com-automotive.com\/es\/wp-json\/wp\/v2\/comments?post=15270"}],"wp:featuredmedia":[{"embeddable":true,"href":"https:\/\/com-automotive.com\/es\/wp-json\/wp\/v2\/media\/25148"}],"wp:attachment":[{"href":"https:\/\/com-automotive.com\/es\/wp-json\/wp\/v2\/media?parent=15270"}],"wp:term":[{"taxonomy":"product_brand","embeddable":true,"href":"https:\/\/com-automotive.com\/es\/wp-json\/wp\/v2\/product_brand?post=15270"},{"taxonomy":"product_cat","embeddable":true,"href":"https:\/\/com-automotive.com\/es\/wp-json\/wp\/v2\/product_cat?post=15270"},{"taxonomy":"product_tag","embeddable":true,"href":"https:\/\/com-automotive.com\/es\/wp-json\/wp\/v2\/product_tag?post=15270"}],"curies":[{"name":"wp","href":"https:\/\/api.w.org\/{rel}","templated":true}]}}