{"id":15268,"date":"2023-11-17T12:03:48","date_gmt":"2023-11-17T15:03:48","guid":{"rendered":"https:\/\/com-automotive.com\/regulador-de-caja-28v-80a-br-n1-mfr-para-iveco\/"},"modified":"2023-11-17T12:03:48","modified_gmt":"2023-11-17T15:03:48","slug":"regulador-de-caja-28v-80a-br-n1-mfr-para-iveco","status":"publish","type":"product","link":"https:\/\/com-automotive.com\/es\/regulador-de-caja-28v-80a-br-n1-mfr-para-iveco\/","title":{"rendered":"Regulador de caja 28V 80A BR-N1 MFR para Iveco<span class=\"product-sku\" style=\"display: block; font-size: 0.85em; color: #777; margin-top: 5px; margin-bottom: 5px;\">SKU: 8100.0251-COM<\/span>"},"content":{"rendered":"<h1><strong>COM-AUTOMOTIVE, calidad de dise\u00f1o original.<\/strong><\/h1>\n<p>REGULADOR F00MA45251 28V 80AMP CASO IVECO<\/p>\n<h2>Preguntas m\u00e1s frecuentes<\/h2>\n<h3><strong>\u00bfCu\u00e1les son las referencias cruzadas?<\/strong><\/h3>\n<p>F00MA45251-COM, F00MA45251, CASE 87715948, DAF 2123080, IVECO 42560643, 87715948, 2123080, 42577868, 42560643, F00M144119, , 1986AE0184, IK5103, GA297, F00M.144.119, , 1986.AE0.184, F00M.A45.251<\/p>\n<h2><strong>Tabla de aplicaci\u00f3n<\/strong><\/h2>\n<p>Alternadores: 0124555017, 0124555020, 0124555010, 0124655019, 0124555005, 0124555028, 0124655012, 0124555555, 0124555009, 0124655033, 0124655005, 0124655013, 0124555006<\/p>\n<p>&nbsp;<\/p>\n<div>ATENCI\u00d3N:<\/div>\n<div>Recomendamos que la instalaci\u00f3n la realice un profesional formado y especializado.<\/div>\n<div>S\u00f3lo compra este producto si est\u00e1s seguro de que es compatible con tu veh\u00edculo. Si tienes alguna duda, no dudes en ponerte en contacto con nosotros. Nuestro horario de apertura es de lunes a viernes de 8 a 18 h.<\/div>\n<div><\/div>\n<div>Sobre nosotros<\/div>\n<div>COM Automotive est\u00e1 especializada en piezas de autom\u00f3vil de dise\u00f1o original para el sector de la reparaci\u00f3n posventa, clientes industriales y fabricantes de veh\u00edculos especiales OEM.<\/div>\n<div>Nuestro equipo tiene m\u00e1s de 28 a\u00f1os de experiencia en la fabricaci\u00f3n y el suministro de piezas de automoci\u00f3n a escala mundial.<\/div>\n<div>Nuestra MISI\u00d3N es ofrecer productos de dise\u00f1o original con una calidad impecable y una sustituci\u00f3n personalizada.<\/div>\n<div>Nuestra VISI\u00d3N es promover el crecimiento y un valor inigualable para nuestros clientes.<\/div>\n","protected":false},"excerpt":{"rendered":"<p>F00MA45251-COM. En stock. Ref: F00MA45251, F00MA45251, CASE 87715948, DAF 2123080, IVECO 42560643, 42577868, F00M144119, F00M485246, 1986AE0184, IK5103, GA297 &#8211; compatible con: CASE NEW HOLLAND. Marca: COM Automotive &#8211; Producto con calidad y dise\u00f1o originales. Compatible con Bosch<\/p>\n","protected":false},"featured_media":19595,"comment_status":"open","ping_status":"closed","template":"","meta":[],"product_brand":[],"product_cat":[8489],"product_tag":[9678,9665,9692,9667,9663,9673,10474,9676,9671,9669],"class_list":{"0":"post-15268","1":"product","2":"type-product","3":"status-publish","4":"has-post-thumbnail","6":"product_cat-regulador","7":"product_tag-1986ae0184-es","8":"product_tag-2123080-es","9":"product_tag-42560643-es","10":"product_tag-42577868-es","11":"product_tag-87715948-es","12":"product_tag-f00m144119-es","13":"product_tag-f00m485246-es","14":"product_tag-f00ma45251-es","15":"product_tag-ga297-es","16":"product_tag-ik5103-es","18":"first","19":"instock","20":"taxable","21":"shipping-taxable","22":"purchasable","23":"product-type-simple"},"_links":{"self":[{"href":"https:\/\/com-automotive.com\/es\/wp-json\/wp\/v2\/product\/15268","targetHints":{"allow":["GET"]}}],"collection":[{"href":"https:\/\/com-automotive.com\/es\/wp-json\/wp\/v2\/product"}],"about":[{"href":"https:\/\/com-automotive.com\/es\/wp-json\/wp\/v2\/types\/product"}],"replies":[{"embeddable":true,"href":"https:\/\/com-automotive.com\/es\/wp-json\/wp\/v2\/comments?post=15268"}],"wp:featuredmedia":[{"embeddable":true,"href":"https:\/\/com-automotive.com\/es\/wp-json\/wp\/v2\/media\/19595"}],"wp:attachment":[{"href":"https:\/\/com-automotive.com\/es\/wp-json\/wp\/v2\/media?parent=15268"}],"wp:term":[{"taxonomy":"product_brand","embeddable":true,"href":"https:\/\/com-automotive.com\/es\/wp-json\/wp\/v2\/product_brand?post=15268"},{"taxonomy":"product_cat","embeddable":true,"href":"https:\/\/com-automotive.com\/es\/wp-json\/wp\/v2\/product_cat?post=15268"},{"taxonomy":"product_tag","embeddable":true,"href":"https:\/\/com-automotive.com\/es\/wp-json\/wp\/v2\/product_tag?post=15268"}],"curies":[{"name":"wp","href":"https:\/\/api.w.org\/{rel}","templated":true}]}}