{"id":15265,"date":"2023-11-17T12:03:37","date_gmt":"2023-11-17T15:03:37","guid":{"rendered":"https:\/\/com-automotive.com\/regulador-14v-80a-f00m145873-mitsubishi-l200-hilux-sw4-corolla-filder\/"},"modified":"2025-06-20T09:53:53","modified_gmt":"2025-06-20T12:53:53","slug":"regulador-14v-80a-f00m145873-mitsubishi-l200-hilux-sw4-corolla-filder","status":"publish","type":"product","link":"https:\/\/com-automotive.com\/es\/regulador-14v-80a-f00m145873-mitsubishi-l200-hilux-sw4-corolla-filder\/","title":{"rendered":"Regulador de 14V 80A compatible F00M145873 para Hilux SW4 Corolla Filder<span class=\"product-sku\" style=\"display: block; font-size: 0.85em; color: #777; margin-top: 5px; margin-bottom: 5px;\">SKU: 8100.5873-COM<\/span>"},"content":{"rendered":"<h1><strong>COM-AUTOMOTIVE, calidad de dise\u00f1o original.<\/strong><\/h1>\n<p>Regulador de 14V 80A compatible F00M145873 para Hilux SW4 Corolla Filder<\/p>\n<h2>Preguntas m\u00e1s frecuentes<\/h2>\n<h3><strong>\u00bfCu\u00e1les son las referencias cruzadas?<\/strong><\/h3>\n<p>F00M145873, F00M145873, 1986AE0158, IKRO, IK5236, GA265<\/p>\n<h2><strong>Tabla de aplicaci\u00f3n<\/strong><\/h2>\n<p>ALTERNADOR: 0124.315.046 (TOYOTA HILUX SRV 4X4 AT TOP , D4D 1KD-FTV 3.0 L 16V DOHC L4 DIESEL, 2005-2013.<br \/>\nTOYOTA HILUX SW4 SRV AT, D4D 1KD-FTV 3.0L 16V DOHC L4 DIESEL, 2005-2012.<br \/>\nTOYOTA HILUX 3.0 LIMITED AT, D4D 1KD-FTV 3.0 L 16V DOHC L4 DIESEL, 2014-2015.<br \/>\nTOYOTA HILUX SRV 4X4 , D4D 1KD-FTV 3.0L 16V DOHC L4 DIESEL, 2005-2013.<br \/>\nTOYOTA HILUX DX AC 4X4 , D4D 1KD-FTV 3.0 L 16V DOHC L4 DIESEL, 2005-2013.<br \/>\nTOYOTA HILUX SRV 4X4 AT, D4D 1KD-FTV 3.0 L 16V DOHC L4 DIESEL, 2013-2015.<br \/>\nTOYOTA HILUX SR 4X4 , D4D 1KD-FTV 3.0 L 16V DOHC L4 DIESEL, 2005-2013.<br \/>\nTOYOTA HILUX TD DX ACPS, D4D 1KD-FTV 3.0L 16V DOHC L4 DIESEL, 2011-2013.<br \/>\nTOYOTA LAND CRUISER PRADO D-4D, 1KD-FTV 1KD-FTV 3.0L 16V DOHC L4 DIESEL, 2003-2010.<br \/>\nTOYOTA HILUX DX AC 4X2 , D4D 2KD-FTV 2.5L 16V DOHC L4 DIESEL, 2005-2011.<br \/>\nTOYOTA HILUX SW4 SRV MT , D4D 1KD-FTV 3.0L 16V DOHC L4 DIESEL, 2005-2010.<br \/>\nTOYOTA HILUX CD SRV TURBO, D4D 1KD-FTV 3.0L 16V DOHC L4 DIESEL, 2006-2007.<br \/>\nTOYOTA HILUX CD SRV AT TURBO , D4D 1KD-FTV 3.0 L 16V DOHC L4 DIESEL, 2007-2007.<\/p>\n<p>0124.315.016 0124.315.025 0124.315.033 0124.315.034<br \/>\n0124.315.045 0124.325.165<br \/>\n0124.325.282<br \/>\nTOYOTA: 27060 0L040<\/p>\n<p>ATENCI\u00d3N:<br \/>\nRecomendamos que la instalaci\u00f3n sea realizada por un profesional capacitado y especializado.<br \/>\nSolo adquiere este producto con la certeza de que es compatible con tu veh\u00edculo, si tienes dudas, no dudes en buscarnos. Nuestro horario de apertura es de lunes a viernes de 8 a 18 h.<\/p>\n<p>COM Automotive<br \/>\nes especialista en piezas de autom\u00f3vil de dise\u00f1o original para el sector de la reparaci\u00f3n de posventa, clientes industriales y fabricantes de veh\u00edculos especiales OEM.<br \/>\nNuestro equipo cuenta con m\u00e1s de 28 a\u00f1os de experiencia en la fabricaci\u00f3n y suministro de piezas de automoci\u00f3n a escala global.<br \/>\nNuestra MISI\u00d3N es proporcionar productos de dise\u00f1o original con una calidad impecable y un reemplazo \u201cuno a uno\u201d.<br \/>\nNuestra VISI\u00d3N es impulsar el crecimiento y el valor incomparable para nuestros clientes.<\/p>\n","protected":false},"excerpt":{"rendered":"<p>8100.5873-COM. Compatible con: 1986AE0158, F00M145873, IK5236, GA265, IB236, 81005873.  Marca: COM Automotive &#8211; Producto con calidad y dise\u00f1o originales.<\/p>\n","protected":false},"featured_media":23641,"comment_status":"open","ping_status":"closed","template":"","meta":[],"product_brand":[],"product_cat":[8489],"product_tag":[9655,36853,36855,36854,9653,36852,9657,36851,9656],"class_list":{"0":"post-15265","1":"product","2":"type-product","3":"status-publish","4":"has-post-thumbnail","6":"product_cat-regulador","7":"product_tag-1986ae0158-es","8":"product_tag-8100-5873-com-es","9":"product_tag-81005873-es","10":"product_tag-81005873-com-es","11":"product_tag-f00m145873-es","12":"product_tag-f00m145873-com-es","13":"product_tag-ga265-es","14":"product_tag-ib236-es","15":"product_tag-ik5236-es","17":"first","18":"instock","19":"taxable","20":"shipping-taxable","21":"purchasable","22":"product-type-simple"},"_links":{"self":[{"href":"https:\/\/com-automotive.com\/es\/wp-json\/wp\/v2\/product\/15265","targetHints":{"allow":["GET"]}}],"collection":[{"href":"https:\/\/com-automotive.com\/es\/wp-json\/wp\/v2\/product"}],"about":[{"href":"https:\/\/com-automotive.com\/es\/wp-json\/wp\/v2\/types\/product"}],"replies":[{"embeddable":true,"href":"https:\/\/com-automotive.com\/es\/wp-json\/wp\/v2\/comments?post=15265"}],"wp:featuredmedia":[{"embeddable":true,"href":"https:\/\/com-automotive.com\/es\/wp-json\/wp\/v2\/media\/23641"}],"wp:attachment":[{"href":"https:\/\/com-automotive.com\/es\/wp-json\/wp\/v2\/media?parent=15265"}],"wp:term":[{"taxonomy":"product_brand","embeddable":true,"href":"https:\/\/com-automotive.com\/es\/wp-json\/wp\/v2\/product_brand?post=15265"},{"taxonomy":"product_cat","embeddable":true,"href":"https:\/\/com-automotive.com\/es\/wp-json\/wp\/v2\/product_cat?post=15265"},{"taxonomy":"product_tag","embeddable":true,"href":"https:\/\/com-automotive.com\/es\/wp-json\/wp\/v2\/product_tag?post=15265"}],"curies":[{"name":"wp","href":"https:\/\/api.w.org\/{rel}","templated":true}]}}