{"id":15262,"date":"2023-11-17T12:03:29","date_gmt":"2023-11-17T15:03:29","guid":{"rendered":"https:\/\/com-automotive.com\/regulador-de-tension-14v-110a-0272220921-ford-ka-1-0-3cc-1418\/"},"modified":"2023-11-17T12:03:29","modified_gmt":"2023-11-17T15:03:29","slug":"regulador-de-tension-14v-110a-0272220921-ford-ka-1-0-3cc-1418","status":"publish","type":"product","link":"https:\/\/com-automotive.com\/es\/regulador-de-tension-14v-110a-0272220921-ford-ka-1-0-3cc-1418\/","title":{"rendered":"Regulador de tensi\u00f3n 14V 110A 0272220921 Ford KA 1.0 3CC 14&gt;18<span class=\"product-sku\" style=\"display: block; font-size: 0.85em; color: #777; margin-top: 5px; margin-bottom: 5px;\">SKU: 8100.0921-COM<\/span>"},"content":{"rendered":"<h1><strong>COM-AUTOMOTIVE, calidad de dise\u00f1o original.<\/strong><\/h1>\n<p>REGULADOR DE VOLTAJE 0272220921 14V VR1 LIN FORD KA 1.0 3CC DESPU\u00c9S DE 2014 1.5 16V 2014 A 2018 110A<\/p>\n<h2>Preguntas m\u00e1s frecuentes<\/h2>\n<h3><strong>\u00bfCu\u00e1les son las referencias cruzadas?<\/strong><\/h3>\n<p>0272220921, 0272.220.921 IKRO, IK5073, GA321<\/p>\n<h2><strong>Tabla de aplicaci\u00f3n<\/strong><\/h2>\n<p>ALTERNADOR: F000.BL0.67A (FORD KA SE , TI-VCT 1.0 L 12V DOHC L3 FLEX, 2019-2021.<br \/>\nFORD KA SEL G-3, TI-VCT 1.0 L 12V DOHC L3 FLEX, 2014-2019.<br \/>\nFORD KA SE G-3, TI-VCT 1.0 L 12V DOHC L3 FLEX, 2014-2018.<br \/>\nFORD KA SE 1.5 G-3, SIGMA N-VCT 1.5 L 16V DOHC L4 FLEX, 2014-2018.<br \/>\nFORD KA SE PLUS G-3, TI-VCT 1.0 L 12V DOHC L3 FLEX, 2014-2018.<br \/>\nFORD KA SE PLUS 1.5 G-3, SIGMA N-VCT 1.5 L 16V DOHC L4 FLEX, 2014-2018.<br \/>\nFORD FIESTA S G-3, SIGMA N-VCT 1.5 L 16V DOHC L4 FLEX, 2011-2019.<br \/>\nFORD KA SEL 1.5 G-3, SIGMA N-VCT 1.5 L 16V DOHC L4 FLEX, 2014-2020.<br \/>\nFORD FIESTA SE G-3, SIGMA N-VCT 1.5 L 16V DOHC L4 FLEX, 2013-2015.<br \/>\nFORD KA SED\u00c1N SE , TI-VCT 1.0 L 12V DOHC L3 FLEX, 2019-2021.<br \/>\nFORD KA SE PLUS , TI-VCT 1.0 L 12V DOHC L3 FLEX, 2019-2021.<br \/>\nFORD KA TRAIL 1.5 G-3, SIGMA N-VCT 1.5 L 16V DOHC L4 FLEX, 2017-2019.<br \/>\nFORD KA+ SEL G-1, TI-VCT 1.0 L 12V DOHC L3 FLEX, 2015-2019.<br \/>\nFORD KA SED\u00c1N SE PLUS , TI-VCT 1.0 L 12V DOHC L3 FLEX, 2019-2021.<br \/>\nFORD KA+ SE PLUS 1.5 G-1, SIGMA N-VCT 1.5 L 16V DOHC L4 FLEX, 2015-2018.<br \/>\nFORD KA+ SE 1.5 G-1, SIGMA N-VCT 1.5 L 16V DOHC L4 FLEX, 2015-2018.<br \/>\nFORD KA+ SE PLUS G-1, TI-VCT 1.0 L 12V DOHC L3 FLEX, 2015-2018.<br \/>\nFORD KA+ SEL 1.5 G-1, SIGMA N-VCT 1.5 L 16V DOHC L4 FLEX, 2015-2018.<br \/>\nFORD KA TECNO G-3, TI-VCT 1.0 L 12V DOHC L3 FLEX, 2017-2019.<br \/>\nFORD KA+ SE G-1, TI-VCT 1.0 L 12V DOHC L3 FLEX, 2015-2018.<br \/>\nFORD KA SE PLUS 1.5 G-3, SIGMA N VCT 1.5 L 16V DOHC L4 FLEX, 2015-2015.<br \/>\nFORD KA SE PLUS G-3, TI-VCT 1.0 L 12V DOHC L3 FLEX, 2015-2015.<br \/>\nFORD KA FREESTYLE , TI-VCT 1.0 L 12V DOHC L3 FLEX, 2019-2021.<br \/>\nFORD KA SEL G-3, TI-VCT 1.0 L 12V DOHC L3 FLEX, 2015-2020.<br \/>\nFORD KA+ ADVANCED , SIGMA N-VCT 1.5 L 16V DOHC L4 FLEX, 2018-2019.<br \/>\nFORD KA SE 1.5 G-3, SIGMA N VCT 1.5 L 16V DOHC L4 FLEX, 2015-2015.<br \/>\nFORD KA+ SEL G-1, TI-VCT 1.0 L 12V DOHC L3 FLEX, 2015-2015.<br \/>\nFORD KA+ SE PLUS 1.5 G-1, SIGMA N VCT 1.5 L 16V DOHC L4 FLEX, 2015-2015.<br \/>\nFORD KA SEL 1.5 G-3, SIGMA N VCT 1.5 L 16V DOHC L4 FLEX, 2015-2015.<br \/>\nFORD KA+ SE 1.5 G-1, SIGMA N VCT 1.5 L 16V DOHC L4 FLEX, 2015-2015.<br \/>\nFORD KA+ SEL 1.5 G-1, SIGMA N VCT 1.5 L 16V DOHC L4 FLEX, 2015-2015.<br \/>\nFORD KA+ SE PLUS G-1, TI-VCT 1.0 L 12V DOHC L3 FLEX, 2015-2015.<br \/>\nFORD KA S , TI-VCT 1.0 L 12V DOHC L3 FLEX, 2019-2021.<br \/>\nFORD KA SE G-3, TI-VCT 1.0 L 12V DOHC L3 FLEX, 2015-2015.<br \/>\nFORD KA+ SE G-1, TI-VCT 1.0 L 12V DOHC L3 FLEX, 2015-2015.<br \/>\nFORD KA TRAIL G-3, TI-VCT 1.0 L 12V DOHC L3 FLEX, 2019-2019. )<\/p>\n<p>F000.BL0.670<br \/>\nFORD: E4B5 10300 CC<\/p>\n<p>&nbsp;<\/p>\n<div>ATENCI\u00d3N:<\/div>\n<div>Recomendamos que la instalaci\u00f3n la realice un profesional formado y especializado.<\/div>\n<div>S\u00f3lo compra este producto si est\u00e1s seguro de que es compatible con tu veh\u00edculo. Si tienes alguna duda, no dudes en ponerte en contacto con nosotros. Nuestro horario de apertura es de lunes a viernes de 8 a 18 h.<\/div>\n<div><\/div>\n<div>Sobre nosotros<\/div>\n<div>COM Automotive est\u00e1 especializada en piezas de autom\u00f3vil de dise\u00f1o original para el sector de la reparaci\u00f3n posventa, clientes industriales y fabricantes de veh\u00edculos especiales OEM.<\/div>\n<div>Nuestro equipo tiene m\u00e1s de 28 a\u00f1os de experiencia en la fabricaci\u00f3n y el suministro de piezas de automoci\u00f3n a escala mundial.<\/div>\n<div>Nuestra MISI\u00d3N es ofrecer productos de dise\u00f1o original con una calidad impecable y una sustituci\u00f3n personalizada.<\/div>\n<div>Nuestra VISI\u00d3N es promover el crecimiento y un valor inigualable para nuestros clientes.<\/div>\n","protected":false},"excerpt":{"rendered":"<p>0272220921-COM. En stock. Ref: 0272220921, 0272220921, IK5073, GA321 &#8211; compatible con: FORD. Marca: COM Automotive &#8211; Producto con calidad y dise\u00f1o originales. Compatible con Bosch<\/p>\n","protected":false},"featured_media":19440,"comment_status":"open","ping_status":"closed","template":"","meta":[],"product_brand":[],"product_cat":[8489],"product_tag":[9641,9848,9647,9646],"class_list":{"0":"post-15262","1":"product","2":"type-product","3":"status-publish","4":"has-post-thumbnail","6":"product_cat-regulador","7":"product_tag-0272220921-es","8":"product_tag-e4b510300dc-es","9":"product_tag-ga321-es","10":"product_tag-ik5073-es","12":"first","13":"instock","14":"taxable","15":"shipping-taxable","16":"purchasable","17":"product-type-simple"},"_links":{"self":[{"href":"https:\/\/com-automotive.com\/es\/wp-json\/wp\/v2\/product\/15262","targetHints":{"allow":["GET"]}}],"collection":[{"href":"https:\/\/com-automotive.com\/es\/wp-json\/wp\/v2\/product"}],"about":[{"href":"https:\/\/com-automotive.com\/es\/wp-json\/wp\/v2\/types\/product"}],"replies":[{"embeddable":true,"href":"https:\/\/com-automotive.com\/es\/wp-json\/wp\/v2\/comments?post=15262"}],"wp:featuredmedia":[{"embeddable":true,"href":"https:\/\/com-automotive.com\/es\/wp-json\/wp\/v2\/media\/19440"}],"wp:attachment":[{"href":"https:\/\/com-automotive.com\/es\/wp-json\/wp\/v2\/media?parent=15262"}],"wp:term":[{"taxonomy":"product_brand","embeddable":true,"href":"https:\/\/com-automotive.com\/es\/wp-json\/wp\/v2\/product_brand?post=15262"},{"taxonomy":"product_cat","embeddable":true,"href":"https:\/\/com-automotive.com\/es\/wp-json\/wp\/v2\/product_cat?post=15262"},{"taxonomy":"product_tag","embeddable":true,"href":"https:\/\/com-automotive.com\/es\/wp-json\/wp\/v2\/product_tag?post=15262"}],"curies":[{"name":"wp","href":"https:\/\/api.w.org\/{rel}","templated":true}]}}