{"id":15248,"date":"2023-12-28T17:24:59","date_gmt":"2023-12-28T20:24:59","guid":{"rendered":"https:\/\/com-automotive.com\/alternador-12v-95a-0120484011-para-case-para-john-deere-komatsu\/"},"modified":"2023-12-28T17:24:59","modified_gmt":"2023-12-28T20:24:59","slug":"alternador-12v-95a-0120484011-para-case-para-john-deere-komatsu","status":"publish","type":"product","link":"https:\/\/com-automotive.com\/es\/alternador-12v-95a-0120484011-para-case-para-john-deere-komatsu\/","title":{"rendered":"Alternador 12V 95A 0120484011 para Case para John Deere Komatsu<span class=\"product-sku\" style=\"display: block; font-size: 0.85em; color: #777; margin-top: 5px; margin-bottom: 5px;\">SKU: 8000.4011-COM<\/span>"},"content":{"rendered":"<h1><strong>COM-AUTOMOTIVE, calidad de dise\u00f1o original.<\/strong><\/h1>\n<p>Alternador 12V 95Amp. JCB 185-65 3185 INGERSOLL RAND 125 375 VR1044 VR1056 VR636 VR642 VR843 Case 580 590 850 1150 1155 1818 1825 1835 1845 220B 360 450C 455 5120 5130 5140 5150 5220 5230 5240 5250 70XT 75XT 850 855 90XT 95XT MX135 MX120 MX150 John Deere Komatsu D61 Original: ALT2232 \/ 0120484018 \/ 0120484026 \/ 0120484205 \/ 0120484218 \/ 0120484293 \/ 3282554 \/ 3675270 \/ A18763 \/ A187623 \/ 9X0341 \/ RE36267 \/ AT220394 \/ AT229394 \/ TY24485<\/p>\n<h2>Preguntas m\u00e1s frecuentes<\/h2>\n<h3><strong>\u00bfCu\u00e1les son las referencias cruzadas?<\/strong><\/h3>\n<p>0120484011, A187623, A18763, 1052813, 9X0341, AH137883, RE36267, 0120484018, 0120484026, 0120484050, 0120484218, 0986040280, 6033G2019B, 9120060041, F005A00024, F042301140, ALT2232, 0120484011, 0120484018, 0120484026, 0120484050, 0120484218, 0986040280, 6033G2019B, 9120060041, F005A00024, F042301140, ALT2232, 11201875, 11203268, 11203660, 11204396, DRA0044, DRB0280, 8EL011712781<\/p>\n<h2><strong>Tabla de aplicaci\u00f3n<\/strong><\/h2>\n<p>Aplicaci\u00f3n:<br \/>\n&#8211; Caso:<br \/>\n580 590<br \/>\n850<br \/>\n1150 1155<br \/>\n1818 1825 1835 1845<br \/>\n220B<br \/>\n360<br \/>\n450C 455<br \/>\n5120 5130 5140 5150 5220 5230 5240 5250<br \/>\n70XT 75XT<br \/>\n850 855<br \/>\n90XT 95XT<br \/>\nMX135 MX120 MX150<\/p>\n<p>&#8211; Cosechadoras John Deere:<br \/>\n9650 9750 2002&gt;<\/p>\n<p>&#8211; Komatsu:<br \/>\nD61<\/p>\n<div><\/div>\n<div>ATENCI\u00d3N:<\/div>\n<div>Recomendamos que la instalaci\u00f3n la realice un profesional formado y especializado.<\/div>\n<div>S\u00f3lo compra este producto si est\u00e1s seguro de que es compatible con tu veh\u00edculo. Si tienes alguna duda, no dudes en ponerte en contacto con nosotros. Nuestro horario de apertura es de lunes a viernes de 8 a 18 h.<\/div>\n<div><\/div>\n<div>Sobre nosotros<\/div>\n<div>COM Automotive est\u00e1 especializada en piezas de autom\u00f3vil de dise\u00f1o original para el sector de la reparaci\u00f3n posventa, clientes industriales y fabricantes de veh\u00edculos especiales OEM.<\/div>\n<div>Nuestro equipo tiene m\u00e1s de 28 a\u00f1os de experiencia en la fabricaci\u00f3n y el suministro de piezas de automoci\u00f3n a escala mundial.<\/div>\n<div>Nuestra MISI\u00d3N es ofrecer productos de dise\u00f1o original con una calidad impecable y una sustituci\u00f3n personalizada.<\/div>\n<div>Nuestra VISI\u00d3N es promover el crecimiento y un valor inigualable para nuestros clientes.<\/div>\n","protected":false},"excerpt":{"rendered":"<p>0120484011-COM. En stock. Ref: 0120484011, A187623, A18763, 1052813, 9X0341, AH137883, RE36267, 0120484011, 0120484018, 0120484026, 0120484050, 0120484218, 0986040280, 6033G2019B, 9120060041, F005A00024, F042301140, ALT2232, 11201875, 11203268, 11203660, 11204396, DRA0044, DRB0280, 8EL011712781 &#8211; compatible con: John Deere. Marca: COM Automotive &#8211; Producto con calidad y dise\u00f1o originales. Compatible con Bosch<\/p>\n","protected":false},"featured_media":20511,"comment_status":"open","ping_status":"closed","template":"","meta":[],"product_brand":[],"product_cat":[8109],"product_tag":[9515,9528,9530,9531,9533,9535,9520,9547,9549,9551,9553,9537,9558,9539,9522,9517,9518,9524,9545,9554,9556,9541,9543,9526],"class_list":{"0":"post-15248","1":"product","2":"type-product","3":"status-publish","4":"has-post-thumbnail","6":"product_cat-alternador-es-2","7":"product_tag-0120484011-es","8":"product_tag-0120484018-es","9":"product_tag-0120484026-es","10":"product_tag-0120484050-es","11":"product_tag-0120484218-es","12":"product_tag-0986040280-es","13":"product_tag-1052813-es","14":"product_tag-11201875-es","15":"product_tag-11203268-es","16":"product_tag-11203660-es","17":"product_tag-11204396-es","18":"product_tag-6033g2019b-es","19":"product_tag-8el011712781-es","20":"product_tag-9120060041-es","21":"product_tag-9x0341-es","22":"product_tag-a187623-es","23":"product_tag-a18763-es","24":"product_tag-ah137883-es","25":"product_tag-alt2232-es","26":"product_tag-dra0044-es","27":"product_tag-drb0280-es","28":"product_tag-f005a00024-es","29":"product_tag-f042301140-es","30":"product_tag-re36267-es","32":"first","33":"instock","34":"taxable","35":"shipping-taxable","36":"purchasable","37":"product-type-simple"},"_links":{"self":[{"href":"https:\/\/com-automotive.com\/es\/wp-json\/wp\/v2\/product\/15248","targetHints":{"allow":["GET"]}}],"collection":[{"href":"https:\/\/com-automotive.com\/es\/wp-json\/wp\/v2\/product"}],"about":[{"href":"https:\/\/com-automotive.com\/es\/wp-json\/wp\/v2\/types\/product"}],"replies":[{"embeddable":true,"href":"https:\/\/com-automotive.com\/es\/wp-json\/wp\/v2\/comments?post=15248"}],"wp:featuredmedia":[{"embeddable":true,"href":"https:\/\/com-automotive.com\/es\/wp-json\/wp\/v2\/media\/20511"}],"wp:attachment":[{"href":"https:\/\/com-automotive.com\/es\/wp-json\/wp\/v2\/media?parent=15248"}],"wp:term":[{"taxonomy":"product_brand","embeddable":true,"href":"https:\/\/com-automotive.com\/es\/wp-json\/wp\/v2\/product_brand?post=15248"},{"taxonomy":"product_cat","embeddable":true,"href":"https:\/\/com-automotive.com\/es\/wp-json\/wp\/v2\/product_cat?post=15248"},{"taxonomy":"product_tag","embeddable":true,"href":"https:\/\/com-automotive.com\/es\/wp-json\/wp\/v2\/product_tag?post=15248"}],"curies":[{"name":"wp","href":"https:\/\/api.w.org\/{rel}","templated":true}]}}